{"id":92,"date":"2018-07-13T10:57:41","date_gmt":"2018-07-13T10:57:41","guid":{"rendered":"http:\/\/studionagranlodz.pl\/?page_id=92"},"modified":"2025-07-28T07:08:17","modified_gmt":"2025-07-28T05:08:17","slug":"aranzacje-muzyczne","status":"publish","type":"page","link":"https:\/\/studionagranlodz.pl\/index.php\/aranzacje-muzyczne\/","title":{"rendered":"Aran\u017cacje muzyczne"},"content":{"rendered":"<h2><a href=\"https:\/\/studionagranlodz.pl\/index.php\/aranzacje-muzyczne\/\">Aran\u017cacje muzyczne<\/a>, podk\u0142ady, kompozycje, produkcja muzyczna<\/h2>\n<p style=\"text-align: justify;\"><strong>Aran\u017cacje muzyczne i podk\u0142ady muzyczne<\/strong> na zam\u00f3wienie to du\u017cy dzia\u0142 naszego studia. Oferujemy r\u00f3wnie\u017c us\u0142ugi w zakresie produkcji utwor\u00f3w, oraz podk\u0142ad\u00f3w do cover\u00f3w. Wszystkie aran\u017cacje wykonywane s\u0105 na \u015bwiatowej klasy brzmieniach marek takich jak: <a href=\"https:\/\/www.native-instruments.com\/en\/\">Native Instruments<\/a>, <a href=\"https:\/\/www.steinberg.net\/en\/home.html\">Steinberg<\/a>, <a href=\"http:\/\/www.ikmultimedia.com\/\">IK Multimedia<\/a>, a tak\u017ce sampler\u00f3w <a href=\"http:\/\/www.akaipro.com\/\">Akai<\/a>, i wielu syntezator\u00f3w. Wykorzystujemy w aran\u017cacjach najnowsze techniki realizacji takie jak side-chain&#8217;ing, samplowanie g\u0142osu jako leadu, sample wokalne, wokodery itp.\u00a0 Korzystamy r\u00f3wnie\u017c z wtyczek programowych VST \u015bwiatowej klasy producent\u00f3w, oraz oprogramowania typu sequencer. Opr\u00f3cz wy\u017cej wymienionych jeste\u015bmy r\u00f3wnie\u017c w stanie dogra\u0107 do aran\u017cu instrumenty typowo akustyczne takie jak gitary, skrzypce, piano itp. <strong>Nasza piosenka zdoby\u0142a ostatnio drugie miejsce na mi\u0119dzynarodowym festiwalu Lions World Song reprezentuj\u0105c Polsk\u0119.<\/strong><\/p>\n<p><img decoding=\"async\" class=\"alignnone  wp-image-1075\" src=\"https:\/\/studionagranlodz.pl\/wp-content\/uploads\/2023\/09\/P1000226.a-300x200.jpg\" alt=\"Aran\u017cacje muzyczne, podk\u0142ady\" width=\"374\" height=\"249\" srcset=\"https:\/\/studionagranlodz.pl\/wp-content\/uploads\/2023\/09\/P1000226.a-300x200.jpg 300w, https:\/\/studionagranlodz.pl\/wp-content\/uploads\/2023\/09\/P1000226.a-768x512.jpg 768w, https:\/\/studionagranlodz.pl\/wp-content\/uploads\/2023\/09\/P1000226.a.jpg 1000w\" sizes=\"(max-width: 374px) 100vw, 374px\" \/><\/p>\n<p>Poruszamy si\u0119 w r\u00f3\u017cnych gatunkach muzycznych, ale najcz\u0119\u015bciej produkujemy muzyk\u0119 typu:<\/p>\n<ul>\n<li>Pop &#8211; rock<\/li>\n<li>Dance<\/li>\n<li>Nowoczesne Disco &#8211; Polo<\/li>\n<li>Rock symfoniczny<\/li>\n<li>Bity do hip-hop<\/li>\n<li>Rock elektroniczny<\/li>\n<li>Muzyka gitarowa<\/li>\n<li>Podk\u0142ady instrumentalne<\/li>\n<li>Metal gotycki<\/li>\n<li>Podk\u0142ady do cover\u00f3w<\/li>\n<\/ul>\n<p>Nasze przyk\u0142adowe kompozycje i produkcje w stylu dance, ambient i nie tylko :<\/p>\n<p><iframe title=\"YouTube video player\" src=\"https:\/\/www.youtube.com\/embed\/sH1MopJ-3f0?si=T9e3zCHGhmdHvNfq\" width=\"560\" height=\"315\" frameborder=\"0\" allowfullscreen=\"allowfullscreen\"><\/iframe><\/p>\n<p><iframe title=\"YouTube video player\" src=\"https:\/\/www.youtube.com\/embed\/VsL3t8nJg68?si=6w1Uge5U34Or6AlJ\" width=\"560\" height=\"315\" frameborder=\"0\" allowfullscreen=\"allowfullscreen\"><\/iframe><\/p>\n<p><iframe title=\"YouTube video player\" src=\"https:\/\/www.youtube.com\/embed\/JJ4hFaxBCyg?si=sN4_5dgVENIrZESs\" width=\"560\" height=\"315\" frameborder=\"0\" allowfullscreen=\"allowfullscreen\"><\/iframe><iframe title=\"YouTube video player\" src=\"https:\/\/www.youtube.com\/embed\/XjShEu2a6O4\" width=\"560\" height=\"315\" frameborder=\"0\" allowfullscreen=\"allowfullscreen\"><\/iframe><\/p>\n<p><iframe title=\"YouTube video player\" src=\"https:\/\/www.youtube.com\/embed\/w6tHobm49MY\" width=\"560\" height=\"315\" frameborder=\"0\" allowfullscreen=\"allowfullscreen\"><\/iframe><\/p>\n<p><iframe src=\"https:\/\/www.youtube.com\/embed\/t84uvaAB1tE\" width=\"560\" height=\"315\" frameborder=\"0\" allowfullscreen=\"allowfullscreen\"><\/iframe><\/p>\n<p><iframe src=\"https:\/\/www.youtube.com\/embed\/F8_cX7ptkO8\" width=\"560\" height=\"315\" frameborder=\"0\" allowfullscreen=\"allowfullscreen\"><\/iframe><\/p>\n<p><iframe title=\"YouTube video player\" src=\"https:\/\/www.youtube.com\/embed\/nDnA3oAm0YE\" width=\"560\" height=\"315\" frameborder=\"0\" allowfullscreen=\"allowfullscreen\"><\/iframe><\/p>\n<p><iframe title=\"YouTube video player\" src=\"https:\/\/www.youtube.com\/embed\/JUliX8wJMfk\" width=\"560\" height=\"315\" frameborder=\"0\" allowfullscreen=\"allowfullscreen\"><\/iframe><\/p>\n<p><iframe src=\"https:\/\/www.youtube.com\/embed\/uEOv3onlt-Q\" width=\"560\" height=\"315\" frameborder=\"0\" allowfullscreen=\"allowfullscreen\"><\/iframe><\/p>\n<p>Piosenka \u015bwi\u0105teczna:<\/p>\n<p><iframe title=\"YouTube video player\" src=\"https:\/\/www.youtube.com\/embed\/TToj0Bvh8Xw\" width=\"560\" height=\"315\" frameborder=\"0\" allowfullscreen=\"allowfullscreen\"><\/iframe><\/p>\n<p>W stylu rap\/hip-hop:<\/p>\n<p><iframe title=\"YouTube video player\" src=\"https:\/\/www.youtube.com\/embed\/k-7wOCMEXbI\" width=\"560\" height=\"315\" frameborder=\"0\" allowfullscreen=\"allowfullscreen\"><\/iframe><\/p>\n<p style=\"text-align: justify;\"><strong>Aran\u017cacje muzyczne i podk\u0142ady na zam\u00f3wienie<\/strong> realizujemy zwykle w ci\u0105gu kilku dni. Najpierw przesy\u0142amy Pa\u0144stwu pr\u00f3bk\u0119 materia\u0142u, \u017ceby mogli Pa\u0144stwo oceni\u0107 jako\u015b\u0107 podk\u0142adu i czy zgadza si\u0119 on z Waszym wyobra\u017ceniem. Je\u015bli pr\u00f3bka si\u0119 podoba realizujemy ca\u0142o\u015b\u0107 aran\u017cacji i przesy\u0142amy na podany adres mail w formie pliku WAV 24bity, b\u0105d\u017a te\u017c \u015blad\u00f3w (do nagrania w studio) S\u0105 to zar\u00f3wno typowe autorskie kompozycje jak i podk\u0142ady znanych piosenek potrzebne na konkursy wokalne, instrumentalne etc.<img decoding=\"async\" class=\"wp-image-225 size-medium alignleft\" src=\"https:\/\/studionagranlodz.pl\/wp-content\/uploads\/2019\/05\/aran\u017cacje-muzyczne-300x94.png\" alt=\"aran\u017cacje muzyczne\" width=\"300\" height=\"94\" srcset=\"https:\/\/studionagranlodz.pl\/wp-content\/uploads\/2019\/05\/aran\u017cacje-muzyczne-300x94.png 300w, https:\/\/studionagranlodz.pl\/wp-content\/uploads\/2019\/05\/aran\u017cacje-muzyczne.png 465w\" sizes=\"(max-width: 300px) 100vw, 300px\" \/><\/p>\n<p style=\"text-align: justify;\">Wykonujemy zlecenia dostosowuj\u0105c si\u0119 do Pa\u0144stwa potrzeb, czyli je\u015bli za\u017cyczycie sobie podk\u0142ad, b\u0105d\u017a aran\u017cacje muzyczn\u0105 znanej piosenki w wersji fortepianowej, b\u0105d\u017a gitarowej, albo w zupe\u0142nie innej instrumentacji to postaramy si\u0119 temu zadaniu sprosta\u0107. Mo\u017cemy r\u00f3wnie\u017c do podk\u0142adu dogra\u0107 ch\u00f3rki wykonywane przez zawodow\u0105 wokalistk\u0119, b\u0105d\u017a wokalistki.<\/p>\n<p><img decoding=\"async\" class=\"alignnone wp-image-228 size-medium\" src=\"https:\/\/studionagranlodz.pl\/wp-content\/uploads\/2019\/05\/podk\u0142ady-muzyczne-300x100.jpg\" alt=\"podk\u0142ady muzyczne\" width=\"300\" height=\"100\" srcset=\"https:\/\/studionagranlodz.pl\/wp-content\/uploads\/2019\/05\/podk\u0142ady-muzyczne-300x100.jpg 300w, https:\/\/studionagranlodz.pl\/wp-content\/uploads\/2019\/05\/podk\u0142ady-muzyczne-768x256.jpg 768w, https:\/\/studionagranlodz.pl\/wp-content\/uploads\/2019\/05\/podk\u0142ady-muzyczne.jpg 880w\" sizes=\"(max-width: 300px) 100vw, 300px\" \/><\/p>\n<p style=\"text-align: justify;\">Je\u015bli poszukuj\u0105 Pa\u0144stwo <strong>niedrogich aran\u017cacji<\/strong> mo\u017cemy r\u00f3wnie\u017c wykona\u0107 je przy pomocy <strong>keyboardu\/aran\u017cera<\/strong>. Podk\u0142ady b\u0119d\u0105 wtedy troch\u0119 mniej podobne do orygina\u0142u, ale b\u0119d\u0105 w tym samym stylu muzycznym, z t\u0105 sam\u0105 harmoni\u0105 oraz z zachowaniem poszczeg\u00f3lnych cz\u0119\u015bci. Dynamika b\u0119dzie na pewno lepsza ni\u017c w pliku z wyci\u0119tym wokalem <a href=\"https:\/\/studionagranlodz.pl\/index.php\/wycinanie-wokalu-z-piosenki\/\">#wycinanie_wokalu_z_piosenki<\/a><\/p>\n","protected":false},"excerpt":{"rendered":"<p>Aran\u017cacje muzyczne, podk\u0142ady, kompozycje, produkcja muzyczna Aran\u017cacje muzyczne i podk\u0142ady muzyczne na zam\u00f3wienie to du\u017cy dzia\u0142 naszego studia. Oferujemy r\u00f3wnie\u017c us\u0142ugi w zakresie produkcji utwor\u00f3w, oraz podk\u0142ad\u00f3w do cover\u00f3w. Wszystkie aran\u017cacje wykonywane s\u0105 na \u015bwiatowej klasy brzmieniach marek takich jak: Native Instruments, Steinberg, IK Multimedia, a tak\u017ce sampler\u00f3w Akai, i wielu syntezator\u00f3w. Wykorzystujemy w aran\u017cacjach [&hellip;]<\/p>\n","protected":false},"author":1,"featured_media":0,"parent":0,"menu_order":0,"comment_status":"closed","ping_status":"closed","template":"","meta":{"_et_pb_use_builder":"","_et_pb_old_content":"","_et_gb_content_width":"","footnotes":""},"class_list":["post-92","page","type-page","status-publish","hentry"],"yoast_head":"<!-- This site is optimized with the Yoast SEO Premium plugin v26.4 (Yoast SEO v27.5) - https:\/\/yoast.com\/product\/yoast-seo-premium-wordpress\/ -->\n<title>Aran\u017cacje muzyczne - Studio Nagra\u0144 \u0141\u00f3d\u017a 11-tka. Zapis audio, edycja wokali, poprawa jako\u015bci plik\u00f3w z dyktafonu i wideo<\/title>\n<meta name=\"description\" content=\"Aran\u017cacje muzyczne na zam\u00f3wienie, podk\u0142ady do cover\u00f3w, produkcja muzyczna. Dzia\u0142amy na \u015bwiatowej klasy brzmieniach i zapleczu sprz\u0119towym.\" \/>\n<meta name=\"robots\" content=\"index, follow, max-snippet:-1, max-image-preview:large, max-video-preview:-1\" \/>\n<link rel=\"canonical\" href=\"https:\/\/studionagranlodz.pl\/index.php\/aranzacje-muzyczne\/\" \/>\n<meta property=\"og:locale\" content=\"pl_PL\" \/>\n<meta property=\"og:type\" content=\"article\" \/>\n<meta property=\"og:title\" content=\"Aran\u017cacje muzyczne\" \/>\n<meta property=\"og:description\" content=\"Aran\u017cacje muzyczne na zam\u00f3wienie, podk\u0142ady do cover\u00f3w, produkcja muzyczna. Dzia\u0142amy na \u015bwiatowej klasy brzmieniach i zapleczu sprz\u0119towym.\" \/>\n<meta property=\"og:url\" content=\"https:\/\/studionagranlodz.pl\/index.php\/aranzacje-muzyczne\/\" \/>\n<meta property=\"og:site_name\" content=\"Studio Nagra\u0144 \u0141\u00f3d\u017a 11-tka. Zapis audio, edycja wokali, poprawa jako\u015bci plik\u00f3w z dyktafonu i wideo\" \/>\n<meta property=\"article:publisher\" content=\"https:\/\/www.facebook.com\/studionagraniowe11\" \/>\n<meta property=\"article:modified_time\" content=\"2025-07-28T05:08:17+00:00\" \/>\n<meta property=\"og:image\" content=\"https:\/\/studionagranlodz.pl\/wp-content\/uploads\/2023\/09\/P1000226.a-300x200.jpg\" \/>\n<meta name=\"twitter:card\" content=\"summary_large_image\" \/>\n<meta name=\"twitter:label1\" content=\"Szacowany czas czytania\" \/>\n\t<meta name=\"twitter:data1\" content=\"2 minuty\" \/>\n<script type=\"application\/ld+json\" class=\"yoast-schema-graph\">{\"@context\":\"https:\\\/\\\/schema.org\",\"@graph\":[{\"@type\":\"WebPage\",\"@id\":\"https:\\\/\\\/studionagranlodz.pl\\\/index.php\\\/aranzacje-muzyczne\\\/\",\"url\":\"https:\\\/\\\/studionagranlodz.pl\\\/index.php\\\/aranzacje-muzyczne\\\/\",\"name\":\"Aran\u017cacje muzyczne - Studio Nagra\u0144 \u0141\u00f3d\u017a 11-tka. Zapis audio, edycja wokali, poprawa jako\u015bci plik\u00f3w z dyktafonu i wideo\",\"isPartOf\":{\"@id\":\"https:\\\/\\\/studionagranlodz.pl\\\/#website\"},\"primaryImageOfPage\":{\"@id\":\"https:\\\/\\\/studionagranlodz.pl\\\/index.php\\\/aranzacje-muzyczne\\\/#primaryimage\"},\"image\":{\"@id\":\"https:\\\/\\\/studionagranlodz.pl\\\/index.php\\\/aranzacje-muzyczne\\\/#primaryimage\"},\"thumbnailUrl\":\"https:\\\/\\\/studionagranlodz.pl\\\/wp-content\\\/uploads\\\/2023\\\/09\\\/P1000226.a-300x200.jpg\",\"datePublished\":\"2018-07-13T10:57:41+00:00\",\"dateModified\":\"2025-07-28T05:08:17+00:00\",\"description\":\"Aran\u017cacje muzyczne na zam\u00f3wienie, podk\u0142ady do cover\u00f3w, produkcja muzyczna. Dzia\u0142amy na \u015bwiatowej klasy brzmieniach i zapleczu sprz\u0119towym.\",\"breadcrumb\":{\"@id\":\"https:\\\/\\\/studionagranlodz.pl\\\/index.php\\\/aranzacje-muzyczne\\\/#breadcrumb\"},\"inLanguage\":\"pl-PL\",\"potentialAction\":[{\"@type\":\"ReadAction\",\"target\":[\"https:\\\/\\\/studionagranlodz.pl\\\/index.php\\\/aranzacje-muzyczne\\\/\"]}]},{\"@type\":\"ImageObject\",\"inLanguage\":\"pl-PL\",\"@id\":\"https:\\\/\\\/studionagranlodz.pl\\\/index.php\\\/aranzacje-muzyczne\\\/#primaryimage\",\"url\":\"https:\\\/\\\/studionagranlodz.pl\\\/wp-content\\\/uploads\\\/2023\\\/09\\\/P1000226.a.jpg\",\"contentUrl\":\"https:\\\/\\\/studionagranlodz.pl\\\/wp-content\\\/uploads\\\/2023\\\/09\\\/P1000226.a.jpg\",\"width\":1000,\"height\":667,\"caption\":\"Aran\u017cacje muzyczne, podk\u0142ady\"},{\"@type\":\"BreadcrumbList\",\"@id\":\"https:\\\/\\\/studionagranlodz.pl\\\/index.php\\\/aranzacje-muzyczne\\\/#breadcrumb\",\"itemListElement\":[{\"@type\":\"ListItem\",\"position\":1,\"name\":\"Home\",\"item\":\"https:\\\/\\\/studionagranlodz.pl\\\/\"},{\"@type\":\"ListItem\",\"position\":2,\"name\":\"Aran\u017cacje muzyczne\"}]},{\"@type\":\"WebSite\",\"@id\":\"https:\\\/\\\/studionagranlodz.pl\\\/#website\",\"url\":\"https:\\\/\\\/studionagranlodz.pl\\\/\",\"name\":\"Studio Nagra\u0144 \u0141\u00f3d\u017a 11-tka\",\"description\":\"Studio nagra\u0144 \u0141\u00f3d\u017a oferuje nagrania wokalist\u00f3w, lektor\u00f3w, mix i mastering. Odszumianie nagra\u0144 z dyktafonu. Produkcj\u0119 muzyczn\u0105 wraz z kompozycj\u0105 i aran\u017cacj\u0105.\",\"publisher\":{\"@id\":\"https:\\\/\\\/studionagranlodz.pl\\\/#organization\"},\"potentialAction\":[{\"@type\":\"SearchAction\",\"target\":{\"@type\":\"EntryPoint\",\"urlTemplate\":\"https:\\\/\\\/studionagranlodz.pl\\\/?s={search_term_string}\"},\"query-input\":{\"@type\":\"PropertyValueSpecification\",\"valueRequired\":true,\"valueName\":\"search_term_string\"}}],\"inLanguage\":\"pl-PL\"},{\"@type\":\"Organization\",\"@id\":\"https:\\\/\\\/studionagranlodz.pl\\\/#organization\",\"name\":\"PZ audio\",\"url\":\"https:\\\/\\\/studionagranlodz.pl\\\/\",\"logo\":{\"@type\":\"ImageObject\",\"inLanguage\":\"pl-PL\",\"@id\":\"https:\\\/\\\/studionagranlodz.pl\\\/#\\\/schema\\\/logo\\\/image\\\/\",\"url\":\"https:\\\/\\\/studionagranlodz.pl\\\/wp-content\\\/uploads\\\/2024\\\/08\\\/cropped-sound_studio_11_google_thumbnail.png\",\"contentUrl\":\"https:\\\/\\\/studionagranlodz.pl\\\/wp-content\\\/uploads\\\/2024\\\/08\\\/cropped-sound_studio_11_google_thumbnail.png\",\"width\":1024,\"height\":1024,\"caption\":\"PZ audio\"},\"image\":{\"@id\":\"https:\\\/\\\/studionagranlodz.pl\\\/#\\\/schema\\\/logo\\\/image\\\/\"},\"sameAs\":[\"https:\\\/\\\/www.facebook.com\\\/studionagraniowe11\"]}]}<\/script>\n<!-- \/ Yoast SEO Premium plugin. -->","yoast_head_json":{"title":"Aran\u017cacje muzyczne - Studio Nagra\u0144 \u0141\u00f3d\u017a 11-tka. Zapis audio, edycja wokali, poprawa jako\u015bci plik\u00f3w z dyktafonu i wideo","description":"Aran\u017cacje muzyczne na zam\u00f3wienie, podk\u0142ady do cover\u00f3w, produkcja muzyczna. Dzia\u0142amy na \u015bwiatowej klasy brzmieniach i zapleczu sprz\u0119towym.","robots":{"index":"index","follow":"follow","max-snippet":"max-snippet:-1","max-image-preview":"max-image-preview:large","max-video-preview":"max-video-preview:-1"},"canonical":"https:\/\/studionagranlodz.pl\/index.php\/aranzacje-muzyczne\/","og_locale":"pl_PL","og_type":"article","og_title":"Aran\u017cacje muzyczne","og_description":"Aran\u017cacje muzyczne na zam\u00f3wienie, podk\u0142ady do cover\u00f3w, produkcja muzyczna. Dzia\u0142amy na \u015bwiatowej klasy brzmieniach i zapleczu sprz\u0119towym.","og_url":"https:\/\/studionagranlodz.pl\/index.php\/aranzacje-muzyczne\/","og_site_name":"Studio Nagra\u0144 \u0141\u00f3d\u017a 11-tka. Zapis audio, edycja wokali, poprawa jako\u015bci plik\u00f3w z dyktafonu i wideo","article_publisher":"https:\/\/www.facebook.com\/studionagraniowe11","article_modified_time":"2025-07-28T05:08:17+00:00","og_image":[{"url":"https:\/\/studionagranlodz.pl\/wp-content\/uploads\/2023\/09\/P1000226.a-300x200.jpg","type":"","width":"","height":""}],"twitter_card":"summary_large_image","twitter_misc":{"Szacowany czas czytania":"2 minuty"},"schema":{"@context":"https:\/\/schema.org","@graph":[{"@type":"WebPage","@id":"https:\/\/studionagranlodz.pl\/index.php\/aranzacje-muzyczne\/","url":"https:\/\/studionagranlodz.pl\/index.php\/aranzacje-muzyczne\/","name":"Aran\u017cacje muzyczne - Studio Nagra\u0144 \u0141\u00f3d\u017a 11-tka. Zapis audio, edycja wokali, poprawa jako\u015bci plik\u00f3w z dyktafonu i wideo","isPartOf":{"@id":"https:\/\/studionagranlodz.pl\/#website"},"primaryImageOfPage":{"@id":"https:\/\/studionagranlodz.pl\/index.php\/aranzacje-muzyczne\/#primaryimage"},"image":{"@id":"https:\/\/studionagranlodz.pl\/index.php\/aranzacje-muzyczne\/#primaryimage"},"thumbnailUrl":"https:\/\/studionagranlodz.pl\/wp-content\/uploads\/2023\/09\/P1000226.a-300x200.jpg","datePublished":"2018-07-13T10:57:41+00:00","dateModified":"2025-07-28T05:08:17+00:00","description":"Aran\u017cacje muzyczne na zam\u00f3wienie, podk\u0142ady do cover\u00f3w, produkcja muzyczna. Dzia\u0142amy na \u015bwiatowej klasy brzmieniach i zapleczu sprz\u0119towym.","breadcrumb":{"@id":"https:\/\/studionagranlodz.pl\/index.php\/aranzacje-muzyczne\/#breadcrumb"},"inLanguage":"pl-PL","potentialAction":[{"@type":"ReadAction","target":["https:\/\/studionagranlodz.pl\/index.php\/aranzacje-muzyczne\/"]}]},{"@type":"ImageObject","inLanguage":"pl-PL","@id":"https:\/\/studionagranlodz.pl\/index.php\/aranzacje-muzyczne\/#primaryimage","url":"https:\/\/studionagranlodz.pl\/wp-content\/uploads\/2023\/09\/P1000226.a.jpg","contentUrl":"https:\/\/studionagranlodz.pl\/wp-content\/uploads\/2023\/09\/P1000226.a.jpg","width":1000,"height":667,"caption":"Aran\u017cacje muzyczne, podk\u0142ady"},{"@type":"BreadcrumbList","@id":"https:\/\/studionagranlodz.pl\/index.php\/aranzacje-muzyczne\/#breadcrumb","itemListElement":[{"@type":"ListItem","position":1,"name":"Home","item":"https:\/\/studionagranlodz.pl\/"},{"@type":"ListItem","position":2,"name":"Aran\u017cacje muzyczne"}]},{"@type":"WebSite","@id":"https:\/\/studionagranlodz.pl\/#website","url":"https:\/\/studionagranlodz.pl\/","name":"Studio Nagra\u0144 \u0141\u00f3d\u017a 11-tka","description":"Studio nagra\u0144 \u0141\u00f3d\u017a oferuje nagrania wokalist\u00f3w, lektor\u00f3w, mix i mastering. Odszumianie nagra\u0144 z dyktafonu. Produkcj\u0119 muzyczn\u0105 wraz z kompozycj\u0105 i aran\u017cacj\u0105.","publisher":{"@id":"https:\/\/studionagranlodz.pl\/#organization"},"potentialAction":[{"@type":"SearchAction","target":{"@type":"EntryPoint","urlTemplate":"https:\/\/studionagranlodz.pl\/?s={search_term_string}"},"query-input":{"@type":"PropertyValueSpecification","valueRequired":true,"valueName":"search_term_string"}}],"inLanguage":"pl-PL"},{"@type":"Organization","@id":"https:\/\/studionagranlodz.pl\/#organization","name":"PZ audio","url":"https:\/\/studionagranlodz.pl\/","logo":{"@type":"ImageObject","inLanguage":"pl-PL","@id":"https:\/\/studionagranlodz.pl\/#\/schema\/logo\/image\/","url":"https:\/\/studionagranlodz.pl\/wp-content\/uploads\/2024\/08\/cropped-sound_studio_11_google_thumbnail.png","contentUrl":"https:\/\/studionagranlodz.pl\/wp-content\/uploads\/2024\/08\/cropped-sound_studio_11_google_thumbnail.png","width":1024,"height":1024,"caption":"PZ audio"},"image":{"@id":"https:\/\/studionagranlodz.pl\/#\/schema\/logo\/image\/"},"sameAs":["https:\/\/www.facebook.com\/studionagraniowe11"]}]}},"_links":{"self":[{"href":"https:\/\/studionagranlodz.pl\/index.php\/wp-json\/wp\/v2\/pages\/92","targetHints":{"allow":["GET"]}}],"collection":[{"href":"https:\/\/studionagranlodz.pl\/index.php\/wp-json\/wp\/v2\/pages"}],"about":[{"href":"https:\/\/studionagranlodz.pl\/index.php\/wp-json\/wp\/v2\/types\/page"}],"author":[{"embeddable":true,"href":"https:\/\/studionagranlodz.pl\/index.php\/wp-json\/wp\/v2\/users\/1"}],"replies":[{"embeddable":true,"href":"https:\/\/studionagranlodz.pl\/index.php\/wp-json\/wp\/v2\/comments?post=92"}],"version-history":[{"count":0,"href":"https:\/\/studionagranlodz.pl\/index.php\/wp-json\/wp\/v2\/pages\/92\/revisions"}],"wp:attachment":[{"href":"https:\/\/studionagranlodz.pl\/index.php\/wp-json\/wp\/v2\/media?parent=92"}],"curies":[{"name":"wp","href":"https:\/\/api.w.org\/{rel}","templated":true}]}}