{"id":886,"date":"2023-01-18T09:01:30","date_gmt":"2023-01-18T08:01:30","guid":{"rendered":"https:\/\/studionagranlodz.pl\/?page_id=886"},"modified":"2024-03-25T11:31:59","modified_gmt":"2024-03-25T10:31:59","slug":"nagrania-lektorskie","status":"publish","type":"page","link":"https:\/\/studionagranlodz.pl\/index.php\/nagrania-lektorskie\/","title":{"rendered":"Nagrania lektorskie"},"content":{"rendered":"\n<figure class=\"wp-block-image size-full\"><img decoding=\"async\" width=\"1000\" height=\"497\" src=\"https:\/\/studionagranlodz.pl\/wp-content\/uploads\/2023\/01\/studio-nagran-lektorskich.jpg\" alt=\"Nagrania lektorskie\" class=\"wp-image-879\" srcset=\"https:\/\/studionagranlodz.pl\/wp-content\/uploads\/2023\/01\/studio-nagran-lektorskich.jpg 1000w, https:\/\/studionagranlodz.pl\/wp-content\/uploads\/2023\/01\/studio-nagran-lektorskich-300x149.jpg 300w, https:\/\/studionagranlodz.pl\/wp-content\/uploads\/2023\/01\/studio-nagran-lektorskich-768x382.jpg 768w\" sizes=\"(max-width: 1000px) 100vw, 1000px\" \/><\/figure>\n\n\n\n<p>Nagrania lektorskie realizujemy w naszej kabinie wokalowej. Do wyboru radiowe mikrofony dynamiczne <a href=\"https:\/\/www.shure.com\/pl-PL\">SM7b<\/a>, Rode Podmic i SM58, oraz pojemno\u015bciowe Audio Technika 4050 i 2035, a tak\u017ce Rode NT1-a. Na miejscu do\u015bwiadczony realizator, oraz wielo\u015bladowy program do rejestracji g\u0142osu. Doskona\u0142y tor audio wyposa\u017cony w jedn\u0105 z najlepszych kart d\u017awi\u0119kowych Motu ultralite mk5 i  . Do wyboru r\u00f3wnie\u017c przedwzmacniacze lampowe. <\/p>\n\n\n\n<p>Oferujemy r\u00f3wnie\u017c &#8222;na miejscu&#8221; us\u0142ugi lektorki i lektora, kt\u00f3rzy s\u0105 w stanie w bardzo kr\u00f3tkim czasie nagra\u0107 dla Pa\u0144stwa materia\u0142. <a href=\"https:\/\/studionagranlodz.pl\/index.php\/bank-glosow-lektorskich\/\">Pr\u00f3bki g\u0142osu<\/a> na dole strony.<\/p>\n\n\n\n<figure class=\"wp-block-image size-full is-resized\"><img decoding=\"async\" width=\"650\" height=\"975\" src=\"https:\/\/studionagranlodz.pl\/wp-content\/uploads\/2023\/09\/P1000244.a.jpg\" alt=\"Nagrania lektor\u00f3w\" class=\"wp-image-1072\" style=\"aspect-ratio:0.6666666666666666;width:314px;height:auto\" srcset=\"https:\/\/studionagranlodz.pl\/wp-content\/uploads\/2023\/09\/P1000244.a.jpg 650w, https:\/\/studionagranlodz.pl\/wp-content\/uploads\/2023\/09\/P1000244.a-200x300.jpg 200w\" sizes=\"(max-width: 650px) 100vw, 650px\" \/><\/figure>\n\n\n\n<p>Sprawna realizacja nagra\u0144 dzi\u0119ki du\u017cemu do\u015bwiadczeniu w pracy studyjnej przy audiobookach i audio blogach. Zapewniamy komfort pracy i miejsce na laptopa. Mo\u017cemy tak\u017ce tekst wy\u015bwietla\u0107 z rzutnika je\u015bli jest takie \u017cyczenie.<\/p>\n\n\n\n<p>Wszystkie nagrania podlegaj\u0105 p\u00f3\u017aniejszej obr\u00f3bce (chyba, \u017ce klient \u017cyczy sobie surowe nagranie). Tutaj mo\u017cemy wzmocni\u0107 i equalizowa\u0107 g\u0142os, zredukowa\u0107 oddechy, usun\u0105\u0107 kliki i klipy, z\u0142agodzi\u0107 g\u0142oski sycz\u0105ce, oraz zredukowa\u0107 g\u0142oski wybuchowe <em><strong><a href=\"https:\/\/studionagranlodz.pl\/index.php\/odszumianie-i-czyszczenie-nagran\/\">wi\u0119cej<\/a><\/strong><\/em>. Pracujemy na topowych pluginach u\u017cywanych w bran\u017cy filmowej.<\/p>\n\n\n\n<p><strong>Nagrania lektorskie<\/strong> mo\u017cemy r\u00f3wnie\u017c ud\u017awi\u0119kowi\u0107, a tak\u017ce pod\u0142o\u017cy\u0107 bezpo\u015brednio pod materia\u0142 wideo. Wsp\u00f3\u0142pracujemy z wieloma lektorami z \u0141odzi i z Warszawy.<\/p>\n\n\n\n<p>Na miejscu mo\u017cna r\u00f3wnie\u017c nagra\u0107 wideo do kt\u00f3rego mo\u017cemy pod\u0142o\u017cy\u0107 profesjonalnie nagrany g\u0142os, a tak\u017ce zrobi\u0107 synchron.<\/p>\n\n\n\n<p>Prosimy zawsze o telefon w celu um\u00f3wienia godziny nagrywania.<\/p>\n\n\n\n<figure class=\"wp-block-image size-full\"><img decoding=\"async\" width=\"800\" height=\"589\" src=\"https:\/\/studionagranlodz.pl\/wp-content\/uploads\/2023\/01\/mikrofon-lektorski-sm7b.jpg\" alt=\"Studio nagrania lektora \u0141\u00f3d\u017a\" class=\"wp-image-889\" srcset=\"https:\/\/studionagranlodz.pl\/wp-content\/uploads\/2023\/01\/mikrofon-lektorski-sm7b.jpg 800w, https:\/\/studionagranlodz.pl\/wp-content\/uploads\/2023\/01\/mikrofon-lektorski-sm7b-300x221.jpg 300w, https:\/\/studionagranlodz.pl\/wp-content\/uploads\/2023\/01\/mikrofon-lektorski-sm7b-768x565.jpg 768w\" sizes=\"(max-width: 800px) 100vw, 800px\" \/><\/figure>\n\n\n\n<p>Tutaj pr\u00f3bki z naszego banku g\u0142os\u00f3w:<\/p>\n\n\n\n<p>Lektorka Justyna: (fragment ksi\u0105\u017cki)<\/p>\n\n\n\n<figure class=\"wp-block-audio\"><audio controls src=\"https:\/\/studionagranlodz.pl\/wp-content\/uploads\/2024\/02\/ksiazka-lektorka.mp3\"><\/audio><\/figure>\n\n\n\n<p>Lektor Adam (reklama) :<\/p>\n\n\n\n<figure class=\"wp-block-audio\"><audio controls src=\"https:\/\/studionagranlodz.pl\/wp-content\/uploads\/2024\/03\/Studio-nagran-11-1.mp3\"><\/audio><\/figure>\n\n\n\n<p>Lektor Adam: (fragment bajki dla dzieci)<\/p>\n\n\n\n<figure class=\"wp-block-audio\"><audio controls src=\"https:\/\/studionagranlodz.pl\/wp-content\/uploads\/2024\/02\/Glos-meski-lektor.mp3\"><\/audio><\/figure>\n\n\n\n<p><\/p>\n","protected":false},"excerpt":{"rendered":"<p>Nagrania lektorskie realizujemy w naszej kabinie wokalowej. Do wyboru radiowe mikrofony dynamiczne SM7b, Rode Podmic i SM58, oraz pojemno\u015bciowe Audio Technika 4050 i 2035, a tak\u017ce Rode NT1-a. Na miejscu do\u015bwiadczony realizator, oraz wielo\u015bladowy program do rejestracji g\u0142osu. Doskona\u0142y tor audio wyposa\u017cony w jedn\u0105 z najlepszych kart d\u017awi\u0119kowych Motu ultralite mk5 i . Do wyboru [&hellip;]<\/p>\n","protected":false},"author":1,"featured_media":0,"parent":0,"menu_order":0,"comment_status":"closed","ping_status":"closed","template":"","meta":{"_et_pb_use_builder":"","_et_pb_old_content":"","_et_gb_content_width":"","footnotes":""},"class_list":["post-886","page","type-page","status-publish","hentry"],"yoast_head":"<!-- This site is optimized with the Yoast SEO Premium plugin v26.4 (Yoast SEO v27.4) - https:\/\/yoast.com\/product\/yoast-seo-premium-wordpress\/ -->\n<title>Nagrania lektorskie - Studio Nagra\u0144 \u0141\u00f3d\u017a 11-tka. Zapis audio, edycja wokali, poprawa jako\u015bci plik\u00f3w z dyktafonu i wideo<\/title>\n<meta name=\"description\" content=\"Nagrania lektorskie w naszym studio. Na miejscu kabina wokalowa oraz typowo lektorskie mikrofony. Bogaty bank g\u0142os\u00f3w.\" \/>\n<meta name=\"robots\" content=\"index, follow, max-snippet:-1, max-image-preview:large, max-video-preview:-1\" \/>\n<link rel=\"canonical\" href=\"https:\/\/studionagranlodz.pl\/index.php\/nagrania-lektorskie\/\" \/>\n<meta property=\"og:locale\" content=\"pl_PL\" \/>\n<meta property=\"og:type\" content=\"article\" \/>\n<meta property=\"og:title\" content=\"Nagrania lektorskie\" \/>\n<meta property=\"og:description\" content=\"Nagrania lektorskie w naszym studio. Na miejscu kabina wokalowa oraz typowo lektorskie mikrofony. Bogaty bank g\u0142os\u00f3w.\" \/>\n<meta property=\"og:url\" content=\"https:\/\/studionagranlodz.pl\/index.php\/nagrania-lektorskie\/\" \/>\n<meta property=\"og:site_name\" content=\"Studio Nagra\u0144 \u0141\u00f3d\u017a 11-tka. Zapis audio, edycja wokali, poprawa jako\u015bci plik\u00f3w z dyktafonu i wideo\" \/>\n<meta property=\"article:publisher\" content=\"https:\/\/www.facebook.com\/studionagraniowe11\" \/>\n<meta property=\"article:modified_time\" content=\"2024-03-25T10:31:59+00:00\" \/>\n<meta property=\"og:image\" content=\"https:\/\/studionagranlodz.pl\/wp-content\/uploads\/2023\/01\/studio-nagran-lektorskich.jpg\" \/>\n<meta name=\"twitter:card\" content=\"summary_large_image\" \/>\n<meta name=\"twitter:label1\" content=\"Szacowany czas czytania\" \/>\n\t<meta name=\"twitter:data1\" content=\"1 minuta\" \/>\n<script type=\"application\/ld+json\" class=\"yoast-schema-graph\">{\"@context\":\"https:\\\/\\\/schema.org\",\"@graph\":[{\"@type\":\"WebPage\",\"@id\":\"https:\\\/\\\/studionagranlodz.pl\\\/index.php\\\/nagrania-lektorskie\\\/\",\"url\":\"https:\\\/\\\/studionagranlodz.pl\\\/index.php\\\/nagrania-lektorskie\\\/\",\"name\":\"Nagrania lektorskie - Studio Nagra\u0144 \u0141\u00f3d\u017a 11-tka. Zapis audio, edycja wokali, poprawa jako\u015bci plik\u00f3w z dyktafonu i wideo\",\"isPartOf\":{\"@id\":\"https:\\\/\\\/studionagranlodz.pl\\\/#website\"},\"primaryImageOfPage\":{\"@id\":\"https:\\\/\\\/studionagranlodz.pl\\\/index.php\\\/nagrania-lektorskie\\\/#primaryimage\"},\"image\":{\"@id\":\"https:\\\/\\\/studionagranlodz.pl\\\/index.php\\\/nagrania-lektorskie\\\/#primaryimage\"},\"thumbnailUrl\":\"https:\\\/\\\/studionagranlodz.pl\\\/wp-content\\\/uploads\\\/2023\\\/01\\\/studio-nagran-lektorskich.jpg\",\"datePublished\":\"2023-01-18T08:01:30+00:00\",\"dateModified\":\"2024-03-25T10:31:59+00:00\",\"description\":\"Nagrania lektorskie w naszym studio. Na miejscu kabina wokalowa oraz typowo lektorskie mikrofony. Bogaty bank g\u0142os\u00f3w.\",\"breadcrumb\":{\"@id\":\"https:\\\/\\\/studionagranlodz.pl\\\/index.php\\\/nagrania-lektorskie\\\/#breadcrumb\"},\"inLanguage\":\"pl-PL\",\"potentialAction\":[{\"@type\":\"ReadAction\",\"target\":[\"https:\\\/\\\/studionagranlodz.pl\\\/index.php\\\/nagrania-lektorskie\\\/\"]}]},{\"@type\":\"ImageObject\",\"inLanguage\":\"pl-PL\",\"@id\":\"https:\\\/\\\/studionagranlodz.pl\\\/index.php\\\/nagrania-lektorskie\\\/#primaryimage\",\"url\":\"https:\\\/\\\/studionagranlodz.pl\\\/wp-content\\\/uploads\\\/2023\\\/01\\\/studio-nagran-lektorskich.jpg\",\"contentUrl\":\"https:\\\/\\\/studionagranlodz.pl\\\/wp-content\\\/uploads\\\/2023\\\/01\\\/studio-nagran-lektorskich.jpg\",\"width\":1000,\"height\":497,\"caption\":\"Producent muzyczny - produkcja muzyczna\"},{\"@type\":\"BreadcrumbList\",\"@id\":\"https:\\\/\\\/studionagranlodz.pl\\\/index.php\\\/nagrania-lektorskie\\\/#breadcrumb\",\"itemListElement\":[{\"@type\":\"ListItem\",\"position\":1,\"name\":\"Home\",\"item\":\"https:\\\/\\\/studionagranlodz.pl\\\/\"},{\"@type\":\"ListItem\",\"position\":2,\"name\":\"Nagrania lektorskie\"}]},{\"@type\":\"WebSite\",\"@id\":\"https:\\\/\\\/studionagranlodz.pl\\\/#website\",\"url\":\"https:\\\/\\\/studionagranlodz.pl\\\/\",\"name\":\"Studio Nagra\u0144 \u0141\u00f3d\u017a 11-tka\",\"description\":\"Studio nagra\u0144 \u0141\u00f3d\u017a oferuje nagrania wokalist\u00f3w, lektor\u00f3w, mix i mastering. Odszumianie nagra\u0144 z dyktafonu. Produkcj\u0119 muzyczn\u0105 wraz z kompozycj\u0105 i aran\u017cacj\u0105.\",\"publisher\":{\"@id\":\"https:\\\/\\\/studionagranlodz.pl\\\/#organization\"},\"potentialAction\":[{\"@type\":\"SearchAction\",\"target\":{\"@type\":\"EntryPoint\",\"urlTemplate\":\"https:\\\/\\\/studionagranlodz.pl\\\/?s={search_term_string}\"},\"query-input\":{\"@type\":\"PropertyValueSpecification\",\"valueRequired\":true,\"valueName\":\"search_term_string\"}}],\"inLanguage\":\"pl-PL\"},{\"@type\":\"Organization\",\"@id\":\"https:\\\/\\\/studionagranlodz.pl\\\/#organization\",\"name\":\"PZ audio\",\"url\":\"https:\\\/\\\/studionagranlodz.pl\\\/\",\"logo\":{\"@type\":\"ImageObject\",\"inLanguage\":\"pl-PL\",\"@id\":\"https:\\\/\\\/studionagranlodz.pl\\\/#\\\/schema\\\/logo\\\/image\\\/\",\"url\":\"https:\\\/\\\/studionagranlodz.pl\\\/wp-content\\\/uploads\\\/2024\\\/08\\\/cropped-sound_studio_11_google_thumbnail.png\",\"contentUrl\":\"https:\\\/\\\/studionagranlodz.pl\\\/wp-content\\\/uploads\\\/2024\\\/08\\\/cropped-sound_studio_11_google_thumbnail.png\",\"width\":1024,\"height\":1024,\"caption\":\"PZ audio\"},\"image\":{\"@id\":\"https:\\\/\\\/studionagranlodz.pl\\\/#\\\/schema\\\/logo\\\/image\\\/\"},\"sameAs\":[\"https:\\\/\\\/www.facebook.com\\\/studionagraniowe11\"]}]}<\/script>\n<!-- \/ Yoast SEO Premium plugin. -->","yoast_head_json":{"title":"Nagrania lektorskie - Studio Nagra\u0144 \u0141\u00f3d\u017a 11-tka. Zapis audio, edycja wokali, poprawa jako\u015bci plik\u00f3w z dyktafonu i wideo","description":"Nagrania lektorskie w naszym studio. Na miejscu kabina wokalowa oraz typowo lektorskie mikrofony. Bogaty bank g\u0142os\u00f3w.","robots":{"index":"index","follow":"follow","max-snippet":"max-snippet:-1","max-image-preview":"max-image-preview:large","max-video-preview":"max-video-preview:-1"},"canonical":"https:\/\/studionagranlodz.pl\/index.php\/nagrania-lektorskie\/","og_locale":"pl_PL","og_type":"article","og_title":"Nagrania lektorskie","og_description":"Nagrania lektorskie w naszym studio. Na miejscu kabina wokalowa oraz typowo lektorskie mikrofony. Bogaty bank g\u0142os\u00f3w.","og_url":"https:\/\/studionagranlodz.pl\/index.php\/nagrania-lektorskie\/","og_site_name":"Studio Nagra\u0144 \u0141\u00f3d\u017a 11-tka. Zapis audio, edycja wokali, poprawa jako\u015bci plik\u00f3w z dyktafonu i wideo","article_publisher":"https:\/\/www.facebook.com\/studionagraniowe11","article_modified_time":"2024-03-25T10:31:59+00:00","og_image":[{"url":"https:\/\/studionagranlodz.pl\/wp-content\/uploads\/2023\/01\/studio-nagran-lektorskich.jpg","type":"","width":"","height":""}],"twitter_card":"summary_large_image","twitter_misc":{"Szacowany czas czytania":"1 minuta"},"schema":{"@context":"https:\/\/schema.org","@graph":[{"@type":"WebPage","@id":"https:\/\/studionagranlodz.pl\/index.php\/nagrania-lektorskie\/","url":"https:\/\/studionagranlodz.pl\/index.php\/nagrania-lektorskie\/","name":"Nagrania lektorskie - Studio Nagra\u0144 \u0141\u00f3d\u017a 11-tka. Zapis audio, edycja wokali, poprawa jako\u015bci plik\u00f3w z dyktafonu i wideo","isPartOf":{"@id":"https:\/\/studionagranlodz.pl\/#website"},"primaryImageOfPage":{"@id":"https:\/\/studionagranlodz.pl\/index.php\/nagrania-lektorskie\/#primaryimage"},"image":{"@id":"https:\/\/studionagranlodz.pl\/index.php\/nagrania-lektorskie\/#primaryimage"},"thumbnailUrl":"https:\/\/studionagranlodz.pl\/wp-content\/uploads\/2023\/01\/studio-nagran-lektorskich.jpg","datePublished":"2023-01-18T08:01:30+00:00","dateModified":"2024-03-25T10:31:59+00:00","description":"Nagrania lektorskie w naszym studio. Na miejscu kabina wokalowa oraz typowo lektorskie mikrofony. Bogaty bank g\u0142os\u00f3w.","breadcrumb":{"@id":"https:\/\/studionagranlodz.pl\/index.php\/nagrania-lektorskie\/#breadcrumb"},"inLanguage":"pl-PL","potentialAction":[{"@type":"ReadAction","target":["https:\/\/studionagranlodz.pl\/index.php\/nagrania-lektorskie\/"]}]},{"@type":"ImageObject","inLanguage":"pl-PL","@id":"https:\/\/studionagranlodz.pl\/index.php\/nagrania-lektorskie\/#primaryimage","url":"https:\/\/studionagranlodz.pl\/wp-content\/uploads\/2023\/01\/studio-nagran-lektorskich.jpg","contentUrl":"https:\/\/studionagranlodz.pl\/wp-content\/uploads\/2023\/01\/studio-nagran-lektorskich.jpg","width":1000,"height":497,"caption":"Producent muzyczny - produkcja muzyczna"},{"@type":"BreadcrumbList","@id":"https:\/\/studionagranlodz.pl\/index.php\/nagrania-lektorskie\/#breadcrumb","itemListElement":[{"@type":"ListItem","position":1,"name":"Home","item":"https:\/\/studionagranlodz.pl\/"},{"@type":"ListItem","position":2,"name":"Nagrania lektorskie"}]},{"@type":"WebSite","@id":"https:\/\/studionagranlodz.pl\/#website","url":"https:\/\/studionagranlodz.pl\/","name":"Studio Nagra\u0144 \u0141\u00f3d\u017a 11-tka","description":"Studio nagra\u0144 \u0141\u00f3d\u017a oferuje nagrania wokalist\u00f3w, lektor\u00f3w, mix i mastering. Odszumianie nagra\u0144 z dyktafonu. Produkcj\u0119 muzyczn\u0105 wraz z kompozycj\u0105 i aran\u017cacj\u0105.","publisher":{"@id":"https:\/\/studionagranlodz.pl\/#organization"},"potentialAction":[{"@type":"SearchAction","target":{"@type":"EntryPoint","urlTemplate":"https:\/\/studionagranlodz.pl\/?s={search_term_string}"},"query-input":{"@type":"PropertyValueSpecification","valueRequired":true,"valueName":"search_term_string"}}],"inLanguage":"pl-PL"},{"@type":"Organization","@id":"https:\/\/studionagranlodz.pl\/#organization","name":"PZ audio","url":"https:\/\/studionagranlodz.pl\/","logo":{"@type":"ImageObject","inLanguage":"pl-PL","@id":"https:\/\/studionagranlodz.pl\/#\/schema\/logo\/image\/","url":"https:\/\/studionagranlodz.pl\/wp-content\/uploads\/2024\/08\/cropped-sound_studio_11_google_thumbnail.png","contentUrl":"https:\/\/studionagranlodz.pl\/wp-content\/uploads\/2024\/08\/cropped-sound_studio_11_google_thumbnail.png","width":1024,"height":1024,"caption":"PZ audio"},"image":{"@id":"https:\/\/studionagranlodz.pl\/#\/schema\/logo\/image\/"},"sameAs":["https:\/\/www.facebook.com\/studionagraniowe11"]}]}},"_links":{"self":[{"href":"https:\/\/studionagranlodz.pl\/index.php\/wp-json\/wp\/v2\/pages\/886","targetHints":{"allow":["GET"]}}],"collection":[{"href":"https:\/\/studionagranlodz.pl\/index.php\/wp-json\/wp\/v2\/pages"}],"about":[{"href":"https:\/\/studionagranlodz.pl\/index.php\/wp-json\/wp\/v2\/types\/page"}],"author":[{"embeddable":true,"href":"https:\/\/studionagranlodz.pl\/index.php\/wp-json\/wp\/v2\/users\/1"}],"replies":[{"embeddable":true,"href":"https:\/\/studionagranlodz.pl\/index.php\/wp-json\/wp\/v2\/comments?post=886"}],"version-history":[{"count":0,"href":"https:\/\/studionagranlodz.pl\/index.php\/wp-json\/wp\/v2\/pages\/886\/revisions"}],"wp:attachment":[{"href":"https:\/\/studionagranlodz.pl\/index.php\/wp-json\/wp\/v2\/media?parent=886"}],"curies":[{"name":"wp","href":"https:\/\/api.w.org\/{rel}","templated":true}]}}