{"id":87,"date":"2018-07-11T18:45:23","date_gmt":"2018-07-11T18:45:23","guid":{"rendered":"http:\/\/studionagranlodz.pl\/?page_id=87"},"modified":"2026-05-15T07:57:21","modified_gmt":"2026-05-15T05:57:21","slug":"fortepianowki","status":"publish","type":"page","link":"https:\/\/studionagranlodz.pl\/index.php\/fortepianowki\/","title":{"rendered":"Pisanie nut w pdf."},"content":{"rendered":"<h2>Pisanie nut na komputerze, prymki, partytury, wyci\u0105gi fortepianowe, nuty<\/h2>\n<p style=\"text-align: justify;\">Za<img loading=\"lazy\" decoding=\"async\" class=\"alignleft wp-image-101 size-medium\" src=\"https:\/\/studionagranlodz.pl\/wp-content\/uploads\/2018\/07\/fortepian\u00f3wki-212x300.jpg\" alt=\"Fortepian\u00f3wki\" width=\"212\" height=\"300\" srcset=\"https:\/\/studionagranlodz.pl\/wp-content\/uploads\/2018\/07\/fortepian\u00f3wki-212x300.jpg 212w, https:\/\/studionagranlodz.pl\/wp-content\/uploads\/2018\/07\/fortepian\u00f3wki.jpg 700w\" sizes=\"(max-width: 212px) 100vw, 212px\" \/>jmujemy si\u0119 r\u00f3wnie\u017c pisaniem nut do Zaiksu czyli tkzw. fortepian\u00f3wek, a tak\u017ce komputeropisaniem nut. Zam\u00f3wienia realizujemy w oparciu o nagrania audio, kt\u00f3re trzeba nam przes\u0142a\u0107, b\u0105d\u017a wskaza\u0107 utw\u00f3r na <a href=\"https:\/\/www.youtube.com\/\">Youtube<\/a>. Do nagrania czasami potrzebujemy r\u00f3wnie\u017c tekstu, w przypadku piosenek obcoj\u0119zycznych lub ma\u0142o wyra\u017anie za\u015bpiewanych.\u00a0 Realizujemy wszelkie zam\u00f3wienia zwi\u0105zane z nutami w tym partytury, partie instrumentalne itp. Nuty wysy\u0142amy najcz\u0119\u015bciej w formie pliku <a href=\"https:\/\/get.adobe.com\/pl\/reader\/\">PDF<\/a> od razu gotowego do wydruku w wysokiej jako\u015bci.<\/p>\n<p>Nuty piszemy r\u00f3wnie\u017c do wybranych piosenek w dowolnej formie.<\/p>\n<p>Mo\u017cna u nas zam\u00f3wi\u0107:<\/p>\n<ul>\n<li>Nuty z akordami i tekstem<\/li>\n<li>Partytury instrumentalne<\/li>\n<li>Komputeropisanie nut<\/li>\n<li>Transpozycje nut<\/li>\n<li>Partytury wokalne<\/li>\n<li>Nuty wraz z tekstem i akordami<\/li>\n<li>Poszczeg\u00f3lne partie instrumentalne i wokalne<\/li>\n<li>Nuty dla zespo\u0142\u00f3w kameralnych, orkiestr etc.<\/li>\n<li>Wyci\u0105gi fortepianowe<\/li>\n<li>Aran\u017cacje na zesp\u00f3\u0142, orkiestr\u0119 piosenek, utwor\u00f3w, kol\u0119d etc.<\/li>\n<\/ul>\n<p><img loading=\"lazy\" decoding=\"async\" class=\"alignleft wp-image-105 size-medium\" src=\"https:\/\/studionagranlodz.pl\/wp-content\/uploads\/2018\/07\/Zaiks-212x300.jpg\" alt=\"Fortepian\u00f3wki do zaiks\" width=\"212\" height=\"300\" srcset=\"https:\/\/studionagranlodz.pl\/wp-content\/uploads\/2018\/07\/Zaiks-212x300.jpg 212w, https:\/\/studionagranlodz.pl\/wp-content\/uploads\/2018\/07\/Zaiks.jpg 700w\" sizes=\"(max-width: 212px) 100vw, 212px\" \/><\/p>\n<p style=\"text-align: justify;\">Zam\u00f3wienia realizujemy zwykle w ci\u0105gu kilku dni roboczych, w zale\u017cno\u015bci od ilo\u015bci zam\u00f3wie\u0144 i trudno\u015bci w ich wykonaniu. Nuty i fortepian\u00f3wki wykonywane s\u0105 przez nas od wielu lat, dlatego nie ma mo\u017cliwo\u015bci odrzucenia ich np. przez Zaiks, s\u0105 precyzyjne i oddaj\u0105ce niuanse linii melodycznej i akompaniamentu.<\/p>\n<p style=\"text-align: justify;\">W przypadku nut zespo\u0142owych podpisujemy akordy nad melodi\u0105 wed\u0142ug standard\u00f3w ameryka\u0144skich lub europejskich lub nutami pod melodi\u0105 na osobnym systemie. Pod melodi\u0105 podpisujemy r\u00f3wnie\u017c tekst, a tak\u017ce uwzgl\u0119dniamy partie ch\u00f3ralne rozpisuj\u0105c je w jednym systemie, albo w kilku wed\u0142ug preferencji klienta.<\/p>\n<p style=\"text-align: justify;\">Realizujemy r\u00f3wnie\u017c poprawki (zupe\u0142nie darmowo) w ci\u0105gu jednego dnia roboczego, gdyby np. wda\u0142a si\u0119 jaka\u015b liter\u00f3wka, lub chcieliby Pa\u0144stwo zmieni\u0107 co\u015b w tek\u015bcie, b\u0105d\u017a nutach. <strong>Zapraszamy do wsp\u00f3\u0142pracy.<\/strong><\/p>\n<p>Wykonujemy r\u00f3wnie\u017c :<\/p>\n<ul>\n<li>Aran\u017cacje muzyczne na r\u00f3\u017cne instrumenty<\/li>\n<li>Partie orkiestrowe<\/li>\n<li>Partie ch\u00f3ralne wraz z nasz\u0105 aran\u017cacj\u0105<\/li>\n<li>Ch\u00f3rki do piosenek (refren\u00f3w i zwrotek)<\/li>\n<li>Edycj\u0119 nut ( zmiany w partyturze, transpozycj\u0119, przepisywanie,<\/li>\n<\/ul>\n<p>Wszystkie realizacje jeste\u015bmy w stanie zapisa\u0107 w nutach, ale tak\u017ce jako przyk\u0142adowe wsp\u00f3\u0142brzmienia w plikach muzycznych. Dzi\u0119ki temu \u0142atwiej b\u0119dzie Pa\u0144stwu us\u0142ysze\u0107 czy osi\u0105gamy w\u0142a\u015bciwy, wyobra\u017cony cel i w razie czego dokonywa\u0107 zmian wed\u0142ug Pa\u0144stwa sugestii.<\/p>\n<p><img loading=\"lazy\" decoding=\"async\" class=\"alignnone wp-image-223 size-medium\" src=\"http:\/\/studionagranlodz.pl\/wp-content\/uploads\/2019\/05\/zaiks-300x107.jpg\" alt=\"Pisanie nut na komputerze\" width=\"300\" height=\"107\" srcset=\"https:\/\/studionagranlodz.pl\/wp-content\/uploads\/2019\/05\/zaiks-300x107.jpg 300w, https:\/\/studionagranlodz.pl\/wp-content\/uploads\/2019\/05\/zaiks-768x274.jpg 768w, https:\/\/studionagranlodz.pl\/wp-content\/uploads\/2019\/05\/zaiks-1024x366.jpg 1024w, https:\/\/studionagranlodz.pl\/wp-content\/uploads\/2019\/05\/zaiks.jpg 1400w\" sizes=\"(max-width: 300px) 100vw, 300px\" \/><\/p>\n","protected":false},"excerpt":{"rendered":"<p>Pisanie nut na komputerze, prymki, partytury, wyci\u0105gi fortepianowe, nuty Zajmujemy si\u0119 r\u00f3wnie\u017c pisaniem nut do Zaiksu czyli tkzw. fortepian\u00f3wek, a tak\u017ce komputeropisaniem nut. Zam\u00f3wienia realizujemy w oparciu o nagrania audio, kt\u00f3re trzeba nam przes\u0142a\u0107, b\u0105d\u017a wskaza\u0107 utw\u00f3r na Youtube. Do nagrania czasami potrzebujemy r\u00f3wnie\u017c tekstu, w przypadku piosenek obcoj\u0119zycznych lub ma\u0142o wyra\u017anie za\u015bpiewanych.\u00a0 Realizujemy wszelkie [&hellip;]<\/p>\n","protected":false},"author":1,"featured_media":0,"parent":0,"menu_order":0,"comment_status":"closed","ping_status":"closed","template":"","meta":{"_et_pb_use_builder":"","_et_pb_old_content":"","_et_gb_content_width":"","footnotes":""},"class_list":["post-87","page","type-page","status-publish","hentry"],"yoast_head":"<!-- This site is optimized with the Yoast SEO Premium plugin v26.4 (Yoast SEO v27.6) - https:\/\/yoast.com\/product\/yoast-seo-premium-wordpress\/ -->\n<title>Pisanie nut w pdf. - Studio Nagra\u0144 \u0141\u00f3d\u017a 11-tka. Zapis audio, edycja wokali, poprawa jako\u015bci plik\u00f3w z dyktafonu i wideo<\/title>\n<meta name=\"description\" content=\"Fortepian\u00f3wki do Zaiks pisz\u0119 bezpo\u015brednio z nagrania. Bez problem\u00f3w z rejestracj\u0105. Partytury, wyci\u0105gi fortepianowe, nuty dla zespo\u0142\u00f3w i orkiestr\" \/>\n<meta name=\"robots\" content=\"index, follow, max-snippet:-1, max-image-preview:large, max-video-preview:-1\" \/>\n<link rel=\"canonical\" href=\"https:\/\/studionagranlodz.pl\/index.php\/fortepianowki\/\" \/>\n<meta property=\"og:locale\" content=\"pl_PL\" \/>\n<meta property=\"og:type\" content=\"article\" \/>\n<meta property=\"og:title\" content=\"Pisanie nut w pdf.\" \/>\n<meta property=\"og:description\" content=\"Fortepian\u00f3wki do Zaiks pisz\u0119 bezpo\u015brednio z nagrania. Bez problem\u00f3w z rejestracj\u0105. Partytury, wyci\u0105gi fortepianowe, nuty dla zespo\u0142\u00f3w i orkiestr\" \/>\n<meta property=\"og:url\" content=\"https:\/\/studionagranlodz.pl\/index.php\/fortepianowki\/\" \/>\n<meta property=\"og:site_name\" content=\"Studio Nagra\u0144 \u0141\u00f3d\u017a 11-tka. Zapis audio, edycja wokali, poprawa jako\u015bci plik\u00f3w z dyktafonu i wideo\" \/>\n<meta property=\"article:publisher\" content=\"https:\/\/www.facebook.com\/studionagraniowe11\" \/>\n<meta property=\"article:modified_time\" content=\"2026-05-15T05:57:21+00:00\" \/>\n<meta property=\"og:image\" content=\"https:\/\/studionagranlodz.pl\/wp-content\/uploads\/2018\/07\/Zaiks-212x300.jpg\" \/>\n<meta name=\"twitter:card\" content=\"summary_large_image\" \/>\n<meta name=\"twitter:label1\" content=\"Szacowany czas czytania\" \/>\n\t<meta name=\"twitter:data1\" content=\"3 minuty\" \/>\n<script type=\"application\/ld+json\" class=\"yoast-schema-graph\">{\"@context\":\"https:\\\/\\\/schema.org\",\"@graph\":[{\"@type\":\"WebPage\",\"@id\":\"https:\\\/\\\/studionagranlodz.pl\\\/index.php\\\/fortepianowki\\\/\",\"url\":\"https:\\\/\\\/studionagranlodz.pl\\\/index.php\\\/fortepianowki\\\/\",\"name\":\"Pisanie nut w pdf. - Studio Nagra\u0144 \u0141\u00f3d\u017a 11-tka. Zapis audio, edycja wokali, poprawa jako\u015bci plik\u00f3w z dyktafonu i wideo\",\"isPartOf\":{\"@id\":\"https:\\\/\\\/studionagranlodz.pl\\\/#website\"},\"primaryImageOfPage\":{\"@id\":\"https:\\\/\\\/studionagranlodz.pl\\\/index.php\\\/fortepianowki\\\/#primaryimage\"},\"image\":{\"@id\":\"https:\\\/\\\/studionagranlodz.pl\\\/index.php\\\/fortepianowki\\\/#primaryimage\"},\"thumbnailUrl\":\"https:\\\/\\\/studionagranlodz.pl\\\/wp-content\\\/uploads\\\/2018\\\/07\\\/Zaiks-212x300.jpg\",\"datePublished\":\"2018-07-11T18:45:23+00:00\",\"dateModified\":\"2026-05-15T05:57:21+00:00\",\"description\":\"Fortepian\u00f3wki do Zaiks pisz\u0119 bezpo\u015brednio z nagrania. Bez problem\u00f3w z rejestracj\u0105. Partytury, wyci\u0105gi fortepianowe, nuty dla zespo\u0142\u00f3w i orkiestr\",\"breadcrumb\":{\"@id\":\"https:\\\/\\\/studionagranlodz.pl\\\/index.php\\\/fortepianowki\\\/#breadcrumb\"},\"inLanguage\":\"pl-PL\",\"potentialAction\":[{\"@type\":\"ReadAction\",\"target\":[\"https:\\\/\\\/studionagranlodz.pl\\\/index.php\\\/fortepianowki\\\/\"]}]},{\"@type\":\"ImageObject\",\"inLanguage\":\"pl-PL\",\"@id\":\"https:\\\/\\\/studionagranlodz.pl\\\/index.php\\\/fortepianowki\\\/#primaryimage\",\"url\":\"https:\\\/\\\/studionagranlodz.pl\\\/wp-content\\\/uploads\\\/2018\\\/07\\\/Zaiks.jpg\",\"contentUrl\":\"https:\\\/\\\/studionagranlodz.pl\\\/wp-content\\\/uploads\\\/2018\\\/07\\\/Zaiks.jpg\",\"width\":700,\"height\":990},{\"@type\":\"BreadcrumbList\",\"@id\":\"https:\\\/\\\/studionagranlodz.pl\\\/index.php\\\/fortepianowki\\\/#breadcrumb\",\"itemListElement\":[{\"@type\":\"ListItem\",\"position\":1,\"name\":\"Home\",\"item\":\"https:\\\/\\\/studionagranlodz.pl\\\/\"},{\"@type\":\"ListItem\",\"position\":2,\"name\":\"Pisanie nut w pdf.\"}]},{\"@type\":\"WebSite\",\"@id\":\"https:\\\/\\\/studionagranlodz.pl\\\/#website\",\"url\":\"https:\\\/\\\/studionagranlodz.pl\\\/\",\"name\":\"Studio Nagra\u0144 \u0141\u00f3d\u017a 11-tka\",\"description\":\"Studio nagra\u0144 \u0141\u00f3d\u017a oferuje nagrania wokalist\u00f3w, lektor\u00f3w, mix i mastering. Odszumianie nagra\u0144 z dyktafonu. Produkcj\u0119 muzyczn\u0105 wraz z kompozycj\u0105 i aran\u017cacj\u0105.\",\"publisher\":{\"@id\":\"https:\\\/\\\/studionagranlodz.pl\\\/#organization\"},\"potentialAction\":[{\"@type\":\"SearchAction\",\"target\":{\"@type\":\"EntryPoint\",\"urlTemplate\":\"https:\\\/\\\/studionagranlodz.pl\\\/?s={search_term_string}\"},\"query-input\":{\"@type\":\"PropertyValueSpecification\",\"valueRequired\":true,\"valueName\":\"search_term_string\"}}],\"inLanguage\":\"pl-PL\"},{\"@type\":\"Organization\",\"@id\":\"https:\\\/\\\/studionagranlodz.pl\\\/#organization\",\"name\":\"PZ audio\",\"alternateName\":\"Studio nagra\u0144 \u0141\u00f3d\u017a\",\"url\":\"https:\\\/\\\/studionagranlodz.pl\\\/\",\"logo\":{\"@type\":\"ImageObject\",\"inLanguage\":\"pl-PL\",\"@id\":\"https:\\\/\\\/studionagranlodz.pl\\\/#\\\/schema\\\/logo\\\/image\\\/\",\"url\":\"https:\\\/\\\/studionagranlodz.pl\\\/wp-content\\\/uploads\\\/2024\\\/08\\\/cropped-sound_studio_11_google_thumbnail.png\",\"contentUrl\":\"https:\\\/\\\/studionagranlodz.pl\\\/wp-content\\\/uploads\\\/2024\\\/08\\\/cropped-sound_studio_11_google_thumbnail.png\",\"width\":1024,\"height\":1024,\"caption\":\"PZ audio\"},\"image\":{\"@id\":\"https:\\\/\\\/studionagranlodz.pl\\\/#\\\/schema\\\/logo\\\/image\\\/\"},\"sameAs\":[\"https:\\\/\\\/www.facebook.com\\\/studionagraniowe11\"]}]}<\/script>\n<!-- \/ Yoast SEO Premium plugin. -->","yoast_head_json":{"title":"Pisanie nut w pdf. - Studio Nagra\u0144 \u0141\u00f3d\u017a 11-tka. Zapis audio, edycja wokali, poprawa jako\u015bci plik\u00f3w z dyktafonu i wideo","description":"Fortepian\u00f3wki do Zaiks pisz\u0119 bezpo\u015brednio z nagrania. Bez problem\u00f3w z rejestracj\u0105. Partytury, wyci\u0105gi fortepianowe, nuty dla zespo\u0142\u00f3w i orkiestr","robots":{"index":"index","follow":"follow","max-snippet":"max-snippet:-1","max-image-preview":"max-image-preview:large","max-video-preview":"max-video-preview:-1"},"canonical":"https:\/\/studionagranlodz.pl\/index.php\/fortepianowki\/","og_locale":"pl_PL","og_type":"article","og_title":"Pisanie nut w pdf.","og_description":"Fortepian\u00f3wki do Zaiks pisz\u0119 bezpo\u015brednio z nagrania. Bez problem\u00f3w z rejestracj\u0105. Partytury, wyci\u0105gi fortepianowe, nuty dla zespo\u0142\u00f3w i orkiestr","og_url":"https:\/\/studionagranlodz.pl\/index.php\/fortepianowki\/","og_site_name":"Studio Nagra\u0144 \u0141\u00f3d\u017a 11-tka. Zapis audio, edycja wokali, poprawa jako\u015bci plik\u00f3w z dyktafonu i wideo","article_publisher":"https:\/\/www.facebook.com\/studionagraniowe11","article_modified_time":"2026-05-15T05:57:21+00:00","og_image":[{"url":"https:\/\/studionagranlodz.pl\/wp-content\/uploads\/2018\/07\/Zaiks-212x300.jpg","type":"","width":"","height":""}],"twitter_card":"summary_large_image","twitter_misc":{"Szacowany czas czytania":"3 minuty"},"schema":{"@context":"https:\/\/schema.org","@graph":[{"@type":"WebPage","@id":"https:\/\/studionagranlodz.pl\/index.php\/fortepianowki\/","url":"https:\/\/studionagranlodz.pl\/index.php\/fortepianowki\/","name":"Pisanie nut w pdf. - Studio Nagra\u0144 \u0141\u00f3d\u017a 11-tka. Zapis audio, edycja wokali, poprawa jako\u015bci plik\u00f3w z dyktafonu i wideo","isPartOf":{"@id":"https:\/\/studionagranlodz.pl\/#website"},"primaryImageOfPage":{"@id":"https:\/\/studionagranlodz.pl\/index.php\/fortepianowki\/#primaryimage"},"image":{"@id":"https:\/\/studionagranlodz.pl\/index.php\/fortepianowki\/#primaryimage"},"thumbnailUrl":"https:\/\/studionagranlodz.pl\/wp-content\/uploads\/2018\/07\/Zaiks-212x300.jpg","datePublished":"2018-07-11T18:45:23+00:00","dateModified":"2026-05-15T05:57:21+00:00","description":"Fortepian\u00f3wki do Zaiks pisz\u0119 bezpo\u015brednio z nagrania. Bez problem\u00f3w z rejestracj\u0105. Partytury, wyci\u0105gi fortepianowe, nuty dla zespo\u0142\u00f3w i orkiestr","breadcrumb":{"@id":"https:\/\/studionagranlodz.pl\/index.php\/fortepianowki\/#breadcrumb"},"inLanguage":"pl-PL","potentialAction":[{"@type":"ReadAction","target":["https:\/\/studionagranlodz.pl\/index.php\/fortepianowki\/"]}]},{"@type":"ImageObject","inLanguage":"pl-PL","@id":"https:\/\/studionagranlodz.pl\/index.php\/fortepianowki\/#primaryimage","url":"https:\/\/studionagranlodz.pl\/wp-content\/uploads\/2018\/07\/Zaiks.jpg","contentUrl":"https:\/\/studionagranlodz.pl\/wp-content\/uploads\/2018\/07\/Zaiks.jpg","width":700,"height":990},{"@type":"BreadcrumbList","@id":"https:\/\/studionagranlodz.pl\/index.php\/fortepianowki\/#breadcrumb","itemListElement":[{"@type":"ListItem","position":1,"name":"Home","item":"https:\/\/studionagranlodz.pl\/"},{"@type":"ListItem","position":2,"name":"Pisanie nut w pdf."}]},{"@type":"WebSite","@id":"https:\/\/studionagranlodz.pl\/#website","url":"https:\/\/studionagranlodz.pl\/","name":"Studio Nagra\u0144 \u0141\u00f3d\u017a 11-tka","description":"Studio nagra\u0144 \u0141\u00f3d\u017a oferuje nagrania wokalist\u00f3w, lektor\u00f3w, mix i mastering. Odszumianie nagra\u0144 z dyktafonu. Produkcj\u0119 muzyczn\u0105 wraz z kompozycj\u0105 i aran\u017cacj\u0105.","publisher":{"@id":"https:\/\/studionagranlodz.pl\/#organization"},"potentialAction":[{"@type":"SearchAction","target":{"@type":"EntryPoint","urlTemplate":"https:\/\/studionagranlodz.pl\/?s={search_term_string}"},"query-input":{"@type":"PropertyValueSpecification","valueRequired":true,"valueName":"search_term_string"}}],"inLanguage":"pl-PL"},{"@type":"Organization","@id":"https:\/\/studionagranlodz.pl\/#organization","name":"PZ audio","alternateName":"Studio nagra\u0144 \u0141\u00f3d\u017a","url":"https:\/\/studionagranlodz.pl\/","logo":{"@type":"ImageObject","inLanguage":"pl-PL","@id":"https:\/\/studionagranlodz.pl\/#\/schema\/logo\/image\/","url":"https:\/\/studionagranlodz.pl\/wp-content\/uploads\/2024\/08\/cropped-sound_studio_11_google_thumbnail.png","contentUrl":"https:\/\/studionagranlodz.pl\/wp-content\/uploads\/2024\/08\/cropped-sound_studio_11_google_thumbnail.png","width":1024,"height":1024,"caption":"PZ audio"},"image":{"@id":"https:\/\/studionagranlodz.pl\/#\/schema\/logo\/image\/"},"sameAs":["https:\/\/www.facebook.com\/studionagraniowe11"]}]}},"_links":{"self":[{"href":"https:\/\/studionagranlodz.pl\/index.php\/wp-json\/wp\/v2\/pages\/87","targetHints":{"allow":["GET"]}}],"collection":[{"href":"https:\/\/studionagranlodz.pl\/index.php\/wp-json\/wp\/v2\/pages"}],"about":[{"href":"https:\/\/studionagranlodz.pl\/index.php\/wp-json\/wp\/v2\/types\/page"}],"author":[{"embeddable":true,"href":"https:\/\/studionagranlodz.pl\/index.php\/wp-json\/wp\/v2\/users\/1"}],"replies":[{"embeddable":true,"href":"https:\/\/studionagranlodz.pl\/index.php\/wp-json\/wp\/v2\/comments?post=87"}],"version-history":[{"count":1,"href":"https:\/\/studionagranlodz.pl\/index.php\/wp-json\/wp\/v2\/pages\/87\/revisions"}],"predecessor-version":[{"id":1937,"href":"https:\/\/studionagranlodz.pl\/index.php\/wp-json\/wp\/v2\/pages\/87\/revisions\/1937"}],"wp:attachment":[{"href":"https:\/\/studionagranlodz.pl\/index.php\/wp-json\/wp\/v2\/media?parent=87"}],"curies":[{"name":"wp","href":"https:\/\/api.w.org\/{rel}","templated":true}]}}