{"id":846,"date":"2023-01-09T09:17:35","date_gmt":"2023-01-09T08:17:35","guid":{"rendered":"https:\/\/studionagranlodz.pl\/?page_id=846"},"modified":"2026-05-15T08:34:59","modified_gmt":"2026-05-15T06:34:59","slug":"prezent-nagranie-lektorskie-bajka-dla-dzieci","status":"publish","type":"page","link":"https:\/\/studionagranlodz.pl\/index.php\/prezent-nagranie-lektorskie-bajka-dla-dzieci\/","title":{"rendered":"Prezent &#8211; nagranie lektorskie\/ bajka dla dzieci"},"content":{"rendered":"\n<p><strong><a href=\"https:\/\/pl.wikipedia.org\/wiki\/Lektor_filmowy\" type=\"link\" id=\"https:\/\/pl.wikipedia.org\/wiki\/Lektor_filmowy\">Prezent &#8211; nagranie lektorskie<\/a><\/strong> to kolejna z mo\u017cliwo\u015bci jakie oferuje nasze studio. Prezent ten w formie bonu lub voucher&#8217;u kierujemy do przysz\u0142ych lektor\u00f3w, kt\u00f3rzy chc\u0105 sprawdzi\u0107 jak brzmi ich g\u0142os w studio nagra\u0144, ale tak\u017ce do rodzic\u00f3w, kt\u00f3rzy mog\u0105 u nas nagra\u0107 bajk\u0119 dla swoich pociech i odtwarza\u0107 j\u0105 np. przed snem.<\/p>\n\n\n\n<figure class=\"wp-block-image size-full\"><img loading=\"lazy\" decoding=\"async\" width=\"1000\" height=\"667\" src=\"https:\/\/studionagranlodz.pl\/wp-content\/uploads\/2023\/01\/Prezent-nagranie-lektorskie-bajki-dla-dzieci.jpg\" alt=\"Nagranie lektorskie w studio. Bajka dla dzieci czytana przez rodzica\" class=\"wp-image-849\" srcset=\"https:\/\/studionagranlodz.pl\/wp-content\/uploads\/2023\/01\/Prezent-nagranie-lektorskie-bajki-dla-dzieci.jpg 1000w, https:\/\/studionagranlodz.pl\/wp-content\/uploads\/2023\/01\/Prezent-nagranie-lektorskie-bajki-dla-dzieci-300x200.jpg 300w, https:\/\/studionagranlodz.pl\/wp-content\/uploads\/2023\/01\/Prezent-nagranie-lektorskie-bajki-dla-dzieci-768x512.jpg 768w\" sizes=\"(max-width: 1000px) 100vw, 1000px\" \/><\/figure>\n\n\n\n<p><\/p>\n\n\n\n<p>Najlepsz\u0105 opcj\u0105 jest nagranie g\u0142osu w naszej kabinie w studio na specjalnym lektorskim mikrofonie (Shure sm7b lub Rode Podcaster). Natomiast je\u015bli maj\u0105 Pa\u0144stwo do nas daleko, b\u0105d\u017a nie czuj\u0105 si\u0119 dobrze nagrywaj\u0105c przy realizatorze istnieje opcja wys\u0142ania nam g\u0142osu nagranego we w\u0142asnym domu (na kom\u00f3rk\u0119, dyktafon, rejestrator itp.)<\/p>\n\n\n\n<p>G\u0142os lektora specjalistycznie obrabiamy, \u017ceby brzmia\u0142 bardziej radiowo, a na \u017cyczenie (szczeg\u00f3lnie w przypadku bajki dla dzieci) dok\u0142adamy efekty usypiaj\u0105ce dziecko (szum strumyka, muzyk\u0119, r\u00f3\u017cowy szum itp.)<\/p>\n\n\n\n<figure class=\"wp-block-image size-full\"><img loading=\"lazy\" decoding=\"async\" width=\"1000\" height=\"667\" src=\"https:\/\/studionagranlodz.pl\/wp-content\/uploads\/2018\/06\/Nagrywanie-wokalu-Lodz.jpg\" alt=\"Nagrania wokalne \u0141\u00f3d\u017a\" class=\"wp-image-1397\" srcset=\"https:\/\/studionagranlodz.pl\/wp-content\/uploads\/2018\/06\/Nagrywanie-wokalu-Lodz.jpg 1000w, https:\/\/studionagranlodz.pl\/wp-content\/uploads\/2018\/06\/Nagrywanie-wokalu-Lodz-300x200.jpg 300w, https:\/\/studionagranlodz.pl\/wp-content\/uploads\/2018\/06\/Nagrywanie-wokalu-Lodz-768x512.jpg 768w\" sizes=\"(max-width: 1000px) 100vw, 1000px\" \/><\/figure>\n\n\n\n<p>Bajka dla dzieci to jedyny w swoim rodzaju prezent dla maluszka, gdzie b\u0119dzie m\u00f3g\u0142 s\u0142ysze\u0107 przy usypianiu g\u0142os mamy\/taty wraz z usypiaj\u0105cymi elementami.<\/p>\n\n\n\n<p>Nagranie lektorskie natomiast r\u00f3wnie\u017c mo\u017cna wype\u0142ni\u0107 muzyk\u0105, szumem wiatru, morza lub suszarki &#8211; ewentualnie innym dowolnym efektem. Tego typu szczeg\u00f3\u0142y uzgadniamy na miejscu b\u0105d\u017a mailowo.<\/p>\n\n\n\n<p><strong>Tutaj przyk\u0142ad bajki nagrywanej online w domu przez klientk\u0119 (plus nasza obr\u00f3bka) :<\/strong><\/p>\n\n\n\n<pre class=\"wp-block-code\"><code><iframe loading=\"lazy\" src=\"https:\/\/www.youtube.com\/embed\/xw-naluyI04\" title=\"YouTube video player\" allow=\"accelerometer; autoplay; clipboard-write; encrypted-media; gyroscope; picture-in-picture; web-share\" allowfullscreen=\"\" width=\"560\" height=\"315\" frameborder=\"0\"><\/iframe><\/code><\/pre>\n","protected":false},"excerpt":{"rendered":"<p>Prezent &#8211; nagranie lektorskie to kolejna z mo\u017cliwo\u015bci jakie oferuje nasze studio. Prezent ten w formie bonu lub voucher&#8217;u kierujemy do przysz\u0142ych lektor\u00f3w, kt\u00f3rzy chc\u0105 sprawdzi\u0107 jak brzmi ich g\u0142os w studio nagra\u0144, ale tak\u017ce do rodzic\u00f3w, kt\u00f3rzy mog\u0105 u nas nagra\u0107 bajk\u0119 dla swoich pociech i odtwarza\u0107 j\u0105 np. przed snem. Najlepsz\u0105 opcj\u0105 jest [&hellip;]<\/p>\n","protected":false},"author":1,"featured_media":0,"parent":0,"menu_order":0,"comment_status":"closed","ping_status":"closed","template":"","meta":{"_et_pb_use_builder":"","_et_pb_old_content":"","_et_gb_content_width":"","footnotes":""},"class_list":["post-846","page","type-page","status-publish","hentry"],"yoast_head":"<!-- This site is optimized with the Yoast SEO Premium plugin v26.4 (Yoast SEO v27.6) - https:\/\/yoast.com\/product\/yoast-seo-premium-wordpress\/ -->\n<title>Prezent - nagranie lektorskie\/ bajka dla dzieci - Studio Nagra\u0144 \u0141\u00f3d\u017a 11-tka. Zapis audio, edycja wokali, poprawa jako\u015bci plik\u00f3w z dyktafonu i wideo<\/title>\n<meta name=\"description\" content=\"Prezent - nagranie lektorskie w studio, b\u0105d\u017a z obr\u00f3bk\u0105 online. Mo\u017ce by\u0107 w formie bajki dla dziecka czytanej przez rodzica do usypiania.\" \/>\n<meta name=\"robots\" content=\"index, follow, max-snippet:-1, max-image-preview:large, max-video-preview:-1\" \/>\n<link rel=\"canonical\" href=\"https:\/\/studionagranlodz.pl\/index.php\/prezent-nagranie-lektorskie-bajka-dla-dzieci\/\" \/>\n<meta property=\"og:locale\" content=\"pl_PL\" \/>\n<meta property=\"og:type\" content=\"article\" \/>\n<meta property=\"og:title\" content=\"Prezent - nagranie lektorskie\/ bajka dla dzieci\" \/>\n<meta property=\"og:description\" content=\"Prezent - nagranie lektorskie w studio, b\u0105d\u017a z obr\u00f3bk\u0105 online. Mo\u017ce by\u0107 w formie bajki dla dziecka czytanej przez rodzica do usypiania.\" \/>\n<meta property=\"og:url\" content=\"https:\/\/studionagranlodz.pl\/index.php\/prezent-nagranie-lektorskie-bajka-dla-dzieci\/\" \/>\n<meta property=\"og:site_name\" content=\"Studio Nagra\u0144 \u0141\u00f3d\u017a 11-tka. Zapis audio, edycja wokali, poprawa jako\u015bci plik\u00f3w z dyktafonu i wideo\" \/>\n<meta property=\"article:publisher\" content=\"https:\/\/www.facebook.com\/studionagraniowe11\" \/>\n<meta property=\"article:modified_time\" content=\"2026-05-15T06:34:59+00:00\" \/>\n<meta property=\"og:image\" content=\"https:\/\/studionagranlodz.pl\/wp-content\/uploads\/2023\/01\/Prezent-nagranie-lektorskie-bajki-dla-dzieci.jpg\" \/>\n\t<meta property=\"og:image:width\" content=\"1000\" \/>\n\t<meta property=\"og:image:height\" content=\"667\" \/>\n\t<meta property=\"og:image:type\" content=\"image\/jpeg\" \/>\n<meta name=\"twitter:card\" content=\"summary_large_image\" \/>\n<meta name=\"twitter:label1\" content=\"Szacowany czas czytania\" \/>\n\t<meta name=\"twitter:data1\" content=\"2 minuty\" \/>\n<script type=\"application\/ld+json\" class=\"yoast-schema-graph\">{\"@context\":\"https:\\\/\\\/schema.org\",\"@graph\":[{\"@type\":\"WebPage\",\"@id\":\"https:\\\/\\\/studionagranlodz.pl\\\/index.php\\\/prezent-nagranie-lektorskie-bajka-dla-dzieci\\\/\",\"url\":\"https:\\\/\\\/studionagranlodz.pl\\\/index.php\\\/prezent-nagranie-lektorskie-bajka-dla-dzieci\\\/\",\"name\":\"Prezent - nagranie lektorskie\\\/ bajka dla dzieci - Studio Nagra\u0144 \u0141\u00f3d\u017a 11-tka. Zapis audio, edycja wokali, poprawa jako\u015bci plik\u00f3w z dyktafonu i wideo\",\"isPartOf\":{\"@id\":\"https:\\\/\\\/studionagranlodz.pl\\\/#website\"},\"primaryImageOfPage\":{\"@id\":\"https:\\\/\\\/studionagranlodz.pl\\\/index.php\\\/prezent-nagranie-lektorskie-bajka-dla-dzieci\\\/#primaryimage\"},\"image\":{\"@id\":\"https:\\\/\\\/studionagranlodz.pl\\\/index.php\\\/prezent-nagranie-lektorskie-bajka-dla-dzieci\\\/#primaryimage\"},\"thumbnailUrl\":\"https:\\\/\\\/studionagranlodz.pl\\\/wp-content\\\/uploads\\\/2023\\\/01\\\/Prezent-nagranie-lektorskie-bajki-dla-dzieci.jpg\",\"datePublished\":\"2023-01-09T08:17:35+00:00\",\"dateModified\":\"2026-05-15T06:34:59+00:00\",\"description\":\"Prezent - nagranie lektorskie w studio, b\u0105d\u017a z obr\u00f3bk\u0105 online. Mo\u017ce by\u0107 w formie bajki dla dziecka czytanej przez rodzica do usypiania.\",\"breadcrumb\":{\"@id\":\"https:\\\/\\\/studionagranlodz.pl\\\/index.php\\\/prezent-nagranie-lektorskie-bajka-dla-dzieci\\\/#breadcrumb\"},\"inLanguage\":\"pl-PL\",\"potentialAction\":[{\"@type\":\"ReadAction\",\"target\":[\"https:\\\/\\\/studionagranlodz.pl\\\/index.php\\\/prezent-nagranie-lektorskie-bajka-dla-dzieci\\\/\"]}]},{\"@type\":\"ImageObject\",\"inLanguage\":\"pl-PL\",\"@id\":\"https:\\\/\\\/studionagranlodz.pl\\\/index.php\\\/prezent-nagranie-lektorskie-bajka-dla-dzieci\\\/#primaryimage\",\"url\":\"https:\\\/\\\/studionagranlodz.pl\\\/wp-content\\\/uploads\\\/2023\\\/01\\\/Prezent-nagranie-lektorskie-bajki-dla-dzieci.jpg\",\"contentUrl\":\"https:\\\/\\\/studionagranlodz.pl\\\/wp-content\\\/uploads\\\/2023\\\/01\\\/Prezent-nagranie-lektorskie-bajki-dla-dzieci.jpg\",\"width\":1000,\"height\":667},{\"@type\":\"BreadcrumbList\",\"@id\":\"https:\\\/\\\/studionagranlodz.pl\\\/index.php\\\/prezent-nagranie-lektorskie-bajka-dla-dzieci\\\/#breadcrumb\",\"itemListElement\":[{\"@type\":\"ListItem\",\"position\":1,\"name\":\"Home\",\"item\":\"https:\\\/\\\/studionagranlodz.pl\\\/\"},{\"@type\":\"ListItem\",\"position\":2,\"name\":\"Prezent &#8211; nagranie lektorskie\\\/ bajka dla dzieci\"}]},{\"@type\":\"WebSite\",\"@id\":\"https:\\\/\\\/studionagranlodz.pl\\\/#website\",\"url\":\"https:\\\/\\\/studionagranlodz.pl\\\/\",\"name\":\"Studio Nagra\u0144 \u0141\u00f3d\u017a 11-tka\",\"description\":\"Studio nagra\u0144 \u0141\u00f3d\u017a oferuje nagrania wokalist\u00f3w, lektor\u00f3w, mix i mastering. Odszumianie nagra\u0144 z dyktafonu. Produkcj\u0119 muzyczn\u0105 wraz z kompozycj\u0105 i aran\u017cacj\u0105.\",\"publisher\":{\"@id\":\"https:\\\/\\\/studionagranlodz.pl\\\/#organization\"},\"potentialAction\":[{\"@type\":\"SearchAction\",\"target\":{\"@type\":\"EntryPoint\",\"urlTemplate\":\"https:\\\/\\\/studionagranlodz.pl\\\/?s={search_term_string}\"},\"query-input\":{\"@type\":\"PropertyValueSpecification\",\"valueRequired\":true,\"valueName\":\"search_term_string\"}}],\"inLanguage\":\"pl-PL\"},{\"@type\":\"Organization\",\"@id\":\"https:\\\/\\\/studionagranlodz.pl\\\/#organization\",\"name\":\"PZ audio\",\"alternateName\":\"Studio nagra\u0144 \u0141\u00f3d\u017a\",\"url\":\"https:\\\/\\\/studionagranlodz.pl\\\/\",\"logo\":{\"@type\":\"ImageObject\",\"inLanguage\":\"pl-PL\",\"@id\":\"https:\\\/\\\/studionagranlodz.pl\\\/#\\\/schema\\\/logo\\\/image\\\/\",\"url\":\"https:\\\/\\\/studionagranlodz.pl\\\/wp-content\\\/uploads\\\/2024\\\/08\\\/cropped-sound_studio_11_google_thumbnail.png\",\"contentUrl\":\"https:\\\/\\\/studionagranlodz.pl\\\/wp-content\\\/uploads\\\/2024\\\/08\\\/cropped-sound_studio_11_google_thumbnail.png\",\"width\":1024,\"height\":1024,\"caption\":\"PZ audio\"},\"image\":{\"@id\":\"https:\\\/\\\/studionagranlodz.pl\\\/#\\\/schema\\\/logo\\\/image\\\/\"},\"sameAs\":[\"https:\\\/\\\/www.facebook.com\\\/studionagraniowe11\"]}]}<\/script>\n<!-- \/ Yoast SEO Premium plugin. -->","yoast_head_json":{"title":"Prezent - nagranie lektorskie\/ bajka dla dzieci - Studio Nagra\u0144 \u0141\u00f3d\u017a 11-tka. Zapis audio, edycja wokali, poprawa jako\u015bci plik\u00f3w z dyktafonu i wideo","description":"Prezent - nagranie lektorskie w studio, b\u0105d\u017a z obr\u00f3bk\u0105 online. Mo\u017ce by\u0107 w formie bajki dla dziecka czytanej przez rodzica do usypiania.","robots":{"index":"index","follow":"follow","max-snippet":"max-snippet:-1","max-image-preview":"max-image-preview:large","max-video-preview":"max-video-preview:-1"},"canonical":"https:\/\/studionagranlodz.pl\/index.php\/prezent-nagranie-lektorskie-bajka-dla-dzieci\/","og_locale":"pl_PL","og_type":"article","og_title":"Prezent - nagranie lektorskie\/ bajka dla dzieci","og_description":"Prezent - nagranie lektorskie w studio, b\u0105d\u017a z obr\u00f3bk\u0105 online. Mo\u017ce by\u0107 w formie bajki dla dziecka czytanej przez rodzica do usypiania.","og_url":"https:\/\/studionagranlodz.pl\/index.php\/prezent-nagranie-lektorskie-bajka-dla-dzieci\/","og_site_name":"Studio Nagra\u0144 \u0141\u00f3d\u017a 11-tka. Zapis audio, edycja wokali, poprawa jako\u015bci plik\u00f3w z dyktafonu i wideo","article_publisher":"https:\/\/www.facebook.com\/studionagraniowe11","article_modified_time":"2026-05-15T06:34:59+00:00","og_image":[{"width":1000,"height":667,"url":"https:\/\/studionagranlodz.pl\/wp-content\/uploads\/2023\/01\/Prezent-nagranie-lektorskie-bajki-dla-dzieci.jpg","type":"image\/jpeg"}],"twitter_card":"summary_large_image","twitter_misc":{"Szacowany czas czytania":"2 minuty"},"schema":{"@context":"https:\/\/schema.org","@graph":[{"@type":"WebPage","@id":"https:\/\/studionagranlodz.pl\/index.php\/prezent-nagranie-lektorskie-bajka-dla-dzieci\/","url":"https:\/\/studionagranlodz.pl\/index.php\/prezent-nagranie-lektorskie-bajka-dla-dzieci\/","name":"Prezent - nagranie lektorskie\/ bajka dla dzieci - Studio Nagra\u0144 \u0141\u00f3d\u017a 11-tka. Zapis audio, edycja wokali, poprawa jako\u015bci plik\u00f3w z dyktafonu i wideo","isPartOf":{"@id":"https:\/\/studionagranlodz.pl\/#website"},"primaryImageOfPage":{"@id":"https:\/\/studionagranlodz.pl\/index.php\/prezent-nagranie-lektorskie-bajka-dla-dzieci\/#primaryimage"},"image":{"@id":"https:\/\/studionagranlodz.pl\/index.php\/prezent-nagranie-lektorskie-bajka-dla-dzieci\/#primaryimage"},"thumbnailUrl":"https:\/\/studionagranlodz.pl\/wp-content\/uploads\/2023\/01\/Prezent-nagranie-lektorskie-bajki-dla-dzieci.jpg","datePublished":"2023-01-09T08:17:35+00:00","dateModified":"2026-05-15T06:34:59+00:00","description":"Prezent - nagranie lektorskie w studio, b\u0105d\u017a z obr\u00f3bk\u0105 online. Mo\u017ce by\u0107 w formie bajki dla dziecka czytanej przez rodzica do usypiania.","breadcrumb":{"@id":"https:\/\/studionagranlodz.pl\/index.php\/prezent-nagranie-lektorskie-bajka-dla-dzieci\/#breadcrumb"},"inLanguage":"pl-PL","potentialAction":[{"@type":"ReadAction","target":["https:\/\/studionagranlodz.pl\/index.php\/prezent-nagranie-lektorskie-bajka-dla-dzieci\/"]}]},{"@type":"ImageObject","inLanguage":"pl-PL","@id":"https:\/\/studionagranlodz.pl\/index.php\/prezent-nagranie-lektorskie-bajka-dla-dzieci\/#primaryimage","url":"https:\/\/studionagranlodz.pl\/wp-content\/uploads\/2023\/01\/Prezent-nagranie-lektorskie-bajki-dla-dzieci.jpg","contentUrl":"https:\/\/studionagranlodz.pl\/wp-content\/uploads\/2023\/01\/Prezent-nagranie-lektorskie-bajki-dla-dzieci.jpg","width":1000,"height":667},{"@type":"BreadcrumbList","@id":"https:\/\/studionagranlodz.pl\/index.php\/prezent-nagranie-lektorskie-bajka-dla-dzieci\/#breadcrumb","itemListElement":[{"@type":"ListItem","position":1,"name":"Home","item":"https:\/\/studionagranlodz.pl\/"},{"@type":"ListItem","position":2,"name":"Prezent &#8211; nagranie lektorskie\/ bajka dla dzieci"}]},{"@type":"WebSite","@id":"https:\/\/studionagranlodz.pl\/#website","url":"https:\/\/studionagranlodz.pl\/","name":"Studio Nagra\u0144 \u0141\u00f3d\u017a 11-tka","description":"Studio nagra\u0144 \u0141\u00f3d\u017a oferuje nagrania wokalist\u00f3w, lektor\u00f3w, mix i mastering. Odszumianie nagra\u0144 z dyktafonu. Produkcj\u0119 muzyczn\u0105 wraz z kompozycj\u0105 i aran\u017cacj\u0105.","publisher":{"@id":"https:\/\/studionagranlodz.pl\/#organization"},"potentialAction":[{"@type":"SearchAction","target":{"@type":"EntryPoint","urlTemplate":"https:\/\/studionagranlodz.pl\/?s={search_term_string}"},"query-input":{"@type":"PropertyValueSpecification","valueRequired":true,"valueName":"search_term_string"}}],"inLanguage":"pl-PL"},{"@type":"Organization","@id":"https:\/\/studionagranlodz.pl\/#organization","name":"PZ audio","alternateName":"Studio nagra\u0144 \u0141\u00f3d\u017a","url":"https:\/\/studionagranlodz.pl\/","logo":{"@type":"ImageObject","inLanguage":"pl-PL","@id":"https:\/\/studionagranlodz.pl\/#\/schema\/logo\/image\/","url":"https:\/\/studionagranlodz.pl\/wp-content\/uploads\/2024\/08\/cropped-sound_studio_11_google_thumbnail.png","contentUrl":"https:\/\/studionagranlodz.pl\/wp-content\/uploads\/2024\/08\/cropped-sound_studio_11_google_thumbnail.png","width":1024,"height":1024,"caption":"PZ audio"},"image":{"@id":"https:\/\/studionagranlodz.pl\/#\/schema\/logo\/image\/"},"sameAs":["https:\/\/www.facebook.com\/studionagraniowe11"]}]}},"_links":{"self":[{"href":"https:\/\/studionagranlodz.pl\/index.php\/wp-json\/wp\/v2\/pages\/846","targetHints":{"allow":["GET"]}}],"collection":[{"href":"https:\/\/studionagranlodz.pl\/index.php\/wp-json\/wp\/v2\/pages"}],"about":[{"href":"https:\/\/studionagranlodz.pl\/index.php\/wp-json\/wp\/v2\/types\/page"}],"author":[{"embeddable":true,"href":"https:\/\/studionagranlodz.pl\/index.php\/wp-json\/wp\/v2\/users\/1"}],"replies":[{"embeddable":true,"href":"https:\/\/studionagranlodz.pl\/index.php\/wp-json\/wp\/v2\/comments?post=846"}],"version-history":[{"count":2,"href":"https:\/\/studionagranlodz.pl\/index.php\/wp-json\/wp\/v2\/pages\/846\/revisions"}],"predecessor-version":[{"id":1955,"href":"https:\/\/studionagranlodz.pl\/index.php\/wp-json\/wp\/v2\/pages\/846\/revisions\/1955"}],"wp:attachment":[{"href":"https:\/\/studionagranlodz.pl\/index.php\/wp-json\/wp\/v2\/media?parent=846"}],"curies":[{"name":"wp","href":"https:\/\/api.w.org\/{rel}","templated":true}]}}