{"id":83,"date":"2018-07-11T18:38:03","date_gmt":"2018-07-11T18:38:03","guid":{"rendered":"http:\/\/studionagranlodz.pl\/?page_id=83"},"modified":"2025-03-10T08:59:20","modified_gmt":"2025-03-10T07:59:20","slug":"studio-nagran","status":"publish","type":"page","link":"https:\/\/studionagranlodz.pl\/index.php\/studio-nagran\/","title":{"rendered":"Studio nagra\u0144"},"content":{"rendered":"\n<p><\/p>\n\n\n<p style=\"text-align: justify;\">Nasze studio nagra\u0144 oferuje szeroki wachlarz us\u0142ug muzycznych. Zajmujemy si\u0119 pe\u0142n\u0105 produkcj\u0105 muzyczn\u0105, pocz\u0105wszy od kompozycji utworu, po jego realizacj\u0119, czyli nagranie, mix i mastering. Posiadamy bogate do\u015bwiadczenie poparte wieloma realizacjami muzycznymi, a tak\u017ce nowoczesny sprz\u0119t potrzebny do produkcji nowocze\u015bnie brzmi\u0105cej aran\u017cacji. Oferujemy r\u00f3wnie\u017c pomoc we wgrywaniu ch\u00f3rk\u00f3w do piosenek, ale tak\u017ce u\u017cyciu wokodera, sampli wokalnych etc.<\/p>\n<p><img loading=\"lazy\" decoding=\"async\" class=\"alignnone  wp-image-955\" src=\"https:\/\/studionagranlodz.pl\/wp-content\/uploads\/2018\/06\/Studio-nagran-11-300x138.jpg\" alt=\"Studio nagra\u0144 \u0141\u00f3d\u017a - nagrania lektorskie\" width=\"400\" height=\"184\" srcset=\"https:\/\/studionagranlodz.pl\/wp-content\/uploads\/2018\/06\/Studio-nagran-11-300x138.jpg 300w, https:\/\/studionagranlodz.pl\/wp-content\/uploads\/2018\/06\/Studio-nagran-11-768x353.jpg 768w, https:\/\/studionagranlodz.pl\/wp-content\/uploads\/2018\/06\/Studio-nagran-11.jpg 1000w\" sizes=\"(max-width: 400px) 100vw, 400px\" \/><\/p>\n<p>W naszym studiu nagra\u0144 mo\u017cesz:<\/p>\n<ul>\n<li>Zrealizowa\u0107 pe\u0142n\u0105 produkcj\u0119 muzyczn\u0105 wraz z nasz\u0105 kompozycj\u0105<\/li>\n<li>Zrobi\u0107 mix i master utworu<\/li>\n<li>Nagra\u0107 wokale, rap, lektora, audiobooki, ch\u00f3rki<\/li>\n<li>Poeksperymentowa\u0107 z wokalem (multiefekt wokalny)<\/li>\n<li>Nagra\u0107 instrumenty akustyczne i elektroniczne<\/li>\n<li>Wzbogaci\u0107 sw\u00f3j utw\u00f3r o ch\u00f3rki, g\u0142os z wokodera, samplera etc.<\/li>\n<li>Wyczy\u015bci\u0107 wokal ze wszystkich nieczysto\u015bci, nier\u00f3wno\u015bci, clip\u00f3w, szum\u00f3w itp.<\/li>\n<li>Zrobi\u0107 aran\u017cacj\u0119 muzyczn\u0105, lub podk\u0142ad do piosenki<\/li>\n<li>Nagra\u0107 audiobooka<\/li>\n<li>Stworzy\u0107 w\u0142asny utw\u00f3r przy pomocy do\u015bwiadczonego muzyka i realizatora (online lub na miejscu)<\/li>\n<li>Nagra\u0107 komunikat do centrali telefonicznej, lub automatyczny komunikat g\u0142osowy<\/li>\n<li>Ud\u017awi\u0119kowi\u0107 film<\/li>\n<li>Zrobi\u0107 reklam\u0119 radiow\u0105<\/li>\n<li>Nagra\u0107 i ud\u017awi\u0119kowi\u0107 vloga<\/li>\n<li>Nagra\u0107 podcast i video podcast<\/li>\n<li>Nagra\u0107 teledysk w studio lub plenerze<\/li>\n<li>Nagra\u0107 wideorozmow\u0119, lektora itp.<\/li>\n<\/ul>\n<p><img loading=\"lazy\" decoding=\"async\" class=\"alignnone wp-image-1106\" src=\"https:\/\/studionagranlodz.pl\/wp-content\/uploads\/2023\/10\/Studio-Lodz-podcasty-300x135.jpg\" alt=\"Studio \u0141\u00f3d\u017a podcasty\" width=\"471\" height=\"212\" srcset=\"https:\/\/studionagranlodz.pl\/wp-content\/uploads\/2023\/10\/Studio-Lodz-podcasty-300x135.jpg 300w, https:\/\/studionagranlodz.pl\/wp-content\/uploads\/2023\/10\/Studio-Lodz-podcasty-768x345.jpg 768w, https:\/\/studionagranlodz.pl\/wp-content\/uploads\/2023\/10\/Studio-Lodz-podcasty.jpg 1000w\" sizes=\"(max-width: 471px) 100vw, 471px\" \/><\/p>\n<p><img loading=\"lazy\" decoding=\"async\" class=\"alignnone  wp-image-1383\" src=\"https:\/\/studionagranlodz.pl\/wp-content\/uploads\/2024\/12\/Studio-nagran-lektorskich-300x169.jpg\" alt=\"\" width=\"472\" height=\"266\" srcset=\"https:\/\/studionagranlodz.pl\/wp-content\/uploads\/2024\/12\/Studio-nagran-lektorskich-300x169.jpg 300w, https:\/\/studionagranlodz.pl\/wp-content\/uploads\/2024\/12\/Studio-nagran-lektorskich-768x432.jpg 768w, https:\/\/studionagranlodz.pl\/wp-content\/uploads\/2024\/12\/Studio-nagran-lektorskich.jpg 1000w\" sizes=\"(max-width: 472px) 100vw, 472px\" \/><\/p>\n<p data-wp-editing=\"1\"><img loading=\"lazy\" decoding=\"async\" class=\"alignnone size-medium wp-image-244\" src=\"https:\/\/studionagranlodz.pl\/wp-content\/uploads\/2019\/07\/20190625_174113i-169x300.jpg\" alt=\"\" width=\"169\" height=\"300\" srcset=\"https:\/\/studionagranlodz.pl\/wp-content\/uploads\/2019\/07\/20190625_174113i-169x300.jpg 169w, https:\/\/studionagranlodz.pl\/wp-content\/uploads\/2019\/07\/20190625_174113i.jpg 506w\" sizes=\"(max-width: 169px) 100vw, 169px\" \/>\u00a0 <img loading=\"lazy\" decoding=\"async\" class=\"alignnone wp-image-651 size-medium\" src=\"https:\/\/studionagranlodz.pl\/wp-content\/uploads\/2022\/08\/kabina-wokalowa-135x300.jpg\" alt=\"Studio nagra\u0144 \u0141\u00f3d\u017a\" width=\"135\" height=\"300\" srcset=\"https:\/\/studionagranlodz.pl\/wp-content\/uploads\/2022\/08\/kabina-wokalowa-135x300.jpg 135w, https:\/\/studionagranlodz.pl\/wp-content\/uploads\/2022\/08\/kabina-wokalowa.jpg 450w\" sizes=\"(max-width: 135px) 100vw, 135px\" \/>\u00a0 \u00a0 <img loading=\"lazy\" decoding=\"async\" class=\"alignnone wp-image-918 size-medium\" src=\"https:\/\/studionagranlodz.pl\/wp-content\/uploads\/2023\/03\/Kabina-wokalowa-138x300.jpg\" alt=\"Nagrywanie wokalu i wokalist\u00f3w\" width=\"138\" height=\"300\" srcset=\"https:\/\/studionagranlodz.pl\/wp-content\/uploads\/2023\/03\/Kabina-wokalowa-138x300.jpg 138w, https:\/\/studionagranlodz.pl\/wp-content\/uploads\/2023\/03\/Kabina-wokalowa-471x1024.jpg 471w, https:\/\/studionagranlodz.pl\/wp-content\/uploads\/2023\/03\/Kabina-wokalowa.jpg 500w\" sizes=\"(max-width: 138px) 100vw, 138px\" \/><\/p>\n<p>Posiadamy du\u017c\u0105 sal\u0119 do nagra\u0144 z re\u017cyserk\u0105, ale tak\u017ce kabin\u0119 wokalow\u0105 wyposa\u017con\u0105 w multiefekt wokalny (sporo fajnych efekt\u00f3w &#8211; bardzo prosty w obs\u0142udze). Kilka par monitor\u00f3w ods\u0142uchowych (w tym KRK, JBL) oraz sporo mikrofon\u00f3w do nagrywania. Mi\u0119dzy innymi:<\/p>\n<ul>\n<li>Akg c4000b<\/li>\n<li>Audio Technika 4050 (por\u00f3wnywany do Neumana u87)<\/li>\n<li>Shure sm58<\/li>\n<li>Shure sm7b (do nagra\u0144 lektorskich i wokalnych)<\/li>\n<li>Audio-technika 2035<\/li>\n<li>Rode nt1a (dobry mikrofon do j\u0119zyka polskiego)<\/li>\n<li>Akg perception 200<\/li>\n<li>MXL 2006<\/li>\n<li>Zestaw do perkusji AKG (c1000, <span class=\"manufacturer\">AKG<\/span>\u00a0<span class=\"model\">D 112 i inne)<\/span>\n<div class=\"title-block link-group\" data-link-group=\"362012\">\u00a0<\/div>\n<\/li>\n<\/ul>\n<p><img loading=\"lazy\" decoding=\"async\" class=\"alignnone size-medium wp-image-1078\" src=\"https:\/\/studionagranlodz.pl\/wp-content\/uploads\/2023\/09\/P1000238.a-200x300.jpg\" alt=\"Nagrania wokalu \u0141\u00f3d\u017a\" width=\"200\" height=\"300\" srcset=\"https:\/\/studionagranlodz.pl\/wp-content\/uploads\/2023\/09\/P1000238.a-200x300.jpg 200w, https:\/\/studionagranlodz.pl\/wp-content\/uploads\/2023\/09\/P1000238.a.jpg 650w\" sizes=\"(max-width: 200px) 100vw, 200px\" \/><\/p>\n<p>Dzia\u0142amy na najnowszym oprogramowaniu typu <strong>Cubase PRO 12<\/strong>, a tak\u017ce pakiecie Izotope. Nagrywamy przy u\u017cyciu konsol i interfejs\u00f3w renomowanych firm takich jak: <a href=\"https:\/\/motu.com\/en-us\/\">Motu<\/a>, Focusrite i Presonus.<\/p>\n<p>W studio mo\u017cemy nagrywa\u0107 sygna\u0142 d\u017awi\u0119kowy bezpo\u015brednio do interfejsu jak i z u\u017cyciem profesjonalnych przedwzmacniaczy (preamp\u00f3w) lampowych. Uzyskujemy wtedy na starcie cieplejsze brzmienie wokalu.<\/p>\n<p>Nagrywanie wokali w naszym <strong>Studiu nagra\u0144<\/strong> mo\u017cemy zrealizowa\u0107 w kabinie akustycznej (pe\u0142na izolacja) lub przy du\u017cych \u015bciankach akustycznych (2 sztuki). Do dyspozycji \u015bpiewaj\u0105cego jest procesor efekt\u00f3w, laptop do wy\u015bwietlania tekst\u00f3w a tak\u017ce na \u017cyczenie projektor. Kabin\u0119 akustyczn\u0105 mo\u017cna o\u015bwietli\u0107 \u015bwiat\u0142em studyjnym, \u017ceby nagra\u0107 fajnie wygl\u0105daj\u0105ce wideo z sesji.\u00a0<\/p>\n<p><img loading=\"lazy\" decoding=\"async\" class=\"alignnone  wp-image-1397\" src=\"https:\/\/studionagranlodz.pl\/wp-content\/uploads\/2018\/06\/Nagrywanie-wokalu-Lodz-300x200.jpg\" alt=\"Nagrania wokalne \u0141\u00f3d\u017a\" width=\"465\" height=\"310\" srcset=\"https:\/\/studionagranlodz.pl\/wp-content\/uploads\/2018\/06\/Nagrywanie-wokalu-Lodz-300x200.jpg 300w, https:\/\/studionagranlodz.pl\/wp-content\/uploads\/2018\/06\/Nagrywanie-wokalu-Lodz-768x512.jpg 768w, https:\/\/studionagranlodz.pl\/wp-content\/uploads\/2018\/06\/Nagrywanie-wokalu-Lodz.jpg 1000w\" sizes=\"(max-width: 465px) 100vw, 465px\" \/><\/p>\n<p>Na miejscu du\u017ca \u015bciana z piank\u0105 akustyczn\u0105 i green screen razem z o\u015bwietleniem i akcesoriami.<\/p>\n<p><img loading=\"lazy\" decoding=\"async\" class=\"alignnone  wp-image-1196\" src=\"https:\/\/studionagranlodz.pl\/wp-content\/uploads\/2024\/03\/Nagrywanie-teledyskow-300x135.jpg\" alt=\"studio nagra\u0144 w \u0141odzi\" width=\"467\" height=\"210\" srcset=\"https:\/\/studionagranlodz.pl\/wp-content\/uploads\/2024\/03\/Nagrywanie-teledyskow-300x135.jpg 300w, https:\/\/studionagranlodz.pl\/wp-content\/uploads\/2024\/03\/Nagrywanie-teledyskow-768x345.jpg 768w, https:\/\/studionagranlodz.pl\/wp-content\/uploads\/2024\/03\/Nagrywanie-teledyskow.jpg 1000w\" sizes=\"(max-width: 467px) 100vw, 467px\" \/><\/p>\n<p><img loading=\"lazy\" decoding=\"async\" class=\"alignnone wp-image-1211\" src=\"https:\/\/studionagranlodz.pl\/wp-content\/uploads\/2024\/03\/Nagrywanie-teledyskow-Lodz-300x225.jpg\" alt=\"Studio green screen\" width=\"466\" height=\"350\" srcset=\"https:\/\/studionagranlodz.pl\/wp-content\/uploads\/2024\/03\/Nagrywanie-teledyskow-Lodz-300x225.jpg 300w, https:\/\/studionagranlodz.pl\/wp-content\/uploads\/2024\/03\/Nagrywanie-teledyskow-Lodz-768x576.jpg 768w, https:\/\/studionagranlodz.pl\/wp-content\/uploads\/2024\/03\/Nagrywanie-teledyskow-Lodz.jpg 1000w\" sizes=\"(max-width: 466px) 100vw, 466px\" \/><\/p>\n<p>Nasze przyk\u0142adowe produkcje, kt\u00f3re mo\u017cemy upubliczni\u0107, bo zgodzili si\u0119 na to autorzy i wokali\u015bci:<\/p>\n<p>Nasze produkcje i nagrania:<\/p>\n<p><iframe loading=\"lazy\" title=\"YouTube video player\" src=\"https:\/\/www.youtube.com\/embed\/w6tHobm49MY\" width=\"560\" height=\"315\" frameborder=\"0\" allowfullscreen=\"allowfullscreen\"><\/iframe><\/p>\n<p>Teledysk nagrywany w studio:<\/p>\n<p><iframe loading=\"lazy\" title=\"YouTube video player\" src=\"https:\/\/www.youtube.com\/embed\/NZ5QvJLOEuc?si=dOKD0IV9x5omhDWz\" width=\"560\" height=\"315\" frameborder=\"0\" allowfullscreen=\"allowfullscreen\"><\/iframe><\/p>\n<p><iframe loading=\"lazy\" title=\"YouTube video player\" src=\"https:\/\/www.youtube.com\/embed\/-m5RJQSWIws?si=12lryYUXcTFqmyWw\" width=\"560\" height=\"315\" frameborder=\"0\" allowfullscreen=\"allowfullscreen\"><\/iframe><\/p>\n<p><iframe loading=\"lazy\" title=\"YouTube video player\" src=\"https:\/\/www.youtube.com\/embed\/LKiCJ9al6XU\" width=\"560\" height=\"315\" frameborder=\"0\" allowfullscreen=\"allowfullscreen\"><\/iframe><\/p>\n<p><iframe loading=\"lazy\" title=\"YouTube video player\" src=\"https:\/\/www.youtube.com\/embed\/JUliX8wJMfk\" width=\"560\" height=\"315\" frameborder=\"0\" allowfullscreen=\"allowfullscreen\"><\/iframe><\/p>\n<p><iframe loading=\"lazy\" title=\"YouTube video player\" src=\"https:\/\/www.youtube.com\/embed\/gbNTU2bXiYY\" width=\"560\" height=\"315\" frameborder=\"0\" allowfullscreen=\"allowfullscreen\"><\/iframe><\/p>\n<p><iframe loading=\"lazy\" title=\"YouTube video player\" src=\"https:\/\/www.youtube.com\/embed\/nDnA3oAm0YE\" width=\"560\" height=\"315\" frameborder=\"0\" allowfullscreen=\"allowfullscreen\"><\/iframe><\/p>\n<p><iframe loading=\"lazy\" src=\"https:\/\/www.youtube.com\/embed\/wPvQa9uRk8c\" width=\"560\" height=\"315\" frameborder=\"0\" allowfullscreen=\"allowfullscreen\"><\/iframe><\/p>\n<p>Nasze nagrania i jedna pe\u0142na produkcja:<\/p>\n<p><iframe loading=\"lazy\" src=\"https:\/\/www.youtube.com\/embed\/7lF9h4nit7Y\" width=\"560\" height=\"315\" frameborder=\"0\" allowfullscreen=\"allowfullscreen\"><\/iframe><\/p>\n<p><iframe loading=\"lazy\" src=\"https:\/\/www.youtube.com\/embed\/F38IB3WpnLk\" width=\"560\" height=\"315\" frameborder=\"0\" allowfullscreen=\"allowfullscreen\"><\/iframe><\/p>\n<p><iframe loading=\"lazy\" src=\"https:\/\/www.youtube.com\/embed\/Ma7ghg-wLqY\" width=\"560\" height=\"315\" frameborder=\"0\" allowfullscreen=\"allowfullscreen\"><\/iframe><\/p>\n<iframe loading=\"lazy\" width=\"560\" height=\"315\" src=\"https:\/\/www.youtube.com\/embed\/tdWFNmRH_o0?si=Ye1YSyWNVJ8S8DTw\" title=\"YouTube video player\" frameborder=\"0\" allow=\"accelerometer; autoplay; clipboard-write; encrypted-media; gyroscope; picture-in-picture; web-share\" referrerpolicy=\"strict-origin-when-cross-origin\" allowfullscreen><\/iframe>\n<p><iframe loading=\"lazy\" src=\"https:\/\/www.youtube.com\/embed\/WNTHZGz2xIE\" width=\"560\" height=\"315\" frameborder=\"0\" allowfullscreen=\"allowfullscreen\"><\/iframe><\/p>\n\n\n<p><\/p>\n","protected":false},"excerpt":{"rendered":"<p>Nasze studio nagra\u0144 oferuje szeroki wachlarz us\u0142ug muzycznych. Zajmujemy si\u0119 pe\u0142n\u0105 produkcj\u0105 muzyczn\u0105, pocz\u0105wszy od kompozycji utworu, po jego realizacj\u0119, czyli nagranie, mix i mastering. Posiadamy bogate do\u015bwiadczenie poparte wieloma realizacjami muzycznymi, a tak\u017ce nowoczesny sprz\u0119t potrzebny do produkcji nowocze\u015bnie brzmi\u0105cej aran\u017cacji. Oferujemy r\u00f3wnie\u017c pomoc we wgrywaniu ch\u00f3rk\u00f3w do piosenek, ale tak\u017ce u\u017cyciu wokodera, sampli [&hellip;]<\/p>\n","protected":false},"author":1,"featured_media":0,"parent":0,"menu_order":0,"comment_status":"closed","ping_status":"closed","template":"","meta":{"_et_pb_use_builder":"","_et_pb_old_content":"","_et_gb_content_width":"","footnotes":""},"class_list":["post-83","page","type-page","status-publish","hentry"],"yoast_head":"<!-- This site is optimized with the Yoast SEO Premium plugin v26.4 (Yoast SEO v27.6) - https:\/\/yoast.com\/product\/yoast-seo-premium-wordpress\/ -->\n<title>Studio nagra\u0144 - Studio Nagra\u0144 \u0141\u00f3d\u017a 11-tka. Zapis audio, edycja wokali, poprawa jako\u015bci plik\u00f3w z dyktafonu i wideo<\/title>\n<meta name=\"robots\" content=\"index, follow, max-snippet:-1, max-image-preview:large, max-video-preview:-1\" \/>\n<link rel=\"canonical\" href=\"https:\/\/studionagranlodz.pl\/index.php\/studio-nagran\/\" \/>\n<meta property=\"og:locale\" content=\"pl_PL\" \/>\n<meta property=\"og:type\" content=\"article\" \/>\n<meta property=\"og:title\" content=\"Studio nagra\u0144\" \/>\n<meta property=\"og:description\" content=\"Nasze studio nagra\u0144 oferuje szeroki wachlarz us\u0142ug muzycznych. Zajmujemy si\u0119 pe\u0142n\u0105 produkcj\u0105 muzyczn\u0105, pocz\u0105wszy od kompozycji utworu, po jego realizacj\u0119, czyli nagranie, mix i mastering. Posiadamy bogate do\u015bwiadczenie poparte wieloma realizacjami muzycznymi, a tak\u017ce nowoczesny sprz\u0119t potrzebny do produkcji nowocze\u015bnie brzmi\u0105cej aran\u017cacji. Oferujemy r\u00f3wnie\u017c pomoc we wgrywaniu ch\u00f3rk\u00f3w do piosenek, ale tak\u017ce u\u017cyciu wokodera, sampli [&hellip;]\" \/>\n<meta property=\"og:url\" content=\"https:\/\/studionagranlodz.pl\/index.php\/studio-nagran\/\" \/>\n<meta property=\"og:site_name\" content=\"Studio Nagra\u0144 \u0141\u00f3d\u017a 11-tka. Zapis audio, edycja wokali, poprawa jako\u015bci plik\u00f3w z dyktafonu i wideo\" \/>\n<meta property=\"article:publisher\" content=\"https:\/\/www.facebook.com\/studionagraniowe11\" \/>\n<meta property=\"article:modified_time\" content=\"2025-03-10T07:59:20+00:00\" \/>\n<meta property=\"og:image\" content=\"https:\/\/studionagranlodz.pl\/wp-content\/uploads\/2018\/06\/Studio-nagran-11-300x138.jpg\" \/>\n<meta name=\"twitter:card\" content=\"summary_large_image\" \/>\n<meta name=\"twitter:label1\" content=\"Szacowany czas czytania\" \/>\n\t<meta name=\"twitter:data1\" content=\"2 minuty\" \/>\n<script type=\"application\/ld+json\" class=\"yoast-schema-graph\">{\"@context\":\"https:\\\/\\\/schema.org\",\"@graph\":[{\"@type\":\"WebPage\",\"@id\":\"https:\\\/\\\/studionagranlodz.pl\\\/index.php\\\/studio-nagran\\\/\",\"url\":\"https:\\\/\\\/studionagranlodz.pl\\\/index.php\\\/studio-nagran\\\/\",\"name\":\"Studio nagra\u0144 - Studio Nagra\u0144 \u0141\u00f3d\u017a 11-tka. Zapis audio, edycja wokali, poprawa jako\u015bci plik\u00f3w z dyktafonu i wideo\",\"isPartOf\":{\"@id\":\"https:\\\/\\\/studionagranlodz.pl\\\/#website\"},\"primaryImageOfPage\":{\"@id\":\"https:\\\/\\\/studionagranlodz.pl\\\/index.php\\\/studio-nagran\\\/#primaryimage\"},\"image\":{\"@id\":\"https:\\\/\\\/studionagranlodz.pl\\\/index.php\\\/studio-nagran\\\/#primaryimage\"},\"thumbnailUrl\":\"https:\\\/\\\/studionagranlodz.pl\\\/wp-content\\\/uploads\\\/2018\\\/06\\\/Studio-nagran-11-300x138.jpg\",\"datePublished\":\"2018-07-11T18:38:03+00:00\",\"dateModified\":\"2025-03-10T07:59:20+00:00\",\"breadcrumb\":{\"@id\":\"https:\\\/\\\/studionagranlodz.pl\\\/index.php\\\/studio-nagran\\\/#breadcrumb\"},\"inLanguage\":\"pl-PL\",\"potentialAction\":[{\"@type\":\"ReadAction\",\"target\":[\"https:\\\/\\\/studionagranlodz.pl\\\/index.php\\\/studio-nagran\\\/\"]}]},{\"@type\":\"ImageObject\",\"inLanguage\":\"pl-PL\",\"@id\":\"https:\\\/\\\/studionagranlodz.pl\\\/index.php\\\/studio-nagran\\\/#primaryimage\",\"url\":\"https:\\\/\\\/studionagranlodz.pl\\\/wp-content\\\/uploads\\\/2018\\\/06\\\/Studio-nagran-11.jpg\",\"contentUrl\":\"https:\\\/\\\/studionagranlodz.pl\\\/wp-content\\\/uploads\\\/2018\\\/06\\\/Studio-nagran-11.jpg\",\"width\":1000,\"height\":460,\"caption\":\"Studio nagra\u0144 \u0141\u00f3d\u017a - nagrania lektorskie\"},{\"@type\":\"BreadcrumbList\",\"@id\":\"https:\\\/\\\/studionagranlodz.pl\\\/index.php\\\/studio-nagran\\\/#breadcrumb\",\"itemListElement\":[{\"@type\":\"ListItem\",\"position\":1,\"name\":\"Home\",\"item\":\"https:\\\/\\\/studionagranlodz.pl\\\/\"},{\"@type\":\"ListItem\",\"position\":2,\"name\":\"Studio nagra\u0144\"}]},{\"@type\":\"WebSite\",\"@id\":\"https:\\\/\\\/studionagranlodz.pl\\\/#website\",\"url\":\"https:\\\/\\\/studionagranlodz.pl\\\/\",\"name\":\"Studio Nagra\u0144 \u0141\u00f3d\u017a 11-tka\",\"description\":\"Studio nagra\u0144 \u0141\u00f3d\u017a oferuje nagrania wokalist\u00f3w, lektor\u00f3w, mix i mastering. Odszumianie nagra\u0144 z dyktafonu. Produkcj\u0119 muzyczn\u0105 wraz z kompozycj\u0105 i aran\u017cacj\u0105.\",\"publisher\":{\"@id\":\"https:\\\/\\\/studionagranlodz.pl\\\/#organization\"},\"potentialAction\":[{\"@type\":\"SearchAction\",\"target\":{\"@type\":\"EntryPoint\",\"urlTemplate\":\"https:\\\/\\\/studionagranlodz.pl\\\/?s={search_term_string}\"},\"query-input\":{\"@type\":\"PropertyValueSpecification\",\"valueRequired\":true,\"valueName\":\"search_term_string\"}}],\"inLanguage\":\"pl-PL\"},{\"@type\":\"Organization\",\"@id\":\"https:\\\/\\\/studionagranlodz.pl\\\/#organization\",\"name\":\"PZ audio\",\"alternateName\":\"Studio nagra\u0144 \u0141\u00f3d\u017a\",\"url\":\"https:\\\/\\\/studionagranlodz.pl\\\/\",\"logo\":{\"@type\":\"ImageObject\",\"inLanguage\":\"pl-PL\",\"@id\":\"https:\\\/\\\/studionagranlodz.pl\\\/#\\\/schema\\\/logo\\\/image\\\/\",\"url\":\"https:\\\/\\\/studionagranlodz.pl\\\/wp-content\\\/uploads\\\/2024\\\/08\\\/cropped-sound_studio_11_google_thumbnail.png\",\"contentUrl\":\"https:\\\/\\\/studionagranlodz.pl\\\/wp-content\\\/uploads\\\/2024\\\/08\\\/cropped-sound_studio_11_google_thumbnail.png\",\"width\":1024,\"height\":1024,\"caption\":\"PZ audio\"},\"image\":{\"@id\":\"https:\\\/\\\/studionagranlodz.pl\\\/#\\\/schema\\\/logo\\\/image\\\/\"},\"sameAs\":[\"https:\\\/\\\/www.facebook.com\\\/studionagraniowe11\"]}]}<\/script>\n<!-- \/ Yoast SEO Premium plugin. -->","yoast_head_json":{"title":"Studio nagra\u0144 - Studio Nagra\u0144 \u0141\u00f3d\u017a 11-tka. Zapis audio, edycja wokali, poprawa jako\u015bci plik\u00f3w z dyktafonu i wideo","robots":{"index":"index","follow":"follow","max-snippet":"max-snippet:-1","max-image-preview":"max-image-preview:large","max-video-preview":"max-video-preview:-1"},"canonical":"https:\/\/studionagranlodz.pl\/index.php\/studio-nagran\/","og_locale":"pl_PL","og_type":"article","og_title":"Studio nagra\u0144","og_description":"Nasze studio nagra\u0144 oferuje szeroki wachlarz us\u0142ug muzycznych. Zajmujemy si\u0119 pe\u0142n\u0105 produkcj\u0105 muzyczn\u0105, pocz\u0105wszy od kompozycji utworu, po jego realizacj\u0119, czyli nagranie, mix i mastering. Posiadamy bogate do\u015bwiadczenie poparte wieloma realizacjami muzycznymi, a tak\u017ce nowoczesny sprz\u0119t potrzebny do produkcji nowocze\u015bnie brzmi\u0105cej aran\u017cacji. Oferujemy r\u00f3wnie\u017c pomoc we wgrywaniu ch\u00f3rk\u00f3w do piosenek, ale tak\u017ce u\u017cyciu wokodera, sampli [&hellip;]","og_url":"https:\/\/studionagranlodz.pl\/index.php\/studio-nagran\/","og_site_name":"Studio Nagra\u0144 \u0141\u00f3d\u017a 11-tka. Zapis audio, edycja wokali, poprawa jako\u015bci plik\u00f3w z dyktafonu i wideo","article_publisher":"https:\/\/www.facebook.com\/studionagraniowe11","article_modified_time":"2025-03-10T07:59:20+00:00","og_image":[{"url":"https:\/\/studionagranlodz.pl\/wp-content\/uploads\/2018\/06\/Studio-nagran-11-300x138.jpg","type":"","width":"","height":""}],"twitter_card":"summary_large_image","twitter_misc":{"Szacowany czas czytania":"2 minuty"},"schema":{"@context":"https:\/\/schema.org","@graph":[{"@type":"WebPage","@id":"https:\/\/studionagranlodz.pl\/index.php\/studio-nagran\/","url":"https:\/\/studionagranlodz.pl\/index.php\/studio-nagran\/","name":"Studio nagra\u0144 - Studio Nagra\u0144 \u0141\u00f3d\u017a 11-tka. Zapis audio, edycja wokali, poprawa jako\u015bci plik\u00f3w z dyktafonu i wideo","isPartOf":{"@id":"https:\/\/studionagranlodz.pl\/#website"},"primaryImageOfPage":{"@id":"https:\/\/studionagranlodz.pl\/index.php\/studio-nagran\/#primaryimage"},"image":{"@id":"https:\/\/studionagranlodz.pl\/index.php\/studio-nagran\/#primaryimage"},"thumbnailUrl":"https:\/\/studionagranlodz.pl\/wp-content\/uploads\/2018\/06\/Studio-nagran-11-300x138.jpg","datePublished":"2018-07-11T18:38:03+00:00","dateModified":"2025-03-10T07:59:20+00:00","breadcrumb":{"@id":"https:\/\/studionagranlodz.pl\/index.php\/studio-nagran\/#breadcrumb"},"inLanguage":"pl-PL","potentialAction":[{"@type":"ReadAction","target":["https:\/\/studionagranlodz.pl\/index.php\/studio-nagran\/"]}]},{"@type":"ImageObject","inLanguage":"pl-PL","@id":"https:\/\/studionagranlodz.pl\/index.php\/studio-nagran\/#primaryimage","url":"https:\/\/studionagranlodz.pl\/wp-content\/uploads\/2018\/06\/Studio-nagran-11.jpg","contentUrl":"https:\/\/studionagranlodz.pl\/wp-content\/uploads\/2018\/06\/Studio-nagran-11.jpg","width":1000,"height":460,"caption":"Studio nagra\u0144 \u0141\u00f3d\u017a - nagrania lektorskie"},{"@type":"BreadcrumbList","@id":"https:\/\/studionagranlodz.pl\/index.php\/studio-nagran\/#breadcrumb","itemListElement":[{"@type":"ListItem","position":1,"name":"Home","item":"https:\/\/studionagranlodz.pl\/"},{"@type":"ListItem","position":2,"name":"Studio nagra\u0144"}]},{"@type":"WebSite","@id":"https:\/\/studionagranlodz.pl\/#website","url":"https:\/\/studionagranlodz.pl\/","name":"Studio Nagra\u0144 \u0141\u00f3d\u017a 11-tka","description":"Studio nagra\u0144 \u0141\u00f3d\u017a oferuje nagrania wokalist\u00f3w, lektor\u00f3w, mix i mastering. Odszumianie nagra\u0144 z dyktafonu. Produkcj\u0119 muzyczn\u0105 wraz z kompozycj\u0105 i aran\u017cacj\u0105.","publisher":{"@id":"https:\/\/studionagranlodz.pl\/#organization"},"potentialAction":[{"@type":"SearchAction","target":{"@type":"EntryPoint","urlTemplate":"https:\/\/studionagranlodz.pl\/?s={search_term_string}"},"query-input":{"@type":"PropertyValueSpecification","valueRequired":true,"valueName":"search_term_string"}}],"inLanguage":"pl-PL"},{"@type":"Organization","@id":"https:\/\/studionagranlodz.pl\/#organization","name":"PZ audio","alternateName":"Studio nagra\u0144 \u0141\u00f3d\u017a","url":"https:\/\/studionagranlodz.pl\/","logo":{"@type":"ImageObject","inLanguage":"pl-PL","@id":"https:\/\/studionagranlodz.pl\/#\/schema\/logo\/image\/","url":"https:\/\/studionagranlodz.pl\/wp-content\/uploads\/2024\/08\/cropped-sound_studio_11_google_thumbnail.png","contentUrl":"https:\/\/studionagranlodz.pl\/wp-content\/uploads\/2024\/08\/cropped-sound_studio_11_google_thumbnail.png","width":1024,"height":1024,"caption":"PZ audio"},"image":{"@id":"https:\/\/studionagranlodz.pl\/#\/schema\/logo\/image\/"},"sameAs":["https:\/\/www.facebook.com\/studionagraniowe11"]}]}},"_links":{"self":[{"href":"https:\/\/studionagranlodz.pl\/index.php\/wp-json\/wp\/v2\/pages\/83","targetHints":{"allow":["GET"]}}],"collection":[{"href":"https:\/\/studionagranlodz.pl\/index.php\/wp-json\/wp\/v2\/pages"}],"about":[{"href":"https:\/\/studionagranlodz.pl\/index.php\/wp-json\/wp\/v2\/types\/page"}],"author":[{"embeddable":true,"href":"https:\/\/studionagranlodz.pl\/index.php\/wp-json\/wp\/v2\/users\/1"}],"replies":[{"embeddable":true,"href":"https:\/\/studionagranlodz.pl\/index.php\/wp-json\/wp\/v2\/comments?post=83"}],"version-history":[{"count":0,"href":"https:\/\/studionagranlodz.pl\/index.php\/wp-json\/wp\/v2\/pages\/83\/revisions"}],"wp:attachment":[{"href":"https:\/\/studionagranlodz.pl\/index.php\/wp-json\/wp\/v2\/media?parent=83"}],"curies":[{"name":"wp","href":"https:\/\/api.w.org\/{rel}","templated":true}]}}