{"id":822,"date":"2023-01-05T12:33:20","date_gmt":"2023-01-05T11:33:20","guid":{"rendered":"https:\/\/studionagranlodz.pl\/?page_id=822"},"modified":"2026-05-12T10:42:31","modified_gmt":"2026-05-12T08:42:31","slug":"piosenka-prezent-na-urodziny-rocznice-slub","status":"publish","type":"page","link":"https:\/\/studionagranlodz.pl\/index.php\/piosenka-prezent-na-urodziny-rocznice-slub\/","title":{"rendered":"Piosenka &#8211; prezent na urodziny, rocznic\u0119, \u015blub"},"content":{"rendered":"\n<figure class=\"wp-block-image size-full is-resized\"><img loading=\"lazy\" decoding=\"async\" width=\"1000\" height=\"665\" src=\"https:\/\/studionagranlodz.pl\/wp-content\/uploads\/2023\/01\/Piosenka-prezent-na-urodziny-rocznice-slub.jpg\" alt=\"Piosenka prezent na urodziny, zar\u0119czyny, \u015blub, rocznic\u0119\n\" class=\"wp-image-824\" style=\"width:645px;height:428px\" srcset=\"https:\/\/studionagranlodz.pl\/wp-content\/uploads\/2023\/01\/Piosenka-prezent-na-urodziny-rocznice-slub.jpg 1000w, https:\/\/studionagranlodz.pl\/wp-content\/uploads\/2023\/01\/Piosenka-prezent-na-urodziny-rocznice-slub-300x200.jpg 300w, https:\/\/studionagranlodz.pl\/wp-content\/uploads\/2023\/01\/Piosenka-prezent-na-urodziny-rocznice-slub-768x511.jpg 768w\" sizes=\"(max-width: 1000px) 100vw, 1000px\" \/><\/figure>\n\n\n\n<p><\/p>\n\n\n\n<p>Piosenka prezent na urodziny lub rocznic\u0119 to wspania\u0142y pomys\u0142 i niespodzianka dla osoby obdarowanej. Za\u015bpiewana przez Ciebie piosenka mo\u017ce by\u0107 doskona\u0142ym prezentem na urodziny, \u015blub, b\u0105d\u017a zar\u0119czyny. Mamy tutaj sporo mo\u017cliwo\u015bci je\u015bli chodzi o samo nagranie jak i piosenk\u0119. Mo\u017ce by\u0107 autorska lub tkzw. cover. Je\u015bli masz sw\u00f3j podk\u0142ad to mo\u017cna za\u015bpiewa\u0107 do niego, a je\u015bli nie to pomo\u017cemy i zrobimy podk\u0142ad sami. Mo\u017cemy r\u00f3wnie\u017c stworzy\u0107 zupe\u0142nie niepowtarzaln\u0105\/autorsk\u0105 piosenk\u0119 wg Twoich potrzeb i sugestii. <\/p>\n\n\n\n<h3 class=\"wp-block-heading\" id=\"h-szukasz-oryginalnego-prezentu-na-urodziny-rocznice-czy-slub-dobrze-trafiles-las\"><strong>Szukasz oryginalnego <a href=\"https:\/\/allegro.pl\/listing?string=prezent%20na%20urodziny&amp;srsltid=AfmBOoodBi5pwk-il_zQAX7koor6dP8bP-gHnUNVSizeBFClG60L909_\">prezentu na urodziny,<\/a> rocznic\u0119 czy \u015blub ? Dobrze trafi\u0142e\u015b\/\u0142a\u015b !<\/strong><\/h3>\n\n\n\n<p><a href=\"https:\/\/studionagranlodz.pl\/index.php\/oryginalny-prezent\/\">Piosenk\u0119 na prezent<\/a> mo\u017cna nagra\u0107 u nas w studio (najlepsza opcja jako\u015bciowa), ale tak\u017ce mo\u017ce by\u0107 nagrana online w zaciszu Twojego domu. Najlepiej nagra\u0107 g\u0142os na dobrym mikrofonie wokalnym, ale \u015bwietnie nadaj\u0105 si\u0119 do tego r\u00f3wnie\u017c nowoczesne telefony kom\u00f3rkowe, gdy\u017c maj\u0105 coraz lepsze mikrofony. Tutaj poradnik jak nagra\u0107 wokal samemu: <a href=\"https:\/\/studionagranlodz.pl\/index.php\/studio-nagran-online\/\" target=\"_blank\" rel=\"noreferrer noopener\">studio nagra\u0144 online<\/a><\/p>\n\n\n\n<p>\u015acianka do nagrywania piosenek w studio:<\/p>\n\n\n\n<figure class=\"wp-block-image size-full\"><img loading=\"lazy\" decoding=\"async\" width=\"1000\" height=\"449\" src=\"https:\/\/studionagranlodz.pl\/wp-content\/uploads\/2024\/03\/Scianka-do-nagrywania-wideo.jpg\" alt=\"Piosenka jako prezent\" class=\"wp-image-1198\" srcset=\"https:\/\/studionagranlodz.pl\/wp-content\/uploads\/2024\/03\/Scianka-do-nagrywania-wideo.jpg 1000w, https:\/\/studionagranlodz.pl\/wp-content\/uploads\/2024\/03\/Scianka-do-nagrywania-wideo-300x135.jpg 300w, https:\/\/studionagranlodz.pl\/wp-content\/uploads\/2024\/03\/Scianka-do-nagrywania-wideo-768x345.jpg 768w\" sizes=\"(max-width: 1000px) 100vw, 1000px\" \/><\/figure>\n\n\n\n<p>Je\u015bli napiszesz sw\u00f3j w\u0142asny tekst, a nie masz do niego muzyki to ch\u0119tnie pomo\u017cemy j\u0105 skomponowa\u0107 i zaaran\u017cowa\u0107. Natomiast je\u015bli chcesz aby to nasz tek\u015bciarz napisa\u0142 tekst jest r\u00f3wnie\u017c taka mo\u017cliwo\u015b\u0107. Wystarczy wys\u0142a\u0107 najwa\u017cniejsze wytyczne do tekstu, kt\u00f3ry ma si\u0119 znale\u017a\u0107 w Twojej <strong>piosence &#8211; prezencie<\/strong>.<\/p>\n\n\n\n<figure class=\"wp-block-gallery has-nested-images columns-default is-cropped wp-block-gallery-1 is-layout-flex wp-block-gallery-is-layout-flex\">\n<figure class=\"wp-block-image size-large\"><img loading=\"lazy\" decoding=\"async\" width=\"1000\" height=\"562\" data-id=\"1378\" src=\"https:\/\/studionagranlodz.pl\/wp-content\/uploads\/2024\/12\/Studio-nagran-dla-poczatkujacych.jpg\" alt=\"\" class=\"wp-image-1378\" srcset=\"https:\/\/studionagranlodz.pl\/wp-content\/uploads\/2024\/12\/Studio-nagran-dla-poczatkujacych.jpg 1000w, https:\/\/studionagranlodz.pl\/wp-content\/uploads\/2024\/12\/Studio-nagran-dla-poczatkujacych-300x169.jpg 300w, https:\/\/studionagranlodz.pl\/wp-content\/uploads\/2024\/12\/Studio-nagran-dla-poczatkujacych-768x432.jpg 768w\" sizes=\"(max-width: 1000px) 100vw, 1000px\" \/><\/figure>\n<\/figure>\n\n\n\n<p><\/p>\n\n\n\n<h2 class=\"wp-block-heading\" id=\"h-tutaj-nasze-najnowsze-produkcje-i-piosenki-spotify\">Tutaj nasze najnowsze produkcje i piosenki: <a href=\"https:\/\/open.spotify.com\/artist\/6hzf8znc96rU1vL6nYEV17\" type=\"link\" id=\"https:\/\/open.spotify.com\/artist\/6hzf8znc96rU1vL6nYEV17\">SPOTIFY<\/a><\/h2>\n\n\n\n<p>Przyk\u0142adowy teledysk kr\u0119cony kilka lat temu u nas w studio oraz w plenerze:<\/p>\n\n\n\n<iframe loading=\"lazy\" width=\"560\" height=\"315\" src=\"https:\/\/www.youtube.com\/embed\/N3VgY5EJMRw?si=CLIZFaKC3C10qdJt\" title=\"YouTube video player\" frameborder=\"0\" allow=\"accelerometer; autoplay; clipboard-write; encrypted-media; gyroscope; picture-in-picture; web-share\" referrerpolicy=\"strict-origin-when-cross-origin\" allowfullscreen><\/iframe>\n","protected":false},"excerpt":{"rendered":"<p>Piosenka prezent na urodziny lub rocznic\u0119 to wspania\u0142y pomys\u0142 i niespodzianka dla osoby obdarowanej. Za\u015bpiewana przez Ciebie piosenka mo\u017ce by\u0107 doskona\u0142ym prezentem na urodziny, \u015blub, b\u0105d\u017a zar\u0119czyny. Mamy tutaj sporo mo\u017cliwo\u015bci je\u015bli chodzi o samo nagranie jak i piosenk\u0119. Mo\u017ce by\u0107 autorska lub tkzw. cover. Je\u015bli masz sw\u00f3j podk\u0142ad to mo\u017cna za\u015bpiewa\u0107 do niego, a [&hellip;]<\/p>\n","protected":false},"author":1,"featured_media":0,"parent":0,"menu_order":0,"comment_status":"closed","ping_status":"closed","template":"","meta":{"_et_pb_use_builder":"","_et_pb_old_content":"","_et_gb_content_width":"","footnotes":""},"class_list":["post-822","page","type-page","status-publish","hentry"],"yoast_head":"<!-- This site is optimized with the Yoast SEO Premium plugin v26.4 (Yoast SEO v27.6) - https:\/\/yoast.com\/product\/yoast-seo-premium-wordpress\/ -->\n<title>Piosenka - prezent na urodziny, rocznic\u0119, \u015blub - Studio Nagra\u0144 \u0141\u00f3d\u017a 11-tka. Zapis audio, edycja wokali, poprawa jako\u015bci plik\u00f3w z dyktafonu i wideo<\/title>\n<meta name=\"description\" content=\"Piosenka prezent na urodziny, rocznic\u0119, zar\u0119czyny, \u015blub. Nagraj piosenk\u0119 od serca dla swojej ukochanej\/ukochanego. Online lub w studio\" \/>\n<meta name=\"robots\" content=\"index, follow, max-snippet:-1, max-image-preview:large, max-video-preview:-1\" \/>\n<link rel=\"canonical\" href=\"https:\/\/studionagranlodz.pl\/index.php\/piosenka-prezent-na-urodziny-rocznice-slub\/\" \/>\n<meta property=\"og:locale\" content=\"pl_PL\" \/>\n<meta property=\"og:type\" content=\"article\" \/>\n<meta property=\"og:title\" content=\"Piosenka - prezent na urodziny, rocznic\u0119, \u015blub\" \/>\n<meta property=\"og:description\" content=\"Piosenka prezent na urodziny, rocznic\u0119, zar\u0119czyny, \u015blub. Nagraj piosenk\u0119 od serca dla swojej ukochanej\/ukochanego. Online lub w studio\" \/>\n<meta property=\"og:url\" content=\"https:\/\/studionagranlodz.pl\/index.php\/piosenka-prezent-na-urodziny-rocznice-slub\/\" \/>\n<meta property=\"og:site_name\" content=\"Studio Nagra\u0144 \u0141\u00f3d\u017a 11-tka. Zapis audio, edycja wokali, poprawa jako\u015bci plik\u00f3w z dyktafonu i wideo\" \/>\n<meta property=\"article:publisher\" content=\"https:\/\/www.facebook.com\/studionagraniowe11\" \/>\n<meta property=\"article:modified_time\" content=\"2026-05-12T08:42:31+00:00\" \/>\n<meta property=\"og:image\" content=\"https:\/\/studionagranlodz.pl\/wp-content\/uploads\/2023\/01\/Piosenka-prezent-na-urodziny-rocznice-slub.jpg\" \/>\n\t<meta property=\"og:image:width\" content=\"1000\" \/>\n\t<meta property=\"og:image:height\" content=\"665\" \/>\n\t<meta property=\"og:image:type\" content=\"image\/jpeg\" \/>\n<meta name=\"twitter:card\" content=\"summary_large_image\" \/>\n<meta name=\"twitter:label1\" content=\"Szacowany czas czytania\" \/>\n\t<meta name=\"twitter:data1\" content=\"2 minuty\" \/>\n<script type=\"application\/ld+json\" class=\"yoast-schema-graph\">{\"@context\":\"https:\\\/\\\/schema.org\",\"@graph\":[{\"@type\":\"WebPage\",\"@id\":\"https:\\\/\\\/studionagranlodz.pl\\\/index.php\\\/piosenka-prezent-na-urodziny-rocznice-slub\\\/\",\"url\":\"https:\\\/\\\/studionagranlodz.pl\\\/index.php\\\/piosenka-prezent-na-urodziny-rocznice-slub\\\/\",\"name\":\"Piosenka - prezent na urodziny, rocznic\u0119, \u015blub - Studio Nagra\u0144 \u0141\u00f3d\u017a 11-tka. Zapis audio, edycja wokali, poprawa jako\u015bci plik\u00f3w z dyktafonu i wideo\",\"isPartOf\":{\"@id\":\"https:\\\/\\\/studionagranlodz.pl\\\/#website\"},\"primaryImageOfPage\":{\"@id\":\"https:\\\/\\\/studionagranlodz.pl\\\/index.php\\\/piosenka-prezent-na-urodziny-rocznice-slub\\\/#primaryimage\"},\"image\":{\"@id\":\"https:\\\/\\\/studionagranlodz.pl\\\/index.php\\\/piosenka-prezent-na-urodziny-rocznice-slub\\\/#primaryimage\"},\"thumbnailUrl\":\"https:\\\/\\\/studionagranlodz.pl\\\/wp-content\\\/uploads\\\/2023\\\/01\\\/Piosenka-prezent-na-urodziny-rocznice-slub.jpg\",\"datePublished\":\"2023-01-05T11:33:20+00:00\",\"dateModified\":\"2026-05-12T08:42:31+00:00\",\"description\":\"Piosenka prezent na urodziny, rocznic\u0119, zar\u0119czyny, \u015blub. Nagraj piosenk\u0119 od serca dla swojej ukochanej\\\/ukochanego. Online lub w studio\",\"breadcrumb\":{\"@id\":\"https:\\\/\\\/studionagranlodz.pl\\\/index.php\\\/piosenka-prezent-na-urodziny-rocznice-slub\\\/#breadcrumb\"},\"inLanguage\":\"pl-PL\",\"potentialAction\":[{\"@type\":\"ReadAction\",\"target\":[\"https:\\\/\\\/studionagranlodz.pl\\\/index.php\\\/piosenka-prezent-na-urodziny-rocznice-slub\\\/\"]}]},{\"@type\":\"ImageObject\",\"inLanguage\":\"pl-PL\",\"@id\":\"https:\\\/\\\/studionagranlodz.pl\\\/index.php\\\/piosenka-prezent-na-urodziny-rocznice-slub\\\/#primaryimage\",\"url\":\"https:\\\/\\\/studionagranlodz.pl\\\/wp-content\\\/uploads\\\/2023\\\/01\\\/Piosenka-prezent-na-urodziny-rocznice-slub.jpg\",\"contentUrl\":\"https:\\\/\\\/studionagranlodz.pl\\\/wp-content\\\/uploads\\\/2023\\\/01\\\/Piosenka-prezent-na-urodziny-rocznice-slub.jpg\",\"width\":1000,\"height\":665},{\"@type\":\"BreadcrumbList\",\"@id\":\"https:\\\/\\\/studionagranlodz.pl\\\/index.php\\\/piosenka-prezent-na-urodziny-rocznice-slub\\\/#breadcrumb\",\"itemListElement\":[{\"@type\":\"ListItem\",\"position\":1,\"name\":\"Home\",\"item\":\"https:\\\/\\\/studionagranlodz.pl\\\/\"},{\"@type\":\"ListItem\",\"position\":2,\"name\":\"Piosenka &#8211; prezent na urodziny, rocznic\u0119, \u015blub\"}]},{\"@type\":\"WebSite\",\"@id\":\"https:\\\/\\\/studionagranlodz.pl\\\/#website\",\"url\":\"https:\\\/\\\/studionagranlodz.pl\\\/\",\"name\":\"Studio Nagra\u0144 \u0141\u00f3d\u017a 11-tka\",\"description\":\"Studio nagra\u0144 \u0141\u00f3d\u017a oferuje nagrania wokalist\u00f3w, lektor\u00f3w, mix i mastering. Odszumianie nagra\u0144 z dyktafonu. Produkcj\u0119 muzyczn\u0105 wraz z kompozycj\u0105 i aran\u017cacj\u0105.\",\"publisher\":{\"@id\":\"https:\\\/\\\/studionagranlodz.pl\\\/#organization\"},\"potentialAction\":[{\"@type\":\"SearchAction\",\"target\":{\"@type\":\"EntryPoint\",\"urlTemplate\":\"https:\\\/\\\/studionagranlodz.pl\\\/?s={search_term_string}\"},\"query-input\":{\"@type\":\"PropertyValueSpecification\",\"valueRequired\":true,\"valueName\":\"search_term_string\"}}],\"inLanguage\":\"pl-PL\"},{\"@type\":\"Organization\",\"@id\":\"https:\\\/\\\/studionagranlodz.pl\\\/#organization\",\"name\":\"PZ audio\",\"alternateName\":\"Studio nagra\u0144 \u0141\u00f3d\u017a\",\"url\":\"https:\\\/\\\/studionagranlodz.pl\\\/\",\"logo\":{\"@type\":\"ImageObject\",\"inLanguage\":\"pl-PL\",\"@id\":\"https:\\\/\\\/studionagranlodz.pl\\\/#\\\/schema\\\/logo\\\/image\\\/\",\"url\":\"https:\\\/\\\/studionagranlodz.pl\\\/wp-content\\\/uploads\\\/2024\\\/08\\\/cropped-sound_studio_11_google_thumbnail.png\",\"contentUrl\":\"https:\\\/\\\/studionagranlodz.pl\\\/wp-content\\\/uploads\\\/2024\\\/08\\\/cropped-sound_studio_11_google_thumbnail.png\",\"width\":1024,\"height\":1024,\"caption\":\"PZ audio\"},\"image\":{\"@id\":\"https:\\\/\\\/studionagranlodz.pl\\\/#\\\/schema\\\/logo\\\/image\\\/\"},\"sameAs\":[\"https:\\\/\\\/www.facebook.com\\\/studionagraniowe11\"]}]}<\/script>\n<!-- \/ Yoast SEO Premium plugin. -->","yoast_head_json":{"title":"Piosenka - prezent na urodziny, rocznic\u0119, \u015blub - Studio Nagra\u0144 \u0141\u00f3d\u017a 11-tka. Zapis audio, edycja wokali, poprawa jako\u015bci plik\u00f3w z dyktafonu i wideo","description":"Piosenka prezent na urodziny, rocznic\u0119, zar\u0119czyny, \u015blub. Nagraj piosenk\u0119 od serca dla swojej ukochanej\/ukochanego. Online lub w studio","robots":{"index":"index","follow":"follow","max-snippet":"max-snippet:-1","max-image-preview":"max-image-preview:large","max-video-preview":"max-video-preview:-1"},"canonical":"https:\/\/studionagranlodz.pl\/index.php\/piosenka-prezent-na-urodziny-rocznice-slub\/","og_locale":"pl_PL","og_type":"article","og_title":"Piosenka - prezent na urodziny, rocznic\u0119, \u015blub","og_description":"Piosenka prezent na urodziny, rocznic\u0119, zar\u0119czyny, \u015blub. Nagraj piosenk\u0119 od serca dla swojej ukochanej\/ukochanego. Online lub w studio","og_url":"https:\/\/studionagranlodz.pl\/index.php\/piosenka-prezent-na-urodziny-rocznice-slub\/","og_site_name":"Studio Nagra\u0144 \u0141\u00f3d\u017a 11-tka. Zapis audio, edycja wokali, poprawa jako\u015bci plik\u00f3w z dyktafonu i wideo","article_publisher":"https:\/\/www.facebook.com\/studionagraniowe11","article_modified_time":"2026-05-12T08:42:31+00:00","og_image":[{"width":1000,"height":665,"url":"https:\/\/studionagranlodz.pl\/wp-content\/uploads\/2023\/01\/Piosenka-prezent-na-urodziny-rocznice-slub.jpg","type":"image\/jpeg"}],"twitter_card":"summary_large_image","twitter_misc":{"Szacowany czas czytania":"2 minuty"},"schema":{"@context":"https:\/\/schema.org","@graph":[{"@type":"WebPage","@id":"https:\/\/studionagranlodz.pl\/index.php\/piosenka-prezent-na-urodziny-rocznice-slub\/","url":"https:\/\/studionagranlodz.pl\/index.php\/piosenka-prezent-na-urodziny-rocznice-slub\/","name":"Piosenka - prezent na urodziny, rocznic\u0119, \u015blub - Studio Nagra\u0144 \u0141\u00f3d\u017a 11-tka. Zapis audio, edycja wokali, poprawa jako\u015bci plik\u00f3w z dyktafonu i wideo","isPartOf":{"@id":"https:\/\/studionagranlodz.pl\/#website"},"primaryImageOfPage":{"@id":"https:\/\/studionagranlodz.pl\/index.php\/piosenka-prezent-na-urodziny-rocznice-slub\/#primaryimage"},"image":{"@id":"https:\/\/studionagranlodz.pl\/index.php\/piosenka-prezent-na-urodziny-rocznice-slub\/#primaryimage"},"thumbnailUrl":"https:\/\/studionagranlodz.pl\/wp-content\/uploads\/2023\/01\/Piosenka-prezent-na-urodziny-rocznice-slub.jpg","datePublished":"2023-01-05T11:33:20+00:00","dateModified":"2026-05-12T08:42:31+00:00","description":"Piosenka prezent na urodziny, rocznic\u0119, zar\u0119czyny, \u015blub. Nagraj piosenk\u0119 od serca dla swojej ukochanej\/ukochanego. Online lub w studio","breadcrumb":{"@id":"https:\/\/studionagranlodz.pl\/index.php\/piosenka-prezent-na-urodziny-rocznice-slub\/#breadcrumb"},"inLanguage":"pl-PL","potentialAction":[{"@type":"ReadAction","target":["https:\/\/studionagranlodz.pl\/index.php\/piosenka-prezent-na-urodziny-rocznice-slub\/"]}]},{"@type":"ImageObject","inLanguage":"pl-PL","@id":"https:\/\/studionagranlodz.pl\/index.php\/piosenka-prezent-na-urodziny-rocznice-slub\/#primaryimage","url":"https:\/\/studionagranlodz.pl\/wp-content\/uploads\/2023\/01\/Piosenka-prezent-na-urodziny-rocznice-slub.jpg","contentUrl":"https:\/\/studionagranlodz.pl\/wp-content\/uploads\/2023\/01\/Piosenka-prezent-na-urodziny-rocznice-slub.jpg","width":1000,"height":665},{"@type":"BreadcrumbList","@id":"https:\/\/studionagranlodz.pl\/index.php\/piosenka-prezent-na-urodziny-rocznice-slub\/#breadcrumb","itemListElement":[{"@type":"ListItem","position":1,"name":"Home","item":"https:\/\/studionagranlodz.pl\/"},{"@type":"ListItem","position":2,"name":"Piosenka &#8211; prezent na urodziny, rocznic\u0119, \u015blub"}]},{"@type":"WebSite","@id":"https:\/\/studionagranlodz.pl\/#website","url":"https:\/\/studionagranlodz.pl\/","name":"Studio Nagra\u0144 \u0141\u00f3d\u017a 11-tka","description":"Studio nagra\u0144 \u0141\u00f3d\u017a oferuje nagrania wokalist\u00f3w, lektor\u00f3w, mix i mastering. Odszumianie nagra\u0144 z dyktafonu. Produkcj\u0119 muzyczn\u0105 wraz z kompozycj\u0105 i aran\u017cacj\u0105.","publisher":{"@id":"https:\/\/studionagranlodz.pl\/#organization"},"potentialAction":[{"@type":"SearchAction","target":{"@type":"EntryPoint","urlTemplate":"https:\/\/studionagranlodz.pl\/?s={search_term_string}"},"query-input":{"@type":"PropertyValueSpecification","valueRequired":true,"valueName":"search_term_string"}}],"inLanguage":"pl-PL"},{"@type":"Organization","@id":"https:\/\/studionagranlodz.pl\/#organization","name":"PZ audio","alternateName":"Studio nagra\u0144 \u0141\u00f3d\u017a","url":"https:\/\/studionagranlodz.pl\/","logo":{"@type":"ImageObject","inLanguage":"pl-PL","@id":"https:\/\/studionagranlodz.pl\/#\/schema\/logo\/image\/","url":"https:\/\/studionagranlodz.pl\/wp-content\/uploads\/2024\/08\/cropped-sound_studio_11_google_thumbnail.png","contentUrl":"https:\/\/studionagranlodz.pl\/wp-content\/uploads\/2024\/08\/cropped-sound_studio_11_google_thumbnail.png","width":1024,"height":1024,"caption":"PZ audio"},"image":{"@id":"https:\/\/studionagranlodz.pl\/#\/schema\/logo\/image\/"},"sameAs":["https:\/\/www.facebook.com\/studionagraniowe11"]}]}},"_links":{"self":[{"href":"https:\/\/studionagranlodz.pl\/index.php\/wp-json\/wp\/v2\/pages\/822","targetHints":{"allow":["GET"]}}],"collection":[{"href":"https:\/\/studionagranlodz.pl\/index.php\/wp-json\/wp\/v2\/pages"}],"about":[{"href":"https:\/\/studionagranlodz.pl\/index.php\/wp-json\/wp\/v2\/types\/page"}],"author":[{"embeddable":true,"href":"https:\/\/studionagranlodz.pl\/index.php\/wp-json\/wp\/v2\/users\/1"}],"replies":[{"embeddable":true,"href":"https:\/\/studionagranlodz.pl\/index.php\/wp-json\/wp\/v2\/comments?post=822"}],"version-history":[{"count":2,"href":"https:\/\/studionagranlodz.pl\/index.php\/wp-json\/wp\/v2\/pages\/822\/revisions"}],"predecessor-version":[{"id":1866,"href":"https:\/\/studionagranlodz.pl\/index.php\/wp-json\/wp\/v2\/pages\/822\/revisions\/1866"}],"wp:attachment":[{"href":"https:\/\/studionagranlodz.pl\/index.php\/wp-json\/wp\/v2\/media?parent=822"}],"curies":[{"name":"wp","href":"https:\/\/api.w.org\/{rel}","templated":true}]}}