{"id":661,"date":"2022-09-01T08:47:31","date_gmt":"2022-09-01T06:47:31","guid":{"rendered":"https:\/\/studionagranlodz.pl\/?page_id=661"},"modified":"2026-05-15T07:01:08","modified_gmt":"2026-05-15T05:01:08","slug":"dla-poczatkujacych","status":"publish","type":"page","link":"https:\/\/studionagranlodz.pl\/index.php\/dla-poczatkujacych\/","title":{"rendered":"Dla pocz\u0105tkuj\u0105cych"},"content":{"rendered":"\n<p><strong>Studio nagra\u0144 dla pocz\u0105tkuj\u0105cych<\/strong><\/p>\n\n\n\n<p>Chcia\u0142by\u015b zacz\u0105\u0107 przygod\u0119 z muzyk\u0105, ale boisz si\u0119 zacz\u0105\u0107 ? Ch\u0119tnie pomo\u017cemy w twoim pierwszym nagraniu. Podczas nagrania staramy si\u0119 pom\u00f3c dobra\u0107 barw\u0119 g\u0142osu i odpowiednie emocje. Mo\u017cna u nas nagrywa\u0107 fragmentami, wi\u0119c nie trzeba umie\u0107 wszystkiego na pami\u0119\u0107. Wyczy\u015bcimy g\u0142os, \u017ceby brzmia\u0142 czysto intonacyjnie, dodamy efekty i obrobimy wokal. Je\u015bli piosenka\/bit na to pozwoli to mo\u017cemy dogra\u0107 ch\u00f3rki np. z wokodera, b\u0105d\u017a te\u017c na \u017cywo (je\u015bli umiej\u0119tno\u015bci na to pozwol\u0105). Pomagamy r\u00f3wnie\u017c z produkcj\u0105 i w trakcie nagrania podrzucamy pomys\u0142y, \u017ceby kawa\u0142ek by\u0142 bardziej nowoczesny.<\/p>\n\n\n\n<figure class=\"wp-block-image size-full\"><img loading=\"lazy\" decoding=\"async\" width=\"1000\" height=\"449\" src=\"https:\/\/studionagranlodz.pl\/wp-content\/uploads\/2024\/03\/Studio-nagran-11.jpg\" alt=\"Studio nagra\u0144 dla pocz\u0105tkuj\u0105cych\" class=\"wp-image-1265\" srcset=\"https:\/\/studionagranlodz.pl\/wp-content\/uploads\/2024\/03\/Studio-nagran-11.jpg 1000w, https:\/\/studionagranlodz.pl\/wp-content\/uploads\/2024\/03\/Studio-nagran-11-300x135.jpg 300w, https:\/\/studionagranlodz.pl\/wp-content\/uploads\/2024\/03\/Studio-nagran-11-768x345.jpg 768w\" sizes=\"(max-width: 1000px) 100vw, 1000px\" \/><\/figure>\n\n\n\n<p><strong>Od niedawna jest te\u017c mo\u017cliwo\u015b\u0107 uczestniczenia w tworzeniu utworu wraz z muzykiem i realizatorem, co daje du\u017cy wgl\u0105d w kompozycj\u0119 i aran\u017cacje Waszej piosenki. Jest te\u017c mo\u017cliwo\u015b\u0107 wyboru brzmienia, bitu i ch\u00f3rk\u00f3w, kt\u00f3re dogrywamy przy Was.<\/strong><\/p>\n\n\n\n<p>Nagrywamy r\u00f3wnie\u017c instrumentalist\u00f3w i to zar\u00f3wno audio jak i wideo.<\/p>\n\n\n\n<h5 class=\"wp-block-heading\" id=\"h-studio-nagran-dla-poczatkujacych-oferuje\">Studio nagra\u0144 dla pocz\u0105tkuj\u0105cych oferuje:<\/h5>\n\n\n\n<ul class=\"wp-block-list\">\n<li>Pomoc w pierwszym nagraniu<\/li>\n\n\n\n<li>Czyszczenie wokalu (r\u0119czne b\u0105d\u017a za pomoc\u0105 autotune)<\/li>\n\n\n\n<li>Pomoc w kompozycji i aran\u017cacji pierwszego utworu<\/li>\n\n\n\n<li>Pomoc w nagraniu ch\u00f3rk\u00f3w do piosenki<\/li>\n\n\n\n<li>Prosty teledysk do umieszczenia na Youtube<\/li>\n\n\n\n<li>Pomoc w promocji piosenki<\/li>\n\n\n\n<li>Pe\u0142n\u0105 produkcj\u0119 utworu<\/li>\n<\/ul>\n\n\n\n<p>Dla ch\u0119tnych proponujemy r\u00f3wnie\u017c nagranie wideo w studiu, b\u0105d\u017a plenerze. Mo\u017cemy uruchomi\u0107 kamerk\u0119 w kabinie wokalowej i na \u017cyczenie taki materia\u0142 mo\u017cemy da\u0107 zaraz po nagraniu &#8211; do samodzielnego monta\u017cu. Dla bardziej ambitnych mo\u017cemy <a href=\"https:\/\/studionagranlodz.pl\/index.php\/montaz-i-krecenie-teledyskow-lodz\/\" type=\"link\" id=\"https:\/\/studionagranlodz.pl\/index.php\/montaz-i-krecenie-teledyskow-lodz\/\">nagra\u0107 teledysk<\/a> w jako\u015bci 4K lub full HD (na zewn\u0105trz uj\u0119cia z gimbala i z drona). Na miejscu du\u017ca piankowa \u015bcianka i green screen wraz z o\u015bwietleniem.<\/p>\n\n\n\n<figure class=\"wp-block-image size-full\"><img loading=\"lazy\" decoding=\"async\" width=\"1000\" height=\"682\" src=\"https:\/\/studionagranlodz.pl\/wp-content\/uploads\/2024\/03\/Studio-11-Lodz-3.jpg\" alt=\"Studio dla pocz\u0105tkuj\u0105cych \u0141\u00f3d\u017a\" class=\"wp-image-1264\" srcset=\"https:\/\/studionagranlodz.pl\/wp-content\/uploads\/2024\/03\/Studio-11-Lodz-3.jpg 1000w, https:\/\/studionagranlodz.pl\/wp-content\/uploads\/2024\/03\/Studio-11-Lodz-3-300x205.jpg 300w, https:\/\/studionagranlodz.pl\/wp-content\/uploads\/2024\/03\/Studio-11-Lodz-3-768x524.jpg 768w\" sizes=\"(max-width: 1000px) 100vw, 1000px\" \/><\/figure>\n\n\n\n<p><a href=\"https:\/\/strefabiznesu.pl\/jak-poczatkujacy-muzyk-moze-dostac-sie-na-spotify-powstala-nowa-polska-platforma-selfpublishingowa\/ar\/c3-16913461\">Studio nagra\u0144 dla pocz\u0105tkuj\u0105cych<\/a> zapewnia r\u00f3wnie\u017c instrumenty na miejscu. Dzi\u0119ki temu mo\u017cemy stworzy\u0107 aran\u017cacj\u0119 przy Twoim udziale i kontroli. Muzyk-realizator na miejscu pomo\u017ce wgra\u0107 poszczeg\u00f3lne instrumenty wed\u0142ug inspiracji autora piosenki.<\/p>\n","protected":false},"excerpt":{"rendered":"<p>Studio nagra\u0144 dla pocz\u0105tkuj\u0105cych Chcia\u0142by\u015b zacz\u0105\u0107 przygod\u0119 z muzyk\u0105, ale boisz si\u0119 zacz\u0105\u0107 ? Ch\u0119tnie pomo\u017cemy w twoim pierwszym nagraniu. Podczas nagrania staramy si\u0119 pom\u00f3c dobra\u0107 barw\u0119 g\u0142osu i odpowiednie emocje. Mo\u017cna u nas nagrywa\u0107 fragmentami, wi\u0119c nie trzeba umie\u0107 wszystkiego na pami\u0119\u0107. Wyczy\u015bcimy g\u0142os, \u017ceby brzmia\u0142 czysto intonacyjnie, dodamy efekty i obrobimy wokal. Je\u015bli [&hellip;]<\/p>\n","protected":false},"author":1,"featured_media":0,"parent":0,"menu_order":0,"comment_status":"closed","ping_status":"closed","template":"","meta":{"_et_pb_use_builder":"","_et_pb_old_content":"","_et_gb_content_width":"","footnotes":""},"class_list":["post-661","page","type-page","status-publish","hentry"],"yoast_head":"<!-- This site is optimized with the Yoast SEO Premium plugin v26.4 (Yoast SEO v27.6) - https:\/\/yoast.com\/product\/yoast-seo-premium-wordpress\/ -->\n<title>Dla pocz\u0105tkuj\u0105cych - Studio Nagra\u0144 \u0141\u00f3d\u017a 11-tka. Zapis audio, edycja wokali, poprawa jako\u015bci plik\u00f3w z dyktafonu i wideo<\/title>\n<meta name=\"description\" content=\"Studio nagra\u0144 dla pocz\u0105tkuj\u0105cych. Pomagamy nagra\u0107 sw\u00f3j pierwszy utw\u00f3r i stworzy\u0107 wideo na YouTube. Czy\u015bcimy wokal z nieczysto\u015bci i nier\u00f3wno\u015bci\" \/>\n<meta name=\"robots\" content=\"index, follow, max-snippet:-1, max-image-preview:large, max-video-preview:-1\" \/>\n<link rel=\"canonical\" href=\"https:\/\/studionagranlodz.pl\/index.php\/dla-poczatkujacych\/\" \/>\n<meta property=\"og:locale\" content=\"pl_PL\" \/>\n<meta property=\"og:type\" content=\"article\" \/>\n<meta property=\"og:title\" content=\"Dla pocz\u0105tkuj\u0105cych\" \/>\n<meta property=\"og:description\" content=\"Studio nagra\u0144 dla pocz\u0105tkuj\u0105cych. Pomagamy nagra\u0107 sw\u00f3j pierwszy utw\u00f3r i stworzy\u0107 wideo na YouTube. Czy\u015bcimy wokal z nieczysto\u015bci i nier\u00f3wno\u015bci\" \/>\n<meta property=\"og:url\" content=\"https:\/\/studionagranlodz.pl\/index.php\/dla-poczatkujacych\/\" \/>\n<meta property=\"og:site_name\" content=\"Studio Nagra\u0144 \u0141\u00f3d\u017a 11-tka. Zapis audio, edycja wokali, poprawa jako\u015bci plik\u00f3w z dyktafonu i wideo\" \/>\n<meta property=\"article:publisher\" content=\"https:\/\/www.facebook.com\/studionagraniowe11\" \/>\n<meta property=\"article:modified_time\" content=\"2026-05-15T05:01:08+00:00\" \/>\n<meta property=\"og:image\" content=\"https:\/\/studionagranlodz.pl\/wp-content\/uploads\/2024\/03\/Studio-nagran-11.jpg\" \/>\n\t<meta property=\"og:image:width\" content=\"1000\" \/>\n\t<meta property=\"og:image:height\" content=\"449\" \/>\n\t<meta property=\"og:image:type\" content=\"image\/jpeg\" \/>\n<meta name=\"twitter:card\" content=\"summary_large_image\" \/>\n<meta name=\"twitter:label1\" content=\"Szacowany czas czytania\" \/>\n\t<meta name=\"twitter:data1\" content=\"3 minuty\" \/>\n<script type=\"application\/ld+json\" class=\"yoast-schema-graph\">{\"@context\":\"https:\\\/\\\/schema.org\",\"@graph\":[{\"@type\":\"WebPage\",\"@id\":\"https:\\\/\\\/studionagranlodz.pl\\\/index.php\\\/dla-poczatkujacych\\\/\",\"url\":\"https:\\\/\\\/studionagranlodz.pl\\\/index.php\\\/dla-poczatkujacych\\\/\",\"name\":\"Dla pocz\u0105tkuj\u0105cych - Studio Nagra\u0144 \u0141\u00f3d\u017a 11-tka. Zapis audio, edycja wokali, poprawa jako\u015bci plik\u00f3w z dyktafonu i wideo\",\"isPartOf\":{\"@id\":\"https:\\\/\\\/studionagranlodz.pl\\\/#website\"},\"primaryImageOfPage\":{\"@id\":\"https:\\\/\\\/studionagranlodz.pl\\\/index.php\\\/dla-poczatkujacych\\\/#primaryimage\"},\"image\":{\"@id\":\"https:\\\/\\\/studionagranlodz.pl\\\/index.php\\\/dla-poczatkujacych\\\/#primaryimage\"},\"thumbnailUrl\":\"https:\\\/\\\/studionagranlodz.pl\\\/wp-content\\\/uploads\\\/2024\\\/03\\\/Studio-nagran-11.jpg\",\"datePublished\":\"2022-09-01T06:47:31+00:00\",\"dateModified\":\"2026-05-15T05:01:08+00:00\",\"description\":\"Studio nagra\u0144 dla pocz\u0105tkuj\u0105cych. Pomagamy nagra\u0107 sw\u00f3j pierwszy utw\u00f3r i stworzy\u0107 wideo na YouTube. Czy\u015bcimy wokal z nieczysto\u015bci i nier\u00f3wno\u015bci\",\"breadcrumb\":{\"@id\":\"https:\\\/\\\/studionagranlodz.pl\\\/index.php\\\/dla-poczatkujacych\\\/#breadcrumb\"},\"inLanguage\":\"pl-PL\",\"potentialAction\":[{\"@type\":\"ReadAction\",\"target\":[\"https:\\\/\\\/studionagranlodz.pl\\\/index.php\\\/dla-poczatkujacych\\\/\"]}]},{\"@type\":\"ImageObject\",\"inLanguage\":\"pl-PL\",\"@id\":\"https:\\\/\\\/studionagranlodz.pl\\\/index.php\\\/dla-poczatkujacych\\\/#primaryimage\",\"url\":\"https:\\\/\\\/studionagranlodz.pl\\\/wp-content\\\/uploads\\\/2024\\\/03\\\/Studio-nagran-11.jpg\",\"contentUrl\":\"https:\\\/\\\/studionagranlodz.pl\\\/wp-content\\\/uploads\\\/2024\\\/03\\\/Studio-nagran-11.jpg\",\"width\":1000,\"height\":449,\"caption\":\"Studio nagra\u0144 dla pocz\u0105tkuj\u0105cych\"},{\"@type\":\"BreadcrumbList\",\"@id\":\"https:\\\/\\\/studionagranlodz.pl\\\/index.php\\\/dla-poczatkujacych\\\/#breadcrumb\",\"itemListElement\":[{\"@type\":\"ListItem\",\"position\":1,\"name\":\"Home\",\"item\":\"https:\\\/\\\/studionagranlodz.pl\\\/\"},{\"@type\":\"ListItem\",\"position\":2,\"name\":\"Dla pocz\u0105tkuj\u0105cych\"}]},{\"@type\":\"WebSite\",\"@id\":\"https:\\\/\\\/studionagranlodz.pl\\\/#website\",\"url\":\"https:\\\/\\\/studionagranlodz.pl\\\/\",\"name\":\"Studio Nagra\u0144 \u0141\u00f3d\u017a 11-tka\",\"description\":\"Studio nagra\u0144 \u0141\u00f3d\u017a oferuje nagrania wokalist\u00f3w, lektor\u00f3w, mix i mastering. Odszumianie nagra\u0144 z dyktafonu. Produkcj\u0119 muzyczn\u0105 wraz z kompozycj\u0105 i aran\u017cacj\u0105.\",\"publisher\":{\"@id\":\"https:\\\/\\\/studionagranlodz.pl\\\/#organization\"},\"potentialAction\":[{\"@type\":\"SearchAction\",\"target\":{\"@type\":\"EntryPoint\",\"urlTemplate\":\"https:\\\/\\\/studionagranlodz.pl\\\/?s={search_term_string}\"},\"query-input\":{\"@type\":\"PropertyValueSpecification\",\"valueRequired\":true,\"valueName\":\"search_term_string\"}}],\"inLanguage\":\"pl-PL\"},{\"@type\":\"Organization\",\"@id\":\"https:\\\/\\\/studionagranlodz.pl\\\/#organization\",\"name\":\"PZ audio\",\"alternateName\":\"Studio nagra\u0144 \u0141\u00f3d\u017a\",\"url\":\"https:\\\/\\\/studionagranlodz.pl\\\/\",\"logo\":{\"@type\":\"ImageObject\",\"inLanguage\":\"pl-PL\",\"@id\":\"https:\\\/\\\/studionagranlodz.pl\\\/#\\\/schema\\\/logo\\\/image\\\/\",\"url\":\"https:\\\/\\\/studionagranlodz.pl\\\/wp-content\\\/uploads\\\/2024\\\/08\\\/cropped-sound_studio_11_google_thumbnail.png\",\"contentUrl\":\"https:\\\/\\\/studionagranlodz.pl\\\/wp-content\\\/uploads\\\/2024\\\/08\\\/cropped-sound_studio_11_google_thumbnail.png\",\"width\":1024,\"height\":1024,\"caption\":\"PZ audio\"},\"image\":{\"@id\":\"https:\\\/\\\/studionagranlodz.pl\\\/#\\\/schema\\\/logo\\\/image\\\/\"},\"sameAs\":[\"https:\\\/\\\/www.facebook.com\\\/studionagraniowe11\"]}]}<\/script>\n<!-- \/ Yoast SEO Premium plugin. -->","yoast_head_json":{"title":"Dla pocz\u0105tkuj\u0105cych - Studio Nagra\u0144 \u0141\u00f3d\u017a 11-tka. Zapis audio, edycja wokali, poprawa jako\u015bci plik\u00f3w z dyktafonu i wideo","description":"Studio nagra\u0144 dla pocz\u0105tkuj\u0105cych. Pomagamy nagra\u0107 sw\u00f3j pierwszy utw\u00f3r i stworzy\u0107 wideo na YouTube. Czy\u015bcimy wokal z nieczysto\u015bci i nier\u00f3wno\u015bci","robots":{"index":"index","follow":"follow","max-snippet":"max-snippet:-1","max-image-preview":"max-image-preview:large","max-video-preview":"max-video-preview:-1"},"canonical":"https:\/\/studionagranlodz.pl\/index.php\/dla-poczatkujacych\/","og_locale":"pl_PL","og_type":"article","og_title":"Dla pocz\u0105tkuj\u0105cych","og_description":"Studio nagra\u0144 dla pocz\u0105tkuj\u0105cych. Pomagamy nagra\u0107 sw\u00f3j pierwszy utw\u00f3r i stworzy\u0107 wideo na YouTube. Czy\u015bcimy wokal z nieczysto\u015bci i nier\u00f3wno\u015bci","og_url":"https:\/\/studionagranlodz.pl\/index.php\/dla-poczatkujacych\/","og_site_name":"Studio Nagra\u0144 \u0141\u00f3d\u017a 11-tka. Zapis audio, edycja wokali, poprawa jako\u015bci plik\u00f3w z dyktafonu i wideo","article_publisher":"https:\/\/www.facebook.com\/studionagraniowe11","article_modified_time":"2026-05-15T05:01:08+00:00","og_image":[{"width":1000,"height":449,"url":"https:\/\/studionagranlodz.pl\/wp-content\/uploads\/2024\/03\/Studio-nagran-11.jpg","type":"image\/jpeg"}],"twitter_card":"summary_large_image","twitter_misc":{"Szacowany czas czytania":"3 minuty"},"schema":{"@context":"https:\/\/schema.org","@graph":[{"@type":"WebPage","@id":"https:\/\/studionagranlodz.pl\/index.php\/dla-poczatkujacych\/","url":"https:\/\/studionagranlodz.pl\/index.php\/dla-poczatkujacych\/","name":"Dla pocz\u0105tkuj\u0105cych - Studio Nagra\u0144 \u0141\u00f3d\u017a 11-tka. Zapis audio, edycja wokali, poprawa jako\u015bci plik\u00f3w z dyktafonu i wideo","isPartOf":{"@id":"https:\/\/studionagranlodz.pl\/#website"},"primaryImageOfPage":{"@id":"https:\/\/studionagranlodz.pl\/index.php\/dla-poczatkujacych\/#primaryimage"},"image":{"@id":"https:\/\/studionagranlodz.pl\/index.php\/dla-poczatkujacych\/#primaryimage"},"thumbnailUrl":"https:\/\/studionagranlodz.pl\/wp-content\/uploads\/2024\/03\/Studio-nagran-11.jpg","datePublished":"2022-09-01T06:47:31+00:00","dateModified":"2026-05-15T05:01:08+00:00","description":"Studio nagra\u0144 dla pocz\u0105tkuj\u0105cych. Pomagamy nagra\u0107 sw\u00f3j pierwszy utw\u00f3r i stworzy\u0107 wideo na YouTube. Czy\u015bcimy wokal z nieczysto\u015bci i nier\u00f3wno\u015bci","breadcrumb":{"@id":"https:\/\/studionagranlodz.pl\/index.php\/dla-poczatkujacych\/#breadcrumb"},"inLanguage":"pl-PL","potentialAction":[{"@type":"ReadAction","target":["https:\/\/studionagranlodz.pl\/index.php\/dla-poczatkujacych\/"]}]},{"@type":"ImageObject","inLanguage":"pl-PL","@id":"https:\/\/studionagranlodz.pl\/index.php\/dla-poczatkujacych\/#primaryimage","url":"https:\/\/studionagranlodz.pl\/wp-content\/uploads\/2024\/03\/Studio-nagran-11.jpg","contentUrl":"https:\/\/studionagranlodz.pl\/wp-content\/uploads\/2024\/03\/Studio-nagran-11.jpg","width":1000,"height":449,"caption":"Studio nagra\u0144 dla pocz\u0105tkuj\u0105cych"},{"@type":"BreadcrumbList","@id":"https:\/\/studionagranlodz.pl\/index.php\/dla-poczatkujacych\/#breadcrumb","itemListElement":[{"@type":"ListItem","position":1,"name":"Home","item":"https:\/\/studionagranlodz.pl\/"},{"@type":"ListItem","position":2,"name":"Dla pocz\u0105tkuj\u0105cych"}]},{"@type":"WebSite","@id":"https:\/\/studionagranlodz.pl\/#website","url":"https:\/\/studionagranlodz.pl\/","name":"Studio Nagra\u0144 \u0141\u00f3d\u017a 11-tka","description":"Studio nagra\u0144 \u0141\u00f3d\u017a oferuje nagrania wokalist\u00f3w, lektor\u00f3w, mix i mastering. Odszumianie nagra\u0144 z dyktafonu. Produkcj\u0119 muzyczn\u0105 wraz z kompozycj\u0105 i aran\u017cacj\u0105.","publisher":{"@id":"https:\/\/studionagranlodz.pl\/#organization"},"potentialAction":[{"@type":"SearchAction","target":{"@type":"EntryPoint","urlTemplate":"https:\/\/studionagranlodz.pl\/?s={search_term_string}"},"query-input":{"@type":"PropertyValueSpecification","valueRequired":true,"valueName":"search_term_string"}}],"inLanguage":"pl-PL"},{"@type":"Organization","@id":"https:\/\/studionagranlodz.pl\/#organization","name":"PZ audio","alternateName":"Studio nagra\u0144 \u0141\u00f3d\u017a","url":"https:\/\/studionagranlodz.pl\/","logo":{"@type":"ImageObject","inLanguage":"pl-PL","@id":"https:\/\/studionagranlodz.pl\/#\/schema\/logo\/image\/","url":"https:\/\/studionagranlodz.pl\/wp-content\/uploads\/2024\/08\/cropped-sound_studio_11_google_thumbnail.png","contentUrl":"https:\/\/studionagranlodz.pl\/wp-content\/uploads\/2024\/08\/cropped-sound_studio_11_google_thumbnail.png","width":1024,"height":1024,"caption":"PZ audio"},"image":{"@id":"https:\/\/studionagranlodz.pl\/#\/schema\/logo\/image\/"},"sameAs":["https:\/\/www.facebook.com\/studionagraniowe11"]}]}},"_links":{"self":[{"href":"https:\/\/studionagranlodz.pl\/index.php\/wp-json\/wp\/v2\/pages\/661","targetHints":{"allow":["GET"]}}],"collection":[{"href":"https:\/\/studionagranlodz.pl\/index.php\/wp-json\/wp\/v2\/pages"}],"about":[{"href":"https:\/\/studionagranlodz.pl\/index.php\/wp-json\/wp\/v2\/types\/page"}],"author":[{"embeddable":true,"href":"https:\/\/studionagranlodz.pl\/index.php\/wp-json\/wp\/v2\/users\/1"}],"replies":[{"embeddable":true,"href":"https:\/\/studionagranlodz.pl\/index.php\/wp-json\/wp\/v2\/comments?post=661"}],"version-history":[{"count":1,"href":"https:\/\/studionagranlodz.pl\/index.php\/wp-json\/wp\/v2\/pages\/661\/revisions"}],"predecessor-version":[{"id":1919,"href":"https:\/\/studionagranlodz.pl\/index.php\/wp-json\/wp\/v2\/pages\/661\/revisions\/1919"}],"wp:attachment":[{"href":"https:\/\/studionagranlodz.pl\/index.php\/wp-json\/wp\/v2\/media?parent=661"}],"curies":[{"name":"wp","href":"https:\/\/api.w.org\/{rel}","templated":true}]}}