{"id":477,"date":"2022-01-29T18:53:16","date_gmt":"2022-01-29T17:53:16","guid":{"rendered":"https:\/\/studionagranlodz.pl\/?page_id=477"},"modified":"2026-05-15T06:56:24","modified_gmt":"2026-05-15T04:56:24","slug":"autorskie-podklady-muzyczne-do-kupienia","status":"publish","type":"page","link":"https:\/\/studionagranlodz.pl\/index.php\/autorskie-podklady-muzyczne-do-kupienia\/","title":{"rendered":"Autorskie podk\u0142ady muzyczne do kupienia"},"content":{"rendered":"\n<h4 class=\"wp-block-heading\" id=\"sprzedaz-podkladow-muzycznych\">Sprzeda\u017c podk\u0142ad\u00f3w muzycznych  <\/h4>\n\n\n\n<p class=\"has-text-align-left\"><a href=\"https:\/\/www.youtube.com\/watch?v=sLun8qWQf0g\">Podk\u0142ady muzyczne do kupienia<\/a> to w 100% nasza produkcja muzyczna. Zapraszamy do zapoznania si\u0119 z nasz\u0105 ofert\u0105 jedynych w swoim rodzaju autorskich podk\u0142ad\u00f3w do piosenek w r\u00f3\u017cnych stylach muzycznych. Wykonane w naszym studio tracki sprzedajemy w wysokiej jako\u015bci Wav. 24-bity bez masteringu i z masterem (wedle \u017cyczenia). Mo\u017cemy r\u00f3wnie\u017c wys\u0142a\u0107 je w postaci pojedynczych \u015blad\u00f3w. Dop\u0142ata +10z\u0142<\/p>\n\n\n\n<p>Wszystkie aran\u017cacje muzyczne s\u0105 wykonywane na wysokiej klasy brzmieniach takich jak: Ni instruments, EZ Drummer, Halion czy Akai. Tworzymy muzyk\u0119 w r\u00f3znych stylach dlatego prosimy zapoznac si\u0119 z ofert\u0105 zawart\u0105 na innych naszych stronach.<\/p>\n\n\n\n<figure class=\"wp-block-image size-full is-resized\"><img loading=\"lazy\" decoding=\"async\" width=\"1000\" height=\"667\" src=\"https:\/\/studionagranlodz.pl\/wp-content\/uploads\/2023\/09\/P1000234.a.jpg\" alt=\"Autorskie aran\u017cacje muzyczne\" class=\"wp-image-1077\" style=\"width:573px;height:382px\" srcset=\"https:\/\/studionagranlodz.pl\/wp-content\/uploads\/2023\/09\/P1000234.a.jpg 1000w, https:\/\/studionagranlodz.pl\/wp-content\/uploads\/2023\/09\/P1000234.a-300x200.jpg 300w, https:\/\/studionagranlodz.pl\/wp-content\/uploads\/2023\/09\/P1000234.a-768x512.jpg 768w\" sizes=\"(max-width: 1000px) 100vw, 1000px\" \/><\/figure>\n\n\n\n<p class=\"has-text-align-left\">Na ka\u017cdy podk\u0142ad otrzymaj\u0105 Pa\u0144stwo faktur\u0119 zakupu stwierdzaj\u0105c\u0105, \u017ce od tej pory mo\u017cna z niego bezpiecznie korzysta\u0107 nie obawiaj\u0105c si\u0119 o prawa autorskie i licencje.<\/p>\n\n\n\n<p><strong><em>Poni\u017cej przyk\u0142ady naszych produkcji do kupienia z czasem b\u0119dzie ich coraz wi\u0119cej:<\/em><\/strong><\/p>\n\n\n\n<p>Kompozycja w stylu ambient, muzyka filmowa, klimatyczne intro, orkiestra <strong>Cena: 50z\u0142<\/strong> (wersja demo do ods\u0142uchania)<\/p>\n\n\n\n<p> <iframe loading=\"lazy\" src=\"https:\/\/www.youtube.com\/embed\/IV8LfsAuwug\" title=\"YouTube video player\" allow=\"accelerometer; autoplay; clipboard-write; encrypted-media; gyroscope; picture-in-picture\" allowfullscreen=\"\" width=\"260\" height=\"115\" frameborder=\"0\"><\/p><\/iframe><\/p>\n\n\n\n<p>Podk\u0142ad muzyczny w stylu dance, disco, house, lata 90-te, disco-dance <strong>Cena: 50z\u0142<\/strong> (wersja demo do ods\u0142uchania)<\/p>\n\n\n\n<p><iframe loading=\"lazy\" src=\"https:\/\/www.youtube.com\/embed\/sLun8qWQf0g\" title=\"YouTube video player\" allow=\"accelerometer; autoplay; clipboard-write; encrypted-media; gyroscope; picture-in-picture\" allowfullscreen=\"\" width=\"260\" height=\"115\" frameborder=\"0\"><\/p><\/iframe><\/p>\n\n\n\n<p>Wszystkie podk\u0142ady do piosenek s\u0105 robione na oryginalnych instrumentach, brzmieniach Vst i programach \u015bwiatowych cenionych marek. Na ka\u017cdy track wystawiamy <strong>faktur\u0119<\/strong>, kt\u00f3ra jest te\u017c dowodem zakupu i jednocze\u015bnie <strong>licencj\u0105 do wykorzystywania w<\/strong> <strong>sieci i nie tylko bez \u017cadnych ogranicze\u0144.<\/strong><\/p>\n\n\n\n<p><strong><em>Pr\u00f3bki autorskich podk\u0142ad\u00f3w hip-hop (tutaj w jako\u015bci mp3 192 kb\/s):<\/em><\/strong><\/p>\n\n\n\n<figure class=\"wp-block-audio\"><audio controls src=\"https:\/\/studionagranlodz.pl\/wp-content\/uploads\/2026\/04\/Probka-bit.mp3\"><\/audio><\/figure>\n\n\n\n<figure class=\"wp-block-audio\"><audio controls src=\"https:\/\/studionagranlodz.pl\/wp-content\/uploads\/2026\/04\/Probka-bit2.mp3\"><\/audio><\/figure>\n\n\n\n<figure class=\"wp-block-audio\"><audio controls src=\"https:\/\/studionagranlodz.pl\/wp-content\/uploads\/2024\/03\/Hip-hop-probka.mp3\"><\/audio><\/figure>\n\n\n\n<p>W stylu EDM, dance:<\/p>\n\n\n\n<figure class=\"wp-block-audio\"><audio controls src=\"https:\/\/studionagranlodz.pl\/wp-content\/uploads\/2026\/04\/Probka-EDM.mp3\"><\/audio><\/figure>\n\n\n\n<p>Jazz, funk, hip-hop:<\/p>\n\n\n\n<figure class=\"wp-block-audio\"><audio controls src=\"https:\/\/studionagranlodz.pl\/wp-content\/uploads\/2024\/03\/Jazz-Hip-hop-probka.mp3\"><\/audio><\/figure>\n\n\n\n<p>Mo\u017cna u nas r\u00f3wnie\u017c zam\u00f3wi\u0107 oryginalny autorski podk\u0142ad robiony pod tekst piosenki. Wi\u0119cej szczeg\u00f3\u0142\u00f3w znajduje si\u0119 tu: <a href=\"https:\/\/studionagranlodz.pl\/index.php\/podklady-muzyczne-na-zamowienie\/\">Podk\u0142ady muzyczne<\/a><\/p>\n\n\n\n<p><\/p>\n\n\n\n<figure class=\"wp-block-image size-large is-resized\"><img loading=\"lazy\" decoding=\"async\" width=\"1024\" height=\"366\" src=\"https:\/\/studionagranlodz.pl\/wp-content\/uploads\/2019\/05\/zaiks-1024x366.jpg\" alt=\"podk\u0142ady muzyczne do kupienia\" class=\"wp-image-223\" style=\"width:193px;height:69px\" srcset=\"https:\/\/studionagranlodz.pl\/wp-content\/uploads\/2019\/05\/zaiks-1024x366.jpg 1024w, https:\/\/studionagranlodz.pl\/wp-content\/uploads\/2019\/05\/zaiks-300x107.jpg 300w, https:\/\/studionagranlodz.pl\/wp-content\/uploads\/2019\/05\/zaiks-768x274.jpg 768w, https:\/\/studionagranlodz.pl\/wp-content\/uploads\/2019\/05\/zaiks.jpg 1400w\" sizes=\"(max-width: 1024px) 100vw, 1024px\" \/><\/figure>\n","protected":false},"excerpt":{"rendered":"<p>Sprzeda\u017c podk\u0142ad\u00f3w muzycznych Podk\u0142ady muzyczne do kupienia to w 100% nasza produkcja muzyczna. Zapraszamy do zapoznania si\u0119 z nasz\u0105 ofert\u0105 jedynych w swoim rodzaju autorskich podk\u0142ad\u00f3w do piosenek w r\u00f3\u017cnych stylach muzycznych. Wykonane w naszym studio tracki sprzedajemy w wysokiej jako\u015bci Wav. 24-bity bez masteringu i z masterem (wedle \u017cyczenia). Mo\u017cemy r\u00f3wnie\u017c wys\u0142a\u0107 je w [&hellip;]<\/p>\n","protected":false},"author":1,"featured_media":0,"parent":0,"menu_order":0,"comment_status":"closed","ping_status":"closed","template":"","meta":{"_et_pb_use_builder":"","_et_pb_old_content":"","_et_gb_content_width":"","footnotes":""},"class_list":["post-477","page","type-page","status-publish","hentry"],"yoast_head":"<!-- This site is optimized with the Yoast SEO Premium plugin v26.4 (Yoast SEO v27.6) - https:\/\/yoast.com\/product\/yoast-seo-premium-wordpress\/ -->\n<title>Autorskie podk\u0142ady muzyczne do kupienia - Studio Nagra\u0144 \u0141\u00f3d\u017a 11-tka. Zapis audio, edycja wokali, poprawa jako\u015bci plik\u00f3w z dyktafonu i wideo<\/title>\n<meta name=\"description\" content=\"Podk\u0142ady muzyczne do kupienia, sprzeda\u017c podk\u0142ad\u00f3w muzycznych, sklep z trackami do piosenek. Oferujemy Wav. najwy\u017cszej jako\u015bci oraz \u015blady.\" \/>\n<meta name=\"robots\" content=\"index, follow, max-snippet:-1, max-image-preview:large, max-video-preview:-1\" \/>\n<link rel=\"canonical\" href=\"https:\/\/studionagranlodz.pl\/index.php\/autorskie-podklady-muzyczne-do-kupienia\/\" \/>\n<meta property=\"og:locale\" content=\"pl_PL\" \/>\n<meta property=\"og:type\" content=\"article\" \/>\n<meta property=\"og:title\" content=\"Autorskie podk\u0142ady muzyczne do kupienia\" \/>\n<meta property=\"og:description\" content=\"Podk\u0142ady muzyczne do kupienia, sprzeda\u017c podk\u0142ad\u00f3w muzycznych, sklep z trackami do piosenek. Oferujemy Wav. najwy\u017cszej jako\u015bci oraz \u015blady.\" \/>\n<meta property=\"og:url\" content=\"https:\/\/studionagranlodz.pl\/index.php\/autorskie-podklady-muzyczne-do-kupienia\/\" \/>\n<meta property=\"og:site_name\" content=\"Studio Nagra\u0144 \u0141\u00f3d\u017a 11-tka. Zapis audio, edycja wokali, poprawa jako\u015bci plik\u00f3w z dyktafonu i wideo\" \/>\n<meta property=\"article:publisher\" content=\"https:\/\/www.facebook.com\/studionagraniowe11\" \/>\n<meta property=\"article:modified_time\" content=\"2026-05-15T04:56:24+00:00\" \/>\n<meta property=\"og:image\" content=\"https:\/\/studionagranlodz.pl\/wp-content\/uploads\/2023\/09\/P1000234.a.jpg\" \/>\n\t<meta property=\"og:image:width\" content=\"1000\" \/>\n\t<meta property=\"og:image:height\" content=\"667\" \/>\n\t<meta property=\"og:image:type\" content=\"image\/jpeg\" \/>\n<meta name=\"twitter:card\" content=\"summary_large_image\" \/>\n<meta name=\"twitter:label1\" content=\"Szacowany czas czytania\" \/>\n\t<meta name=\"twitter:data1\" content=\"2 minuty\" \/>\n<script type=\"application\/ld+json\" class=\"yoast-schema-graph\">{\"@context\":\"https:\\\/\\\/schema.org\",\"@graph\":[{\"@type\":\"WebPage\",\"@id\":\"https:\\\/\\\/studionagranlodz.pl\\\/index.php\\\/autorskie-podklady-muzyczne-do-kupienia\\\/\",\"url\":\"https:\\\/\\\/studionagranlodz.pl\\\/index.php\\\/autorskie-podklady-muzyczne-do-kupienia\\\/\",\"name\":\"Autorskie podk\u0142ady muzyczne do kupienia - Studio Nagra\u0144 \u0141\u00f3d\u017a 11-tka. Zapis audio, edycja wokali, poprawa jako\u015bci plik\u00f3w z dyktafonu i wideo\",\"isPartOf\":{\"@id\":\"https:\\\/\\\/studionagranlodz.pl\\\/#website\"},\"primaryImageOfPage\":{\"@id\":\"https:\\\/\\\/studionagranlodz.pl\\\/index.php\\\/autorskie-podklady-muzyczne-do-kupienia\\\/#primaryimage\"},\"image\":{\"@id\":\"https:\\\/\\\/studionagranlodz.pl\\\/index.php\\\/autorskie-podklady-muzyczne-do-kupienia\\\/#primaryimage\"},\"thumbnailUrl\":\"https:\\\/\\\/studionagranlodz.pl\\\/wp-content\\\/uploads\\\/2023\\\/09\\\/P1000234.a.jpg\",\"datePublished\":\"2022-01-29T17:53:16+00:00\",\"dateModified\":\"2026-05-15T04:56:24+00:00\",\"description\":\"Podk\u0142ady muzyczne do kupienia, sprzeda\u017c podk\u0142ad\u00f3w muzycznych, sklep z trackami do piosenek. Oferujemy Wav. najwy\u017cszej jako\u015bci oraz \u015blady.\",\"breadcrumb\":{\"@id\":\"https:\\\/\\\/studionagranlodz.pl\\\/index.php\\\/autorskie-podklady-muzyczne-do-kupienia\\\/#breadcrumb\"},\"inLanguage\":\"pl-PL\",\"potentialAction\":[{\"@type\":\"ReadAction\",\"target\":[\"https:\\\/\\\/studionagranlodz.pl\\\/index.php\\\/autorskie-podklady-muzyczne-do-kupienia\\\/\"]}]},{\"@type\":\"ImageObject\",\"inLanguage\":\"pl-PL\",\"@id\":\"https:\\\/\\\/studionagranlodz.pl\\\/index.php\\\/autorskie-podklady-muzyczne-do-kupienia\\\/#primaryimage\",\"url\":\"https:\\\/\\\/studionagranlodz.pl\\\/wp-content\\\/uploads\\\/2023\\\/09\\\/P1000234.a.jpg\",\"contentUrl\":\"https:\\\/\\\/studionagranlodz.pl\\\/wp-content\\\/uploads\\\/2023\\\/09\\\/P1000234.a.jpg\",\"width\":1000,\"height\":667,\"caption\":\"Autorskie aran\u017cacje muzyczne\"},{\"@type\":\"BreadcrumbList\",\"@id\":\"https:\\\/\\\/studionagranlodz.pl\\\/index.php\\\/autorskie-podklady-muzyczne-do-kupienia\\\/#breadcrumb\",\"itemListElement\":[{\"@type\":\"ListItem\",\"position\":1,\"name\":\"Home\",\"item\":\"https:\\\/\\\/studionagranlodz.pl\\\/\"},{\"@type\":\"ListItem\",\"position\":2,\"name\":\"Autorskie podk\u0142ady muzyczne do kupienia\"}]},{\"@type\":\"WebSite\",\"@id\":\"https:\\\/\\\/studionagranlodz.pl\\\/#website\",\"url\":\"https:\\\/\\\/studionagranlodz.pl\\\/\",\"name\":\"Studio Nagra\u0144 \u0141\u00f3d\u017a 11-tka\",\"description\":\"Studio nagra\u0144 \u0141\u00f3d\u017a oferuje nagrania wokalist\u00f3w, lektor\u00f3w, mix i mastering. Odszumianie nagra\u0144 z dyktafonu. Produkcj\u0119 muzyczn\u0105 wraz z kompozycj\u0105 i aran\u017cacj\u0105.\",\"publisher\":{\"@id\":\"https:\\\/\\\/studionagranlodz.pl\\\/#organization\"},\"potentialAction\":[{\"@type\":\"SearchAction\",\"target\":{\"@type\":\"EntryPoint\",\"urlTemplate\":\"https:\\\/\\\/studionagranlodz.pl\\\/?s={search_term_string}\"},\"query-input\":{\"@type\":\"PropertyValueSpecification\",\"valueRequired\":true,\"valueName\":\"search_term_string\"}}],\"inLanguage\":\"pl-PL\"},{\"@type\":\"Organization\",\"@id\":\"https:\\\/\\\/studionagranlodz.pl\\\/#organization\",\"name\":\"PZ audio\",\"alternateName\":\"Studio nagra\u0144 \u0141\u00f3d\u017a\",\"url\":\"https:\\\/\\\/studionagranlodz.pl\\\/\",\"logo\":{\"@type\":\"ImageObject\",\"inLanguage\":\"pl-PL\",\"@id\":\"https:\\\/\\\/studionagranlodz.pl\\\/#\\\/schema\\\/logo\\\/image\\\/\",\"url\":\"https:\\\/\\\/studionagranlodz.pl\\\/wp-content\\\/uploads\\\/2024\\\/08\\\/cropped-sound_studio_11_google_thumbnail.png\",\"contentUrl\":\"https:\\\/\\\/studionagranlodz.pl\\\/wp-content\\\/uploads\\\/2024\\\/08\\\/cropped-sound_studio_11_google_thumbnail.png\",\"width\":1024,\"height\":1024,\"caption\":\"PZ audio\"},\"image\":{\"@id\":\"https:\\\/\\\/studionagranlodz.pl\\\/#\\\/schema\\\/logo\\\/image\\\/\"},\"sameAs\":[\"https:\\\/\\\/www.facebook.com\\\/studionagraniowe11\"]}]}<\/script>\n<!-- \/ Yoast SEO Premium plugin. -->","yoast_head_json":{"title":"Autorskie podk\u0142ady muzyczne do kupienia - Studio Nagra\u0144 \u0141\u00f3d\u017a 11-tka. Zapis audio, edycja wokali, poprawa jako\u015bci plik\u00f3w z dyktafonu i wideo","description":"Podk\u0142ady muzyczne do kupienia, sprzeda\u017c podk\u0142ad\u00f3w muzycznych, sklep z trackami do piosenek. Oferujemy Wav. najwy\u017cszej jako\u015bci oraz \u015blady.","robots":{"index":"index","follow":"follow","max-snippet":"max-snippet:-1","max-image-preview":"max-image-preview:large","max-video-preview":"max-video-preview:-1"},"canonical":"https:\/\/studionagranlodz.pl\/index.php\/autorskie-podklady-muzyczne-do-kupienia\/","og_locale":"pl_PL","og_type":"article","og_title":"Autorskie podk\u0142ady muzyczne do kupienia","og_description":"Podk\u0142ady muzyczne do kupienia, sprzeda\u017c podk\u0142ad\u00f3w muzycznych, sklep z trackami do piosenek. Oferujemy Wav. najwy\u017cszej jako\u015bci oraz \u015blady.","og_url":"https:\/\/studionagranlodz.pl\/index.php\/autorskie-podklady-muzyczne-do-kupienia\/","og_site_name":"Studio Nagra\u0144 \u0141\u00f3d\u017a 11-tka. Zapis audio, edycja wokali, poprawa jako\u015bci plik\u00f3w z dyktafonu i wideo","article_publisher":"https:\/\/www.facebook.com\/studionagraniowe11","article_modified_time":"2026-05-15T04:56:24+00:00","og_image":[{"width":1000,"height":667,"url":"https:\/\/studionagranlodz.pl\/wp-content\/uploads\/2023\/09\/P1000234.a.jpg","type":"image\/jpeg"}],"twitter_card":"summary_large_image","twitter_misc":{"Szacowany czas czytania":"2 minuty"},"schema":{"@context":"https:\/\/schema.org","@graph":[{"@type":"WebPage","@id":"https:\/\/studionagranlodz.pl\/index.php\/autorskie-podklady-muzyczne-do-kupienia\/","url":"https:\/\/studionagranlodz.pl\/index.php\/autorskie-podklady-muzyczne-do-kupienia\/","name":"Autorskie podk\u0142ady muzyczne do kupienia - Studio Nagra\u0144 \u0141\u00f3d\u017a 11-tka. Zapis audio, edycja wokali, poprawa jako\u015bci plik\u00f3w z dyktafonu i wideo","isPartOf":{"@id":"https:\/\/studionagranlodz.pl\/#website"},"primaryImageOfPage":{"@id":"https:\/\/studionagranlodz.pl\/index.php\/autorskie-podklady-muzyczne-do-kupienia\/#primaryimage"},"image":{"@id":"https:\/\/studionagranlodz.pl\/index.php\/autorskie-podklady-muzyczne-do-kupienia\/#primaryimage"},"thumbnailUrl":"https:\/\/studionagranlodz.pl\/wp-content\/uploads\/2023\/09\/P1000234.a.jpg","datePublished":"2022-01-29T17:53:16+00:00","dateModified":"2026-05-15T04:56:24+00:00","description":"Podk\u0142ady muzyczne do kupienia, sprzeda\u017c podk\u0142ad\u00f3w muzycznych, sklep z trackami do piosenek. Oferujemy Wav. najwy\u017cszej jako\u015bci oraz \u015blady.","breadcrumb":{"@id":"https:\/\/studionagranlodz.pl\/index.php\/autorskie-podklady-muzyczne-do-kupienia\/#breadcrumb"},"inLanguage":"pl-PL","potentialAction":[{"@type":"ReadAction","target":["https:\/\/studionagranlodz.pl\/index.php\/autorskie-podklady-muzyczne-do-kupienia\/"]}]},{"@type":"ImageObject","inLanguage":"pl-PL","@id":"https:\/\/studionagranlodz.pl\/index.php\/autorskie-podklady-muzyczne-do-kupienia\/#primaryimage","url":"https:\/\/studionagranlodz.pl\/wp-content\/uploads\/2023\/09\/P1000234.a.jpg","contentUrl":"https:\/\/studionagranlodz.pl\/wp-content\/uploads\/2023\/09\/P1000234.a.jpg","width":1000,"height":667,"caption":"Autorskie aran\u017cacje muzyczne"},{"@type":"BreadcrumbList","@id":"https:\/\/studionagranlodz.pl\/index.php\/autorskie-podklady-muzyczne-do-kupienia\/#breadcrumb","itemListElement":[{"@type":"ListItem","position":1,"name":"Home","item":"https:\/\/studionagranlodz.pl\/"},{"@type":"ListItem","position":2,"name":"Autorskie podk\u0142ady muzyczne do kupienia"}]},{"@type":"WebSite","@id":"https:\/\/studionagranlodz.pl\/#website","url":"https:\/\/studionagranlodz.pl\/","name":"Studio Nagra\u0144 \u0141\u00f3d\u017a 11-tka","description":"Studio nagra\u0144 \u0141\u00f3d\u017a oferuje nagrania wokalist\u00f3w, lektor\u00f3w, mix i mastering. Odszumianie nagra\u0144 z dyktafonu. Produkcj\u0119 muzyczn\u0105 wraz z kompozycj\u0105 i aran\u017cacj\u0105.","publisher":{"@id":"https:\/\/studionagranlodz.pl\/#organization"},"potentialAction":[{"@type":"SearchAction","target":{"@type":"EntryPoint","urlTemplate":"https:\/\/studionagranlodz.pl\/?s={search_term_string}"},"query-input":{"@type":"PropertyValueSpecification","valueRequired":true,"valueName":"search_term_string"}}],"inLanguage":"pl-PL"},{"@type":"Organization","@id":"https:\/\/studionagranlodz.pl\/#organization","name":"PZ audio","alternateName":"Studio nagra\u0144 \u0141\u00f3d\u017a","url":"https:\/\/studionagranlodz.pl\/","logo":{"@type":"ImageObject","inLanguage":"pl-PL","@id":"https:\/\/studionagranlodz.pl\/#\/schema\/logo\/image\/","url":"https:\/\/studionagranlodz.pl\/wp-content\/uploads\/2024\/08\/cropped-sound_studio_11_google_thumbnail.png","contentUrl":"https:\/\/studionagranlodz.pl\/wp-content\/uploads\/2024\/08\/cropped-sound_studio_11_google_thumbnail.png","width":1024,"height":1024,"caption":"PZ audio"},"image":{"@id":"https:\/\/studionagranlodz.pl\/#\/schema\/logo\/image\/"},"sameAs":["https:\/\/www.facebook.com\/studionagraniowe11"]}]}},"_links":{"self":[{"href":"https:\/\/studionagranlodz.pl\/index.php\/wp-json\/wp\/v2\/pages\/477","targetHints":{"allow":["GET"]}}],"collection":[{"href":"https:\/\/studionagranlodz.pl\/index.php\/wp-json\/wp\/v2\/pages"}],"about":[{"href":"https:\/\/studionagranlodz.pl\/index.php\/wp-json\/wp\/v2\/types\/page"}],"author":[{"embeddable":true,"href":"https:\/\/studionagranlodz.pl\/index.php\/wp-json\/wp\/v2\/users\/1"}],"replies":[{"embeddable":true,"href":"https:\/\/studionagranlodz.pl\/index.php\/wp-json\/wp\/v2\/comments?post=477"}],"version-history":[{"count":4,"href":"https:\/\/studionagranlodz.pl\/index.php\/wp-json\/wp\/v2\/pages\/477\/revisions"}],"predecessor-version":[{"id":1914,"href":"https:\/\/studionagranlodz.pl\/index.php\/wp-json\/wp\/v2\/pages\/477\/revisions\/1914"}],"wp:attachment":[{"href":"https:\/\/studionagranlodz.pl\/index.php\/wp-json\/wp\/v2\/media?parent=477"}],"curies":[{"name":"wp","href":"https:\/\/api.w.org\/{rel}","templated":true}]}}