{"id":249,"date":"2019-07-13T07:53:40","date_gmt":"2019-07-13T07:53:40","guid":{"rendered":"https:\/\/studionagranlodz.pl\/?page_id=249"},"modified":"2021-12-30T10:53:57","modified_gmt":"2021-12-30T09:53:57","slug":"postprodukcja","status":"publish","type":"page","link":"https:\/\/studionagranlodz.pl\/index.php\/postprodukcja\/","title":{"rendered":"Postprodukcja"},"content":{"rendered":"<h2><strong>Postprodukcja audio i wideo<\/strong><\/h2>\n<p>Zajmujemy si\u0119 postprodukcj\u0105 audio-wideo na potrzeby prywatne i komercyjne.<\/p>\n<p>Oferujemy:<\/p>\n<ul>\n<li>Ca\u0142kowit\u0105 napraw\u0119 materia\u0142u audio<\/li>\n<li>Odszumianie, wycinanie oddech\u00f3w, wycinanie trzask\u00f3w i g\u0142osek wybuchowych, podmuch\u00f3w wiatru i szelest\u00f3w<\/li>\n<li>Wycinanie niechcianych odg\u0142os\u00f3w bez straty dialogu<\/li>\n<li>Usuwanie niepotrzebnych d\u017awi\u0119k\u00f3w z nagrania<\/li>\n<li>Separowanie t\u0142a (otoczenia) od g\u0142osu<\/li>\n<li>Equalizacj\u0119 i wzmocnienie dialog\u00f3w<\/li>\n<li>Poprawianie czytelno\u015bci dialog\u00f3w<\/li>\n<li>Postsynchrony<\/li>\n<li>Usuwanie klik\u00f3w i niepotrzebnych d\u017awi\u0119k\u00f3w powsta\u0142ych z przegrywania no\u015bnik\u00f3w DAT<\/li>\n<li>Synchronizacj\u0119 audio z wideo<\/li>\n<li>Ud\u017awi\u0119kawianie film\u00f3w<\/li>\n<li>Dodawanie cz\u0119stotliwo\u015bci (do s\u0142abszych nagra\u0144 typu mp3)<\/li>\n<li>Separowanie dialogu z otoczenia (sam g\u0142os bez innych odg\u0142os\u00f3w)<\/li>\n<\/ul>\n<p><img loading=\"lazy\" decoding=\"async\" class=\"alignnone wp-image-252 size-medium\" src=\"https:\/\/studionagranlodz.pl\/wp-content\/uploads\/2019\/07\/Postprodukcja-300x168.jpg\" alt=\"Postprodukcja\" width=\"300\" height=\"168\" srcset=\"https:\/\/studionagranlodz.pl\/wp-content\/uploads\/2019\/07\/Postprodukcja-300x168.jpg 300w, https:\/\/studionagranlodz.pl\/wp-content\/uploads\/2019\/07\/Postprodukcja-768x430.jpg 768w, https:\/\/studionagranlodz.pl\/wp-content\/uploads\/2019\/07\/Postprodukcja.jpg 936w\" sizes=\"(max-width: 300px) 100vw, 300px\" \/><\/p>\n<p>Postprodukcje realizujemy na najnowszym sprz\u0119cie i software \u015bwiatowych marek. Oferujemy wysok\u0105 jako\u015b\u0107 \u015bwiadczonych us\u0142ug i kr\u00f3tki czas realizacji zam\u00f3wie\u0144.<\/p>\n","protected":false},"excerpt":{"rendered":"<p>Postprodukcja audio i wideo Zajmujemy si\u0119 postprodukcj\u0105 audio-wideo na potrzeby prywatne i komercyjne. Oferujemy: Ca\u0142kowit\u0105 napraw\u0119 materia\u0142u audio Odszumianie, wycinanie oddech\u00f3w, wycinanie trzask\u00f3w i g\u0142osek wybuchowych, podmuch\u00f3w wiatru i szelest\u00f3w Wycinanie niechcianych odg\u0142os\u00f3w bez straty dialogu Usuwanie niepotrzebnych d\u017awi\u0119k\u00f3w z nagrania Separowanie t\u0142a (otoczenia) od g\u0142osu Equalizacj\u0119 i wzmocnienie dialog\u00f3w Poprawianie czytelno\u015bci dialog\u00f3w Postsynchrony Usuwanie [&hellip;]<\/p>\n","protected":false},"author":1,"featured_media":0,"parent":0,"menu_order":0,"comment_status":"closed","ping_status":"closed","template":"","meta":{"_et_pb_use_builder":"","_et_pb_old_content":"","_et_gb_content_width":"","footnotes":""},"class_list":["post-249","page","type-page","status-publish","hentry"],"yoast_head":"<!-- This site is optimized with the Yoast SEO Premium plugin v26.4 (Yoast SEO v27.6) - https:\/\/yoast.com\/product\/yoast-seo-premium-wordpress\/ -->\n<title>Postprodukcja - Studio Nagra\u0144 \u0141\u00f3d\u017a 11-tka. Zapis audio, edycja wokali, poprawa jako\u015bci plik\u00f3w z dyktafonu i wideo<\/title>\n<meta name=\"robots\" content=\"index, follow, max-snippet:-1, max-image-preview:large, max-video-preview:-1\" \/>\n<link rel=\"canonical\" href=\"https:\/\/studionagranlodz.pl\/index.php\/postprodukcja\/\" \/>\n<meta property=\"og:locale\" content=\"pl_PL\" \/>\n<meta property=\"og:type\" content=\"article\" \/>\n<meta property=\"og:title\" content=\"Postprodukcja\" \/>\n<meta property=\"og:description\" content=\"Postprodukcja audio i wideo Zajmujemy si\u0119 postprodukcj\u0105 audio-wideo na potrzeby prywatne i komercyjne. Oferujemy: Ca\u0142kowit\u0105 napraw\u0119 materia\u0142u audio Odszumianie, wycinanie oddech\u00f3w, wycinanie trzask\u00f3w i g\u0142osek wybuchowych, podmuch\u00f3w wiatru i szelest\u00f3w Wycinanie niechcianych odg\u0142os\u00f3w bez straty dialogu Usuwanie niepotrzebnych d\u017awi\u0119k\u00f3w z nagrania Separowanie t\u0142a (otoczenia) od g\u0142osu Equalizacj\u0119 i wzmocnienie dialog\u00f3w Poprawianie czytelno\u015bci dialog\u00f3w Postsynchrony Usuwanie [&hellip;]\" \/>\n<meta property=\"og:url\" content=\"https:\/\/studionagranlodz.pl\/index.php\/postprodukcja\/\" \/>\n<meta property=\"og:site_name\" content=\"Studio Nagra\u0144 \u0141\u00f3d\u017a 11-tka. Zapis audio, edycja wokali, poprawa jako\u015bci plik\u00f3w z dyktafonu i wideo\" \/>\n<meta property=\"article:publisher\" content=\"https:\/\/www.facebook.com\/studionagraniowe11\" \/>\n<meta property=\"article:modified_time\" content=\"2021-12-30T09:53:57+00:00\" \/>\n<meta property=\"og:image\" content=\"https:\/\/studionagranlodz.pl\/wp-content\/uploads\/2019\/07\/Postprodukcja-300x168.jpg\" \/>\n<meta name=\"twitter:card\" content=\"summary_large_image\" \/>\n<meta name=\"twitter:label1\" content=\"Szacowany czas czytania\" \/>\n\t<meta name=\"twitter:data1\" content=\"1 minuta\" \/>\n<script type=\"application\/ld+json\" class=\"yoast-schema-graph\">{\"@context\":\"https:\\\/\\\/schema.org\",\"@graph\":[{\"@type\":\"WebPage\",\"@id\":\"https:\\\/\\\/studionagranlodz.pl\\\/index.php\\\/postprodukcja\\\/\",\"url\":\"https:\\\/\\\/studionagranlodz.pl\\\/index.php\\\/postprodukcja\\\/\",\"name\":\"Postprodukcja - Studio Nagra\u0144 \u0141\u00f3d\u017a 11-tka. Zapis audio, edycja wokali, poprawa jako\u015bci plik\u00f3w z dyktafonu i wideo\",\"isPartOf\":{\"@id\":\"https:\\\/\\\/studionagranlodz.pl\\\/#website\"},\"primaryImageOfPage\":{\"@id\":\"https:\\\/\\\/studionagranlodz.pl\\\/index.php\\\/postprodukcja\\\/#primaryimage\"},\"image\":{\"@id\":\"https:\\\/\\\/studionagranlodz.pl\\\/index.php\\\/postprodukcja\\\/#primaryimage\"},\"thumbnailUrl\":\"https:\\\/\\\/studionagranlodz.pl\\\/wp-content\\\/uploads\\\/2019\\\/07\\\/Postprodukcja-300x168.jpg\",\"datePublished\":\"2019-07-13T07:53:40+00:00\",\"dateModified\":\"2021-12-30T09:53:57+00:00\",\"breadcrumb\":{\"@id\":\"https:\\\/\\\/studionagranlodz.pl\\\/index.php\\\/postprodukcja\\\/#breadcrumb\"},\"inLanguage\":\"pl-PL\",\"potentialAction\":[{\"@type\":\"ReadAction\",\"target\":[\"https:\\\/\\\/studionagranlodz.pl\\\/index.php\\\/postprodukcja\\\/\"]}]},{\"@type\":\"ImageObject\",\"inLanguage\":\"pl-PL\",\"@id\":\"https:\\\/\\\/studionagranlodz.pl\\\/index.php\\\/postprodukcja\\\/#primaryimage\",\"url\":\"https:\\\/\\\/studionagranlodz.pl\\\/wp-content\\\/uploads\\\/2019\\\/07\\\/Postprodukcja-300x168.jpg\",\"contentUrl\":\"https:\\\/\\\/studionagranlodz.pl\\\/wp-content\\\/uploads\\\/2019\\\/07\\\/Postprodukcja-300x168.jpg\"},{\"@type\":\"BreadcrumbList\",\"@id\":\"https:\\\/\\\/studionagranlodz.pl\\\/index.php\\\/postprodukcja\\\/#breadcrumb\",\"itemListElement\":[{\"@type\":\"ListItem\",\"position\":1,\"name\":\"Home\",\"item\":\"https:\\\/\\\/studionagranlodz.pl\\\/\"},{\"@type\":\"ListItem\",\"position\":2,\"name\":\"Postprodukcja\"}]},{\"@type\":\"WebSite\",\"@id\":\"https:\\\/\\\/studionagranlodz.pl\\\/#website\",\"url\":\"https:\\\/\\\/studionagranlodz.pl\\\/\",\"name\":\"Studio Nagra\u0144 \u0141\u00f3d\u017a 11-tka\",\"description\":\"Studio nagra\u0144 \u0141\u00f3d\u017a oferuje nagrania wokalist\u00f3w, lektor\u00f3w, mix i mastering. Odszumianie nagra\u0144 z dyktafonu. Produkcj\u0119 muzyczn\u0105 wraz z kompozycj\u0105 i aran\u017cacj\u0105.\",\"publisher\":{\"@id\":\"https:\\\/\\\/studionagranlodz.pl\\\/#organization\"},\"potentialAction\":[{\"@type\":\"SearchAction\",\"target\":{\"@type\":\"EntryPoint\",\"urlTemplate\":\"https:\\\/\\\/studionagranlodz.pl\\\/?s={search_term_string}\"},\"query-input\":{\"@type\":\"PropertyValueSpecification\",\"valueRequired\":true,\"valueName\":\"search_term_string\"}}],\"inLanguage\":\"pl-PL\"},{\"@type\":\"Organization\",\"@id\":\"https:\\\/\\\/studionagranlodz.pl\\\/#organization\",\"name\":\"PZ audio\",\"alternateName\":\"Studio nagra\u0144 \u0141\u00f3d\u017a\",\"url\":\"https:\\\/\\\/studionagranlodz.pl\\\/\",\"logo\":{\"@type\":\"ImageObject\",\"inLanguage\":\"pl-PL\",\"@id\":\"https:\\\/\\\/studionagranlodz.pl\\\/#\\\/schema\\\/logo\\\/image\\\/\",\"url\":\"https:\\\/\\\/studionagranlodz.pl\\\/wp-content\\\/uploads\\\/2024\\\/08\\\/cropped-sound_studio_11_google_thumbnail.png\",\"contentUrl\":\"https:\\\/\\\/studionagranlodz.pl\\\/wp-content\\\/uploads\\\/2024\\\/08\\\/cropped-sound_studio_11_google_thumbnail.png\",\"width\":1024,\"height\":1024,\"caption\":\"PZ audio\"},\"image\":{\"@id\":\"https:\\\/\\\/studionagranlodz.pl\\\/#\\\/schema\\\/logo\\\/image\\\/\"},\"sameAs\":[\"https:\\\/\\\/www.facebook.com\\\/studionagraniowe11\"]}]}<\/script>\n<!-- \/ Yoast SEO Premium plugin. -->","yoast_head_json":{"title":"Postprodukcja - Studio Nagra\u0144 \u0141\u00f3d\u017a 11-tka. Zapis audio, edycja wokali, poprawa jako\u015bci plik\u00f3w z dyktafonu i wideo","robots":{"index":"index","follow":"follow","max-snippet":"max-snippet:-1","max-image-preview":"max-image-preview:large","max-video-preview":"max-video-preview:-1"},"canonical":"https:\/\/studionagranlodz.pl\/index.php\/postprodukcja\/","og_locale":"pl_PL","og_type":"article","og_title":"Postprodukcja","og_description":"Postprodukcja audio i wideo Zajmujemy si\u0119 postprodukcj\u0105 audio-wideo na potrzeby prywatne i komercyjne. Oferujemy: Ca\u0142kowit\u0105 napraw\u0119 materia\u0142u audio Odszumianie, wycinanie oddech\u00f3w, wycinanie trzask\u00f3w i g\u0142osek wybuchowych, podmuch\u00f3w wiatru i szelest\u00f3w Wycinanie niechcianych odg\u0142os\u00f3w bez straty dialogu Usuwanie niepotrzebnych d\u017awi\u0119k\u00f3w z nagrania Separowanie t\u0142a (otoczenia) od g\u0142osu Equalizacj\u0119 i wzmocnienie dialog\u00f3w Poprawianie czytelno\u015bci dialog\u00f3w Postsynchrony Usuwanie [&hellip;]","og_url":"https:\/\/studionagranlodz.pl\/index.php\/postprodukcja\/","og_site_name":"Studio Nagra\u0144 \u0141\u00f3d\u017a 11-tka. Zapis audio, edycja wokali, poprawa jako\u015bci plik\u00f3w z dyktafonu i wideo","article_publisher":"https:\/\/www.facebook.com\/studionagraniowe11","article_modified_time":"2021-12-30T09:53:57+00:00","og_image":[{"url":"https:\/\/studionagranlodz.pl\/wp-content\/uploads\/2019\/07\/Postprodukcja-300x168.jpg","type":"","width":"","height":""}],"twitter_card":"summary_large_image","twitter_misc":{"Szacowany czas czytania":"1 minuta"},"schema":{"@context":"https:\/\/schema.org","@graph":[{"@type":"WebPage","@id":"https:\/\/studionagranlodz.pl\/index.php\/postprodukcja\/","url":"https:\/\/studionagranlodz.pl\/index.php\/postprodukcja\/","name":"Postprodukcja - Studio Nagra\u0144 \u0141\u00f3d\u017a 11-tka. Zapis audio, edycja wokali, poprawa jako\u015bci plik\u00f3w z dyktafonu i wideo","isPartOf":{"@id":"https:\/\/studionagranlodz.pl\/#website"},"primaryImageOfPage":{"@id":"https:\/\/studionagranlodz.pl\/index.php\/postprodukcja\/#primaryimage"},"image":{"@id":"https:\/\/studionagranlodz.pl\/index.php\/postprodukcja\/#primaryimage"},"thumbnailUrl":"https:\/\/studionagranlodz.pl\/wp-content\/uploads\/2019\/07\/Postprodukcja-300x168.jpg","datePublished":"2019-07-13T07:53:40+00:00","dateModified":"2021-12-30T09:53:57+00:00","breadcrumb":{"@id":"https:\/\/studionagranlodz.pl\/index.php\/postprodukcja\/#breadcrumb"},"inLanguage":"pl-PL","potentialAction":[{"@type":"ReadAction","target":["https:\/\/studionagranlodz.pl\/index.php\/postprodukcja\/"]}]},{"@type":"ImageObject","inLanguage":"pl-PL","@id":"https:\/\/studionagranlodz.pl\/index.php\/postprodukcja\/#primaryimage","url":"https:\/\/studionagranlodz.pl\/wp-content\/uploads\/2019\/07\/Postprodukcja-300x168.jpg","contentUrl":"https:\/\/studionagranlodz.pl\/wp-content\/uploads\/2019\/07\/Postprodukcja-300x168.jpg"},{"@type":"BreadcrumbList","@id":"https:\/\/studionagranlodz.pl\/index.php\/postprodukcja\/#breadcrumb","itemListElement":[{"@type":"ListItem","position":1,"name":"Home","item":"https:\/\/studionagranlodz.pl\/"},{"@type":"ListItem","position":2,"name":"Postprodukcja"}]},{"@type":"WebSite","@id":"https:\/\/studionagranlodz.pl\/#website","url":"https:\/\/studionagranlodz.pl\/","name":"Studio Nagra\u0144 \u0141\u00f3d\u017a 11-tka","description":"Studio nagra\u0144 \u0141\u00f3d\u017a oferuje nagrania wokalist\u00f3w, lektor\u00f3w, mix i mastering. Odszumianie nagra\u0144 z dyktafonu. Produkcj\u0119 muzyczn\u0105 wraz z kompozycj\u0105 i aran\u017cacj\u0105.","publisher":{"@id":"https:\/\/studionagranlodz.pl\/#organization"},"potentialAction":[{"@type":"SearchAction","target":{"@type":"EntryPoint","urlTemplate":"https:\/\/studionagranlodz.pl\/?s={search_term_string}"},"query-input":{"@type":"PropertyValueSpecification","valueRequired":true,"valueName":"search_term_string"}}],"inLanguage":"pl-PL"},{"@type":"Organization","@id":"https:\/\/studionagranlodz.pl\/#organization","name":"PZ audio","alternateName":"Studio nagra\u0144 \u0141\u00f3d\u017a","url":"https:\/\/studionagranlodz.pl\/","logo":{"@type":"ImageObject","inLanguage":"pl-PL","@id":"https:\/\/studionagranlodz.pl\/#\/schema\/logo\/image\/","url":"https:\/\/studionagranlodz.pl\/wp-content\/uploads\/2024\/08\/cropped-sound_studio_11_google_thumbnail.png","contentUrl":"https:\/\/studionagranlodz.pl\/wp-content\/uploads\/2024\/08\/cropped-sound_studio_11_google_thumbnail.png","width":1024,"height":1024,"caption":"PZ audio"},"image":{"@id":"https:\/\/studionagranlodz.pl\/#\/schema\/logo\/image\/"},"sameAs":["https:\/\/www.facebook.com\/studionagraniowe11"]}]}},"_links":{"self":[{"href":"https:\/\/studionagranlodz.pl\/index.php\/wp-json\/wp\/v2\/pages\/249","targetHints":{"allow":["GET"]}}],"collection":[{"href":"https:\/\/studionagranlodz.pl\/index.php\/wp-json\/wp\/v2\/pages"}],"about":[{"href":"https:\/\/studionagranlodz.pl\/index.php\/wp-json\/wp\/v2\/types\/page"}],"author":[{"embeddable":true,"href":"https:\/\/studionagranlodz.pl\/index.php\/wp-json\/wp\/v2\/users\/1"}],"replies":[{"embeddable":true,"href":"https:\/\/studionagranlodz.pl\/index.php\/wp-json\/wp\/v2\/comments?post=249"}],"version-history":[{"count":0,"href":"https:\/\/studionagranlodz.pl\/index.php\/wp-json\/wp\/v2\/pages\/249\/revisions"}],"wp:attachment":[{"href":"https:\/\/studionagranlodz.pl\/index.php\/wp-json\/wp\/v2\/media?parent=249"}],"curies":[{"name":"wp","href":"https:\/\/api.w.org\/{rel}","templated":true}]}}