{"id":1809,"date":"2026-05-08T08:45:52","date_gmt":"2026-05-08T06:45:52","guid":{"rendered":"https:\/\/studionagranlodz.pl\/?page_id=1809"},"modified":"2026-05-08T08:45:54","modified_gmt":"2026-05-08T06:45:54","slug":"studio-nagran-lodz-konstantynow-cennik","status":"publish","type":"page","link":"https:\/\/studionagranlodz.pl\/index.php\/studio-nagran-lodz-konstantynow-cennik\/","title":{"rendered":"Studio nagra\u0144 \u0141\u00f3d\u017a\/ Konstantyn\u00f3w Cennik"},"content":{"rendered":"\n<h2 class=\"wp-block-heading\" id=\"h-studio-nagran-lodz-cennik-za-nagrania\"><strong>Studio nagra\u0144 \u0141\u00f3d\u017a cennik<\/strong> za nagrania:<\/h2>\n\n\n\n<ul class=\"wp-block-list\">\n<li>Nagranie wokalu 100z\u0142 godzina (przy d\u0142u\u017cszych nagraniach mo\u017cliwy rabat)<\/li>\n\n\n\n<li>Nagranie instrumentu akustycznego 120z\u0142 godzina<\/li>\n\n\n\n<li>Nagranie audio i wideo 150z\u0142 (surowy materia\u0142 &#8211; dwie kamery)<\/li>\n\n\n\n<li>Nagranie podcastu 150z\u0142 (dwie kamery)<\/li>\n\n\n\n<li>Monta\u017c materia\u0142u wyceniamy indywidualnie<\/li>\n\n\n\n<li>Mix i master od 150z\u0142<\/li>\n\n\n\n<li>Master 50z\u0142<\/li>\n<\/ul>\n\n\n\n<h2 class=\"wp-block-heading\" id=\"h-podklady-muzyczne-cennik\">Podk\u0142ady muzyczne cennik<\/h2>\n\n\n\n<ul class=\"wp-block-list\">\n<li>Podk\u0142ady autorskie od 500z\u0142 za sztuk\u0119<\/li>\n\n\n\n<li>Podk\u0142ady do cover\u00f3w pojedynczy instrument (np. samo piano) od 150z\u0142<\/li>\n\n\n\n<li>Podk\u0142ady do cover\u00f3w z wi\u0119ksz\u0105 ilo\u015bci\u0105 instrument\u00f3w od 250z\u0142<\/li>\n\n\n\n<li>Bity Hi-hop autorskie od 200z\u0142 (mog\u0105 by\u0107 w stylu lub podobne do danego bitu)<\/li>\n<\/ul>\n\n\n\n<h2 class=\"wp-block-heading\" id=\"h-teledyski\">Teledyski<\/h2>\n\n\n\n<ul class=\"wp-block-list\">\n<li>Prosty teledysk z dw\u00f3ch uj\u0119\u0107 z monta\u017cem od 400z\u0142<\/li>\n\n\n\n<li>Bardziej skomplikowany (kilka uj\u0119\u0107 na r\u00f3znych t\u0142ach) od 700z\u0142<\/li>\n<\/ul>\n\n\n\n<h2 class=\"wp-block-heading\" id=\"h-vouchery\">Vouchery<\/h2>\n\n\n\n<ul class=\"wp-block-list\">\n<li>Voucher na nagranie wokalu do w\u0142asnego podk\u0142adu 450z\u0142<\/li>\n\n\n\n<li>Voucher na nagranie autorskiej piosenki online 600z\u0142<\/li>\n\n\n\n<li>Voucher na nagranie audio instrumentalisty wraz z wideo (gitara, keyboard, piano) od 500z\u0142<\/li>\n<\/ul>\n","protected":false},"excerpt":{"rendered":"<p>Studio nagra\u0144 \u0141\u00f3d\u017a cennik za nagrania: Podk\u0142ady muzyczne cennik Teledyski Vouchery<\/p>\n","protected":false},"author":1,"featured_media":0,"parent":0,"menu_order":0,"comment_status":"closed","ping_status":"closed","template":"","meta":{"_et_pb_use_builder":"off","_et_pb_old_content":"","_et_gb_content_width":"","footnotes":""},"class_list":["post-1809","page","type-page","status-publish","hentry"],"yoast_head":"<!-- This site is optimized with the Yoast SEO Premium plugin v26.4 (Yoast SEO v27.6) - https:\/\/yoast.com\/product\/yoast-seo-premium-wordpress\/ -->\n<title>Studio nagra\u0144 \u0141\u00f3d\u017a\/ Konstantyn\u00f3w Cennik - Studio Nagra\u0144 \u0141\u00f3d\u017a 11-tka. Zapis audio, edycja wokali, poprawa jako\u015bci plik\u00f3w z dyktafonu i wideo<\/title>\n<meta name=\"description\" content=\"Cennik studia nagra\u0144 \u0142\u00f3d\u017a. Cena za godzin\u0119 sesji, cennik za podk\u0142ady muzyczne, teledyski i vouchery prezentowe dla wokalist\u00f3w, gitarzyst\u00f3w\" \/>\n<meta name=\"robots\" content=\"index, follow, max-snippet:-1, max-image-preview:large, max-video-preview:-1\" \/>\n<link rel=\"canonical\" href=\"https:\/\/studionagranlodz.pl\/index.php\/studio-nagran-lodz-konstantynow-cennik\/\" \/>\n<meta property=\"og:locale\" content=\"pl_PL\" \/>\n<meta property=\"og:type\" content=\"article\" \/>\n<meta property=\"og:title\" content=\"Studio nagra\u0144 \u0141\u00f3d\u017a\/ Konstantyn\u00f3w Cennik\" \/>\n<meta property=\"og:description\" content=\"Cennik studia nagra\u0144 \u0142\u00f3d\u017a. Cena za godzin\u0119 sesji, cennik za podk\u0142ady muzyczne, teledyski i vouchery prezentowe dla wokalist\u00f3w, gitarzyst\u00f3w\" \/>\n<meta property=\"og:url\" content=\"https:\/\/studionagranlodz.pl\/index.php\/studio-nagran-lodz-konstantynow-cennik\/\" \/>\n<meta property=\"og:site_name\" content=\"Studio Nagra\u0144 \u0141\u00f3d\u017a 11-tka. Zapis audio, edycja wokali, poprawa jako\u015bci plik\u00f3w z dyktafonu i wideo\" \/>\n<meta property=\"article:publisher\" content=\"https:\/\/www.facebook.com\/studionagraniowe11\" \/>\n<meta property=\"article:modified_time\" content=\"2026-05-08T06:45:54+00:00\" \/>\n<meta name=\"twitter:card\" content=\"summary_large_image\" \/>\n<meta name=\"twitter:label1\" content=\"Szacowany czas czytania\" \/>\n\t<meta name=\"twitter:data1\" content=\"1 minuta\" \/>\n<script type=\"application\/ld+json\" class=\"yoast-schema-graph\">{\"@context\":\"https:\\\/\\\/schema.org\",\"@graph\":[{\"@type\":\"WebPage\",\"@id\":\"https:\\\/\\\/studionagranlodz.pl\\\/index.php\\\/studio-nagran-lodz-konstantynow-cennik\\\/\",\"url\":\"https:\\\/\\\/studionagranlodz.pl\\\/index.php\\\/studio-nagran-lodz-konstantynow-cennik\\\/\",\"name\":\"Studio nagra\u0144 \u0141\u00f3d\u017a\\\/ Konstantyn\u00f3w Cennik - Studio Nagra\u0144 \u0141\u00f3d\u017a 11-tka. Zapis audio, edycja wokali, poprawa jako\u015bci plik\u00f3w z dyktafonu i wideo\",\"isPartOf\":{\"@id\":\"https:\\\/\\\/studionagranlodz.pl\\\/#website\"},\"datePublished\":\"2026-05-08T06:45:52+00:00\",\"dateModified\":\"2026-05-08T06:45:54+00:00\",\"description\":\"Cennik studia nagra\u0144 \u0142\u00f3d\u017a. Cena za godzin\u0119 sesji, cennik za podk\u0142ady muzyczne, teledyski i vouchery prezentowe dla wokalist\u00f3w, gitarzyst\u00f3w\",\"breadcrumb\":{\"@id\":\"https:\\\/\\\/studionagranlodz.pl\\\/index.php\\\/studio-nagran-lodz-konstantynow-cennik\\\/#breadcrumb\"},\"inLanguage\":\"pl-PL\",\"potentialAction\":[{\"@type\":\"ReadAction\",\"target\":[\"https:\\\/\\\/studionagranlodz.pl\\\/index.php\\\/studio-nagran-lodz-konstantynow-cennik\\\/\"]}]},{\"@type\":\"BreadcrumbList\",\"@id\":\"https:\\\/\\\/studionagranlodz.pl\\\/index.php\\\/studio-nagran-lodz-konstantynow-cennik\\\/#breadcrumb\",\"itemListElement\":[{\"@type\":\"ListItem\",\"position\":1,\"name\":\"Home\",\"item\":\"https:\\\/\\\/studionagranlodz.pl\\\/\"},{\"@type\":\"ListItem\",\"position\":2,\"name\":\"Studio nagra\u0144 \u0141\u00f3d\u017a\\\/ Konstantyn\u00f3w Cennik\"}]},{\"@type\":\"WebSite\",\"@id\":\"https:\\\/\\\/studionagranlodz.pl\\\/#website\",\"url\":\"https:\\\/\\\/studionagranlodz.pl\\\/\",\"name\":\"Studio Nagra\u0144 \u0141\u00f3d\u017a 11-tka\",\"description\":\"Studio nagra\u0144 \u0141\u00f3d\u017a oferuje nagrania wokalist\u00f3w, lektor\u00f3w, mix i mastering. Odszumianie nagra\u0144 z dyktafonu. Produkcj\u0119 muzyczn\u0105 wraz z kompozycj\u0105 i aran\u017cacj\u0105.\",\"publisher\":{\"@id\":\"https:\\\/\\\/studionagranlodz.pl\\\/#organization\"},\"potentialAction\":[{\"@type\":\"SearchAction\",\"target\":{\"@type\":\"EntryPoint\",\"urlTemplate\":\"https:\\\/\\\/studionagranlodz.pl\\\/?s={search_term_string}\"},\"query-input\":{\"@type\":\"PropertyValueSpecification\",\"valueRequired\":true,\"valueName\":\"search_term_string\"}}],\"inLanguage\":\"pl-PL\"},{\"@type\":\"Organization\",\"@id\":\"https:\\\/\\\/studionagranlodz.pl\\\/#organization\",\"name\":\"PZ audio\",\"alternateName\":\"Studio nagra\u0144 \u0141\u00f3d\u017a\",\"url\":\"https:\\\/\\\/studionagranlodz.pl\\\/\",\"logo\":{\"@type\":\"ImageObject\",\"inLanguage\":\"pl-PL\",\"@id\":\"https:\\\/\\\/studionagranlodz.pl\\\/#\\\/schema\\\/logo\\\/image\\\/\",\"url\":\"https:\\\/\\\/studionagranlodz.pl\\\/wp-content\\\/uploads\\\/2024\\\/08\\\/cropped-sound_studio_11_google_thumbnail.png\",\"contentUrl\":\"https:\\\/\\\/studionagranlodz.pl\\\/wp-content\\\/uploads\\\/2024\\\/08\\\/cropped-sound_studio_11_google_thumbnail.png\",\"width\":1024,\"height\":1024,\"caption\":\"PZ audio\"},\"image\":{\"@id\":\"https:\\\/\\\/studionagranlodz.pl\\\/#\\\/schema\\\/logo\\\/image\\\/\"},\"sameAs\":[\"https:\\\/\\\/www.facebook.com\\\/studionagraniowe11\"]}]}<\/script>\n<!-- \/ Yoast SEO Premium plugin. -->","yoast_head_json":{"title":"Studio nagra\u0144 \u0141\u00f3d\u017a\/ Konstantyn\u00f3w Cennik - Studio Nagra\u0144 \u0141\u00f3d\u017a 11-tka. Zapis audio, edycja wokali, poprawa jako\u015bci plik\u00f3w z dyktafonu i wideo","description":"Cennik studia nagra\u0144 \u0142\u00f3d\u017a. Cena za godzin\u0119 sesji, cennik za podk\u0142ady muzyczne, teledyski i vouchery prezentowe dla wokalist\u00f3w, gitarzyst\u00f3w","robots":{"index":"index","follow":"follow","max-snippet":"max-snippet:-1","max-image-preview":"max-image-preview:large","max-video-preview":"max-video-preview:-1"},"canonical":"https:\/\/studionagranlodz.pl\/index.php\/studio-nagran-lodz-konstantynow-cennik\/","og_locale":"pl_PL","og_type":"article","og_title":"Studio nagra\u0144 \u0141\u00f3d\u017a\/ Konstantyn\u00f3w Cennik","og_description":"Cennik studia nagra\u0144 \u0142\u00f3d\u017a. Cena za godzin\u0119 sesji, cennik za podk\u0142ady muzyczne, teledyski i vouchery prezentowe dla wokalist\u00f3w, gitarzyst\u00f3w","og_url":"https:\/\/studionagranlodz.pl\/index.php\/studio-nagran-lodz-konstantynow-cennik\/","og_site_name":"Studio Nagra\u0144 \u0141\u00f3d\u017a 11-tka. Zapis audio, edycja wokali, poprawa jako\u015bci plik\u00f3w z dyktafonu i wideo","article_publisher":"https:\/\/www.facebook.com\/studionagraniowe11","article_modified_time":"2026-05-08T06:45:54+00:00","twitter_card":"summary_large_image","twitter_misc":{"Szacowany czas czytania":"1 minuta"},"schema":{"@context":"https:\/\/schema.org","@graph":[{"@type":"WebPage","@id":"https:\/\/studionagranlodz.pl\/index.php\/studio-nagran-lodz-konstantynow-cennik\/","url":"https:\/\/studionagranlodz.pl\/index.php\/studio-nagran-lodz-konstantynow-cennik\/","name":"Studio nagra\u0144 \u0141\u00f3d\u017a\/ Konstantyn\u00f3w Cennik - Studio Nagra\u0144 \u0141\u00f3d\u017a 11-tka. Zapis audio, edycja wokali, poprawa jako\u015bci plik\u00f3w z dyktafonu i wideo","isPartOf":{"@id":"https:\/\/studionagranlodz.pl\/#website"},"datePublished":"2026-05-08T06:45:52+00:00","dateModified":"2026-05-08T06:45:54+00:00","description":"Cennik studia nagra\u0144 \u0142\u00f3d\u017a. Cena za godzin\u0119 sesji, cennik za podk\u0142ady muzyczne, teledyski i vouchery prezentowe dla wokalist\u00f3w, gitarzyst\u00f3w","breadcrumb":{"@id":"https:\/\/studionagranlodz.pl\/index.php\/studio-nagran-lodz-konstantynow-cennik\/#breadcrumb"},"inLanguage":"pl-PL","potentialAction":[{"@type":"ReadAction","target":["https:\/\/studionagranlodz.pl\/index.php\/studio-nagran-lodz-konstantynow-cennik\/"]}]},{"@type":"BreadcrumbList","@id":"https:\/\/studionagranlodz.pl\/index.php\/studio-nagran-lodz-konstantynow-cennik\/#breadcrumb","itemListElement":[{"@type":"ListItem","position":1,"name":"Home","item":"https:\/\/studionagranlodz.pl\/"},{"@type":"ListItem","position":2,"name":"Studio nagra\u0144 \u0141\u00f3d\u017a\/ Konstantyn\u00f3w Cennik"}]},{"@type":"WebSite","@id":"https:\/\/studionagranlodz.pl\/#website","url":"https:\/\/studionagranlodz.pl\/","name":"Studio Nagra\u0144 \u0141\u00f3d\u017a 11-tka","description":"Studio nagra\u0144 \u0141\u00f3d\u017a oferuje nagrania wokalist\u00f3w, lektor\u00f3w, mix i mastering. Odszumianie nagra\u0144 z dyktafonu. Produkcj\u0119 muzyczn\u0105 wraz z kompozycj\u0105 i aran\u017cacj\u0105.","publisher":{"@id":"https:\/\/studionagranlodz.pl\/#organization"},"potentialAction":[{"@type":"SearchAction","target":{"@type":"EntryPoint","urlTemplate":"https:\/\/studionagranlodz.pl\/?s={search_term_string}"},"query-input":{"@type":"PropertyValueSpecification","valueRequired":true,"valueName":"search_term_string"}}],"inLanguage":"pl-PL"},{"@type":"Organization","@id":"https:\/\/studionagranlodz.pl\/#organization","name":"PZ audio","alternateName":"Studio nagra\u0144 \u0141\u00f3d\u017a","url":"https:\/\/studionagranlodz.pl\/","logo":{"@type":"ImageObject","inLanguage":"pl-PL","@id":"https:\/\/studionagranlodz.pl\/#\/schema\/logo\/image\/","url":"https:\/\/studionagranlodz.pl\/wp-content\/uploads\/2024\/08\/cropped-sound_studio_11_google_thumbnail.png","contentUrl":"https:\/\/studionagranlodz.pl\/wp-content\/uploads\/2024\/08\/cropped-sound_studio_11_google_thumbnail.png","width":1024,"height":1024,"caption":"PZ audio"},"image":{"@id":"https:\/\/studionagranlodz.pl\/#\/schema\/logo\/image\/"},"sameAs":["https:\/\/www.facebook.com\/studionagraniowe11"]}]}},"_links":{"self":[{"href":"https:\/\/studionagranlodz.pl\/index.php\/wp-json\/wp\/v2\/pages\/1809","targetHints":{"allow":["GET"]}}],"collection":[{"href":"https:\/\/studionagranlodz.pl\/index.php\/wp-json\/wp\/v2\/pages"}],"about":[{"href":"https:\/\/studionagranlodz.pl\/index.php\/wp-json\/wp\/v2\/types\/page"}],"author":[{"embeddable":true,"href":"https:\/\/studionagranlodz.pl\/index.php\/wp-json\/wp\/v2\/users\/1"}],"replies":[{"embeddable":true,"href":"https:\/\/studionagranlodz.pl\/index.php\/wp-json\/wp\/v2\/comments?post=1809"}],"version-history":[{"count":1,"href":"https:\/\/studionagranlodz.pl\/index.php\/wp-json\/wp\/v2\/pages\/1809\/revisions"}],"predecessor-version":[{"id":1810,"href":"https:\/\/studionagranlodz.pl\/index.php\/wp-json\/wp\/v2\/pages\/1809\/revisions\/1810"}],"wp:attachment":[{"href":"https:\/\/studionagranlodz.pl\/index.php\/wp-json\/wp\/v2\/media?parent=1809"}],"curies":[{"name":"wp","href":"https:\/\/api.w.org\/{rel}","templated":true}]}}