{"id":1775,"date":"2026-05-02T08:31:23","date_gmt":"2026-05-02T06:31:23","guid":{"rendered":"https:\/\/studionagranlodz.pl\/?page_id=1775"},"modified":"2026-05-04T11:44:48","modified_gmt":"2026-05-04T09:44:48","slug":"nauka-gry-na-gitarze-i-keyboardzie-konstantynow-lodzki","status":"publish","type":"page","link":"https:\/\/studionagranlodz.pl\/index.php\/nauka-gry-na-gitarze-i-keyboardzie-konstantynow-lodzki\/","title":{"rendered":"Nauka gry na gitarze i keyboardzie Konstantyn\u00f3w \u0142\u00f3dzki"},"content":{"rendered":"\n<p><a href=\"https:\/\/www.youtube.com\/watch?v=u4xgbeKzk5s&amp;t=121s\" type=\"link\" id=\"https:\/\/www.youtube.com\/watch?v=u4xgbeKzk5s&amp;t=121s\">Nauka gry na gitarze i keyboardzie Konstantyn\u00f3w \u0142\u00f3dzki<\/a> odbywa si\u0119 na ulicy Srebrzy\u0144skiej 5\/7 w studio nagra\u0144. Oferujemy zaj\u0119cia grupowe i indywidualne dla doros\u0142ych i dzieci z do\u015bwiadczonymi instuktorami gry (ponad 10 lat sta\u017cu pracy z m\u0142odzie\u017c\u0105). Instruktorzy to do\u015bwiadczeni muzycy kiedy\u015b graj\u0105cy w zawodowych zespo\u0142ach i wyst\u0119puj\u0105cy jako soli\u015bci w ca\u0142ej Polsce.<\/p>\n\n\n\n<p>Na miejscu \u015bwietnie wyposa\u017cone i wyciszone studio z instrumentami, wzmacniaczami oraz pulpitem na nuty\/chwyty. Mo\u017cliwo\u015bc \u0107wiczenia z podk\u0142adami oraz perkusj\u0105. Studyjne nag\u0142o\u015bnienie,<\/p>\n\n\n\n<p>Oferujemy lekcje gry na:<\/p>\n\n\n\n<ul class=\"wp-block-list\">\n<li>Gitarze klasycznej \/ akustycznej<\/li>\n\n\n\n<li>Gitarze elektrycznej<\/li>\n\n\n\n<li>Keyboardzie <\/li>\n\n\n\n<li>Pianinie<\/li>\n<\/ul>\n\n\n\n<figure class=\"wp-block-image size-full\"><img loading=\"lazy\" decoding=\"async\" width=\"600\" height=\"399\" src=\"http:\/\/studionagranlodz.pl\/wp-content\/uploads\/2018\/07\/gitarzysta_solowy_jazzowy.jpg\" alt=\"Nauka gry na gitarze Konstantyn\u00f3w \u0142\u00f3dzki\" class=\"wp-image-56\" srcset=\"https:\/\/studionagranlodz.pl\/wp-content\/uploads\/2018\/07\/gitarzysta_solowy_jazzowy.jpg 600w, https:\/\/studionagranlodz.pl\/wp-content\/uploads\/2018\/07\/gitarzysta_solowy_jazzowy-300x200.jpg 300w\" sizes=\"(max-width: 600px) 100vw, 600px\" \/><\/figure>\n\n\n\n<p>Ca\u0142y program jest oparty na lekkiej i znanej muzyce rozrywkowej przeplatanej klasyk\u0105. Uczymy gra\u0107 ze s\u0142uchu (przyjemniejsza forma, ale d\u0142uzszy czas trwania) ale tak\u017ce z nut, tabulatur i chwyt\u00f3w \/ akord\u00f3w<\/p>\n\n\n\n<p>Program nauczania dostosowany jest dla pocz\u0105tkuj\u0105cych jak i zaawansowanych kursant\u00f3w. W programie nauka gry akordami (akompaniament) oraz granie solowe. Dla bardziej zaawansowanych \u0142aczenie akord\u00f3w z melodi\u0105.<\/p>\n\n\n\n<p>Lekcje prowadzone s\u0105 w mi\u0142ej, bezstresowej atmosferze. Staramy si\u0119 zach\u0119cic do muzykowania i obcowania z pi\u0119knem &#8222;\u017cywej&#8221; muzyki.<\/p>\n\n\n\n<p>Mo\u017cliwe s\u0105 lekcje grupowe (na gitarze) &#8211; uczestnicy o podobnym stopniu zaawansowania, a tak\u017ce lekcje indywidualne (gitara, keyboard, pianino)<\/p>\n\n\n\n<p>Koszt zaj\u0119\u0107 gupowych: 70z\u0142 osoba<\/p>\n\n\n\n<p>Koszt zaj\u0119\u0107 indywidualnych: 120z\u0142 osoba<\/p>\n\n\n\n<figure class=\"wp-block-image size-large is-resized\"><img loading=\"lazy\" decoding=\"async\" width=\"1024\" height=\"683\" src=\"http:\/\/studionagranlodz.pl\/wp-content\/uploads\/2018\/11\/gitarzysta-1024x683.jpg\" alt=\"Nauka gry na gitarze elektrycznej Konstantyn\u00f3w\" class=\"wp-image-199\" style=\"aspect-ratio:1.4992860832965764;width:597px;height:auto\" srcset=\"https:\/\/studionagranlodz.pl\/wp-content\/uploads\/2018\/11\/gitarzysta-1024x683.jpg 1024w, https:\/\/studionagranlodz.pl\/wp-content\/uploads\/2018\/11\/gitarzysta-300x200.jpg 300w, https:\/\/studionagranlodz.pl\/wp-content\/uploads\/2018\/11\/gitarzysta-768x512.jpg 768w\" sizes=\"(max-width: 1024px) 100vw, 1024px\" \/><\/figure>\n\n\n\n<p>Zaj\u0119cia trwaj\u0105 45 minut i s\u0105 do\u015bc intensywne. Gramy zespo\u0142owo i indywidualnie, dzielimy si\u0119 na poszczeg\u00f3lne partie instrumentalne (dla bardziej zaawansowanych). Dla ch\u0119tnych r\u00f3wnie\u017c nauka \u015bpiewu przy akompaniamencie gitary.<\/p>\n\n\n\n<p>W trakcie trwania zaj\u0119\u0107 z nauki gry na gitarze i keyboardzie uczymy te\u017c podstaw:<\/p>\n\n\n\n<ul class=\"wp-block-list\">\n<li>Rytmu (\u0107wiczenia z metronomem i perkusj\u0105)<\/li>\n\n\n\n<li>Intonacji (nauka rozr\u00f3zniania poszczeg\u00f3lnych d\u017awi\u0119k\u00f3w)<\/li>\n\n\n\n<li>Improwizacji<\/li>\n\n\n\n<li>Harmonii<\/li>\n\n\n\n<li>Grania z podk\u0142adami, metronomem i perkusj\u0105<\/li>\n<\/ul>\n\n\n\n<p>Zainteresowane osoby zapraszamy do kontaktu: <a href=\"https:\/\/studionagranlodz.pl\/index.php\/contact\/\" type=\"link\" id=\"https:\/\/studionagranlodz.pl\/index.php\/contact\/\">Kontakt &#8211; studio nagra\u0144 &#8211; nauka gry na gitarze<\/a><\/p>\n\n\n\n<p><\/p>\n","protected":false},"excerpt":{"rendered":"<p>Nauka gry na gitarze i keyboardzie Konstantyn\u00f3w \u0142\u00f3dzki odbywa si\u0119 na ulicy Srebrzy\u0144skiej 5\/7 w studio nagra\u0144. Oferujemy zaj\u0119cia grupowe i indywidualne dla doros\u0142ych i dzieci z do\u015bwiadczonymi instuktorami gry (ponad 10 lat sta\u017cu pracy z m\u0142odzie\u017c\u0105). Instruktorzy to do\u015bwiadczeni muzycy kiedy\u015b graj\u0105cy w zawodowych zespo\u0142ach i wyst\u0119puj\u0105cy jako soli\u015bci w ca\u0142ej Polsce. Na miejscu [&hellip;]<\/p>\n","protected":false},"author":1,"featured_media":0,"parent":0,"menu_order":0,"comment_status":"closed","ping_status":"closed","template":"","meta":{"_et_pb_use_builder":"off","_et_pb_old_content":"","_et_gb_content_width":"","footnotes":""},"class_list":["post-1775","page","type-page","status-publish","hentry"],"yoast_head":"<!-- This site is optimized with the Yoast SEO Premium plugin v26.4 (Yoast SEO v27.6) - https:\/\/yoast.com\/product\/yoast-seo-premium-wordpress\/ -->\n<title>Nauka gry na gitarze i keyboardzie Konstantyn\u00f3w \u0142\u00f3dzki - Studio Nagra\u0144 \u0141\u00f3d\u017a 11-tka. Zapis audio, edycja wokali, poprawa jako\u015bci plik\u00f3w z dyktafonu i wideo<\/title>\n<meta name=\"description\" content=\"Nauka gry na gitarze, keyboardzie i pianine Konstantyn\u00f3w \u0142\u00f3dzki. Bezstresowe podej\u015bcie, du\u017ce do\u015bwiadczenie. G\u0142\u00f3wnie muzyka rozrywkowa.\" \/>\n<meta name=\"robots\" content=\"index, follow, max-snippet:-1, max-image-preview:large, max-video-preview:-1\" \/>\n<link rel=\"canonical\" href=\"https:\/\/studionagranlodz.pl\/index.php\/nauka-gry-na-gitarze-i-keyboardzie-konstantynow-lodzki\/\" \/>\n<meta property=\"og:locale\" content=\"pl_PL\" \/>\n<meta property=\"og:type\" content=\"article\" \/>\n<meta property=\"og:title\" content=\"Nauka gry na gitarze i keyboardzie Konstantyn\u00f3w \u0142\u00f3dzki\" \/>\n<meta property=\"og:description\" content=\"Nauka gry na gitarze, keyboardzie i pianine Konstantyn\u00f3w \u0142\u00f3dzki. Bezstresowe podej\u015bcie, du\u017ce do\u015bwiadczenie. G\u0142\u00f3wnie muzyka rozrywkowa.\" \/>\n<meta property=\"og:url\" content=\"https:\/\/studionagranlodz.pl\/index.php\/nauka-gry-na-gitarze-i-keyboardzie-konstantynow-lodzki\/\" \/>\n<meta property=\"og:site_name\" content=\"Studio Nagra\u0144 \u0141\u00f3d\u017a 11-tka. Zapis audio, edycja wokali, poprawa jako\u015bci plik\u00f3w z dyktafonu i wideo\" \/>\n<meta property=\"article:publisher\" content=\"https:\/\/www.facebook.com\/studionagraniowe11\" \/>\n<meta property=\"article:modified_time\" content=\"2026-05-04T09:44:48+00:00\" \/>\n<meta property=\"og:image\" content=\"https:\/\/studionagranlodz.pl\/wp-content\/uploads\/2018\/07\/gitarzysta_solowy_jazzowy.jpg\" \/>\n\t<meta property=\"og:image:width\" content=\"600\" \/>\n\t<meta property=\"og:image:height\" content=\"399\" \/>\n\t<meta property=\"og:image:type\" content=\"image\/jpeg\" \/>\n<meta name=\"twitter:card\" content=\"summary_large_image\" \/>\n<meta name=\"twitter:label1\" content=\"Szacowany czas czytania\" \/>\n\t<meta name=\"twitter:data1\" content=\"2 minuty\" \/>\n<script type=\"application\/ld+json\" class=\"yoast-schema-graph\">{\"@context\":\"https:\\\/\\\/schema.org\",\"@graph\":[{\"@type\":\"WebPage\",\"@id\":\"https:\\\/\\\/studionagranlodz.pl\\\/index.php\\\/nauka-gry-na-gitarze-i-keyboardzie-konstantynow-lodzki\\\/\",\"url\":\"https:\\\/\\\/studionagranlodz.pl\\\/index.php\\\/nauka-gry-na-gitarze-i-keyboardzie-konstantynow-lodzki\\\/\",\"name\":\"Nauka gry na gitarze i keyboardzie Konstantyn\u00f3w \u0142\u00f3dzki - Studio Nagra\u0144 \u0141\u00f3d\u017a 11-tka. Zapis audio, edycja wokali, poprawa jako\u015bci plik\u00f3w z dyktafonu i wideo\",\"isPartOf\":{\"@id\":\"https:\\\/\\\/studionagranlodz.pl\\\/#website\"},\"primaryImageOfPage\":{\"@id\":\"https:\\\/\\\/studionagranlodz.pl\\\/index.php\\\/nauka-gry-na-gitarze-i-keyboardzie-konstantynow-lodzki\\\/#primaryimage\"},\"image\":{\"@id\":\"https:\\\/\\\/studionagranlodz.pl\\\/index.php\\\/nauka-gry-na-gitarze-i-keyboardzie-konstantynow-lodzki\\\/#primaryimage\"},\"thumbnailUrl\":\"http:\\\/\\\/studionagranlodz.pl\\\/wp-content\\\/uploads\\\/2018\\\/07\\\/gitarzysta_solowy_jazzowy.jpg\",\"datePublished\":\"2026-05-02T06:31:23+00:00\",\"dateModified\":\"2026-05-04T09:44:48+00:00\",\"description\":\"Nauka gry na gitarze, keyboardzie i pianine Konstantyn\u00f3w \u0142\u00f3dzki. Bezstresowe podej\u015bcie, du\u017ce do\u015bwiadczenie. G\u0142\u00f3wnie muzyka rozrywkowa.\",\"breadcrumb\":{\"@id\":\"https:\\\/\\\/studionagranlodz.pl\\\/index.php\\\/nauka-gry-na-gitarze-i-keyboardzie-konstantynow-lodzki\\\/#breadcrumb\"},\"inLanguage\":\"pl-PL\",\"potentialAction\":[{\"@type\":\"ReadAction\",\"target\":[\"https:\\\/\\\/studionagranlodz.pl\\\/index.php\\\/nauka-gry-na-gitarze-i-keyboardzie-konstantynow-lodzki\\\/\"]}]},{\"@type\":\"ImageObject\",\"inLanguage\":\"pl-PL\",\"@id\":\"https:\\\/\\\/studionagranlodz.pl\\\/index.php\\\/nauka-gry-na-gitarze-i-keyboardzie-konstantynow-lodzki\\\/#primaryimage\",\"url\":\"https:\\\/\\\/studionagranlodz.pl\\\/wp-content\\\/uploads\\\/2018\\\/07\\\/gitarzysta_solowy_jazzowy.jpg\",\"contentUrl\":\"https:\\\/\\\/studionagranlodz.pl\\\/wp-content\\\/uploads\\\/2018\\\/07\\\/gitarzysta_solowy_jazzowy.jpg\",\"width\":600,\"height\":399,\"caption\":\"Nauka gry na gitarze Konstantyn\u00f3w \u0142\u00f3dzki\"},{\"@type\":\"BreadcrumbList\",\"@id\":\"https:\\\/\\\/studionagranlodz.pl\\\/index.php\\\/nauka-gry-na-gitarze-i-keyboardzie-konstantynow-lodzki\\\/#breadcrumb\",\"itemListElement\":[{\"@type\":\"ListItem\",\"position\":1,\"name\":\"Home\",\"item\":\"https:\\\/\\\/studionagranlodz.pl\\\/\"},{\"@type\":\"ListItem\",\"position\":2,\"name\":\"Nauka gry na gitarze i keyboardzie Konstantyn\u00f3w \u0142\u00f3dzki\"}]},{\"@type\":\"WebSite\",\"@id\":\"https:\\\/\\\/studionagranlodz.pl\\\/#website\",\"url\":\"https:\\\/\\\/studionagranlodz.pl\\\/\",\"name\":\"Studio Nagra\u0144 \u0141\u00f3d\u017a 11-tka\",\"description\":\"Studio nagra\u0144 \u0141\u00f3d\u017a oferuje nagrania wokalist\u00f3w, lektor\u00f3w, mix i mastering. Odszumianie nagra\u0144 z dyktafonu. Produkcj\u0119 muzyczn\u0105 wraz z kompozycj\u0105 i aran\u017cacj\u0105.\",\"publisher\":{\"@id\":\"https:\\\/\\\/studionagranlodz.pl\\\/#organization\"},\"potentialAction\":[{\"@type\":\"SearchAction\",\"target\":{\"@type\":\"EntryPoint\",\"urlTemplate\":\"https:\\\/\\\/studionagranlodz.pl\\\/?s={search_term_string}\"},\"query-input\":{\"@type\":\"PropertyValueSpecification\",\"valueRequired\":true,\"valueName\":\"search_term_string\"}}],\"inLanguage\":\"pl-PL\"},{\"@type\":\"Organization\",\"@id\":\"https:\\\/\\\/studionagranlodz.pl\\\/#organization\",\"name\":\"PZ audio\",\"alternateName\":\"Studio nagra\u0144 \u0141\u00f3d\u017a\",\"url\":\"https:\\\/\\\/studionagranlodz.pl\\\/\",\"logo\":{\"@type\":\"ImageObject\",\"inLanguage\":\"pl-PL\",\"@id\":\"https:\\\/\\\/studionagranlodz.pl\\\/#\\\/schema\\\/logo\\\/image\\\/\",\"url\":\"https:\\\/\\\/studionagranlodz.pl\\\/wp-content\\\/uploads\\\/2024\\\/08\\\/cropped-sound_studio_11_google_thumbnail.png\",\"contentUrl\":\"https:\\\/\\\/studionagranlodz.pl\\\/wp-content\\\/uploads\\\/2024\\\/08\\\/cropped-sound_studio_11_google_thumbnail.png\",\"width\":1024,\"height\":1024,\"caption\":\"PZ audio\"},\"image\":{\"@id\":\"https:\\\/\\\/studionagranlodz.pl\\\/#\\\/schema\\\/logo\\\/image\\\/\"},\"sameAs\":[\"https:\\\/\\\/www.facebook.com\\\/studionagraniowe11\"]}]}<\/script>\n<!-- \/ Yoast SEO Premium plugin. -->","yoast_head_json":{"title":"Nauka gry na gitarze i keyboardzie Konstantyn\u00f3w \u0142\u00f3dzki - Studio Nagra\u0144 \u0141\u00f3d\u017a 11-tka. Zapis audio, edycja wokali, poprawa jako\u015bci plik\u00f3w z dyktafonu i wideo","description":"Nauka gry na gitarze, keyboardzie i pianine Konstantyn\u00f3w \u0142\u00f3dzki. Bezstresowe podej\u015bcie, du\u017ce do\u015bwiadczenie. G\u0142\u00f3wnie muzyka rozrywkowa.","robots":{"index":"index","follow":"follow","max-snippet":"max-snippet:-1","max-image-preview":"max-image-preview:large","max-video-preview":"max-video-preview:-1"},"canonical":"https:\/\/studionagranlodz.pl\/index.php\/nauka-gry-na-gitarze-i-keyboardzie-konstantynow-lodzki\/","og_locale":"pl_PL","og_type":"article","og_title":"Nauka gry na gitarze i keyboardzie Konstantyn\u00f3w \u0142\u00f3dzki","og_description":"Nauka gry na gitarze, keyboardzie i pianine Konstantyn\u00f3w \u0142\u00f3dzki. Bezstresowe podej\u015bcie, du\u017ce do\u015bwiadczenie. G\u0142\u00f3wnie muzyka rozrywkowa.","og_url":"https:\/\/studionagranlodz.pl\/index.php\/nauka-gry-na-gitarze-i-keyboardzie-konstantynow-lodzki\/","og_site_name":"Studio Nagra\u0144 \u0141\u00f3d\u017a 11-tka. Zapis audio, edycja wokali, poprawa jako\u015bci plik\u00f3w z dyktafonu i wideo","article_publisher":"https:\/\/www.facebook.com\/studionagraniowe11","article_modified_time":"2026-05-04T09:44:48+00:00","og_image":[{"width":600,"height":399,"url":"https:\/\/studionagranlodz.pl\/wp-content\/uploads\/2018\/07\/gitarzysta_solowy_jazzowy.jpg","type":"image\/jpeg"}],"twitter_card":"summary_large_image","twitter_misc":{"Szacowany czas czytania":"2 minuty"},"schema":{"@context":"https:\/\/schema.org","@graph":[{"@type":"WebPage","@id":"https:\/\/studionagranlodz.pl\/index.php\/nauka-gry-na-gitarze-i-keyboardzie-konstantynow-lodzki\/","url":"https:\/\/studionagranlodz.pl\/index.php\/nauka-gry-na-gitarze-i-keyboardzie-konstantynow-lodzki\/","name":"Nauka gry na gitarze i keyboardzie Konstantyn\u00f3w \u0142\u00f3dzki - Studio Nagra\u0144 \u0141\u00f3d\u017a 11-tka. Zapis audio, edycja wokali, poprawa jako\u015bci plik\u00f3w z dyktafonu i wideo","isPartOf":{"@id":"https:\/\/studionagranlodz.pl\/#website"},"primaryImageOfPage":{"@id":"https:\/\/studionagranlodz.pl\/index.php\/nauka-gry-na-gitarze-i-keyboardzie-konstantynow-lodzki\/#primaryimage"},"image":{"@id":"https:\/\/studionagranlodz.pl\/index.php\/nauka-gry-na-gitarze-i-keyboardzie-konstantynow-lodzki\/#primaryimage"},"thumbnailUrl":"http:\/\/studionagranlodz.pl\/wp-content\/uploads\/2018\/07\/gitarzysta_solowy_jazzowy.jpg","datePublished":"2026-05-02T06:31:23+00:00","dateModified":"2026-05-04T09:44:48+00:00","description":"Nauka gry na gitarze, keyboardzie i pianine Konstantyn\u00f3w \u0142\u00f3dzki. Bezstresowe podej\u015bcie, du\u017ce do\u015bwiadczenie. G\u0142\u00f3wnie muzyka rozrywkowa.","breadcrumb":{"@id":"https:\/\/studionagranlodz.pl\/index.php\/nauka-gry-na-gitarze-i-keyboardzie-konstantynow-lodzki\/#breadcrumb"},"inLanguage":"pl-PL","potentialAction":[{"@type":"ReadAction","target":["https:\/\/studionagranlodz.pl\/index.php\/nauka-gry-na-gitarze-i-keyboardzie-konstantynow-lodzki\/"]}]},{"@type":"ImageObject","inLanguage":"pl-PL","@id":"https:\/\/studionagranlodz.pl\/index.php\/nauka-gry-na-gitarze-i-keyboardzie-konstantynow-lodzki\/#primaryimage","url":"https:\/\/studionagranlodz.pl\/wp-content\/uploads\/2018\/07\/gitarzysta_solowy_jazzowy.jpg","contentUrl":"https:\/\/studionagranlodz.pl\/wp-content\/uploads\/2018\/07\/gitarzysta_solowy_jazzowy.jpg","width":600,"height":399,"caption":"Nauka gry na gitarze Konstantyn\u00f3w \u0142\u00f3dzki"},{"@type":"BreadcrumbList","@id":"https:\/\/studionagranlodz.pl\/index.php\/nauka-gry-na-gitarze-i-keyboardzie-konstantynow-lodzki\/#breadcrumb","itemListElement":[{"@type":"ListItem","position":1,"name":"Home","item":"https:\/\/studionagranlodz.pl\/"},{"@type":"ListItem","position":2,"name":"Nauka gry na gitarze i keyboardzie Konstantyn\u00f3w \u0142\u00f3dzki"}]},{"@type":"WebSite","@id":"https:\/\/studionagranlodz.pl\/#website","url":"https:\/\/studionagranlodz.pl\/","name":"Studio Nagra\u0144 \u0141\u00f3d\u017a 11-tka","description":"Studio nagra\u0144 \u0141\u00f3d\u017a oferuje nagrania wokalist\u00f3w, lektor\u00f3w, mix i mastering. Odszumianie nagra\u0144 z dyktafonu. Produkcj\u0119 muzyczn\u0105 wraz z kompozycj\u0105 i aran\u017cacj\u0105.","publisher":{"@id":"https:\/\/studionagranlodz.pl\/#organization"},"potentialAction":[{"@type":"SearchAction","target":{"@type":"EntryPoint","urlTemplate":"https:\/\/studionagranlodz.pl\/?s={search_term_string}"},"query-input":{"@type":"PropertyValueSpecification","valueRequired":true,"valueName":"search_term_string"}}],"inLanguage":"pl-PL"},{"@type":"Organization","@id":"https:\/\/studionagranlodz.pl\/#organization","name":"PZ audio","alternateName":"Studio nagra\u0144 \u0141\u00f3d\u017a","url":"https:\/\/studionagranlodz.pl\/","logo":{"@type":"ImageObject","inLanguage":"pl-PL","@id":"https:\/\/studionagranlodz.pl\/#\/schema\/logo\/image\/","url":"https:\/\/studionagranlodz.pl\/wp-content\/uploads\/2024\/08\/cropped-sound_studio_11_google_thumbnail.png","contentUrl":"https:\/\/studionagranlodz.pl\/wp-content\/uploads\/2024\/08\/cropped-sound_studio_11_google_thumbnail.png","width":1024,"height":1024,"caption":"PZ audio"},"image":{"@id":"https:\/\/studionagranlodz.pl\/#\/schema\/logo\/image\/"},"sameAs":["https:\/\/www.facebook.com\/studionagraniowe11"]}]}},"_links":{"self":[{"href":"https:\/\/studionagranlodz.pl\/index.php\/wp-json\/wp\/v2\/pages\/1775","targetHints":{"allow":["GET"]}}],"collection":[{"href":"https:\/\/studionagranlodz.pl\/index.php\/wp-json\/wp\/v2\/pages"}],"about":[{"href":"https:\/\/studionagranlodz.pl\/index.php\/wp-json\/wp\/v2\/types\/page"}],"author":[{"embeddable":true,"href":"https:\/\/studionagranlodz.pl\/index.php\/wp-json\/wp\/v2\/users\/1"}],"replies":[{"embeddable":true,"href":"https:\/\/studionagranlodz.pl\/index.php\/wp-json\/wp\/v2\/comments?post=1775"}],"version-history":[{"count":3,"href":"https:\/\/studionagranlodz.pl\/index.php\/wp-json\/wp\/v2\/pages\/1775\/revisions"}],"predecessor-version":[{"id":1780,"href":"https:\/\/studionagranlodz.pl\/index.php\/wp-json\/wp\/v2\/pages\/1775\/revisions\/1780"}],"wp:attachment":[{"href":"https:\/\/studionagranlodz.pl\/index.php\/wp-json\/wp\/v2\/media?parent=1775"}],"curies":[{"name":"wp","href":"https:\/\/api.w.org\/{rel}","templated":true}]}}