{"id":167,"date":"2018-08-23T12:57:59","date_gmt":"2018-08-23T12:57:59","guid":{"rendered":"https:\/\/studionagranlodz.pl\/?page_id=167"},"modified":"2026-05-12T10:33:16","modified_gmt":"2026-05-12T08:33:16","slug":"komponowanie-muzyki-na-zamowienie","status":"publish","type":"page","link":"https:\/\/studionagranlodz.pl\/index.php\/komponowanie-muzyki-na-zamowienie\/","title":{"rendered":"Komponowanie muzyki na zam\u00f3wienie"},"content":{"rendered":"\n<p><strong>Komponowanie muzyki na zam\u00f3wienie<\/strong> najcz\u0119\u015bciej wykonujemy wraz z <a href=\"https:\/\/studionagranlodz.pl\/index.php\/aranzacje-muzyczne\/\">aran\u017cacj\u0105 muzyczn\u0105<\/a> i instrumentacj\u0105 utworu. Dzi\u0119ki czemu dostajecie Pa\u0144stwo gotowy do nagrania wokalu produkt w postaci podk\u0142adu. Oczywi\u015bcie kompozycj\u0119 mo\u017cemy wykona\u0107 tylko na samym pianinie lub gitarze wraz z lini\u0105 melodyczn\u0105. Komponujemy zar\u00f3wno piosenki jak i muzyk\u0119 filmow\u0105, do reklam itp. Posiadamy wysokiej jako\u015bci modu\u0142y brzmieniowe instrument\u00f3w elektronicznych. Mo\u017cemy r\u00f3wnie\u017c wykorzysta\u0107 w aran\u017cacji wysokiej klasy instrumenty akustyczne. Wystarczy, \u017ce opiszecie nam Pa\u0144stwo &#8222;charakter&#8221;, styl i czas trwania utworu, b\u0105d\u017a link na Youtube do kt\u00f3rego utw\u00f3r ma by\u0107 podobny, a my postaramy si\u0119 zrobi\u0107 reszt\u0119.<\/p>\n\n\n\n<p><strong>Wszystkie nasze kompozycje maj\u0105 licencj\u0119 komercyjn\u0105 na co wystawiamy faktur\u0119!<\/strong><\/p>\n\n\n\n<div class=\"wp-block-group is-nowrap is-layout-flex wp-container-core-group-is-layout-ad2f72ca wp-block-group-is-layout-flex\">\n<figure class=\"wp-block-image alignleft\"><img loading=\"lazy\" decoding=\"async\" width=\"300\" height=\"135\" src=\"https:\/\/studionagranlodz.pl\/wp-content\/uploads\/2024\/03\/Komponowanie-muzyki-300x135.jpg\" alt=\"Komponowanie muzyki na zam\u00f3wienie\n\" class=\"wp-image-1263\" srcset=\"https:\/\/studionagranlodz.pl\/wp-content\/uploads\/2024\/03\/Komponowanie-muzyki-300x135.jpg 300w, https:\/\/studionagranlodz.pl\/wp-content\/uploads\/2024\/03\/Komponowanie-muzyki-768x345.jpg 768w, https:\/\/studionagranlodz.pl\/wp-content\/uploads\/2024\/03\/Komponowanie-muzyki.jpg 1000w\" sizes=\"(max-width: 300px) 100vw, 300px\" \/><\/figure>\n\n\n\n<p><em>Nasz kompozytor <strong>Adam Zajdel<\/strong>&nbsp; wsp\u00f3\u0142pracowa\u0142 z wieloma gwiazdami estrady (mi\u0119dzy innymi z Tatian\u0105 Okupnik i Monik\u0105 Kuszy\u0144sk\u0105), oraz stworzy\u0142 kilka w\u0142asnych projekt\u00f3w muzycznych tj. Operate czy Van Raajs. Gra biegle na kilku instrumentach oraz posiada du\u017ce do\u015bwiadczenie w produkcji studyjnej, a tak\u017ce wykszta\u0142cenie muzyczne.<\/em><\/p>\n<\/div>\n\n\n\n<p>Pracujemy w ten spos\u00f3b, \u017ce po uzgodnieniu szczeg\u00f3\u0142\u00f3w odno\u015bnie kompozycji muzyki, wysy\u0142amy Wam pr\u00f3bk\u0119 i sprawdzamy czy nasze wyobra\u017cenia s\u0105 podobne. Je\u015bli nie, to korygujemy i wprowadzamy zmiany wsp\u00f3lnie online kolejnymi pr\u00f3bkami, a\u017c rezultat b\u0119dzie zadowalaj\u0105cy.<\/p>\n\n\n\n<p><em><strong>Piosenki produkujemy i wsp\u00f3\u0142tworzymy razem z Pa\u0144stwem proponuj\u0105c nowoczesne rozwi\u0105zania stosowane wsp\u00f3\u0142cze\u015bnie w nowych, \u015bwiatowych produkcjach.<\/strong><\/em><\/p>\n\n\n\n<p>Pracujemy na instrumentach takich marek jak Korg, Yamaha, Alesis, a tak\u017ce \u015bwiatowej klasy brzmieniach marki Native Instruments 15 w najlepszej wersji, Steinberg &#8211; Halion7 i <a href=\"https:\/\/www.ikmultimedia.com\/\">IK Multimedia<\/a><\/p>\n\n\n\n<figure class=\"wp-block-image\"><img loading=\"lazy\" decoding=\"async\" width=\"225\" height=\"225\" src=\"https:\/\/studionagranlodz.pl\/wp-content\/uploads\/2022\/09\/Tworzenie-bitow.png\" alt=\"Tworzenie bit\u00f3w, Komponowanie muzyki\" class=\"wp-image-698\" srcset=\"https:\/\/studionagranlodz.pl\/wp-content\/uploads\/2022\/09\/Tworzenie-bitow.png 225w, https:\/\/studionagranlodz.pl\/wp-content\/uploads\/2022\/09\/Tworzenie-bitow-150x150.png 150w\" sizes=\"(max-width: 225px) 100vw, 225px\" \/><\/figure>\n\n\n\n<p><\/p>\n\n\n\n<h5 class=\"wp-block-heading\" id=\"h-proponujemy\">Proponujemy:<\/h5>\n\n\n\n<ul class=\"wp-block-list\">\n<li><strong>Komponowanie muzyki online<\/strong><\/li>\n\n\n\n<li><a href=\"https:\/\/www.youtube.com\/watch?v=eYp4enMuIYI\"><strong>Komponowanie muzyki na zam\u00f3wienie<\/strong><\/a><\/li>\n\n\n\n<li><strong>Komponowanie muzyki filmowej<\/strong><\/li>\n\n\n\n<li><strong>Komponowanie piosenek na zam\u00f3wienie<\/strong><\/li>\n\n\n\n<li><strong>Tworzenie mantr, muzyki relaksacyjnej, utwor\u00f3w do yogi<\/strong><\/li>\n\n\n\n<li><strong>Tworzenie bit\u00f3w hip-hop, rap, funk<\/strong><\/li>\n<\/ul>\n\n\n\n<p>Poruszamy si\u0119 w r\u00f3\u017cnych stylach muzycznych, a naszym atutem jest melodyjno\u015b\u0107 piosenek. Tworzyli\u015bmy r\u00f3\u017cne gatunki muzyczne od hip-hopu poprzez pop-rock i elektronik\u0119 po muzyk\u0119 symfoniczn\u0105 i relaksacyjn\u0105. Cz\u0119\u015b\u0107 utwor\u00f3w, kt\u00f3re mo\u017cemy publikowa\u0107 znajduje si\u0119 <a href=\"http:\/\/darmoweradiointernetowe.prv.pl\/\">tutaj<\/a>. S\u0105 to piosenki, kt\u00f3re nie zosta\u0142y nigdy u\u017cyte komercyjnie, b\u0105d\u017a te\u017c nie zosta\u0142y sko\u0144czone bo zamawiaj\u0105cy zmieni\u0142 zdanie i chcia\u0142 zrobi\u0107 co\u015b w innym stylu.<\/p>\n\n\n\n<p>Komponujemy r\u00f3wnie\u017c muzyk\u0119 irlandzk\u0105, sredniowieczn\u0105 i ci\u0119\u017ckie brzmienia rockowe najch\u0119tniej w po\u0142\u0105czeniu z elektronik\u0105 lub instrumentami etnicznymi.<\/p>\n\n\n\n<figure class=\"wp-block-image\"><img loading=\"lazy\" decoding=\"async\" width=\"300\" height=\"200\" src=\"https:\/\/studionagranlodz.pl\/wp-content\/uploads\/2023\/09\/P1000255.a-300x200.jpg\" alt=\"Tworzenie muzyki na zam\u00f3wienie\" class=\"wp-image-1074\" srcset=\"https:\/\/studionagranlodz.pl\/wp-content\/uploads\/2023\/09\/P1000255.a-300x200.jpg 300w, https:\/\/studionagranlodz.pl\/wp-content\/uploads\/2023\/09\/P1000255.a-768x512.jpg 768w, https:\/\/studionagranlodz.pl\/wp-content\/uploads\/2023\/09\/P1000255.a.jpg 1000w\" sizes=\"(max-width: 300px) 100vw, 300px\" \/><\/figure>\n\n\n\n<p><\/p>\n\n\n\n<p>Zapraszamy r\u00f3wnie\u017c na otwarte sesje kompozytorskie, gdzie wsp\u00f3\u0142tworzymy muzyk\u0119 wraz z Pa\u0144stwem. Mo\u017cna wtedy ingerowa\u0107 w brzmienie piosenki, rytmik\u0119 i form\u0119 utworu. Na miejscu mamy dost\u0119pny pakiet brzmie\u0144, oraz kontrolery do produkcji muzyki. Dzia\u0142amy w programie Cubase 14.<\/p>\n\n\n\n<p><strong>Nasze najnowsze kompozycje znajdziesz tutaj:<\/strong> <a href=\"https:\/\/open.spotify.com\/artist\/6hzf8znc96rU1vL6nYEV17\">https:\/\/open.spotify.com\/artist\/6hzf8znc96rU1vL6nYEV17<\/a><\/p>\n\n\n\n<h3 class=\"wp-block-heading\" id=\"h-tutaj-starsze-utwory-oraz-utwory-festiwalowe\"><strong>Tutaj starsze utwory, oraz utwory festiwalowe<\/strong>:<\/h3>\n\n\n\n<p>Nasza piosenka &#8222;Latarnik&#8221; <strong>zdoby\u0142a drugie miejsce na mi\u0119dzynarodowym festiwalu Lions World Song<\/strong> Festival &#8211; reprezentuj\u0105c Polsk\u0119<\/p>\n\n\n\n<p>Bity hip-hop pr\u00f3bki:<\/p>\n\n\n\n<figure class=\"wp-block-audio\"><audio controls src=\"https:\/\/studionagranlodz.pl\/wp-content\/uploads\/2024\/03\/Hip-hop-probka.mp3\"><\/audio><\/figure>\n\n\n\n<figure class=\"wp-block-audio\"><audio controls src=\"https:\/\/studionagranlodz.pl\/wp-content\/uploads\/2024\/03\/Jazz-Hip-hop-probka.mp3\"><\/audio><\/figure>\n\n\n\n<p>Podk\u0142ad w stylu hard rock z elektronik\u0105:<\/p>\n\n\n\n<figure class=\"wp-block-audio\"><audio controls src=\"https:\/\/studionagranlodz.pl\/wp-content\/uploads\/2024\/03\/Rock-metal-calosc.mp3\"><\/audio><\/figure>\n\n\n\n<p>Kraina \u0142agodno\u015bci, mantry (pr\u00f3bka):<\/p>\n\n\n\n<figure class=\"wp-block-audio\"><audio controls src=\"https:\/\/studionagranlodz.pl\/wp-content\/uploads\/2024\/03\/Gobinde-probka.mp3\"><\/audio><\/figure>\n\n\n\n<p>&nbsp;<\/p>\n\n\n\n<p>Poni\u017cej nasz kana\u0142 youtube ze starymi niekomercyjnymi produkcjami, kt\u00f3re mo\u017cemy udost\u0119pnia\u0107:<\/p>\n\n\n\n<iframe loading=\"lazy\" width=\"560\" height=\"315\" src=\"https:\/\/www.youtube.com\/embed\/6n97eC4FS8I?si=hbSmYluLyokW_LPQ\" title=\"YouTube video player\" frameborder=\"0\" allow=\"accelerometer; autoplay; clipboard-write; encrypted-media; gyroscope; picture-in-picture; web-share\" referrerpolicy=\"strict-origin-when-cross-origin\" allowfullscreen><\/iframe>\n\n\n\n<p><iframe loading=\"lazy\" title=\"YouTube video player\" src=\"https:\/\/www.youtube.com\/embed\/N3VgY5EJMRw?si=yYInhqCrOXliFqm5\" width=\"560\" height=\"315\" frameborder=\"0\" allowfullscreen=\"allowfullscreen\"><\/iframe><iframe loading=\"lazy\" title=\"YouTube video player\" src=\"https:\/\/www.youtube.com\/embed\/JJ4hFaxBCyg?si=sN4_5dgVENIrZESs\" width=\"560\" height=\"315\" frameborder=\"0\" allowfullscreen=\"allowfullscreen\"><\/iframe><iframe loading=\"lazy\" title=\"YouTube video player\" src=\"https:\/\/www.youtube.com\/embed\/JUliX8wJMfk\" width=\"560\" height=\"315\" frameborder=\"0\" allowfullscreen=\"allowfullscreen\"><\/iframe><\/p>\n\n\n\n<p><iframe loading=\"lazy\" title=\"YouTube video player\" src=\"https:\/\/www.youtube.com\/embed\/DiNbwDzJSYw?si=Ktblvi59sRGCDFCl\" width=\"560\" height=\"315\" frameborder=\"0\" allowfullscreen=\"allowfullscreen\"><\/iframe><\/p>\n\n\n\n<p><iframe loading=\"lazy\" title=\"YouTube video player\" src=\"https:\/\/www.youtube.com\/embed\/3nZc5mETa3w?si=hfvfDL5NthYFMsSb\" width=\"560\" height=\"315\" frameborder=\"0\" allowfullscreen=\"allowfullscreen\"><\/iframe><\/p>\n\n\n\n<p><iframe loading=\"lazy\" title=\"YouTube video player\" src=\"https:\/\/www.youtube.com\/embed\/dkf8rDnLSAw\" width=\"560\" height=\"315\" frameborder=\"0\" allowfullscreen=\"allowfullscreen\"><\/iframe><\/p>\n\n\n\n<p><iframe loading=\"lazy\" src=\"https:\/\/www.youtube.com\/embed\/ZJqboITIjiM\" width=\"560\" height=\"315\" frameborder=\"0\" allowfullscreen=\"allowfullscreen\"><\/iframe><\/p>\n\n\n\n<p>Troch\u0119 mocniejszy\/mroczny klimat:<\/p>\n\n\n\n<p><iframe loading=\"lazy\" title=\"YouTube video player\" src=\"https:\/\/www.youtube.com\/embed\/tdWFNmRH_o0?si=Ye1YSyWNVJ8S8DTw\" width=\"560\" height=\"315\" frameborder=\"0\" allowfullscreen=\"allowfullscreen\"><\/iframe><\/p>\n\n\n\n<p><iframe loading=\"lazy\" title=\"YouTube video player\" src=\"https:\/\/www.youtube.com\/embed\/nDnA3oAm0YE\" width=\"560\" height=\"315\" frameborder=\"0\" allowfullscreen=\"allowfullscreen\"><\/iframe><\/p>\n","protected":false},"excerpt":{"rendered":"<p>Komponowanie muzyki na zam\u00f3wienie najcz\u0119\u015bciej wykonujemy wraz z aran\u017cacj\u0105 muzyczn\u0105 i instrumentacj\u0105 utworu. Dzi\u0119ki czemu dostajecie Pa\u0144stwo gotowy do nagrania wokalu produkt w postaci podk\u0142adu. Oczywi\u015bcie kompozycj\u0119 mo\u017cemy wykona\u0107 tylko na samym pianinie lub gitarze wraz z lini\u0105 melodyczn\u0105. Komponujemy zar\u00f3wno piosenki jak i muzyk\u0119 filmow\u0105, do reklam itp. Posiadamy wysokiej jako\u015bci modu\u0142y brzmieniowe instrument\u00f3w [&hellip;]<\/p>\n","protected":false},"author":1,"featured_media":0,"parent":0,"menu_order":0,"comment_status":"closed","ping_status":"closed","template":"","meta":{"_et_pb_use_builder":"","_et_pb_old_content":"","_et_gb_content_width":"","footnotes":""},"class_list":["post-167","page","type-page","status-publish","hentry"],"yoast_head":"<!-- This site is optimized with the Yoast SEO Premium plugin v26.4 (Yoast SEO v27.6) - https:\/\/yoast.com\/product\/yoast-seo-premium-wordpress\/ -->\n<title>Komponowanie muzyki na zam\u00f3wienie - Studio Nagra\u0144 \u0141\u00f3d\u017a 11-tka. Zapis audio, edycja wokali, poprawa jako\u015bci plik\u00f3w z dyktafonu i wideo<\/title>\n<meta name=\"description\" content=\"Komponowanie muzyki na zam\u00f3wienie, tworzenie piosenek online wg potrzeb klienta. Tworzymy aran\u017cacje w stylu, lub podobne do istniej\u0105cych\" \/>\n<meta name=\"robots\" content=\"index, follow, max-snippet:-1, max-image-preview:large, max-video-preview:-1\" \/>\n<link rel=\"canonical\" href=\"https:\/\/studionagranlodz.pl\/index.php\/komponowanie-muzyki-na-zamowienie\/\" \/>\n<meta property=\"og:locale\" content=\"pl_PL\" \/>\n<meta property=\"og:type\" content=\"article\" \/>\n<meta property=\"og:title\" content=\"Komponowanie muzyki na zam\u00f3wienie\" \/>\n<meta property=\"og:description\" content=\"Komponowanie muzyki na zam\u00f3wienie, tworzenie piosenek online wg potrzeb klienta. Tworzymy aran\u017cacje w stylu, lub podobne do istniej\u0105cych\" \/>\n<meta property=\"og:url\" content=\"https:\/\/studionagranlodz.pl\/index.php\/komponowanie-muzyki-na-zamowienie\/\" \/>\n<meta property=\"og:site_name\" content=\"Studio Nagra\u0144 \u0141\u00f3d\u017a 11-tka. Zapis audio, edycja wokali, poprawa jako\u015bci plik\u00f3w z dyktafonu i wideo\" \/>\n<meta property=\"article:publisher\" content=\"https:\/\/www.facebook.com\/studionagraniowe11\" \/>\n<meta property=\"article:modified_time\" content=\"2026-05-12T08:33:16+00:00\" \/>\n<meta property=\"og:image\" content=\"https:\/\/studionagranlodz.pl\/wp-content\/uploads\/2024\/03\/Komponowanie-muzyki.jpg\" \/>\n\t<meta property=\"og:image:width\" content=\"1000\" \/>\n\t<meta property=\"og:image:height\" content=\"449\" \/>\n\t<meta property=\"og:image:type\" content=\"image\/jpeg\" \/>\n<meta name=\"twitter:card\" content=\"summary_large_image\" \/>\n<meta name=\"twitter:label1\" content=\"Szacowany czas czytania\" \/>\n\t<meta name=\"twitter:data1\" content=\"4 minuty\" \/>\n<script type=\"application\/ld+json\" class=\"yoast-schema-graph\">{\"@context\":\"https:\\\/\\\/schema.org\",\"@graph\":[{\"@type\":\"WebPage\",\"@id\":\"https:\\\/\\\/studionagranlodz.pl\\\/index.php\\\/komponowanie-muzyki-na-zamowienie\\\/\",\"url\":\"https:\\\/\\\/studionagranlodz.pl\\\/index.php\\\/komponowanie-muzyki-na-zamowienie\\\/\",\"name\":\"Komponowanie muzyki na zam\u00f3wienie - Studio Nagra\u0144 \u0141\u00f3d\u017a 11-tka. Zapis audio, edycja wokali, poprawa jako\u015bci plik\u00f3w z dyktafonu i wideo\",\"isPartOf\":{\"@id\":\"https:\\\/\\\/studionagranlodz.pl\\\/#website\"},\"primaryImageOfPage\":{\"@id\":\"https:\\\/\\\/studionagranlodz.pl\\\/index.php\\\/komponowanie-muzyki-na-zamowienie\\\/#primaryimage\"},\"image\":{\"@id\":\"https:\\\/\\\/studionagranlodz.pl\\\/index.php\\\/komponowanie-muzyki-na-zamowienie\\\/#primaryimage\"},\"thumbnailUrl\":\"https:\\\/\\\/studionagranlodz.pl\\\/wp-content\\\/uploads\\\/2024\\\/03\\\/Komponowanie-muzyki-300x135.jpg\",\"datePublished\":\"2018-08-23T12:57:59+00:00\",\"dateModified\":\"2026-05-12T08:33:16+00:00\",\"description\":\"Komponowanie muzyki na zam\u00f3wienie, tworzenie piosenek online wg potrzeb klienta. Tworzymy aran\u017cacje w stylu, lub podobne do istniej\u0105cych\",\"breadcrumb\":{\"@id\":\"https:\\\/\\\/studionagranlodz.pl\\\/index.php\\\/komponowanie-muzyki-na-zamowienie\\\/#breadcrumb\"},\"inLanguage\":\"pl-PL\",\"potentialAction\":[{\"@type\":\"ReadAction\",\"target\":[\"https:\\\/\\\/studionagranlodz.pl\\\/index.php\\\/komponowanie-muzyki-na-zamowienie\\\/\"]}]},{\"@type\":\"ImageObject\",\"inLanguage\":\"pl-PL\",\"@id\":\"https:\\\/\\\/studionagranlodz.pl\\\/index.php\\\/komponowanie-muzyki-na-zamowienie\\\/#primaryimage\",\"url\":\"https:\\\/\\\/studionagranlodz.pl\\\/wp-content\\\/uploads\\\/2024\\\/03\\\/Komponowanie-muzyki.jpg\",\"contentUrl\":\"https:\\\/\\\/studionagranlodz.pl\\\/wp-content\\\/uploads\\\/2024\\\/03\\\/Komponowanie-muzyki.jpg\",\"width\":1000,\"height\":449,\"caption\":\"Komponowanie muzyki na zam\u00f3wienie\"},{\"@type\":\"BreadcrumbList\",\"@id\":\"https:\\\/\\\/studionagranlodz.pl\\\/index.php\\\/komponowanie-muzyki-na-zamowienie\\\/#breadcrumb\",\"itemListElement\":[{\"@type\":\"ListItem\",\"position\":1,\"name\":\"Home\",\"item\":\"https:\\\/\\\/studionagranlodz.pl\\\/\"},{\"@type\":\"ListItem\",\"position\":2,\"name\":\"Komponowanie muzyki na zam\u00f3wienie\"}]},{\"@type\":\"WebSite\",\"@id\":\"https:\\\/\\\/studionagranlodz.pl\\\/#website\",\"url\":\"https:\\\/\\\/studionagranlodz.pl\\\/\",\"name\":\"Studio Nagra\u0144 \u0141\u00f3d\u017a 11-tka\",\"description\":\"Studio nagra\u0144 \u0141\u00f3d\u017a oferuje nagrania wokalist\u00f3w, lektor\u00f3w, mix i mastering. Odszumianie nagra\u0144 z dyktafonu. Produkcj\u0119 muzyczn\u0105 wraz z kompozycj\u0105 i aran\u017cacj\u0105.\",\"publisher\":{\"@id\":\"https:\\\/\\\/studionagranlodz.pl\\\/#organization\"},\"potentialAction\":[{\"@type\":\"SearchAction\",\"target\":{\"@type\":\"EntryPoint\",\"urlTemplate\":\"https:\\\/\\\/studionagranlodz.pl\\\/?s={search_term_string}\"},\"query-input\":{\"@type\":\"PropertyValueSpecification\",\"valueRequired\":true,\"valueName\":\"search_term_string\"}}],\"inLanguage\":\"pl-PL\"},{\"@type\":\"Organization\",\"@id\":\"https:\\\/\\\/studionagranlodz.pl\\\/#organization\",\"name\":\"PZ audio\",\"alternateName\":\"Studio nagra\u0144 \u0141\u00f3d\u017a\",\"url\":\"https:\\\/\\\/studionagranlodz.pl\\\/\",\"logo\":{\"@type\":\"ImageObject\",\"inLanguage\":\"pl-PL\",\"@id\":\"https:\\\/\\\/studionagranlodz.pl\\\/#\\\/schema\\\/logo\\\/image\\\/\",\"url\":\"https:\\\/\\\/studionagranlodz.pl\\\/wp-content\\\/uploads\\\/2024\\\/08\\\/cropped-sound_studio_11_google_thumbnail.png\",\"contentUrl\":\"https:\\\/\\\/studionagranlodz.pl\\\/wp-content\\\/uploads\\\/2024\\\/08\\\/cropped-sound_studio_11_google_thumbnail.png\",\"width\":1024,\"height\":1024,\"caption\":\"PZ audio\"},\"image\":{\"@id\":\"https:\\\/\\\/studionagranlodz.pl\\\/#\\\/schema\\\/logo\\\/image\\\/\"},\"sameAs\":[\"https:\\\/\\\/www.facebook.com\\\/studionagraniowe11\"]}]}<\/script>\n<!-- \/ Yoast SEO Premium plugin. -->","yoast_head_json":{"title":"Komponowanie muzyki na zam\u00f3wienie - Studio Nagra\u0144 \u0141\u00f3d\u017a 11-tka. Zapis audio, edycja wokali, poprawa jako\u015bci plik\u00f3w z dyktafonu i wideo","description":"Komponowanie muzyki na zam\u00f3wienie, tworzenie piosenek online wg potrzeb klienta. Tworzymy aran\u017cacje w stylu, lub podobne do istniej\u0105cych","robots":{"index":"index","follow":"follow","max-snippet":"max-snippet:-1","max-image-preview":"max-image-preview:large","max-video-preview":"max-video-preview:-1"},"canonical":"https:\/\/studionagranlodz.pl\/index.php\/komponowanie-muzyki-na-zamowienie\/","og_locale":"pl_PL","og_type":"article","og_title":"Komponowanie muzyki na zam\u00f3wienie","og_description":"Komponowanie muzyki na zam\u00f3wienie, tworzenie piosenek online wg potrzeb klienta. Tworzymy aran\u017cacje w stylu, lub podobne do istniej\u0105cych","og_url":"https:\/\/studionagranlodz.pl\/index.php\/komponowanie-muzyki-na-zamowienie\/","og_site_name":"Studio Nagra\u0144 \u0141\u00f3d\u017a 11-tka. Zapis audio, edycja wokali, poprawa jako\u015bci plik\u00f3w z dyktafonu i wideo","article_publisher":"https:\/\/www.facebook.com\/studionagraniowe11","article_modified_time":"2026-05-12T08:33:16+00:00","og_image":[{"width":1000,"height":449,"url":"https:\/\/studionagranlodz.pl\/wp-content\/uploads\/2024\/03\/Komponowanie-muzyki.jpg","type":"image\/jpeg"}],"twitter_card":"summary_large_image","twitter_misc":{"Szacowany czas czytania":"4 minuty"},"schema":{"@context":"https:\/\/schema.org","@graph":[{"@type":"WebPage","@id":"https:\/\/studionagranlodz.pl\/index.php\/komponowanie-muzyki-na-zamowienie\/","url":"https:\/\/studionagranlodz.pl\/index.php\/komponowanie-muzyki-na-zamowienie\/","name":"Komponowanie muzyki na zam\u00f3wienie - Studio Nagra\u0144 \u0141\u00f3d\u017a 11-tka. Zapis audio, edycja wokali, poprawa jako\u015bci plik\u00f3w z dyktafonu i wideo","isPartOf":{"@id":"https:\/\/studionagranlodz.pl\/#website"},"primaryImageOfPage":{"@id":"https:\/\/studionagranlodz.pl\/index.php\/komponowanie-muzyki-na-zamowienie\/#primaryimage"},"image":{"@id":"https:\/\/studionagranlodz.pl\/index.php\/komponowanie-muzyki-na-zamowienie\/#primaryimage"},"thumbnailUrl":"https:\/\/studionagranlodz.pl\/wp-content\/uploads\/2024\/03\/Komponowanie-muzyki-300x135.jpg","datePublished":"2018-08-23T12:57:59+00:00","dateModified":"2026-05-12T08:33:16+00:00","description":"Komponowanie muzyki na zam\u00f3wienie, tworzenie piosenek online wg potrzeb klienta. Tworzymy aran\u017cacje w stylu, lub podobne do istniej\u0105cych","breadcrumb":{"@id":"https:\/\/studionagranlodz.pl\/index.php\/komponowanie-muzyki-na-zamowienie\/#breadcrumb"},"inLanguage":"pl-PL","potentialAction":[{"@type":"ReadAction","target":["https:\/\/studionagranlodz.pl\/index.php\/komponowanie-muzyki-na-zamowienie\/"]}]},{"@type":"ImageObject","inLanguage":"pl-PL","@id":"https:\/\/studionagranlodz.pl\/index.php\/komponowanie-muzyki-na-zamowienie\/#primaryimage","url":"https:\/\/studionagranlodz.pl\/wp-content\/uploads\/2024\/03\/Komponowanie-muzyki.jpg","contentUrl":"https:\/\/studionagranlodz.pl\/wp-content\/uploads\/2024\/03\/Komponowanie-muzyki.jpg","width":1000,"height":449,"caption":"Komponowanie muzyki na zam\u00f3wienie"},{"@type":"BreadcrumbList","@id":"https:\/\/studionagranlodz.pl\/index.php\/komponowanie-muzyki-na-zamowienie\/#breadcrumb","itemListElement":[{"@type":"ListItem","position":1,"name":"Home","item":"https:\/\/studionagranlodz.pl\/"},{"@type":"ListItem","position":2,"name":"Komponowanie muzyki na zam\u00f3wienie"}]},{"@type":"WebSite","@id":"https:\/\/studionagranlodz.pl\/#website","url":"https:\/\/studionagranlodz.pl\/","name":"Studio Nagra\u0144 \u0141\u00f3d\u017a 11-tka","description":"Studio nagra\u0144 \u0141\u00f3d\u017a oferuje nagrania wokalist\u00f3w, lektor\u00f3w, mix i mastering. Odszumianie nagra\u0144 z dyktafonu. Produkcj\u0119 muzyczn\u0105 wraz z kompozycj\u0105 i aran\u017cacj\u0105.","publisher":{"@id":"https:\/\/studionagranlodz.pl\/#organization"},"potentialAction":[{"@type":"SearchAction","target":{"@type":"EntryPoint","urlTemplate":"https:\/\/studionagranlodz.pl\/?s={search_term_string}"},"query-input":{"@type":"PropertyValueSpecification","valueRequired":true,"valueName":"search_term_string"}}],"inLanguage":"pl-PL"},{"@type":"Organization","@id":"https:\/\/studionagranlodz.pl\/#organization","name":"PZ audio","alternateName":"Studio nagra\u0144 \u0141\u00f3d\u017a","url":"https:\/\/studionagranlodz.pl\/","logo":{"@type":"ImageObject","inLanguage":"pl-PL","@id":"https:\/\/studionagranlodz.pl\/#\/schema\/logo\/image\/","url":"https:\/\/studionagranlodz.pl\/wp-content\/uploads\/2024\/08\/cropped-sound_studio_11_google_thumbnail.png","contentUrl":"https:\/\/studionagranlodz.pl\/wp-content\/uploads\/2024\/08\/cropped-sound_studio_11_google_thumbnail.png","width":1024,"height":1024,"caption":"PZ audio"},"image":{"@id":"https:\/\/studionagranlodz.pl\/#\/schema\/logo\/image\/"},"sameAs":["https:\/\/www.facebook.com\/studionagraniowe11"]}]}},"_links":{"self":[{"href":"https:\/\/studionagranlodz.pl\/index.php\/wp-json\/wp\/v2\/pages\/167","targetHints":{"allow":["GET"]}}],"collection":[{"href":"https:\/\/studionagranlodz.pl\/index.php\/wp-json\/wp\/v2\/pages"}],"about":[{"href":"https:\/\/studionagranlodz.pl\/index.php\/wp-json\/wp\/v2\/types\/page"}],"author":[{"embeddable":true,"href":"https:\/\/studionagranlodz.pl\/index.php\/wp-json\/wp\/v2\/users\/1"}],"replies":[{"embeddable":true,"href":"https:\/\/studionagranlodz.pl\/index.php\/wp-json\/wp\/v2\/comments?post=167"}],"version-history":[{"count":5,"href":"https:\/\/studionagranlodz.pl\/index.php\/wp-json\/wp\/v2\/pages\/167\/revisions"}],"predecessor-version":[{"id":1858,"href":"https:\/\/studionagranlodz.pl\/index.php\/wp-json\/wp\/v2\/pages\/167\/revisions\/1858"}],"wp:attachment":[{"href":"https:\/\/studionagranlodz.pl\/index.php\/wp-json\/wp\/v2\/media?parent=167"}],"curies":[{"name":"wp","href":"https:\/\/api.w.org\/{rel}","templated":true}]}}