{"id":145,"date":"2018-08-15T20:03:54","date_gmt":"2018-08-15T20:03:54","guid":{"rendered":"https:\/\/studionagranlodz.pl\/?page_id=145"},"modified":"2026-05-15T07:53:58","modified_gmt":"2026-05-15T05:53:58","slug":"oryginalny-prezent","status":"publish","type":"page","link":"https:\/\/studionagranlodz.pl\/index.php\/oryginalny-prezent\/","title":{"rendered":"Oryginalny prezent"},"content":{"rendered":"<h2>Oryginalny prezent muzyczny, pomys\u0142 na jedyny w swoim rodzaju podarunek &#8211; nagranie piosenki w studio (bon, voucher)!<\/h2>\n<p style=\"text-align: justify;\"><img loading=\"lazy\" decoding=\"async\" class=\"alignleft wp-image-147 size-medium\" src=\"https:\/\/studionagranlodz.pl\/wp-content\/uploads\/2018\/08\/event-300x200.jpg\" alt=\"oryginalny prezent nagranie\" width=\"300\" height=\"200\" srcset=\"https:\/\/studionagranlodz.pl\/wp-content\/uploads\/2018\/08\/event-300x200.jpg 300w, https:\/\/studionagranlodz.pl\/wp-content\/uploads\/2018\/08\/event-768x512.jpg 768w, https:\/\/studionagranlodz.pl\/wp-content\/uploads\/2018\/08\/event.jpg 800w\" sizes=\"(max-width: 300px) 100vw, 300px\" \/>Oryginalny prezent dla swojej ukochanej, lub ukochanego, mamy, taty, szefa, przyjaciela, dziewczyny lub ch\u0142opaka mo\u017cecie Pa\u0144stwo zrealizowa\u0107 w naszym studiu nagra\u0144. Proponujemy profesjonalne nagranie piosenki dla wybranej osoby wraz z oryginaln\u0105 muzyk\u0105 i tekstem. Wystarczy, \u017ce kiedy\u015b mieli\u015bcie Pa\u0144stwo chocia\u017c raz do czynienia ze \u015bpiewaniem b\u0105d\u017a rapowaniem i nie wa\u017cne, \u017ce nie nagrywali\u015bcie nigdy w studio. Nie musi to by\u0107 wysoki poziom, poniewa\u017c reszt\u0119 zrobimy za Was obrabiaj\u0105c i czyszcz\u0105c wokal tak, aby Wasza piosenka brzmia\u0142a jak hit z listy przeboj\u00f3w. Pomagamy przy za\u015bpiewaniu, interpretacji i ch\u00f3rkach. Mo\u017cemy r\u00f3wnie\u017c stworzy\u0107 wirtualne ch\u00f3rki z Waszego g\u0142osu, tak, \u017ce b\u0119d\u0105 brzmia\u0142y w miar\u0119 naturalnie. Do ka\u017cdej piosenki podchodzimy indywidualnie i s\u0142uchamy Pa\u0144stwa sugestii.<\/p>\n<h4 style=\"text-align: justify;\"><strong>Cena us\u0142ugi b\u0119dzie zale\u017ce\u0107 od kilku czynnik\u00f3w:<\/strong><\/h4>\n<ul>\n<li>Czy podk\u0142ad piosenki na prezent ma by\u0107 oryginalny, czy nagrywamy cover ?<\/li>\n<li>Czy tekst piosenki napisz\u0105 Pa\u0144stwo sami, czy oddajecie to nam ?<\/li>\n<li>Czy piosenka ma zawiera\u0107 ch\u00f3rki ? Czy ch\u00f3rki maja by\u0107 naturalne czy z vocodera (syntetyczne) ?<\/li>\n<li>Czy piosenk\u0119 nagrywamy na oryginalnej p\u0142ycie z nadrukiem laserowym, czy oddajemy j\u0105 Pa\u0144stwu w postaci cyfrowej ( wav, mp3 ) ?<\/li>\n<li>Od ilo\u015bci os\u00f3b nagrywaj\u0105cych<\/li>\n<li>Od tego czy nagrywamy samo audio czy te\u017c wraz z wideo (w drugim przypadku te\u017c jest sporo opcji)<\/li>\n<\/ul>\n<p><img loading=\"lazy\" decoding=\"async\" class=\"alignnone wp-image-1398\" src=\"https:\/\/studionagranlodz.pl\/wp-content\/uploads\/2018\/06\/Studio-nagran-wokalnych-300x200.jpg\" alt=\"Voucher na nagranie w studio nagra\u0144\" width=\"402\" height=\"268\" srcset=\"https:\/\/studionagranlodz.pl\/wp-content\/uploads\/2018\/06\/Studio-nagran-wokalnych-300x200.jpg 300w, https:\/\/studionagranlodz.pl\/wp-content\/uploads\/2018\/06\/Studio-nagran-wokalnych-768x512.jpg 768w, https:\/\/studionagranlodz.pl\/wp-content\/uploads\/2018\/06\/Studio-nagran-wokalnych.jpg 1000w\" sizes=\"(max-width: 402px) 100vw, 402px\" \/><\/p>\n<p>Pianka studyjna do nagra\u0144 wideo:<\/p>\n<p><img loading=\"lazy\" decoding=\"async\" class=\"alignnone wp-image-1197\" src=\"https:\/\/studionagranlodz.pl\/wp-content\/uploads\/2024\/03\/Studio-nagran-teledyski-300x135.jpg\" alt=\"Voucher na nagranie piosenki\" width=\"402\" height=\"181\" srcset=\"https:\/\/studionagranlodz.pl\/wp-content\/uploads\/2024\/03\/Studio-nagran-teledyski-300x135.jpg 300w, https:\/\/studionagranlodz.pl\/wp-content\/uploads\/2024\/03\/Studio-nagran-teledyski-768x345.jpg 768w, https:\/\/studionagranlodz.pl\/wp-content\/uploads\/2024\/03\/Studio-nagran-teledyski.jpg 1000w\" sizes=\"(max-width: 402px) 100vw, 402px\" \/><\/p>\n<p style=\"text-align: justify;\">Mo\u017cemy stworzy\u0107 Pa\u0144stwu oryginaln\u0105 kompozycj\u0119 muzyczn\u0105, albo mo\u017cecie Pa\u0144stwo skorzysta\u0107 z podk\u0142ad\u00f3w piosenek, kt\u00f3re ju\u017c istniej\u0105 (cover\u00f3w). W pierwszym przypadku piosenka b\u0119dzie troch\u0119 dro\u017csza, gdy\u017c kompozytor b\u0119dzie musia\u0142 napisa\u0107 piosenk\u0119 od nowa i zaaran\u017cowa\u0107 j\u0105 wg Waszego uznania (w dowolnym stylu). W przypadku naszego tekstu do piosenki na prezent, trzeba b\u0119dzie okre\u015bli\u0107 mniej wi\u0119cej tematyk\u0119 i cechy charakterystyczne, kt\u00f3re maj\u0105 by\u0107 zawarte w tek\u015bcie. Mo\u017ce to by\u0107 imi\u0119 osoby dla kt\u00f3rej nagrywacie piosenk\u0119, a tak\u017ce jej cechy, kt\u00f3re autor postara si\u0119 wple\u015b\u0107 w tekst. W przypadku ch\u00f3rk\u00f3w r\u00f3wnie\u017c du\u017co pomagamy poprzez podpowiedzi realizatora, lub po prostu robimy je sami w studio z Waszego g\u0142osu za pomoc\u0105 specjalnego efektu zwanego vocoder&#8217;em. Je\u015bli piosenka ma by\u0107 bardziej trendy to dobrze, aby zawiera\u0142a ch\u00f3rki, ale nie jest to absolutnie przymus i zale\u017cy du\u017co od kompozycji i aran\u017cacji utworu.<\/p>\n<p><strong><span style=\"font-size: 19px;\">Oryginalny prezent na 40 urodziny dla m\u0119\u017cczyzny, kobiety jak i nastolatki<\/span><\/strong><\/p>\n<p><strong>Cena podstawowego nagrania w formie bonu\/ voucher&#8217;a do w\u0142asnego podk\u0142adu muzycznego wraz z obr\u00f3bk\u0105: 350z\u0142<\/strong><\/p>\n<h4 style=\"text-align: justify;\"><strong>Do ka\u017cdej piosenki mo\u017cemy nakr\u0119ci\u0107 wideo, bad\u017a TELEDYSK, aby mo\u017cna j\u0105 by\u0142o wstawi\u0107 na Youtube.<\/strong><\/h4>\n<p style=\"text-align: justify;\">Mo\u017ce to by\u0107 prosty klip np. wykonany z kilku uj\u0119\u0107 w naszym studio, b\u0105d\u017a bardziej profesjonalny monta\u017c wykonywany w plenerze z wieloma scenami. Je\u015bli nie lubi\u0105 Pa\u0144stwo wideo mo\u017cemy r\u00f3wnie\u017c wykona\u0107 animacj\u0119 twarzy i pod\u0142o\u017cy\u0107 pod prosty rysunkowy film. Twarz b\u0119dzie rusza\u0142a ustami i mruga\u0142a w rytm muzyki.Wi\u0119cej na ten temat znajdziecie Pa\u0144stwo tutaj: <a href=\"https:\/\/studionagranlodz.pl\/index.php\/montaz-i-krecenie-teledyskow-lodz\/\">monta\u017c i kr\u0119cenie teledysk\u00f3w<\/a><\/p>\n<p><strong>Cena podstawowego nagrania z dw\u00f3ch uj\u0119\u0107 wraz z wideo w formie voucher&#8217;u\/ bonu : 450z\u0142<\/strong><\/p>\n<p><img loading=\"lazy\" decoding=\"async\" class=\"alignnone wp-image-233 size-medium\" src=\"https:\/\/studionagranlodz.pl\/wp-content\/uploads\/2019\/05\/prezent-nagranie-w-studio-300x169.jpg\" alt=\"Prezent nagranie w studio nagra\u0144\" width=\"300\" height=\"169\" srcset=\"https:\/\/studionagranlodz.pl\/wp-content\/uploads\/2019\/05\/prezent-nagranie-w-studio-300x169.jpg 300w, https:\/\/studionagranlodz.pl\/wp-content\/uploads\/2019\/05\/prezent-nagranie-w-studio-768x432.jpg 768w, https:\/\/studionagranlodz.pl\/wp-content\/uploads\/2019\/05\/prezent-nagranie-w-studio.jpg 900w\" sizes=\"(max-width: 300px) 100vw, 300px\" \/><\/p>\n<p style=\"text-align: justify;\">Po nagraniu piosenki robimy jej profesjonalny mix i mastering, \u017ceby brzmia\u0142a tak mocno i klarownie jak najnowsze produkcje muzyczne. Oddajemy j\u0105 Pa\u0144stwu w postaci cyfrowej (np. na pendrive) lub w formie nagranej p\u0142yty. P\u0142yta mo\u017ce by\u0107 z drukiem laserowym np. ze zdj\u0119ciem osoby, kt\u00f3rej chcecie wr\u0119czy\u0107 ten oryginalny prezent. Druk jest monochromatyczny, ale wygl\u0105da profesjonalnie.<\/p>\n<p>Tutaj przyk\u0142ad piosenki, kt\u00f3r\u0105 realizowali\u015bmy do tekstu autorskiego:\u00a0 <a href=\"https:\/\/www.youtube.com\/watch?v=5KLzhaIhEOY\">oryginalny prezent<\/a><\/p>\n<p>Najcz\u0119\u015bciej realizujemy muzyczne niespodzianki jako prezent dla:<\/p>\n<ul>\n<li>Panny M\u0142odej na weselu (\u015bpiewa Pan M\u0142ody) &#8211; zwykle realizowany si\u0119 wraz z teledyskiem przeplatanym zdj\u0119ciami m\u0142odej pary<\/li>\n<li>Pana M\u0142odego<\/li>\n<li>Oryginalny prezent dla m\u0119\u017cczyzn<\/li>\n<li>Okazjonalnie &#8211; np. kto\u015b marzy\u0142 o nagraniu profesjonalnej piosenki w studio<\/li>\n<li>Ukochanej, lub ukochanego &#8211; przy zar\u0119czynach, lub rocznicach.<\/li>\n<li>Pa\u0144stwa m\u0142odych od rodzic\u00f3w ( wideo wy\u015bwietlane na weselu )<\/li>\n<\/ul>\n<p><strong>Zaskocz bliskich profesjonalnym przebojem nagranym u nas! Ju\u017c dzi\u015b mo\u017cesz zacz\u0105\u0107 si\u0119 promowa\u0107 z w\u0142asn\u0105 piosenk\u0105 na YouTube.<\/strong><\/p>\n<h4>Tutaj nasze najnowsze piosenki i produkcje (skopiuj link):<\/h4>\n<h5>https:\/\/open.spotify.com\/artist\/6hzf8znc96rU1vL6nYEV17<\/h5>\n<p><strong>Nasze starsze produkcje i realizacje bez wideo:<\/strong><\/p>\n<p><iframe loading=\"lazy\" title=\"YouTube video player\" src=\"https:\/\/www.youtube.com\/embed\/z7kPjXHHTqw?si=-n_748jWyRd34kSk\" width=\"560\" height=\"315\" frameborder=\"0\" allowfullscreen=\"allowfullscreen\"><\/iframe><\/p>\n<p>Nasza aran\u017cacja, nagranie i wideo z trzech uj\u0119\u0107:<\/p>\n<p><iframe loading=\"lazy\" title=\"YouTube video player\" src=\"https:\/\/www.youtube.com\/embed\/XitUvWSJ_3Y?si=lPgH7o96qibCjkEz\" width=\"560\" height=\"315\" frameborder=\"0\" allowfullscreen=\"allowfullscreen\"><\/iframe><\/p>\n<p>Prosty teledysk animowany z twarz\u0105 klienta:<\/p>\n<p><iframe loading=\"lazy\" title=\"YouTube video player\" src=\"https:\/\/www.youtube.com\/embed\/XjShEu2a6O4\" width=\"560\" height=\"315\" frameborder=\"0\" allowfullscreen=\"allowfullscreen\"><\/iframe><\/p>\n<p>Teledysk studyjny z p\u0142ynnymi przej\u015bciami:<\/p>\n<p><iframe loading=\"lazy\" src=\"https:\/\/www.youtube.com\/embed\/uEOv3onlt-Q\" width=\"560\" height=\"315\" frameborder=\"0\" allowfullscreen=\"allowfullscreen\"><\/iframe><\/p>\n<p><strong>Nagrywane u nas:<\/strong><\/p>\n<p><strong>\u00a0<\/strong><br \/>\n<iframe loading=\"lazy\" src=\"https:\/\/www.youtube.com\/embed\/Ma7ghg-wLqY\" width=\"560\" height=\"315\" frameborder=\"0\" allowfullscreen=\"allowfullscreen\"><\/iframe><\/p>\n","protected":false},"excerpt":{"rendered":"<p>Oryginalny prezent muzyczny, pomys\u0142 na jedyny w swoim rodzaju podarunek &#8211; nagranie piosenki w studio (bon, voucher)! Oryginalny prezent dla swojej ukochanej, lub ukochanego, mamy, taty, szefa, przyjaciela, dziewczyny lub ch\u0142opaka mo\u017cecie Pa\u0144stwo zrealizowa\u0107 w naszym studiu nagra\u0144. Proponujemy profesjonalne nagranie piosenki dla wybranej osoby wraz z oryginaln\u0105 muzyk\u0105 i tekstem. Wystarczy, \u017ce kiedy\u015b mieli\u015bcie [&hellip;]<\/p>\n","protected":false},"author":1,"featured_media":0,"parent":0,"menu_order":0,"comment_status":"closed","ping_status":"closed","template":"","meta":{"_et_pb_use_builder":"","_et_pb_old_content":"","_et_gb_content_width":"","footnotes":""},"class_list":["post-145","page","type-page","status-publish","hentry"],"yoast_head":"<!-- This site is optimized with the Yoast SEO Premium plugin v26.4 (Yoast SEO v27.6) - https:\/\/yoast.com\/product\/yoast-seo-premium-wordpress\/ -->\n<title>Oryginalny prezent - Studio Nagra\u0144 \u0141\u00f3d\u017a 11-tka. Zapis audio, edycja wokali, poprawa jako\u015bci plik\u00f3w z dyktafonu i wideo<\/title>\n<meta name=\"description\" content=\"Oryginalny prezent w postaci profesjonalnie nagranej piosenki w naszym studiu. Pomagamy w nagraniu, piszemy muzyk\u0119 i tekst autorska lub cover\" \/>\n<meta name=\"robots\" content=\"index, follow, max-snippet:-1, max-image-preview:large, max-video-preview:-1\" \/>\n<link rel=\"canonical\" href=\"https:\/\/studionagranlodz.pl\/index.php\/oryginalny-prezent\/\" \/>\n<meta property=\"og:locale\" content=\"pl_PL\" \/>\n<meta property=\"og:type\" content=\"article\" \/>\n<meta property=\"og:title\" content=\"Oryginalny prezent\" \/>\n<meta property=\"og:description\" content=\"Oryginalny prezent w postaci profesjonalnie nagranej piosenki w naszym studiu. Pomagamy w nagraniu, piszemy muzyk\u0119 i tekst autorska lub cover\" \/>\n<meta property=\"og:url\" content=\"https:\/\/studionagranlodz.pl\/index.php\/oryginalny-prezent\/\" \/>\n<meta property=\"og:site_name\" content=\"Studio Nagra\u0144 \u0141\u00f3d\u017a 11-tka. Zapis audio, edycja wokali, poprawa jako\u015bci plik\u00f3w z dyktafonu i wideo\" \/>\n<meta property=\"article:publisher\" content=\"https:\/\/www.facebook.com\/studionagraniowe11\" \/>\n<meta property=\"article:modified_time\" content=\"2026-05-15T05:53:58+00:00\" \/>\n<meta property=\"og:image\" content=\"https:\/\/studionagranlodz.pl\/wp-content\/uploads\/2018\/08\/event.jpg\" \/>\n\t<meta property=\"og:image:width\" content=\"800\" \/>\n\t<meta property=\"og:image:height\" content=\"533\" \/>\n\t<meta property=\"og:image:type\" content=\"image\/jpeg\" \/>\n<meta name=\"twitter:card\" content=\"summary_large_image\" \/>\n<meta name=\"twitter:label1\" content=\"Szacowany czas czytania\" \/>\n\t<meta name=\"twitter:data1\" content=\"5 minut\" \/>\n<script type=\"application\/ld+json\" class=\"yoast-schema-graph\">{\"@context\":\"https:\\\/\\\/schema.org\",\"@graph\":[{\"@type\":\"WebPage\",\"@id\":\"https:\\\/\\\/studionagranlodz.pl\\\/index.php\\\/oryginalny-prezent\\\/\",\"url\":\"https:\\\/\\\/studionagranlodz.pl\\\/index.php\\\/oryginalny-prezent\\\/\",\"name\":\"Oryginalny prezent - Studio Nagra\u0144 \u0141\u00f3d\u017a 11-tka. Zapis audio, edycja wokali, poprawa jako\u015bci plik\u00f3w z dyktafonu i wideo\",\"isPartOf\":{\"@id\":\"https:\\\/\\\/studionagranlodz.pl\\\/#website\"},\"primaryImageOfPage\":{\"@id\":\"https:\\\/\\\/studionagranlodz.pl\\\/index.php\\\/oryginalny-prezent\\\/#primaryimage\"},\"image\":{\"@id\":\"https:\\\/\\\/studionagranlodz.pl\\\/index.php\\\/oryginalny-prezent\\\/#primaryimage\"},\"thumbnailUrl\":\"https:\\\/\\\/studionagranlodz.pl\\\/wp-content\\\/uploads\\\/2018\\\/08\\\/event-300x200.jpg\",\"datePublished\":\"2018-08-15T20:03:54+00:00\",\"dateModified\":\"2026-05-15T05:53:58+00:00\",\"description\":\"Oryginalny prezent w postaci profesjonalnie nagranej piosenki w naszym studiu. Pomagamy w nagraniu, piszemy muzyk\u0119 i tekst autorska lub cover\",\"breadcrumb\":{\"@id\":\"https:\\\/\\\/studionagranlodz.pl\\\/index.php\\\/oryginalny-prezent\\\/#breadcrumb\"},\"inLanguage\":\"pl-PL\",\"potentialAction\":[{\"@type\":\"ReadAction\",\"target\":[\"https:\\\/\\\/studionagranlodz.pl\\\/index.php\\\/oryginalny-prezent\\\/\"]}]},{\"@type\":\"ImageObject\",\"inLanguage\":\"pl-PL\",\"@id\":\"https:\\\/\\\/studionagranlodz.pl\\\/index.php\\\/oryginalny-prezent\\\/#primaryimage\",\"url\":\"https:\\\/\\\/studionagranlodz.pl\\\/wp-content\\\/uploads\\\/2018\\\/08\\\/event.jpg\",\"contentUrl\":\"https:\\\/\\\/studionagranlodz.pl\\\/wp-content\\\/uploads\\\/2018\\\/08\\\/event.jpg\",\"width\":800,\"height\":533,\"caption\":\"wokalistka i gitarzysta duet\"},{\"@type\":\"BreadcrumbList\",\"@id\":\"https:\\\/\\\/studionagranlodz.pl\\\/index.php\\\/oryginalny-prezent\\\/#breadcrumb\",\"itemListElement\":[{\"@type\":\"ListItem\",\"position\":1,\"name\":\"Home\",\"item\":\"https:\\\/\\\/studionagranlodz.pl\\\/\"},{\"@type\":\"ListItem\",\"position\":2,\"name\":\"Oryginalny prezent\"}]},{\"@type\":\"WebSite\",\"@id\":\"https:\\\/\\\/studionagranlodz.pl\\\/#website\",\"url\":\"https:\\\/\\\/studionagranlodz.pl\\\/\",\"name\":\"Studio Nagra\u0144 \u0141\u00f3d\u017a 11-tka\",\"description\":\"Studio nagra\u0144 \u0141\u00f3d\u017a oferuje nagrania wokalist\u00f3w, lektor\u00f3w, mix i mastering. Odszumianie nagra\u0144 z dyktafonu. Produkcj\u0119 muzyczn\u0105 wraz z kompozycj\u0105 i aran\u017cacj\u0105.\",\"publisher\":{\"@id\":\"https:\\\/\\\/studionagranlodz.pl\\\/#organization\"},\"potentialAction\":[{\"@type\":\"SearchAction\",\"target\":{\"@type\":\"EntryPoint\",\"urlTemplate\":\"https:\\\/\\\/studionagranlodz.pl\\\/?s={search_term_string}\"},\"query-input\":{\"@type\":\"PropertyValueSpecification\",\"valueRequired\":true,\"valueName\":\"search_term_string\"}}],\"inLanguage\":\"pl-PL\"},{\"@type\":\"Organization\",\"@id\":\"https:\\\/\\\/studionagranlodz.pl\\\/#organization\",\"name\":\"PZ audio\",\"alternateName\":\"Studio nagra\u0144 \u0141\u00f3d\u017a\",\"url\":\"https:\\\/\\\/studionagranlodz.pl\\\/\",\"logo\":{\"@type\":\"ImageObject\",\"inLanguage\":\"pl-PL\",\"@id\":\"https:\\\/\\\/studionagranlodz.pl\\\/#\\\/schema\\\/logo\\\/image\\\/\",\"url\":\"https:\\\/\\\/studionagranlodz.pl\\\/wp-content\\\/uploads\\\/2024\\\/08\\\/cropped-sound_studio_11_google_thumbnail.png\",\"contentUrl\":\"https:\\\/\\\/studionagranlodz.pl\\\/wp-content\\\/uploads\\\/2024\\\/08\\\/cropped-sound_studio_11_google_thumbnail.png\",\"width\":1024,\"height\":1024,\"caption\":\"PZ audio\"},\"image\":{\"@id\":\"https:\\\/\\\/studionagranlodz.pl\\\/#\\\/schema\\\/logo\\\/image\\\/\"},\"sameAs\":[\"https:\\\/\\\/www.facebook.com\\\/studionagraniowe11\"]}]}<\/script>\n<!-- \/ Yoast SEO Premium plugin. -->","yoast_head_json":{"title":"Oryginalny prezent - Studio Nagra\u0144 \u0141\u00f3d\u017a 11-tka. Zapis audio, edycja wokali, poprawa jako\u015bci plik\u00f3w z dyktafonu i wideo","description":"Oryginalny prezent w postaci profesjonalnie nagranej piosenki w naszym studiu. Pomagamy w nagraniu, piszemy muzyk\u0119 i tekst autorska lub cover","robots":{"index":"index","follow":"follow","max-snippet":"max-snippet:-1","max-image-preview":"max-image-preview:large","max-video-preview":"max-video-preview:-1"},"canonical":"https:\/\/studionagranlodz.pl\/index.php\/oryginalny-prezent\/","og_locale":"pl_PL","og_type":"article","og_title":"Oryginalny prezent","og_description":"Oryginalny prezent w postaci profesjonalnie nagranej piosenki w naszym studiu. Pomagamy w nagraniu, piszemy muzyk\u0119 i tekst autorska lub cover","og_url":"https:\/\/studionagranlodz.pl\/index.php\/oryginalny-prezent\/","og_site_name":"Studio Nagra\u0144 \u0141\u00f3d\u017a 11-tka. Zapis audio, edycja wokali, poprawa jako\u015bci plik\u00f3w z dyktafonu i wideo","article_publisher":"https:\/\/www.facebook.com\/studionagraniowe11","article_modified_time":"2026-05-15T05:53:58+00:00","og_image":[{"width":800,"height":533,"url":"https:\/\/studionagranlodz.pl\/wp-content\/uploads\/2018\/08\/event.jpg","type":"image\/jpeg"}],"twitter_card":"summary_large_image","twitter_misc":{"Szacowany czas czytania":"5 minut"},"schema":{"@context":"https:\/\/schema.org","@graph":[{"@type":"WebPage","@id":"https:\/\/studionagranlodz.pl\/index.php\/oryginalny-prezent\/","url":"https:\/\/studionagranlodz.pl\/index.php\/oryginalny-prezent\/","name":"Oryginalny prezent - Studio Nagra\u0144 \u0141\u00f3d\u017a 11-tka. Zapis audio, edycja wokali, poprawa jako\u015bci plik\u00f3w z dyktafonu i wideo","isPartOf":{"@id":"https:\/\/studionagranlodz.pl\/#website"},"primaryImageOfPage":{"@id":"https:\/\/studionagranlodz.pl\/index.php\/oryginalny-prezent\/#primaryimage"},"image":{"@id":"https:\/\/studionagranlodz.pl\/index.php\/oryginalny-prezent\/#primaryimage"},"thumbnailUrl":"https:\/\/studionagranlodz.pl\/wp-content\/uploads\/2018\/08\/event-300x200.jpg","datePublished":"2018-08-15T20:03:54+00:00","dateModified":"2026-05-15T05:53:58+00:00","description":"Oryginalny prezent w postaci profesjonalnie nagranej piosenki w naszym studiu. Pomagamy w nagraniu, piszemy muzyk\u0119 i tekst autorska lub cover","breadcrumb":{"@id":"https:\/\/studionagranlodz.pl\/index.php\/oryginalny-prezent\/#breadcrumb"},"inLanguage":"pl-PL","potentialAction":[{"@type":"ReadAction","target":["https:\/\/studionagranlodz.pl\/index.php\/oryginalny-prezent\/"]}]},{"@type":"ImageObject","inLanguage":"pl-PL","@id":"https:\/\/studionagranlodz.pl\/index.php\/oryginalny-prezent\/#primaryimage","url":"https:\/\/studionagranlodz.pl\/wp-content\/uploads\/2018\/08\/event.jpg","contentUrl":"https:\/\/studionagranlodz.pl\/wp-content\/uploads\/2018\/08\/event.jpg","width":800,"height":533,"caption":"wokalistka i gitarzysta duet"},{"@type":"BreadcrumbList","@id":"https:\/\/studionagranlodz.pl\/index.php\/oryginalny-prezent\/#breadcrumb","itemListElement":[{"@type":"ListItem","position":1,"name":"Home","item":"https:\/\/studionagranlodz.pl\/"},{"@type":"ListItem","position":2,"name":"Oryginalny prezent"}]},{"@type":"WebSite","@id":"https:\/\/studionagranlodz.pl\/#website","url":"https:\/\/studionagranlodz.pl\/","name":"Studio Nagra\u0144 \u0141\u00f3d\u017a 11-tka","description":"Studio nagra\u0144 \u0141\u00f3d\u017a oferuje nagrania wokalist\u00f3w, lektor\u00f3w, mix i mastering. Odszumianie nagra\u0144 z dyktafonu. Produkcj\u0119 muzyczn\u0105 wraz z kompozycj\u0105 i aran\u017cacj\u0105.","publisher":{"@id":"https:\/\/studionagranlodz.pl\/#organization"},"potentialAction":[{"@type":"SearchAction","target":{"@type":"EntryPoint","urlTemplate":"https:\/\/studionagranlodz.pl\/?s={search_term_string}"},"query-input":{"@type":"PropertyValueSpecification","valueRequired":true,"valueName":"search_term_string"}}],"inLanguage":"pl-PL"},{"@type":"Organization","@id":"https:\/\/studionagranlodz.pl\/#organization","name":"PZ audio","alternateName":"Studio nagra\u0144 \u0141\u00f3d\u017a","url":"https:\/\/studionagranlodz.pl\/","logo":{"@type":"ImageObject","inLanguage":"pl-PL","@id":"https:\/\/studionagranlodz.pl\/#\/schema\/logo\/image\/","url":"https:\/\/studionagranlodz.pl\/wp-content\/uploads\/2024\/08\/cropped-sound_studio_11_google_thumbnail.png","contentUrl":"https:\/\/studionagranlodz.pl\/wp-content\/uploads\/2024\/08\/cropped-sound_studio_11_google_thumbnail.png","width":1024,"height":1024,"caption":"PZ audio"},"image":{"@id":"https:\/\/studionagranlodz.pl\/#\/schema\/logo\/image\/"},"sameAs":["https:\/\/www.facebook.com\/studionagraniowe11"]}]}},"_links":{"self":[{"href":"https:\/\/studionagranlodz.pl\/index.php\/wp-json\/wp\/v2\/pages\/145","targetHints":{"allow":["GET"]}}],"collection":[{"href":"https:\/\/studionagranlodz.pl\/index.php\/wp-json\/wp\/v2\/pages"}],"about":[{"href":"https:\/\/studionagranlodz.pl\/index.php\/wp-json\/wp\/v2\/types\/page"}],"author":[{"embeddable":true,"href":"https:\/\/studionagranlodz.pl\/index.php\/wp-json\/wp\/v2\/users\/1"}],"replies":[{"embeddable":true,"href":"https:\/\/studionagranlodz.pl\/index.php\/wp-json\/wp\/v2\/comments?post=145"}],"version-history":[{"count":5,"href":"https:\/\/studionagranlodz.pl\/index.php\/wp-json\/wp\/v2\/pages\/145\/revisions"}],"predecessor-version":[{"id":1935,"href":"https:\/\/studionagranlodz.pl\/index.php\/wp-json\/wp\/v2\/pages\/145\/revisions\/1935"}],"wp:attachment":[{"href":"https:\/\/studionagranlodz.pl\/index.php\/wp-json\/wp\/v2\/media?parent=145"}],"curies":[{"name":"wp","href":"https:\/\/api.w.org\/{rel}","templated":true}]}}