{"id":141,"date":"2018-08-15T19:22:24","date_gmt":"2018-08-15T19:22:24","guid":{"rendered":"https:\/\/studionagranlodz.pl\/?page_id=141"},"modified":"2026-05-13T11:34:17","modified_gmt":"2026-05-13T09:34:17","slug":"podklady-muzyczne-na-zamowienie","status":"publish","type":"page","link":"https:\/\/studionagranlodz.pl\/index.php\/podklady-muzyczne-na-zamowienie\/","title":{"rendered":"Podk\u0142ady muzyczne na zam\u00f3wienie"},"content":{"rendered":"<p style=\"text-align: justify;\"><img loading=\"lazy\" decoding=\"async\" class=\"alignleft wp-image-189 size-medium\" src=\"https:\/\/studionagranlodz.pl\/wp-content\/uploads\/2018\/08\/3-300x254.jpg\" alt=\"Podk\u0142ady muzyczne na zam\u00f3wienie\" width=\"300\" height=\"254\" srcset=\"https:\/\/studionagranlodz.pl\/wp-content\/uploads\/2018\/08\/3-300x254.jpg 300w, https:\/\/studionagranlodz.pl\/wp-content\/uploads\/2018\/08\/3-768x650.jpg 768w, https:\/\/studionagranlodz.pl\/wp-content\/uploads\/2018\/08\/3-1024x867.jpg 1024w, https:\/\/studionagranlodz.pl\/wp-content\/uploads\/2018\/08\/3.jpg 1156w\" sizes=\"(max-width: 300px) 100vw, 300px\" \/>Podk\u0142ady muzyczne na zam\u00f3wienie realizujemy online jak i w naszym studio. Oferujemy szerok\u0105 gam\u0119 styl\u00f3w muzycznych i bogat\u0105 bibliotek\u0119 wysokiej jako\u015bci brzmie\u0144. Wystarczy, \u017ce prze\u015bl\u0105 Pa\u0144stwo do nas link do utworu na Youtube, a my zrobimy podobny podk\u0142ad. Do produkcji mo\u017cemy r\u00f3wnie\u017c u\u017cy\u0107 &#8222;\u017cywych&#8221; instrument\u00f3w takich jak gitary, skrzypce, fortepian etc. Wszystko zale\u017cy od Pa\u0144stwa preferencji i jako\u015bci jakiej oczekujecie. Kilka podk\u0142ad\u00f3w naszej produkcji znajduje si\u0119 na stronie <a href=\"https:\/\/www.youtube.com\/channel\/UClLakmS9ksPqX1CKQBJSpkQ\">Podk\u0142ady muzyczne na zam\u00f3wienie<\/a> na jednym z naszych kana\u0142\u00f3w. Tutaj te\u017c par\u0119 przyk\u0142ad\u00f3w z naszej produkcji muzycznej z dawnych lat: Kana\u0142 Youtube lub nasze stare produkcje <a href=\"https:\/\/www.youtube.com\/watch?v=ZJqboITIjiM\">darmowe radio internetowe<\/a>. Zam\u00f3wienia realizujemy zwykle w ci\u0105gu dw\u00f3ch dni roboczych + ewentualne poprawki wg Pa\u0144stwa wymaga\u0144.<\/p>\n<p style=\"text-align: justify;\"><strong>Wszystkie podk\u0142ady robimy na najwy\u017cszej jako\u015bci brzmieniach marek Native Instruments, oraz Steinberg. W razie potrzeby dogrywamy te\u017c \u017cywe instrumenty. Na wszystkie brzmienia posiadamy licencje komercyjne.<br \/>\n<\/strong><\/p>\n<p style=\"text-align: justify;\">Poruszamy si\u0119 w r\u00f3\u017cnych stylach muzycznych od typowo akustycznych po hip-hop, dance i rock symfoniczny. Najcz\u0119\u015bciej robimy podk\u0142ady na r\u00f3\u017cnego rodzaju konkursy wokalne, b\u0105d\u017a instrumentalne, ale tak\u017ce na plenery, do szk\u00f3\u0142 etc.<\/p>\n<p>Mog\u0105 pa\u0144stwo u nas zam\u00f3wi\u0107:<\/p>\n<ul>\n<li>Podk\u0142ady do piosenek autorskich<\/li>\n<li>T\u0142a i podk\u0142ady do mantr<\/li>\n<li>Bity do hip-hopu<\/li>\n<li>Podk\u0142ady do cover\u00f3w<\/li>\n<li>Podk\u0142ady do kol\u0119d<\/li>\n<li>Podk\u0142ady z instrumentami akustycznymi<\/li>\n<li>Muzyk\u0119 do Yogi<\/li>\n<li>Muzyk\u0119 relaksacyjn\u0105<\/li>\n<li>Podk\u0142ady do disco polo<\/li>\n<\/ul>\n<p><img loading=\"lazy\" decoding=\"async\" class=\"alignnone wp-image-1398 \" src=\"https:\/\/studionagranlodz.pl\/wp-content\/uploads\/2018\/06\/Studio-nagran-wokalnych-300x200.jpg\" alt=\"Aran\u017cacje muzyczne\" width=\"359\" height=\"239\" srcset=\"https:\/\/studionagranlodz.pl\/wp-content\/uploads\/2018\/06\/Studio-nagran-wokalnych-300x200.jpg 300w, https:\/\/studionagranlodz.pl\/wp-content\/uploads\/2018\/06\/Studio-nagran-wokalnych-768x512.jpg 768w, https:\/\/studionagranlodz.pl\/wp-content\/uploads\/2018\/06\/Studio-nagran-wokalnych.jpg 1000w\" sizes=\"(max-width: 359px) 100vw, 359px\" \/><\/p>\n<p>Na zam\u00f3wienie jeste\u015bmy w stanie wykona\u0107 prawie wszystkie style muzyczne. Stawka za utw\u00f3r ustalana jest indywidualnie w zale\u017cno\u015bci od naszego czasu pracy.<\/p>\n<p>Wszystkie \u015bcie\u017cki wgrywane s\u0105 r\u0119cznie co umo\u017cliwia rejestracj\u0119 utworu w Zaiksie. W przypadku coveru jako &#8222;opracowanie utworu&#8221; a w przypadku aran\u017cacji autorskiej jako &#8222;utworu oryginalnego&#8221;<\/p>\n<p>Tutaj nasze nowsze produkcje: <a href=\"_wp_link_placeholder\" data-wplink-edit=\"true\">https:\/\/www.facebook.com\/studionagraniowe11\/<\/a><\/p>\n<p><strong>Nasza piosenka pt.&#8221;Latarnik&#8221; z tekstem Damiana Rybickiego zdoby\u0142a drugie miejsce na &#8222;Lions World song Festival&#8221; reprezentuj\u0105c Polsk\u0119.<\/strong><\/p>\n","protected":false},"excerpt":{"rendered":"<p>Podk\u0142ady muzyczne na zam\u00f3wienie realizujemy online jak i w naszym studio. Oferujemy szerok\u0105 gam\u0119 styl\u00f3w muzycznych i bogat\u0105 bibliotek\u0119 wysokiej jako\u015bci brzmie\u0144. Wystarczy, \u017ce prze\u015bl\u0105 Pa\u0144stwo do nas link do utworu na Youtube, a my zrobimy podobny podk\u0142ad. Do produkcji mo\u017cemy r\u00f3wnie\u017c u\u017cy\u0107 &#8222;\u017cywych&#8221; instrument\u00f3w takich jak gitary, skrzypce, fortepian etc. Wszystko zale\u017cy od Pa\u0144stwa [&hellip;]<\/p>\n","protected":false},"author":1,"featured_media":0,"parent":0,"menu_order":0,"comment_status":"closed","ping_status":"closed","template":"","meta":{"_et_pb_use_builder":"","_et_pb_old_content":"","_et_gb_content_width":"","footnotes":""},"class_list":["post-141","page","type-page","status-publish","hentry"],"yoast_head":"<!-- This site is optimized with the Yoast SEO Premium plugin v26.4 (Yoast SEO v27.6) - https:\/\/yoast.com\/product\/yoast-seo-premium-wordpress\/ -->\n<title>Podk\u0142ady muzyczne na zam\u00f3wienie - Studio Nagra\u0144 \u0141\u00f3d\u017a 11-tka. Zapis audio, edycja wokali, poprawa jako\u015bci plik\u00f3w z dyktafonu i wideo<\/title>\n<meta name=\"description\" content=\"Podk\u0142ady muzyczne na zam\u00f3wienie online. Szybka realizacja i znakomita studyjna jako\u015b\u0107. Instrumenty elektroniczne i akustyczne.\" \/>\n<meta name=\"robots\" content=\"index, follow, max-snippet:-1, max-image-preview:large, max-video-preview:-1\" \/>\n<link rel=\"canonical\" href=\"https:\/\/studionagranlodz.pl\/index.php\/podklady-muzyczne-na-zamowienie\/\" \/>\n<meta property=\"og:locale\" content=\"pl_PL\" \/>\n<meta property=\"og:type\" content=\"article\" \/>\n<meta property=\"og:title\" content=\"Podk\u0142ady muzyczne na zam\u00f3wienie\" \/>\n<meta property=\"og:description\" content=\"Podk\u0142ady muzyczne na zam\u00f3wienie online. Szybka realizacja i znakomita studyjna jako\u015b\u0107. Instrumenty elektroniczne i akustyczne.\" \/>\n<meta property=\"og:url\" content=\"https:\/\/studionagranlodz.pl\/index.php\/podklady-muzyczne-na-zamowienie\/\" \/>\n<meta property=\"og:site_name\" content=\"Studio Nagra\u0144 \u0141\u00f3d\u017a 11-tka. Zapis audio, edycja wokali, poprawa jako\u015bci plik\u00f3w z dyktafonu i wideo\" \/>\n<meta property=\"article:publisher\" content=\"https:\/\/www.facebook.com\/studionagraniowe11\" \/>\n<meta property=\"article:modified_time\" content=\"2026-05-13T09:34:17+00:00\" \/>\n<meta property=\"og:image\" content=\"https:\/\/studionagranlodz.pl\/wp-content\/uploads\/2018\/08\/3.jpg\" \/>\n\t<meta property=\"og:image:width\" content=\"1156\" \/>\n\t<meta property=\"og:image:height\" content=\"979\" \/>\n\t<meta property=\"og:image:type\" content=\"image\/jpeg\" \/>\n<meta name=\"twitter:card\" content=\"summary_large_image\" \/>\n<meta name=\"twitter:label1\" content=\"Szacowany czas czytania\" \/>\n\t<meta name=\"twitter:data1\" content=\"3 minuty\" \/>\n<script type=\"application\/ld+json\" class=\"yoast-schema-graph\">{\"@context\":\"https:\\\/\\\/schema.org\",\"@graph\":[{\"@type\":\"WebPage\",\"@id\":\"https:\\\/\\\/studionagranlodz.pl\\\/index.php\\\/podklady-muzyczne-na-zamowienie\\\/\",\"url\":\"https:\\\/\\\/studionagranlodz.pl\\\/index.php\\\/podklady-muzyczne-na-zamowienie\\\/\",\"name\":\"Podk\u0142ady muzyczne na zam\u00f3wienie - Studio Nagra\u0144 \u0141\u00f3d\u017a 11-tka. Zapis audio, edycja wokali, poprawa jako\u015bci plik\u00f3w z dyktafonu i wideo\",\"isPartOf\":{\"@id\":\"https:\\\/\\\/studionagranlodz.pl\\\/#website\"},\"primaryImageOfPage\":{\"@id\":\"https:\\\/\\\/studionagranlodz.pl\\\/index.php\\\/podklady-muzyczne-na-zamowienie\\\/#primaryimage\"},\"image\":{\"@id\":\"https:\\\/\\\/studionagranlodz.pl\\\/index.php\\\/podklady-muzyczne-na-zamowienie\\\/#primaryimage\"},\"thumbnailUrl\":\"https:\\\/\\\/studionagranlodz.pl\\\/wp-content\\\/uploads\\\/2018\\\/08\\\/3-300x254.jpg\",\"datePublished\":\"2018-08-15T19:22:24+00:00\",\"dateModified\":\"2026-05-13T09:34:17+00:00\",\"description\":\"Podk\u0142ady muzyczne na zam\u00f3wienie online. Szybka realizacja i znakomita studyjna jako\u015b\u0107. Instrumenty elektroniczne i akustyczne.\",\"breadcrumb\":{\"@id\":\"https:\\\/\\\/studionagranlodz.pl\\\/index.php\\\/podklady-muzyczne-na-zamowienie\\\/#breadcrumb\"},\"inLanguage\":\"pl-PL\",\"potentialAction\":[{\"@type\":\"ReadAction\",\"target\":[\"https:\\\/\\\/studionagranlodz.pl\\\/index.php\\\/podklady-muzyczne-na-zamowienie\\\/\"]}]},{\"@type\":\"ImageObject\",\"inLanguage\":\"pl-PL\",\"@id\":\"https:\\\/\\\/studionagranlodz.pl\\\/index.php\\\/podklady-muzyczne-na-zamowienie\\\/#primaryimage\",\"url\":\"https:\\\/\\\/studionagranlodz.pl\\\/wp-content\\\/uploads\\\/2018\\\/08\\\/3.jpg\",\"contentUrl\":\"https:\\\/\\\/studionagranlodz.pl\\\/wp-content\\\/uploads\\\/2018\\\/08\\\/3.jpg\",\"width\":1156,\"height\":979},{\"@type\":\"BreadcrumbList\",\"@id\":\"https:\\\/\\\/studionagranlodz.pl\\\/index.php\\\/podklady-muzyczne-na-zamowienie\\\/#breadcrumb\",\"itemListElement\":[{\"@type\":\"ListItem\",\"position\":1,\"name\":\"Home\",\"item\":\"https:\\\/\\\/studionagranlodz.pl\\\/\"},{\"@type\":\"ListItem\",\"position\":2,\"name\":\"Podk\u0142ady muzyczne na zam\u00f3wienie\"}]},{\"@type\":\"WebSite\",\"@id\":\"https:\\\/\\\/studionagranlodz.pl\\\/#website\",\"url\":\"https:\\\/\\\/studionagranlodz.pl\\\/\",\"name\":\"Studio Nagra\u0144 \u0141\u00f3d\u017a 11-tka\",\"description\":\"Studio nagra\u0144 \u0141\u00f3d\u017a oferuje nagrania wokalist\u00f3w, lektor\u00f3w, mix i mastering. Odszumianie nagra\u0144 z dyktafonu. Produkcj\u0119 muzyczn\u0105 wraz z kompozycj\u0105 i aran\u017cacj\u0105.\",\"publisher\":{\"@id\":\"https:\\\/\\\/studionagranlodz.pl\\\/#organization\"},\"potentialAction\":[{\"@type\":\"SearchAction\",\"target\":{\"@type\":\"EntryPoint\",\"urlTemplate\":\"https:\\\/\\\/studionagranlodz.pl\\\/?s={search_term_string}\"},\"query-input\":{\"@type\":\"PropertyValueSpecification\",\"valueRequired\":true,\"valueName\":\"search_term_string\"}}],\"inLanguage\":\"pl-PL\"},{\"@type\":\"Organization\",\"@id\":\"https:\\\/\\\/studionagranlodz.pl\\\/#organization\",\"name\":\"PZ audio\",\"alternateName\":\"Studio nagra\u0144 \u0141\u00f3d\u017a\",\"url\":\"https:\\\/\\\/studionagranlodz.pl\\\/\",\"logo\":{\"@type\":\"ImageObject\",\"inLanguage\":\"pl-PL\",\"@id\":\"https:\\\/\\\/studionagranlodz.pl\\\/#\\\/schema\\\/logo\\\/image\\\/\",\"url\":\"https:\\\/\\\/studionagranlodz.pl\\\/wp-content\\\/uploads\\\/2024\\\/08\\\/cropped-sound_studio_11_google_thumbnail.png\",\"contentUrl\":\"https:\\\/\\\/studionagranlodz.pl\\\/wp-content\\\/uploads\\\/2024\\\/08\\\/cropped-sound_studio_11_google_thumbnail.png\",\"width\":1024,\"height\":1024,\"caption\":\"PZ audio\"},\"image\":{\"@id\":\"https:\\\/\\\/studionagranlodz.pl\\\/#\\\/schema\\\/logo\\\/image\\\/\"},\"sameAs\":[\"https:\\\/\\\/www.facebook.com\\\/studionagraniowe11\"]}]}<\/script>\n<!-- \/ Yoast SEO Premium plugin. -->","yoast_head_json":{"title":"Podk\u0142ady muzyczne na zam\u00f3wienie - Studio Nagra\u0144 \u0141\u00f3d\u017a 11-tka. Zapis audio, edycja wokali, poprawa jako\u015bci plik\u00f3w z dyktafonu i wideo","description":"Podk\u0142ady muzyczne na zam\u00f3wienie online. Szybka realizacja i znakomita studyjna jako\u015b\u0107. Instrumenty elektroniczne i akustyczne.","robots":{"index":"index","follow":"follow","max-snippet":"max-snippet:-1","max-image-preview":"max-image-preview:large","max-video-preview":"max-video-preview:-1"},"canonical":"https:\/\/studionagranlodz.pl\/index.php\/podklady-muzyczne-na-zamowienie\/","og_locale":"pl_PL","og_type":"article","og_title":"Podk\u0142ady muzyczne na zam\u00f3wienie","og_description":"Podk\u0142ady muzyczne na zam\u00f3wienie online. Szybka realizacja i znakomita studyjna jako\u015b\u0107. Instrumenty elektroniczne i akustyczne.","og_url":"https:\/\/studionagranlodz.pl\/index.php\/podklady-muzyczne-na-zamowienie\/","og_site_name":"Studio Nagra\u0144 \u0141\u00f3d\u017a 11-tka. Zapis audio, edycja wokali, poprawa jako\u015bci plik\u00f3w z dyktafonu i wideo","article_publisher":"https:\/\/www.facebook.com\/studionagraniowe11","article_modified_time":"2026-05-13T09:34:17+00:00","og_image":[{"width":1156,"height":979,"url":"https:\/\/studionagranlodz.pl\/wp-content\/uploads\/2018\/08\/3.jpg","type":"image\/jpeg"}],"twitter_card":"summary_large_image","twitter_misc":{"Szacowany czas czytania":"3 minuty"},"schema":{"@context":"https:\/\/schema.org","@graph":[{"@type":"WebPage","@id":"https:\/\/studionagranlodz.pl\/index.php\/podklady-muzyczne-na-zamowienie\/","url":"https:\/\/studionagranlodz.pl\/index.php\/podklady-muzyczne-na-zamowienie\/","name":"Podk\u0142ady muzyczne na zam\u00f3wienie - Studio Nagra\u0144 \u0141\u00f3d\u017a 11-tka. Zapis audio, edycja wokali, poprawa jako\u015bci plik\u00f3w z dyktafonu i wideo","isPartOf":{"@id":"https:\/\/studionagranlodz.pl\/#website"},"primaryImageOfPage":{"@id":"https:\/\/studionagranlodz.pl\/index.php\/podklady-muzyczne-na-zamowienie\/#primaryimage"},"image":{"@id":"https:\/\/studionagranlodz.pl\/index.php\/podklady-muzyczne-na-zamowienie\/#primaryimage"},"thumbnailUrl":"https:\/\/studionagranlodz.pl\/wp-content\/uploads\/2018\/08\/3-300x254.jpg","datePublished":"2018-08-15T19:22:24+00:00","dateModified":"2026-05-13T09:34:17+00:00","description":"Podk\u0142ady muzyczne na zam\u00f3wienie online. Szybka realizacja i znakomita studyjna jako\u015b\u0107. Instrumenty elektroniczne i akustyczne.","breadcrumb":{"@id":"https:\/\/studionagranlodz.pl\/index.php\/podklady-muzyczne-na-zamowienie\/#breadcrumb"},"inLanguage":"pl-PL","potentialAction":[{"@type":"ReadAction","target":["https:\/\/studionagranlodz.pl\/index.php\/podklady-muzyczne-na-zamowienie\/"]}]},{"@type":"ImageObject","inLanguage":"pl-PL","@id":"https:\/\/studionagranlodz.pl\/index.php\/podklady-muzyczne-na-zamowienie\/#primaryimage","url":"https:\/\/studionagranlodz.pl\/wp-content\/uploads\/2018\/08\/3.jpg","contentUrl":"https:\/\/studionagranlodz.pl\/wp-content\/uploads\/2018\/08\/3.jpg","width":1156,"height":979},{"@type":"BreadcrumbList","@id":"https:\/\/studionagranlodz.pl\/index.php\/podklady-muzyczne-na-zamowienie\/#breadcrumb","itemListElement":[{"@type":"ListItem","position":1,"name":"Home","item":"https:\/\/studionagranlodz.pl\/"},{"@type":"ListItem","position":2,"name":"Podk\u0142ady muzyczne na zam\u00f3wienie"}]},{"@type":"WebSite","@id":"https:\/\/studionagranlodz.pl\/#website","url":"https:\/\/studionagranlodz.pl\/","name":"Studio Nagra\u0144 \u0141\u00f3d\u017a 11-tka","description":"Studio nagra\u0144 \u0141\u00f3d\u017a oferuje nagrania wokalist\u00f3w, lektor\u00f3w, mix i mastering. Odszumianie nagra\u0144 z dyktafonu. Produkcj\u0119 muzyczn\u0105 wraz z kompozycj\u0105 i aran\u017cacj\u0105.","publisher":{"@id":"https:\/\/studionagranlodz.pl\/#organization"},"potentialAction":[{"@type":"SearchAction","target":{"@type":"EntryPoint","urlTemplate":"https:\/\/studionagranlodz.pl\/?s={search_term_string}"},"query-input":{"@type":"PropertyValueSpecification","valueRequired":true,"valueName":"search_term_string"}}],"inLanguage":"pl-PL"},{"@type":"Organization","@id":"https:\/\/studionagranlodz.pl\/#organization","name":"PZ audio","alternateName":"Studio nagra\u0144 \u0141\u00f3d\u017a","url":"https:\/\/studionagranlodz.pl\/","logo":{"@type":"ImageObject","inLanguage":"pl-PL","@id":"https:\/\/studionagranlodz.pl\/#\/schema\/logo\/image\/","url":"https:\/\/studionagranlodz.pl\/wp-content\/uploads\/2024\/08\/cropped-sound_studio_11_google_thumbnail.png","contentUrl":"https:\/\/studionagranlodz.pl\/wp-content\/uploads\/2024\/08\/cropped-sound_studio_11_google_thumbnail.png","width":1024,"height":1024,"caption":"PZ audio"},"image":{"@id":"https:\/\/studionagranlodz.pl\/#\/schema\/logo\/image\/"},"sameAs":["https:\/\/www.facebook.com\/studionagraniowe11"]}]}},"_links":{"self":[{"href":"https:\/\/studionagranlodz.pl\/index.php\/wp-json\/wp\/v2\/pages\/141","targetHints":{"allow":["GET"]}}],"collection":[{"href":"https:\/\/studionagranlodz.pl\/index.php\/wp-json\/wp\/v2\/pages"}],"about":[{"href":"https:\/\/studionagranlodz.pl\/index.php\/wp-json\/wp\/v2\/types\/page"}],"author":[{"embeddable":true,"href":"https:\/\/studionagranlodz.pl\/index.php\/wp-json\/wp\/v2\/users\/1"}],"replies":[{"embeddable":true,"href":"https:\/\/studionagranlodz.pl\/index.php\/wp-json\/wp\/v2\/comments?post=141"}],"version-history":[{"count":1,"href":"https:\/\/studionagranlodz.pl\/index.php\/wp-json\/wp\/v2\/pages\/141\/revisions"}],"predecessor-version":[{"id":1877,"href":"https:\/\/studionagranlodz.pl\/index.php\/wp-json\/wp\/v2\/pages\/141\/revisions\/1877"}],"wp:attachment":[{"href":"https:\/\/studionagranlodz.pl\/index.php\/wp-json\/wp\/v2\/media?parent=141"}],"curies":[{"name":"wp","href":"https:\/\/api.w.org\/{rel}","templated":true}]}}