{"id":1388,"date":"2025-01-02T11:06:58","date_gmt":"2025-01-02T10:06:58","guid":{"rendered":"https:\/\/studionagranlodz.pl\/?page_id=1388"},"modified":"2026-04-30T08:49:49","modified_gmt":"2026-04-30T06:49:49","slug":"poprawa-jakosci-wideo-i-obrazu-za-pomoca-nowoczesnych-technologii-ai","status":"publish","type":"page","link":"https:\/\/studionagranlodz.pl\/index.php\/poprawa-jakosci-wideo-i-obrazu-za-pomoca-nowoczesnych-technologii-ai\/","title":{"rendered":"Poprawa jako\u015bci wideo i obrazu za pomoc\u0105 nowoczesnych technologii AI"},"content":{"rendered":"\n<p>Czy Tw\u00f3j materia\u0142 wideo wymaga poprawy jako\u015bci? Nagrania zawieraj\u0105 szumy, a obraz jest niewyra\u017any? Nasza firma oferuje kompleksowe us\u0142ugi z zakresu poprawy jako\u015bci materia\u0142\u00f3w wideo i obrazu, wykorzystuj\u0105c najnowsze technologie sztucznej inteligencji (AI). Dzi\u0119ki naszym narz\u0119dziom i wiedzy, nawet najtrudniejsze przypadki mog\u0105 zyska\u0107 now\u0105 jako\u015b\u0107!<\/p>\n\n\n\n<figure class=\"wp-block-image size-large\"><img loading=\"lazy\" decoding=\"async\" width=\"1024\" height=\"547\" src=\"https:\/\/studionagranlodz.pl\/wp-content\/uploads\/2025\/01\/Na-strone-1024x547.jpg\" alt=\"Poprawa jako\u015bci s\u0142abego wideo\" class=\"wp-image-1410\" srcset=\"https:\/\/studionagranlodz.pl\/wp-content\/uploads\/2025\/01\/Na-strone-1024x547.jpg 1024w, https:\/\/studionagranlodz.pl\/wp-content\/uploads\/2025\/01\/Na-strone-300x160.jpg 300w, https:\/\/studionagranlodz.pl\/wp-content\/uploads\/2025\/01\/Na-strone-768x410.jpg 768w, https:\/\/studionagranlodz.pl\/wp-content\/uploads\/2025\/01\/Na-strone-1536x820.jpg 1536w, https:\/\/studionagranlodz.pl\/wp-content\/uploads\/2025\/01\/Na-strone.jpg 1545w\" sizes=\"(max-width: 1024px) 100vw, 1024px\" \/><\/figure>\n\n\n\n<h3 class=\"wp-block-heading\" id=\"h-co-oferujemy\">Co oferujemy?<\/h3>\n\n\n\n<ul class=\"wp-block-list\">\n<li><strong><a href=\"https:\/\/studionagranlodz.pl\/index.php\/poprawa-jakosci-obrazu-z-kamer-przemyslowych-i-domowych-przy-pomocy-ai\/\">Poprawa materia\u0142u wideo<\/a><\/strong><br>Usuwamy zak\u0142\u00f3cenia i poprawiamy jako\u015b\u0107 Twoich nagra\u0144. Bez wzgl\u0119du na to, czy masz do czynienia z archiwalnymi filmami, czy nowymi nagraniami, poprawimy ka\u017cdy szczeg\u00f3\u0142 obrazu.<\/li>\n\n\n\n<li><strong>Odszumianie nagra\u0144 wideo<\/strong><br>Redukujemy niechciane szumy i zak\u0142\u00f3cenia, kt\u00f3re obni\u017caj\u0105 jako\u015b\u0107 d\u017awi\u0119ku i obrazu. Otrzymasz czystszy i bardziej profesjonalny efekt.<\/li>\n\n\n\n<li><strong>Wyostrzanie wideo za pomoc\u0105 AI<\/strong><br>Dzi\u0119ki zaawansowanym algorytmom sztucznej inteligencji, przywracamy ostro\u015b\u0107 rozmytym lub niewyra\u017anym nagraniom. Idealne rozwi\u0105zanie dla materia\u0142\u00f3w wymagaj\u0105cych dodatkowej precyzji.<\/li>\n\n\n\n<li><strong>Poprawa jako\u015bci obrazu z kamery<\/strong><br>Optymalizujemy jako\u015b\u0107 obrazu z kamer monitoringu, kamer sportowych oraz innych urz\u0105dze\u0144, zapewniaj\u0105c maksymaln\u0105 szczeg\u00f3\u0142owo\u015b\u0107 i klarowno\u015b\u0107.<\/li>\n\n\n\n<li><strong><a href=\"https:\/\/play.google.com\/store\/apps\/details?id=com.olustur.stickermaker&amp;hl=pl&amp;pli=1\">Poprawa jako\u015bci wideo<\/a><\/strong> mo\u017ce pom\u00f3c odtworzy\u0107 niewyra\u017an\u0105 twarz zza szum\u00f3w. Szczeg\u00f3lnie przydatna opcja przy r\u00f3\u017cnego rodzaju wykroczeniach itp.<\/li>\n\n\n\n<li><a href=\"https:\/\/studionagranlodz.pl\/index.php\/odszumianie-i-czyszczenie-nagran\/\" type=\"link\" id=\"https:\/\/studionagranlodz.pl\/index.php\/odszumianie-i-czyszczenie-nagran\/\"><strong>Odszumianie d\u017cwi\u0119ku<\/strong><\/a> z nagranego materia\u0142u. Je\u015bli obrazu nie da si\u0119 wystarczaj\u0105co poprawi\u0107 zawsze mozna spr\u00f3bowa\u0107 wydoby\u0107 to co si\u0119 nagra\u0142o na \u015bcia\u017cce audio.<\/li>\n<\/ul>\n\n\n\n<h3 class=\"wp-block-heading\" id=\"h-dlaczego-warto-nam-zaufac\">Dlaczego warto nam zaufa\u0107?<\/h3>\n\n\n\n<ul class=\"wp-block-list\">\n<li>Wykorzystujemy <strong>najnowocze\u015bniejsze technologie AI<\/strong>, kt\u00f3re zapewniaj\u0105 najwy\u017csz\u0105 jako\u015b\u0107 efekt\u00f3w.<\/li>\n\n\n\n<li>Dzia\u0142amy szybko i efektywnie, dostosowuj\u0105c si\u0119 do potrzeb naszych klient\u00f3w.<\/li>\n\n\n\n<li>Nasz zesp\u00f3\u0142 to eksperci z wieloletnim do\u015bwiadczeniem w obszarze edycji wideo i obrazu.<\/li>\n<\/ul>\n\n\n\n<h3 class=\"wp-block-heading\" id=\"h-jak-to-dziala\">Jak to dzia\u0142a?<\/h3>\n\n\n\n<ol start=\"1\" class=\"wp-block-list\">\n<li><strong>Kontakt<\/strong>: Skontaktuj si\u0119 z nami i opowiedz o swoich potrzebach.<\/li>\n\n\n\n<li><strong>Analiza materia\u0142u<\/strong>: Ocenimy Twoje nagranie i zaproponujemy optymalne rozwi\u0105zania.<\/li>\n\n\n\n<li><strong>Realizacja<\/strong>: Wykorzystamy zaawansowane narz\u0119dzia, aby poprawi\u0107 jako\u015b\u0107 Twojego materia\u0142u wideo lub obrazu.<\/li>\n\n\n\n<li><strong>Dostarczenie efekt\u00f3w<\/strong>: Otrzymasz finalny materia\u0142 gotowy do u\u017cytku.<\/li>\n<\/ol>\n\n\n\n<p>Nie zwlekaj i popraw jako\u015b\u0107 swoich nagra\u0144 ju\u017c dzi\u015b! Skontaktuj si\u0119 z nami, a my zajmiemy si\u0119 reszt\u0105. Tw\u00f3j materia\u0142 zas\u0142uguje na najlepsz\u0105 jako\u015b\u0107! Poprawa jako\u015bci wideo <a href=\"https:\/\/studionagranlodz.pl\/index.php\/contact\/\">kontakt<\/a><\/p>\n","protected":false},"excerpt":{"rendered":"<p>Czy Tw\u00f3j materia\u0142 wideo wymaga poprawy jako\u015bci? Nagrania zawieraj\u0105 szumy, a obraz jest niewyra\u017any? Nasza firma oferuje kompleksowe us\u0142ugi z zakresu poprawy jako\u015bci materia\u0142\u00f3w wideo i obrazu, wykorzystuj\u0105c najnowsze technologie sztucznej inteligencji (AI). Dzi\u0119ki naszym narz\u0119dziom i wiedzy, nawet najtrudniejsze przypadki mog\u0105 zyska\u0107 now\u0105 jako\u015b\u0107! Co oferujemy? Dlaczego warto nam zaufa\u0107? Jak to dzia\u0142a? Nie [&hellip;]<\/p>\n","protected":false},"author":1,"featured_media":0,"parent":0,"menu_order":0,"comment_status":"closed","ping_status":"closed","template":"","meta":{"_et_pb_use_builder":"","_et_pb_old_content":"","_et_gb_content_width":"","footnotes":""},"class_list":["post-1388","page","type-page","status-publish","hentry"],"yoast_head":"<!-- This site is optimized with the Yoast SEO Premium plugin v26.4 (Yoast SEO v27.6) - https:\/\/yoast.com\/product\/yoast-seo-premium-wordpress\/ -->\n<title>Poprawa jako\u015bci wideo i obrazu za pomoc\u0105 nowoczesnych technologii AI - Studio Nagra\u0144 \u0141\u00f3d\u017a 11-tka. Zapis audio, edycja wokali, poprawa jako\u015bci plik\u00f3w z dyktafonu i wideo<\/title>\n<meta name=\"description\" content=\"Poprawa jako\u015bci wideo ze starszych nagra\u0144 i z kamer wideo o mniejszej rozdzielczo\u015bci. Poprawiamy obraz za pomoc\u0105 technik wykorzystuj\u0105cych AI\" \/>\n<meta name=\"robots\" content=\"index, follow, max-snippet:-1, max-image-preview:large, max-video-preview:-1\" \/>\n<link rel=\"canonical\" href=\"https:\/\/studionagranlodz.pl\/index.php\/poprawa-jakosci-wideo-i-obrazu-za-pomoca-nowoczesnych-technologii-ai\/\" \/>\n<meta property=\"og:locale\" content=\"pl_PL\" \/>\n<meta property=\"og:type\" content=\"article\" \/>\n<meta property=\"og:title\" content=\"Poprawa jako\u015bci wideo i obrazu za pomoc\u0105 nowoczesnych technologii AI\" \/>\n<meta property=\"og:description\" content=\"Poprawa jako\u015bci wideo ze starszych nagra\u0144 i z kamer wideo o mniejszej rozdzielczo\u015bci. Poprawiamy obraz za pomoc\u0105 technik wykorzystuj\u0105cych AI\" \/>\n<meta property=\"og:url\" content=\"https:\/\/studionagranlodz.pl\/index.php\/poprawa-jakosci-wideo-i-obrazu-za-pomoca-nowoczesnych-technologii-ai\/\" \/>\n<meta property=\"og:site_name\" content=\"Studio Nagra\u0144 \u0141\u00f3d\u017a 11-tka. Zapis audio, edycja wokali, poprawa jako\u015bci plik\u00f3w z dyktafonu i wideo\" \/>\n<meta property=\"article:publisher\" content=\"https:\/\/www.facebook.com\/studionagraniowe11\" \/>\n<meta property=\"article:modified_time\" content=\"2026-04-30T06:49:49+00:00\" \/>\n<meta property=\"og:image\" content=\"https:\/\/studionagranlodz.pl\/wp-content\/uploads\/2025\/01\/Na-strone-1024x547.jpg\" \/>\n<meta name=\"twitter:card\" content=\"summary_large_image\" \/>\n<meta name=\"twitter:label1\" content=\"Szacowany czas czytania\" \/>\n\t<meta name=\"twitter:data1\" content=\"2 minuty\" \/>\n<script type=\"application\/ld+json\" class=\"yoast-schema-graph\">{\"@context\":\"https:\\\/\\\/schema.org\",\"@graph\":[{\"@type\":\"WebPage\",\"@id\":\"https:\\\/\\\/studionagranlodz.pl\\\/index.php\\\/poprawa-jakosci-wideo-i-obrazu-za-pomoca-nowoczesnych-technologii-ai\\\/\",\"url\":\"https:\\\/\\\/studionagranlodz.pl\\\/index.php\\\/poprawa-jakosci-wideo-i-obrazu-za-pomoca-nowoczesnych-technologii-ai\\\/\",\"name\":\"Poprawa jako\u015bci wideo i obrazu za pomoc\u0105 nowoczesnych technologii AI - Studio Nagra\u0144 \u0141\u00f3d\u017a 11-tka. Zapis audio, edycja wokali, poprawa jako\u015bci plik\u00f3w z dyktafonu i wideo\",\"isPartOf\":{\"@id\":\"https:\\\/\\\/studionagranlodz.pl\\\/#website\"},\"primaryImageOfPage\":{\"@id\":\"https:\\\/\\\/studionagranlodz.pl\\\/index.php\\\/poprawa-jakosci-wideo-i-obrazu-za-pomoca-nowoczesnych-technologii-ai\\\/#primaryimage\"},\"image\":{\"@id\":\"https:\\\/\\\/studionagranlodz.pl\\\/index.php\\\/poprawa-jakosci-wideo-i-obrazu-za-pomoca-nowoczesnych-technologii-ai\\\/#primaryimage\"},\"thumbnailUrl\":\"https:\\\/\\\/studionagranlodz.pl\\\/wp-content\\\/uploads\\\/2025\\\/01\\\/Na-strone-1024x547.jpg\",\"datePublished\":\"2025-01-02T10:06:58+00:00\",\"dateModified\":\"2026-04-30T06:49:49+00:00\",\"description\":\"Poprawa jako\u015bci wideo ze starszych nagra\u0144 i z kamer wideo o mniejszej rozdzielczo\u015bci. Poprawiamy obraz za pomoc\u0105 technik wykorzystuj\u0105cych AI\",\"breadcrumb\":{\"@id\":\"https:\\\/\\\/studionagranlodz.pl\\\/index.php\\\/poprawa-jakosci-wideo-i-obrazu-za-pomoca-nowoczesnych-technologii-ai\\\/#breadcrumb\"},\"inLanguage\":\"pl-PL\",\"potentialAction\":[{\"@type\":\"ReadAction\",\"target\":[\"https:\\\/\\\/studionagranlodz.pl\\\/index.php\\\/poprawa-jakosci-wideo-i-obrazu-za-pomoca-nowoczesnych-technologii-ai\\\/\"]}]},{\"@type\":\"ImageObject\",\"inLanguage\":\"pl-PL\",\"@id\":\"https:\\\/\\\/studionagranlodz.pl\\\/index.php\\\/poprawa-jakosci-wideo-i-obrazu-za-pomoca-nowoczesnych-technologii-ai\\\/#primaryimage\",\"url\":\"https:\\\/\\\/studionagranlodz.pl\\\/wp-content\\\/uploads\\\/2025\\\/01\\\/Na-strone.jpg\",\"contentUrl\":\"https:\\\/\\\/studionagranlodz.pl\\\/wp-content\\\/uploads\\\/2025\\\/01\\\/Na-strone.jpg\",\"width\":1545,\"height\":825},{\"@type\":\"BreadcrumbList\",\"@id\":\"https:\\\/\\\/studionagranlodz.pl\\\/index.php\\\/poprawa-jakosci-wideo-i-obrazu-za-pomoca-nowoczesnych-technologii-ai\\\/#breadcrumb\",\"itemListElement\":[{\"@type\":\"ListItem\",\"position\":1,\"name\":\"Home\",\"item\":\"https:\\\/\\\/studionagranlodz.pl\\\/\"},{\"@type\":\"ListItem\",\"position\":2,\"name\":\"Poprawa jako\u015bci wideo i obrazu za pomoc\u0105 nowoczesnych technologii AI\"}]},{\"@type\":\"WebSite\",\"@id\":\"https:\\\/\\\/studionagranlodz.pl\\\/#website\",\"url\":\"https:\\\/\\\/studionagranlodz.pl\\\/\",\"name\":\"Studio Nagra\u0144 \u0141\u00f3d\u017a 11-tka\",\"description\":\"Studio nagra\u0144 \u0141\u00f3d\u017a oferuje nagrania wokalist\u00f3w, lektor\u00f3w, mix i mastering. Odszumianie nagra\u0144 z dyktafonu. Produkcj\u0119 muzyczn\u0105 wraz z kompozycj\u0105 i aran\u017cacj\u0105.\",\"publisher\":{\"@id\":\"https:\\\/\\\/studionagranlodz.pl\\\/#organization\"},\"potentialAction\":[{\"@type\":\"SearchAction\",\"target\":{\"@type\":\"EntryPoint\",\"urlTemplate\":\"https:\\\/\\\/studionagranlodz.pl\\\/?s={search_term_string}\"},\"query-input\":{\"@type\":\"PropertyValueSpecification\",\"valueRequired\":true,\"valueName\":\"search_term_string\"}}],\"inLanguage\":\"pl-PL\"},{\"@type\":\"Organization\",\"@id\":\"https:\\\/\\\/studionagranlodz.pl\\\/#organization\",\"name\":\"PZ audio\",\"alternateName\":\"Studio nagra\u0144 \u0141\u00f3d\u017a\",\"url\":\"https:\\\/\\\/studionagranlodz.pl\\\/\",\"logo\":{\"@type\":\"ImageObject\",\"inLanguage\":\"pl-PL\",\"@id\":\"https:\\\/\\\/studionagranlodz.pl\\\/#\\\/schema\\\/logo\\\/image\\\/\",\"url\":\"https:\\\/\\\/studionagranlodz.pl\\\/wp-content\\\/uploads\\\/2024\\\/08\\\/cropped-sound_studio_11_google_thumbnail.png\",\"contentUrl\":\"https:\\\/\\\/studionagranlodz.pl\\\/wp-content\\\/uploads\\\/2024\\\/08\\\/cropped-sound_studio_11_google_thumbnail.png\",\"width\":1024,\"height\":1024,\"caption\":\"PZ audio\"},\"image\":{\"@id\":\"https:\\\/\\\/studionagranlodz.pl\\\/#\\\/schema\\\/logo\\\/image\\\/\"},\"sameAs\":[\"https:\\\/\\\/www.facebook.com\\\/studionagraniowe11\"]}]}<\/script>\n<!-- \/ Yoast SEO Premium plugin. -->","yoast_head_json":{"title":"Poprawa jako\u015bci wideo i obrazu za pomoc\u0105 nowoczesnych technologii AI - Studio Nagra\u0144 \u0141\u00f3d\u017a 11-tka. Zapis audio, edycja wokali, poprawa jako\u015bci plik\u00f3w z dyktafonu i wideo","description":"Poprawa jako\u015bci wideo ze starszych nagra\u0144 i z kamer wideo o mniejszej rozdzielczo\u015bci. Poprawiamy obraz za pomoc\u0105 technik wykorzystuj\u0105cych AI","robots":{"index":"index","follow":"follow","max-snippet":"max-snippet:-1","max-image-preview":"max-image-preview:large","max-video-preview":"max-video-preview:-1"},"canonical":"https:\/\/studionagranlodz.pl\/index.php\/poprawa-jakosci-wideo-i-obrazu-za-pomoca-nowoczesnych-technologii-ai\/","og_locale":"pl_PL","og_type":"article","og_title":"Poprawa jako\u015bci wideo i obrazu za pomoc\u0105 nowoczesnych technologii AI","og_description":"Poprawa jako\u015bci wideo ze starszych nagra\u0144 i z kamer wideo o mniejszej rozdzielczo\u015bci. Poprawiamy obraz za pomoc\u0105 technik wykorzystuj\u0105cych AI","og_url":"https:\/\/studionagranlodz.pl\/index.php\/poprawa-jakosci-wideo-i-obrazu-za-pomoca-nowoczesnych-technologii-ai\/","og_site_name":"Studio Nagra\u0144 \u0141\u00f3d\u017a 11-tka. Zapis audio, edycja wokali, poprawa jako\u015bci plik\u00f3w z dyktafonu i wideo","article_publisher":"https:\/\/www.facebook.com\/studionagraniowe11","article_modified_time":"2026-04-30T06:49:49+00:00","og_image":[{"url":"https:\/\/studionagranlodz.pl\/wp-content\/uploads\/2025\/01\/Na-strone-1024x547.jpg","type":"","width":"","height":""}],"twitter_card":"summary_large_image","twitter_misc":{"Szacowany czas czytania":"2 minuty"},"schema":{"@context":"https:\/\/schema.org","@graph":[{"@type":"WebPage","@id":"https:\/\/studionagranlodz.pl\/index.php\/poprawa-jakosci-wideo-i-obrazu-za-pomoca-nowoczesnych-technologii-ai\/","url":"https:\/\/studionagranlodz.pl\/index.php\/poprawa-jakosci-wideo-i-obrazu-za-pomoca-nowoczesnych-technologii-ai\/","name":"Poprawa jako\u015bci wideo i obrazu za pomoc\u0105 nowoczesnych technologii AI - Studio Nagra\u0144 \u0141\u00f3d\u017a 11-tka. Zapis audio, edycja wokali, poprawa jako\u015bci plik\u00f3w z dyktafonu i wideo","isPartOf":{"@id":"https:\/\/studionagranlodz.pl\/#website"},"primaryImageOfPage":{"@id":"https:\/\/studionagranlodz.pl\/index.php\/poprawa-jakosci-wideo-i-obrazu-za-pomoca-nowoczesnych-technologii-ai\/#primaryimage"},"image":{"@id":"https:\/\/studionagranlodz.pl\/index.php\/poprawa-jakosci-wideo-i-obrazu-za-pomoca-nowoczesnych-technologii-ai\/#primaryimage"},"thumbnailUrl":"https:\/\/studionagranlodz.pl\/wp-content\/uploads\/2025\/01\/Na-strone-1024x547.jpg","datePublished":"2025-01-02T10:06:58+00:00","dateModified":"2026-04-30T06:49:49+00:00","description":"Poprawa jako\u015bci wideo ze starszych nagra\u0144 i z kamer wideo o mniejszej rozdzielczo\u015bci. Poprawiamy obraz za pomoc\u0105 technik wykorzystuj\u0105cych AI","breadcrumb":{"@id":"https:\/\/studionagranlodz.pl\/index.php\/poprawa-jakosci-wideo-i-obrazu-za-pomoca-nowoczesnych-technologii-ai\/#breadcrumb"},"inLanguage":"pl-PL","potentialAction":[{"@type":"ReadAction","target":["https:\/\/studionagranlodz.pl\/index.php\/poprawa-jakosci-wideo-i-obrazu-za-pomoca-nowoczesnych-technologii-ai\/"]}]},{"@type":"ImageObject","inLanguage":"pl-PL","@id":"https:\/\/studionagranlodz.pl\/index.php\/poprawa-jakosci-wideo-i-obrazu-za-pomoca-nowoczesnych-technologii-ai\/#primaryimage","url":"https:\/\/studionagranlodz.pl\/wp-content\/uploads\/2025\/01\/Na-strone.jpg","contentUrl":"https:\/\/studionagranlodz.pl\/wp-content\/uploads\/2025\/01\/Na-strone.jpg","width":1545,"height":825},{"@type":"BreadcrumbList","@id":"https:\/\/studionagranlodz.pl\/index.php\/poprawa-jakosci-wideo-i-obrazu-za-pomoca-nowoczesnych-technologii-ai\/#breadcrumb","itemListElement":[{"@type":"ListItem","position":1,"name":"Home","item":"https:\/\/studionagranlodz.pl\/"},{"@type":"ListItem","position":2,"name":"Poprawa jako\u015bci wideo i obrazu za pomoc\u0105 nowoczesnych technologii AI"}]},{"@type":"WebSite","@id":"https:\/\/studionagranlodz.pl\/#website","url":"https:\/\/studionagranlodz.pl\/","name":"Studio Nagra\u0144 \u0141\u00f3d\u017a 11-tka","description":"Studio nagra\u0144 \u0141\u00f3d\u017a oferuje nagrania wokalist\u00f3w, lektor\u00f3w, mix i mastering. Odszumianie nagra\u0144 z dyktafonu. Produkcj\u0119 muzyczn\u0105 wraz z kompozycj\u0105 i aran\u017cacj\u0105.","publisher":{"@id":"https:\/\/studionagranlodz.pl\/#organization"},"potentialAction":[{"@type":"SearchAction","target":{"@type":"EntryPoint","urlTemplate":"https:\/\/studionagranlodz.pl\/?s={search_term_string}"},"query-input":{"@type":"PropertyValueSpecification","valueRequired":true,"valueName":"search_term_string"}}],"inLanguage":"pl-PL"},{"@type":"Organization","@id":"https:\/\/studionagranlodz.pl\/#organization","name":"PZ audio","alternateName":"Studio nagra\u0144 \u0141\u00f3d\u017a","url":"https:\/\/studionagranlodz.pl\/","logo":{"@type":"ImageObject","inLanguage":"pl-PL","@id":"https:\/\/studionagranlodz.pl\/#\/schema\/logo\/image\/","url":"https:\/\/studionagranlodz.pl\/wp-content\/uploads\/2024\/08\/cropped-sound_studio_11_google_thumbnail.png","contentUrl":"https:\/\/studionagranlodz.pl\/wp-content\/uploads\/2024\/08\/cropped-sound_studio_11_google_thumbnail.png","width":1024,"height":1024,"caption":"PZ audio"},"image":{"@id":"https:\/\/studionagranlodz.pl\/#\/schema\/logo\/image\/"},"sameAs":["https:\/\/www.facebook.com\/studionagraniowe11"]}]}},"_links":{"self":[{"href":"https:\/\/studionagranlodz.pl\/index.php\/wp-json\/wp\/v2\/pages\/1388","targetHints":{"allow":["GET"]}}],"collection":[{"href":"https:\/\/studionagranlodz.pl\/index.php\/wp-json\/wp\/v2\/pages"}],"about":[{"href":"https:\/\/studionagranlodz.pl\/index.php\/wp-json\/wp\/v2\/types\/page"}],"author":[{"embeddable":true,"href":"https:\/\/studionagranlodz.pl\/index.php\/wp-json\/wp\/v2\/users\/1"}],"replies":[{"embeddable":true,"href":"https:\/\/studionagranlodz.pl\/index.php\/wp-json\/wp\/v2\/comments?post=1388"}],"version-history":[{"count":2,"href":"https:\/\/studionagranlodz.pl\/index.php\/wp-json\/wp\/v2\/pages\/1388\/revisions"}],"predecessor-version":[{"id":1774,"href":"https:\/\/studionagranlodz.pl\/index.php\/wp-json\/wp\/v2\/pages\/1388\/revisions\/1774"}],"wp:attachment":[{"href":"https:\/\/studionagranlodz.pl\/index.php\/wp-json\/wp\/v2\/media?parent=1388"}],"curies":[{"name":"wp","href":"https:\/\/api.w.org\/{rel}","templated":true}]}}