{"id":1286,"date":"2024-05-08T15:32:05","date_gmt":"2024-05-08T13:32:05","guid":{"rendered":"https:\/\/studionagranlodz.pl\/?page_id=1286"},"modified":"2026-05-11T14:37:30","modified_gmt":"2026-05-11T12:37:30","slug":"nagrywanie-podcastow-z-dojazdem-do-klienta","status":"publish","type":"page","link":"https:\/\/studionagranlodz.pl\/index.php\/nagrywanie-podcastow-z-dojazdem-do-klienta\/","title":{"rendered":"Nagrywanie podcast\u00f3w z dojazdem do klienta"},"content":{"rendered":"\n<figure class=\"wp-block-image size-full\"><img loading=\"lazy\" decoding=\"async\" width=\"1000\" height=\"449\" src=\"https:\/\/studionagranlodz.pl\/wp-content\/uploads\/2024\/06\/Nagrywanie-podcastow-Lodz.jpg\" alt=\"Nagrywanie podcast\u00f3w \u0141\u00f3d\u017a z dojazdem\" class=\"wp-image-1292\" srcset=\"https:\/\/studionagranlodz.pl\/wp-content\/uploads\/2024\/06\/Nagrywanie-podcastow-Lodz.jpg 1000w, https:\/\/studionagranlodz.pl\/wp-content\/uploads\/2024\/06\/Nagrywanie-podcastow-Lodz-300x135.jpg 300w, https:\/\/studionagranlodz.pl\/wp-content\/uploads\/2024\/06\/Nagrywanie-podcastow-Lodz-768x345.jpg 768w\" sizes=\"(max-width: 1000px) 100vw, 1000px\" \/><\/figure>\n\n\n\n<p>Nagrywanie podcast\u00f3w z dojazdem do klienta to kolejna us\u0142uga jak\u0105 \u015bwiadczy nasze studio. Je\u015bli nie masz czasu, \u017ceby dojecha\u0107 do studia a chcia\u0142by\u015b nagra\u0107 podcast lub video podcast to ta oferta jest dla Ciebie. Mo\u017cemy nagrywa\u0107 na raz do czterech os\u00f3b specjalnym mixerem\/rejestratorem, kt\u00f3ry zapisuje d\u017awi\u0119k w wysokiej jako\u015bci a tak\u017ce mo\u017ce zapisa\u0107 ka\u017cd\u0105 osob\u0119 osobno. Umo\u017cliwia to na etapie miksu podcastu wydobycie i korekcje g\u0142osu na kt\u00f3rym nam w danym momencie zale\u017cy. Mo\u017cemy te\u017c wzmocni\u0107 i podbi\u0107 osobno ka\u017cdy z g\u0142os\u00f3w, kt\u00f3ry by\u0142 nagrany. <\/p>\n\n\n\n<p>Dla klient\u00f3w mamy osobne mikrofony na statywach, oraz na \u017cyczenie r\u00f3wnie\u017c s\u0142uchawki z osobnym torem ods\u0142uchu (mo\u017cemy indywidualnie ustawi\u0107 g\u0142o\u015bno\u015b\u0107 rozm\u00f3wc\u00f3w dla ka\u017cdego uczestnika)<\/p>\n\n\n\n<p>Dodatkowo mo\u017cemy zrobi\u0107 wideo z wydarzenia max 2\/3 kamery, chocia\u017c na \u017cyczenie mo\u017ce by\u0107 ich wi\u0119cej. Wideo jako\u015bci 4k lub FHD w zale\u017cno\u015bci od wymaga\u0144.<\/p>\n\n\n\n<p>Posiadamy mikrofony dynamiczne\/podcastowe, kt\u00f3re nie wymagaj\u0105 du\u017cej adaptacji akustycznej i mog\u0105 nagrywa\u0107 w trudniejszych warunkach. Do lepszych warunk\u00f3w mo\u017cemy r\u00f3wnie\u017c udost\u0119pni\u0107 mikrofony pojemno\u015bciowe.<\/p>\n\n\n\n<p><a href=\"https:\/\/studionagranlodz.pl\/index.php\/2017\/08\/14\/nagrywanie-vlogow\/\" type=\"link\" id=\"https:\/\/studionagranlodz.pl\/index.php\/2017\/08\/14\/nagrywanie-vlogow\/\">Nagrywanie podcast\u00f3w<\/a> z dojazdem do klienta najlepiej jest um\u00f3wi\u0107 oko\u0142o tygodnia wcze\u015bniej ze wzgl\u0119du na prac\u0119 i grafik naszego stacjonarnego studia.<\/p>\n\n\n\n<p>Oferujemy pe\u0142ny monta\u017c audio i wideo nagranego materia\u0142u, oraz mo\u017cliwo\u015b\u0107 wybrania poszczeg\u00f3lnych scen przez klienta.<\/p>\n\n\n\n<p><\/p>\n","protected":false},"excerpt":{"rendered":"<p>Nagrywanie podcast\u00f3w z dojazdem do klienta to kolejna us\u0142uga jak\u0105 \u015bwiadczy nasze studio. Je\u015bli nie masz czasu, \u017ceby dojecha\u0107 do studia a chcia\u0142by\u015b nagra\u0107 podcast lub video podcast to ta oferta jest dla Ciebie. Mo\u017cemy nagrywa\u0107 na raz do czterech os\u00f3b specjalnym mixerem\/rejestratorem, kt\u00f3ry zapisuje d\u017awi\u0119k w wysokiej jako\u015bci a tak\u017ce mo\u017ce zapisa\u0107 ka\u017cd\u0105 osob\u0119 [&hellip;]<\/p>\n","protected":false},"author":1,"featured_media":0,"parent":0,"menu_order":0,"comment_status":"closed","ping_status":"closed","template":"","meta":{"_et_pb_use_builder":"","_et_pb_old_content":"","_et_gb_content_width":"","footnotes":""},"class_list":["post-1286","page","type-page","status-publish","hentry"],"yoast_head":"<!-- This site is optimized with the Yoast SEO Premium plugin v26.4 (Yoast SEO v27.6) - https:\/\/yoast.com\/product\/yoast-seo-premium-wordpress\/ -->\n<title>Nagrywanie podcast\u00f3w z dojazdem do klienta - Studio Nagra\u0144 \u0141\u00f3d\u017a 11-tka. Zapis audio, edycja wokali, poprawa jako\u015bci plik\u00f3w z dyktafonu i wideo<\/title>\n<meta name=\"description\" content=\"Nagrywanie podcast\u00f3w z dojazdem do klienta \u0141\u00f3d\u017a. Rejestrujemy audio oraz wideo. Doje\u017cd\u017camy ze sprz\u0119tem na terenie \u0141odzi i okolic\" \/>\n<meta name=\"robots\" content=\"index, follow, max-snippet:-1, max-image-preview:large, max-video-preview:-1\" \/>\n<link rel=\"canonical\" href=\"https:\/\/studionagranlodz.pl\/index.php\/nagrywanie-podcastow-z-dojazdem-do-klienta\/\" \/>\n<meta property=\"og:locale\" content=\"pl_PL\" \/>\n<meta property=\"og:type\" content=\"article\" \/>\n<meta property=\"og:title\" content=\"Nagrywanie podcast\u00f3w z dojazdem do klienta\" \/>\n<meta property=\"og:description\" content=\"Nagrywanie podcast\u00f3w z dojazdem do klienta \u0141\u00f3d\u017a. Rejestrujemy audio oraz wideo. Doje\u017cd\u017camy ze sprz\u0119tem na terenie \u0141odzi i okolic\" \/>\n<meta property=\"og:url\" content=\"https:\/\/studionagranlodz.pl\/index.php\/nagrywanie-podcastow-z-dojazdem-do-klienta\/\" \/>\n<meta property=\"og:site_name\" content=\"Studio Nagra\u0144 \u0141\u00f3d\u017a 11-tka. Zapis audio, edycja wokali, poprawa jako\u015bci plik\u00f3w z dyktafonu i wideo\" \/>\n<meta property=\"article:publisher\" content=\"https:\/\/www.facebook.com\/studionagraniowe11\" \/>\n<meta property=\"article:modified_time\" content=\"2026-05-11T12:37:30+00:00\" \/>\n<meta property=\"og:image\" content=\"https:\/\/studionagranlodz.pl\/wp-content\/uploads\/2024\/06\/Nagrywanie-podcastow-Lodz.jpg\" \/>\n\t<meta property=\"og:image:width\" content=\"1000\" \/>\n\t<meta property=\"og:image:height\" content=\"449\" \/>\n\t<meta property=\"og:image:type\" content=\"image\/jpeg\" \/>\n<meta name=\"twitter:card\" content=\"summary_large_image\" \/>\n<meta name=\"twitter:label1\" content=\"Szacowany czas czytania\" \/>\n\t<meta name=\"twitter:data1\" content=\"2 minuty\" \/>\n<script type=\"application\/ld+json\" class=\"yoast-schema-graph\">{\"@context\":\"https:\\\/\\\/schema.org\",\"@graph\":[{\"@type\":\"WebPage\",\"@id\":\"https:\\\/\\\/studionagranlodz.pl\\\/index.php\\\/nagrywanie-podcastow-z-dojazdem-do-klienta\\\/\",\"url\":\"https:\\\/\\\/studionagranlodz.pl\\\/index.php\\\/nagrywanie-podcastow-z-dojazdem-do-klienta\\\/\",\"name\":\"Nagrywanie podcast\u00f3w z dojazdem do klienta - Studio Nagra\u0144 \u0141\u00f3d\u017a 11-tka. Zapis audio, edycja wokali, poprawa jako\u015bci plik\u00f3w z dyktafonu i wideo\",\"isPartOf\":{\"@id\":\"https:\\\/\\\/studionagranlodz.pl\\\/#website\"},\"primaryImageOfPage\":{\"@id\":\"https:\\\/\\\/studionagranlodz.pl\\\/index.php\\\/nagrywanie-podcastow-z-dojazdem-do-klienta\\\/#primaryimage\"},\"image\":{\"@id\":\"https:\\\/\\\/studionagranlodz.pl\\\/index.php\\\/nagrywanie-podcastow-z-dojazdem-do-klienta\\\/#primaryimage\"},\"thumbnailUrl\":\"https:\\\/\\\/studionagranlodz.pl\\\/wp-content\\\/uploads\\\/2024\\\/06\\\/Nagrywanie-podcastow-Lodz.jpg\",\"datePublished\":\"2024-05-08T13:32:05+00:00\",\"dateModified\":\"2026-05-11T12:37:30+00:00\",\"description\":\"Nagrywanie podcast\u00f3w z dojazdem do klienta \u0141\u00f3d\u017a. Rejestrujemy audio oraz wideo. Doje\u017cd\u017camy ze sprz\u0119tem na terenie \u0141odzi i okolic\",\"breadcrumb\":{\"@id\":\"https:\\\/\\\/studionagranlodz.pl\\\/index.php\\\/nagrywanie-podcastow-z-dojazdem-do-klienta\\\/#breadcrumb\"},\"inLanguage\":\"pl-PL\",\"potentialAction\":[{\"@type\":\"ReadAction\",\"target\":[\"https:\\\/\\\/studionagranlodz.pl\\\/index.php\\\/nagrywanie-podcastow-z-dojazdem-do-klienta\\\/\"]}]},{\"@type\":\"ImageObject\",\"inLanguage\":\"pl-PL\",\"@id\":\"https:\\\/\\\/studionagranlodz.pl\\\/index.php\\\/nagrywanie-podcastow-z-dojazdem-do-klienta\\\/#primaryimage\",\"url\":\"https:\\\/\\\/studionagranlodz.pl\\\/wp-content\\\/uploads\\\/2024\\\/06\\\/Nagrywanie-podcastow-Lodz.jpg\",\"contentUrl\":\"https:\\\/\\\/studionagranlodz.pl\\\/wp-content\\\/uploads\\\/2024\\\/06\\\/Nagrywanie-podcastow-Lodz.jpg\",\"width\":1000,\"height\":449},{\"@type\":\"BreadcrumbList\",\"@id\":\"https:\\\/\\\/studionagranlodz.pl\\\/index.php\\\/nagrywanie-podcastow-z-dojazdem-do-klienta\\\/#breadcrumb\",\"itemListElement\":[{\"@type\":\"ListItem\",\"position\":1,\"name\":\"Home\",\"item\":\"https:\\\/\\\/studionagranlodz.pl\\\/\"},{\"@type\":\"ListItem\",\"position\":2,\"name\":\"Nagrywanie podcast\u00f3w z dojazdem do klienta\"}]},{\"@type\":\"WebSite\",\"@id\":\"https:\\\/\\\/studionagranlodz.pl\\\/#website\",\"url\":\"https:\\\/\\\/studionagranlodz.pl\\\/\",\"name\":\"Studio Nagra\u0144 \u0141\u00f3d\u017a 11-tka\",\"description\":\"Studio nagra\u0144 \u0141\u00f3d\u017a oferuje nagrania wokalist\u00f3w, lektor\u00f3w, mix i mastering. Odszumianie nagra\u0144 z dyktafonu. Produkcj\u0119 muzyczn\u0105 wraz z kompozycj\u0105 i aran\u017cacj\u0105.\",\"publisher\":{\"@id\":\"https:\\\/\\\/studionagranlodz.pl\\\/#organization\"},\"potentialAction\":[{\"@type\":\"SearchAction\",\"target\":{\"@type\":\"EntryPoint\",\"urlTemplate\":\"https:\\\/\\\/studionagranlodz.pl\\\/?s={search_term_string}\"},\"query-input\":{\"@type\":\"PropertyValueSpecification\",\"valueRequired\":true,\"valueName\":\"search_term_string\"}}],\"inLanguage\":\"pl-PL\"},{\"@type\":\"Organization\",\"@id\":\"https:\\\/\\\/studionagranlodz.pl\\\/#organization\",\"name\":\"PZ audio\",\"alternateName\":\"Studio nagra\u0144 \u0141\u00f3d\u017a\",\"url\":\"https:\\\/\\\/studionagranlodz.pl\\\/\",\"logo\":{\"@type\":\"ImageObject\",\"inLanguage\":\"pl-PL\",\"@id\":\"https:\\\/\\\/studionagranlodz.pl\\\/#\\\/schema\\\/logo\\\/image\\\/\",\"url\":\"https:\\\/\\\/studionagranlodz.pl\\\/wp-content\\\/uploads\\\/2024\\\/08\\\/cropped-sound_studio_11_google_thumbnail.png\",\"contentUrl\":\"https:\\\/\\\/studionagranlodz.pl\\\/wp-content\\\/uploads\\\/2024\\\/08\\\/cropped-sound_studio_11_google_thumbnail.png\",\"width\":1024,\"height\":1024,\"caption\":\"PZ audio\"},\"image\":{\"@id\":\"https:\\\/\\\/studionagranlodz.pl\\\/#\\\/schema\\\/logo\\\/image\\\/\"},\"sameAs\":[\"https:\\\/\\\/www.facebook.com\\\/studionagraniowe11\"]}]}<\/script>\n<!-- \/ Yoast SEO Premium plugin. -->","yoast_head_json":{"title":"Nagrywanie podcast\u00f3w z dojazdem do klienta - Studio Nagra\u0144 \u0141\u00f3d\u017a 11-tka. Zapis audio, edycja wokali, poprawa jako\u015bci plik\u00f3w z dyktafonu i wideo","description":"Nagrywanie podcast\u00f3w z dojazdem do klienta \u0141\u00f3d\u017a. Rejestrujemy audio oraz wideo. Doje\u017cd\u017camy ze sprz\u0119tem na terenie \u0141odzi i okolic","robots":{"index":"index","follow":"follow","max-snippet":"max-snippet:-1","max-image-preview":"max-image-preview:large","max-video-preview":"max-video-preview:-1"},"canonical":"https:\/\/studionagranlodz.pl\/index.php\/nagrywanie-podcastow-z-dojazdem-do-klienta\/","og_locale":"pl_PL","og_type":"article","og_title":"Nagrywanie podcast\u00f3w z dojazdem do klienta","og_description":"Nagrywanie podcast\u00f3w z dojazdem do klienta \u0141\u00f3d\u017a. Rejestrujemy audio oraz wideo. Doje\u017cd\u017camy ze sprz\u0119tem na terenie \u0141odzi i okolic","og_url":"https:\/\/studionagranlodz.pl\/index.php\/nagrywanie-podcastow-z-dojazdem-do-klienta\/","og_site_name":"Studio Nagra\u0144 \u0141\u00f3d\u017a 11-tka. Zapis audio, edycja wokali, poprawa jako\u015bci plik\u00f3w z dyktafonu i wideo","article_publisher":"https:\/\/www.facebook.com\/studionagraniowe11","article_modified_time":"2026-05-11T12:37:30+00:00","og_image":[{"width":1000,"height":449,"url":"https:\/\/studionagranlodz.pl\/wp-content\/uploads\/2024\/06\/Nagrywanie-podcastow-Lodz.jpg","type":"image\/jpeg"}],"twitter_card":"summary_large_image","twitter_misc":{"Szacowany czas czytania":"2 minuty"},"schema":{"@context":"https:\/\/schema.org","@graph":[{"@type":"WebPage","@id":"https:\/\/studionagranlodz.pl\/index.php\/nagrywanie-podcastow-z-dojazdem-do-klienta\/","url":"https:\/\/studionagranlodz.pl\/index.php\/nagrywanie-podcastow-z-dojazdem-do-klienta\/","name":"Nagrywanie podcast\u00f3w z dojazdem do klienta - Studio Nagra\u0144 \u0141\u00f3d\u017a 11-tka. Zapis audio, edycja wokali, poprawa jako\u015bci plik\u00f3w z dyktafonu i wideo","isPartOf":{"@id":"https:\/\/studionagranlodz.pl\/#website"},"primaryImageOfPage":{"@id":"https:\/\/studionagranlodz.pl\/index.php\/nagrywanie-podcastow-z-dojazdem-do-klienta\/#primaryimage"},"image":{"@id":"https:\/\/studionagranlodz.pl\/index.php\/nagrywanie-podcastow-z-dojazdem-do-klienta\/#primaryimage"},"thumbnailUrl":"https:\/\/studionagranlodz.pl\/wp-content\/uploads\/2024\/06\/Nagrywanie-podcastow-Lodz.jpg","datePublished":"2024-05-08T13:32:05+00:00","dateModified":"2026-05-11T12:37:30+00:00","description":"Nagrywanie podcast\u00f3w z dojazdem do klienta \u0141\u00f3d\u017a. Rejestrujemy audio oraz wideo. Doje\u017cd\u017camy ze sprz\u0119tem na terenie \u0141odzi i okolic","breadcrumb":{"@id":"https:\/\/studionagranlodz.pl\/index.php\/nagrywanie-podcastow-z-dojazdem-do-klienta\/#breadcrumb"},"inLanguage":"pl-PL","potentialAction":[{"@type":"ReadAction","target":["https:\/\/studionagranlodz.pl\/index.php\/nagrywanie-podcastow-z-dojazdem-do-klienta\/"]}]},{"@type":"ImageObject","inLanguage":"pl-PL","@id":"https:\/\/studionagranlodz.pl\/index.php\/nagrywanie-podcastow-z-dojazdem-do-klienta\/#primaryimage","url":"https:\/\/studionagranlodz.pl\/wp-content\/uploads\/2024\/06\/Nagrywanie-podcastow-Lodz.jpg","contentUrl":"https:\/\/studionagranlodz.pl\/wp-content\/uploads\/2024\/06\/Nagrywanie-podcastow-Lodz.jpg","width":1000,"height":449},{"@type":"BreadcrumbList","@id":"https:\/\/studionagranlodz.pl\/index.php\/nagrywanie-podcastow-z-dojazdem-do-klienta\/#breadcrumb","itemListElement":[{"@type":"ListItem","position":1,"name":"Home","item":"https:\/\/studionagranlodz.pl\/"},{"@type":"ListItem","position":2,"name":"Nagrywanie podcast\u00f3w z dojazdem do klienta"}]},{"@type":"WebSite","@id":"https:\/\/studionagranlodz.pl\/#website","url":"https:\/\/studionagranlodz.pl\/","name":"Studio Nagra\u0144 \u0141\u00f3d\u017a 11-tka","description":"Studio nagra\u0144 \u0141\u00f3d\u017a oferuje nagrania wokalist\u00f3w, lektor\u00f3w, mix i mastering. Odszumianie nagra\u0144 z dyktafonu. Produkcj\u0119 muzyczn\u0105 wraz z kompozycj\u0105 i aran\u017cacj\u0105.","publisher":{"@id":"https:\/\/studionagranlodz.pl\/#organization"},"potentialAction":[{"@type":"SearchAction","target":{"@type":"EntryPoint","urlTemplate":"https:\/\/studionagranlodz.pl\/?s={search_term_string}"},"query-input":{"@type":"PropertyValueSpecification","valueRequired":true,"valueName":"search_term_string"}}],"inLanguage":"pl-PL"},{"@type":"Organization","@id":"https:\/\/studionagranlodz.pl\/#organization","name":"PZ audio","alternateName":"Studio nagra\u0144 \u0141\u00f3d\u017a","url":"https:\/\/studionagranlodz.pl\/","logo":{"@type":"ImageObject","inLanguage":"pl-PL","@id":"https:\/\/studionagranlodz.pl\/#\/schema\/logo\/image\/","url":"https:\/\/studionagranlodz.pl\/wp-content\/uploads\/2024\/08\/cropped-sound_studio_11_google_thumbnail.png","contentUrl":"https:\/\/studionagranlodz.pl\/wp-content\/uploads\/2024\/08\/cropped-sound_studio_11_google_thumbnail.png","width":1024,"height":1024,"caption":"PZ audio"},"image":{"@id":"https:\/\/studionagranlodz.pl\/#\/schema\/logo\/image\/"},"sameAs":["https:\/\/www.facebook.com\/studionagraniowe11"]}]}},"_links":{"self":[{"href":"https:\/\/studionagranlodz.pl\/index.php\/wp-json\/wp\/v2\/pages\/1286","targetHints":{"allow":["GET"]}}],"collection":[{"href":"https:\/\/studionagranlodz.pl\/index.php\/wp-json\/wp\/v2\/pages"}],"about":[{"href":"https:\/\/studionagranlodz.pl\/index.php\/wp-json\/wp\/v2\/types\/page"}],"author":[{"embeddable":true,"href":"https:\/\/studionagranlodz.pl\/index.php\/wp-json\/wp\/v2\/users\/1"}],"replies":[{"embeddable":true,"href":"https:\/\/studionagranlodz.pl\/index.php\/wp-json\/wp\/v2\/comments?post=1286"}],"version-history":[{"count":1,"href":"https:\/\/studionagranlodz.pl\/index.php\/wp-json\/wp\/v2\/pages\/1286\/revisions"}],"predecessor-version":[{"id":1833,"href":"https:\/\/studionagranlodz.pl\/index.php\/wp-json\/wp\/v2\/pages\/1286\/revisions\/1833"}],"wp:attachment":[{"href":"https:\/\/studionagranlodz.pl\/index.php\/wp-json\/wp\/v2\/media?parent=1286"}],"curies":[{"name":"wp","href":"https:\/\/api.w.org\/{rel}","templated":true}]}}