{"id":1274,"date":"2024-03-25T07:08:21","date_gmt":"2024-03-25T06:08:21","guid":{"rendered":"https:\/\/studionagranlodz.pl\/?page_id=1274"},"modified":"2026-05-12T10:35:15","modified_gmt":"2026-05-12T08:35:15","slug":"komponowanie-muzyki-online","status":"publish","type":"page","link":"https:\/\/studionagranlodz.pl\/index.php\/komponowanie-muzyki-online\/","title":{"rendered":"Komponowanie muzyki online"},"content":{"rendered":"\n<p>Komponowanie muzyki online to us\u0142uga, kt\u00f3r\u0105 wykonujemy zdalnie po wys\u0142aniu nam przez Pa\u0144stwa kilku szczeg\u00f3\u0142\u00f3w. Moga one dotyczy\u0107 charakteru utworu (czy ma to by\u0107 ballada, czy mo\u017ce piosenka w szybkim tempie), stylu (pop, rock, hip-hop itp.) lub je\u015bli wolicie mo\u017ce by\u0107 link do YouTube z podobn\u0105 aran\u017cacj\u0105.<\/p>\n\n\n\n<p><\/p>\n\n\n\n<figure class=\"wp-block-image size-full\"><img loading=\"lazy\" decoding=\"async\" width=\"1000\" height=\"682\" src=\"https:\/\/studionagranlodz.pl\/wp-content\/uploads\/2024\/03\/Studio-11-Lodz-2.jpg\" alt=\"komponowanie muzyki online\" class=\"wp-image-1262\" srcset=\"https:\/\/studionagranlodz.pl\/wp-content\/uploads\/2024\/03\/Studio-11-Lodz-2.jpg 1000w, https:\/\/studionagranlodz.pl\/wp-content\/uploads\/2024\/03\/Studio-11-Lodz-2-300x205.jpg 300w, https:\/\/studionagranlodz.pl\/wp-content\/uploads\/2024\/03\/Studio-11-Lodz-2-768x524.jpg 768w\" sizes=\"(max-width: 1000px) 100vw, 1000px\" \/><\/figure>\n\n\n\n<p>Po wybraniu stylu i tempa kompozycji wysy\u0142amy pr\u00f3bk\u0119 brzmienia piosenki. Mo\u017ce to by\u0107 sam fortepian z lini\u0105 melodyczn\u0105, lub fragment aran\u017cacji. Chodzi o to, \u017ceby wys\u0142ysze\u0107 mniej wi\u0119cej harmoni\u0119 (akordy) i lini\u0119 melodyczn\u0105 utworu. <a href=\"https:\/\/pl.wikipedia.org\/wiki\/Kompozycja_(muzyka)\">Komponowanie muzyki online<\/a> mo\u017ce wymaga\u0107 kilku takich pr\u00f3bek, \u017ceby\u015bmy mogli zrozumie\u0107 si\u0119 na odleg\u0142o\u015b\u0107. Ka\u017cdy tw\u00f3rca ma w g\u0142owie sw\u00f3j zamys\u0142 jak chcia\u0142by, \u017ceby dany utw\u00f3r zabrzmia\u0142 i my staramy si\u0119 temu podo\u0142a\u0107.<\/p>\n\n\n\n<p>Dla os\u00f3b, kt\u00f3re chcia\u0142yby mie\u0107 wi\u0119kszy wp\u0142yw na proces tworzenia polecamy nasz\u0105 najnowsz\u0105 us\u0142ug\u0119. Tworzenie aran\u017cacji wraz z muzykiem i realizatorem u nas na miejscu. Tutaj przeczytasz wi\u0119cej : <a href=\"https:\/\/studionagranlodz.pl\/index.php\/komponowanie-muzyki-na-zamowienie\/\">komponowanie muzyki<\/a><\/p>\n\n\n\n<p><\/p>\n\n\n\n<figure class=\"wp-block-image size-large\"><img loading=\"lazy\" decoding=\"async\" width=\"1024\" height=\"867\" src=\"https:\/\/studionagranlodz.pl\/wp-content\/uploads\/2018\/08\/3-1024x867.jpg\" alt=\"Tworzenie muzyki online\" class=\"wp-image-189\" srcset=\"https:\/\/studionagranlodz.pl\/wp-content\/uploads\/2018\/08\/3-1024x867.jpg 1024w, https:\/\/studionagranlodz.pl\/wp-content\/uploads\/2018\/08\/3-300x254.jpg 300w, https:\/\/studionagranlodz.pl\/wp-content\/uploads\/2018\/08\/3-768x650.jpg 768w, https:\/\/studionagranlodz.pl\/wp-content\/uploads\/2018\/08\/3.jpg 1156w\" sizes=\"(max-width: 1024px) 100vw, 1024px\" \/><\/figure>\n\n\n\n<p>Po akceptacji pr\u00f3bek zwykle robimy ca\u0142o\u015b\u0107 utworu i wysy\u0142amy. Po wys\u0142aniu s\u0142uchamy jeszcze ko\u0144cowych uwag zamawiaj\u0105cego i ewentualnie nanosimy poprawki. Czasami nie jest \u0142atwo zrozumie\u0107 si\u0119 na odleg\u0142o\u015b\u0107, ale staramy si\u0119 temu zadaniu podo\u0142a\u0107.<\/p>\n\n\n\n<h2 class=\"wp-block-heading\" id=\"h-komponowanie-muzyki-online-oferuje\">Komponowanie muzyki online oferuje:<\/h2>\n\n\n\n<ul class=\"wp-block-list\">\n<li>Pr\u00f3bki kompozycji i brzmienia piosenek\/utwor\u00f3w<\/li>\n\n\n\n<li>Fajne chwytliwe pomys\u0142y na dobry hit<\/li>\n\n\n\n<li>Nowoczesne i dobre jako\u015bciowo brzmienia (w przypadku zam\u00f3wienia u nas aran\u017cacji)<\/li>\n\n\n\n<li>Profesjonalnych muzyk\u00f3w, kt\u00f3rzy pomog\u0105 w stworzeniu \u015bwietnie brzmi\u0105cych produkcji<\/li>\n\n\n\n<li>Doradztwo w zakresie produkcji muzycznej<\/li>\n<\/ul>\n\n\n\n<p>Je\u015bli skomponujesz u nas swoj\u0105 piosenk\u0119 mo\u017cesz j\u0105 oczywi\u015bcie zarejestrowa\u0107 w Zaiks co daje mo\u017cliwo\u015b\u0107 uzyskania prawa autorskich oraz tantiem. Zwykle gdy robimy muzyk\u0119 na zam\u00f3wienie to zostawiamy sobie 30% udzia\u0142\u00f3w w samej muzyce, ale jest te\u017c opcja zrzeczenia si\u0119 praw autorskich. Komponujemy i aran\u017cujemy nak\u0142adaj\u0105c na siebie \u015blady &#8211; realnie zagrane na instrumencie. Nie korzystamy przy tym z AI co daje mo\u017cliwo\u015b\u0107 bezproblemowego zarejestrowania utworu.<\/p>\n\n\n\n<p><strong>Tutaj nasze najnowsze piosenki: <\/strong><a href=\"https:\/\/open.spotify.com\/artist\/6hzf8znc96rU1vL6nYEV17\">https:\/\/open.spotify.com\/artist\/6hzf8znc96rU1vL6nYEV17<\/a><\/p>\n\n\n\n<p>Nasze starsze przyk\u0142adowe kompozycje:<\/p>\n\n\n\n<iframe loading=\"lazy\" width=\"560\" height=\"315\" src=\"https:\/\/www.youtube.com\/embed\/z7kPjXHHTqw?si=-n_748jWyRd34kSk\" title=\"YouTube video player\" frameborder=\"0\" allow=\"accelerometer; autoplay; clipboard-write; encrypted-media; gyroscope; picture-in-picture; web-share\" referrerpolicy=\"strict-origin-when-cross-origin\" allowfullscreen><\/iframe>\n\n\n\n<iframe loading=\"lazy\" width=\"560\" height=\"315\" src=\"https:\/\/www.youtube.com\/embed\/6n97eC4FS8I?si=hbSmYluLyokW_LPQ\" title=\"YouTube video player\" frameborder=\"0\" allow=\"accelerometer; autoplay; clipboard-write; encrypted-media; gyroscope; picture-in-picture; web-share\" referrerpolicy=\"strict-origin-when-cross-origin\" allowfullscreen><\/iframe>\n","protected":false},"excerpt":{"rendered":"<p>Komponowanie muzyki online to us\u0142uga, kt\u00f3r\u0105 wykonujemy zdalnie po wys\u0142aniu nam przez Pa\u0144stwa kilku szczeg\u00f3\u0142\u00f3w. Moga one dotyczy\u0107 charakteru utworu (czy ma to by\u0107 ballada, czy mo\u017ce piosenka w szybkim tempie), stylu (pop, rock, hip-hop itp.) lub je\u015bli wolicie mo\u017ce by\u0107 link do YouTube z podobn\u0105 aran\u017cacj\u0105. Po wybraniu stylu i tempa kompozycji wysy\u0142amy pr\u00f3bk\u0119 [&hellip;]<\/p>\n","protected":false},"author":1,"featured_media":0,"parent":0,"menu_order":0,"comment_status":"closed","ping_status":"closed","template":"","meta":{"_et_pb_use_builder":"","_et_pb_old_content":"","_et_gb_content_width":"","footnotes":""},"class_list":["post-1274","page","type-page","status-publish","hentry"],"yoast_head":"<!-- This site is optimized with the Yoast SEO Premium plugin v26.4 (Yoast SEO v27.6) - https:\/\/yoast.com\/product\/yoast-seo-premium-wordpress\/ -->\n<title>Komponowanie muzyki online - Studio Nagra\u0144 \u0141\u00f3d\u017a 11-tka. Zapis audio, edycja wokali, poprawa jako\u015bci plik\u00f3w z dyktafonu i wideo<\/title>\n<meta name=\"description\" content=\"Komponowanie muzyki online. Autorskie piosenki wraz z pe\u0142n\u0105 profesjonaln\u0105 produkcj\u0105 i masteringiem. Pomagamy stworzy\u0107 w\u0142asny styl.\" \/>\n<meta name=\"robots\" content=\"index, follow, max-snippet:-1, max-image-preview:large, max-video-preview:-1\" \/>\n<link rel=\"canonical\" href=\"https:\/\/studionagranlodz.pl\/index.php\/komponowanie-muzyki-online\/\" \/>\n<meta property=\"og:locale\" content=\"pl_PL\" \/>\n<meta property=\"og:type\" content=\"article\" \/>\n<meta property=\"og:title\" content=\"Komponowanie muzyki online\" \/>\n<meta property=\"og:description\" content=\"Komponowanie muzyki online. Autorskie piosenki wraz z pe\u0142n\u0105 profesjonaln\u0105 produkcj\u0105 i masteringiem. Pomagamy stworzy\u0107 w\u0142asny styl.\" \/>\n<meta property=\"og:url\" content=\"https:\/\/studionagranlodz.pl\/index.php\/komponowanie-muzyki-online\/\" \/>\n<meta property=\"og:site_name\" content=\"Studio Nagra\u0144 \u0141\u00f3d\u017a 11-tka. Zapis audio, edycja wokali, poprawa jako\u015bci plik\u00f3w z dyktafonu i wideo\" \/>\n<meta property=\"article:publisher\" content=\"https:\/\/www.facebook.com\/studionagraniowe11\" \/>\n<meta property=\"article:modified_time\" content=\"2026-05-12T08:35:15+00:00\" \/>\n<meta property=\"og:image\" content=\"https:\/\/studionagranlodz.pl\/wp-content\/uploads\/2024\/03\/Studio-11-Lodz-2.jpg\" \/>\n\t<meta property=\"og:image:width\" content=\"1000\" \/>\n\t<meta property=\"og:image:height\" content=\"682\" \/>\n\t<meta property=\"og:image:type\" content=\"image\/jpeg\" \/>\n<meta name=\"twitter:card\" content=\"summary_large_image\" \/>\n<meta name=\"twitter:label1\" content=\"Szacowany czas czytania\" \/>\n\t<meta name=\"twitter:data1\" content=\"3 minuty\" \/>\n<script type=\"application\/ld+json\" class=\"yoast-schema-graph\">{\"@context\":\"https:\\\/\\\/schema.org\",\"@graph\":[{\"@type\":\"WebPage\",\"@id\":\"https:\\\/\\\/studionagranlodz.pl\\\/index.php\\\/komponowanie-muzyki-online\\\/\",\"url\":\"https:\\\/\\\/studionagranlodz.pl\\\/index.php\\\/komponowanie-muzyki-online\\\/\",\"name\":\"Komponowanie muzyki online - Studio Nagra\u0144 \u0141\u00f3d\u017a 11-tka. Zapis audio, edycja wokali, poprawa jako\u015bci plik\u00f3w z dyktafonu i wideo\",\"isPartOf\":{\"@id\":\"https:\\\/\\\/studionagranlodz.pl\\\/#website\"},\"primaryImageOfPage\":{\"@id\":\"https:\\\/\\\/studionagranlodz.pl\\\/index.php\\\/komponowanie-muzyki-online\\\/#primaryimage\"},\"image\":{\"@id\":\"https:\\\/\\\/studionagranlodz.pl\\\/index.php\\\/komponowanie-muzyki-online\\\/#primaryimage\"},\"thumbnailUrl\":\"https:\\\/\\\/studionagranlodz.pl\\\/wp-content\\\/uploads\\\/2024\\\/03\\\/Studio-11-Lodz-2.jpg\",\"datePublished\":\"2024-03-25T06:08:21+00:00\",\"dateModified\":\"2026-05-12T08:35:15+00:00\",\"description\":\"Komponowanie muzyki online. Autorskie piosenki wraz z pe\u0142n\u0105 profesjonaln\u0105 produkcj\u0105 i masteringiem. Pomagamy stworzy\u0107 w\u0142asny styl.\",\"breadcrumb\":{\"@id\":\"https:\\\/\\\/studionagranlodz.pl\\\/index.php\\\/komponowanie-muzyki-online\\\/#breadcrumb\"},\"inLanguage\":\"pl-PL\",\"potentialAction\":[{\"@type\":\"ReadAction\",\"target\":[\"https:\\\/\\\/studionagranlodz.pl\\\/index.php\\\/komponowanie-muzyki-online\\\/\"]}]},{\"@type\":\"ImageObject\",\"inLanguage\":\"pl-PL\",\"@id\":\"https:\\\/\\\/studionagranlodz.pl\\\/index.php\\\/komponowanie-muzyki-online\\\/#primaryimage\",\"url\":\"https:\\\/\\\/studionagranlodz.pl\\\/wp-content\\\/uploads\\\/2024\\\/03\\\/Studio-11-Lodz-2.jpg\",\"contentUrl\":\"https:\\\/\\\/studionagranlodz.pl\\\/wp-content\\\/uploads\\\/2024\\\/03\\\/Studio-11-Lodz-2.jpg\",\"width\":1000,\"height\":682,\"caption\":\"Nagrywanie rolek \u0141\u00f3d\u017a\"},{\"@type\":\"BreadcrumbList\",\"@id\":\"https:\\\/\\\/studionagranlodz.pl\\\/index.php\\\/komponowanie-muzyki-online\\\/#breadcrumb\",\"itemListElement\":[{\"@type\":\"ListItem\",\"position\":1,\"name\":\"Home\",\"item\":\"https:\\\/\\\/studionagranlodz.pl\\\/\"},{\"@type\":\"ListItem\",\"position\":2,\"name\":\"Komponowanie muzyki online\"}]},{\"@type\":\"WebSite\",\"@id\":\"https:\\\/\\\/studionagranlodz.pl\\\/#website\",\"url\":\"https:\\\/\\\/studionagranlodz.pl\\\/\",\"name\":\"Studio Nagra\u0144 \u0141\u00f3d\u017a 11-tka\",\"description\":\"Studio nagra\u0144 \u0141\u00f3d\u017a oferuje nagrania wokalist\u00f3w, lektor\u00f3w, mix i mastering. Odszumianie nagra\u0144 z dyktafonu. Produkcj\u0119 muzyczn\u0105 wraz z kompozycj\u0105 i aran\u017cacj\u0105.\",\"publisher\":{\"@id\":\"https:\\\/\\\/studionagranlodz.pl\\\/#organization\"},\"potentialAction\":[{\"@type\":\"SearchAction\",\"target\":{\"@type\":\"EntryPoint\",\"urlTemplate\":\"https:\\\/\\\/studionagranlodz.pl\\\/?s={search_term_string}\"},\"query-input\":{\"@type\":\"PropertyValueSpecification\",\"valueRequired\":true,\"valueName\":\"search_term_string\"}}],\"inLanguage\":\"pl-PL\"},{\"@type\":\"Organization\",\"@id\":\"https:\\\/\\\/studionagranlodz.pl\\\/#organization\",\"name\":\"PZ audio\",\"alternateName\":\"Studio nagra\u0144 \u0141\u00f3d\u017a\",\"url\":\"https:\\\/\\\/studionagranlodz.pl\\\/\",\"logo\":{\"@type\":\"ImageObject\",\"inLanguage\":\"pl-PL\",\"@id\":\"https:\\\/\\\/studionagranlodz.pl\\\/#\\\/schema\\\/logo\\\/image\\\/\",\"url\":\"https:\\\/\\\/studionagranlodz.pl\\\/wp-content\\\/uploads\\\/2024\\\/08\\\/cropped-sound_studio_11_google_thumbnail.png\",\"contentUrl\":\"https:\\\/\\\/studionagranlodz.pl\\\/wp-content\\\/uploads\\\/2024\\\/08\\\/cropped-sound_studio_11_google_thumbnail.png\",\"width\":1024,\"height\":1024,\"caption\":\"PZ audio\"},\"image\":{\"@id\":\"https:\\\/\\\/studionagranlodz.pl\\\/#\\\/schema\\\/logo\\\/image\\\/\"},\"sameAs\":[\"https:\\\/\\\/www.facebook.com\\\/studionagraniowe11\"]}]}<\/script>\n<!-- \/ Yoast SEO Premium plugin. -->","yoast_head_json":{"title":"Komponowanie muzyki online - Studio Nagra\u0144 \u0141\u00f3d\u017a 11-tka. Zapis audio, edycja wokali, poprawa jako\u015bci plik\u00f3w z dyktafonu i wideo","description":"Komponowanie muzyki online. Autorskie piosenki wraz z pe\u0142n\u0105 profesjonaln\u0105 produkcj\u0105 i masteringiem. Pomagamy stworzy\u0107 w\u0142asny styl.","robots":{"index":"index","follow":"follow","max-snippet":"max-snippet:-1","max-image-preview":"max-image-preview:large","max-video-preview":"max-video-preview:-1"},"canonical":"https:\/\/studionagranlodz.pl\/index.php\/komponowanie-muzyki-online\/","og_locale":"pl_PL","og_type":"article","og_title":"Komponowanie muzyki online","og_description":"Komponowanie muzyki online. Autorskie piosenki wraz z pe\u0142n\u0105 profesjonaln\u0105 produkcj\u0105 i masteringiem. Pomagamy stworzy\u0107 w\u0142asny styl.","og_url":"https:\/\/studionagranlodz.pl\/index.php\/komponowanie-muzyki-online\/","og_site_name":"Studio Nagra\u0144 \u0141\u00f3d\u017a 11-tka. Zapis audio, edycja wokali, poprawa jako\u015bci plik\u00f3w z dyktafonu i wideo","article_publisher":"https:\/\/www.facebook.com\/studionagraniowe11","article_modified_time":"2026-05-12T08:35:15+00:00","og_image":[{"width":1000,"height":682,"url":"https:\/\/studionagranlodz.pl\/wp-content\/uploads\/2024\/03\/Studio-11-Lodz-2.jpg","type":"image\/jpeg"}],"twitter_card":"summary_large_image","twitter_misc":{"Szacowany czas czytania":"3 minuty"},"schema":{"@context":"https:\/\/schema.org","@graph":[{"@type":"WebPage","@id":"https:\/\/studionagranlodz.pl\/index.php\/komponowanie-muzyki-online\/","url":"https:\/\/studionagranlodz.pl\/index.php\/komponowanie-muzyki-online\/","name":"Komponowanie muzyki online - Studio Nagra\u0144 \u0141\u00f3d\u017a 11-tka. Zapis audio, edycja wokali, poprawa jako\u015bci plik\u00f3w z dyktafonu i wideo","isPartOf":{"@id":"https:\/\/studionagranlodz.pl\/#website"},"primaryImageOfPage":{"@id":"https:\/\/studionagranlodz.pl\/index.php\/komponowanie-muzyki-online\/#primaryimage"},"image":{"@id":"https:\/\/studionagranlodz.pl\/index.php\/komponowanie-muzyki-online\/#primaryimage"},"thumbnailUrl":"https:\/\/studionagranlodz.pl\/wp-content\/uploads\/2024\/03\/Studio-11-Lodz-2.jpg","datePublished":"2024-03-25T06:08:21+00:00","dateModified":"2026-05-12T08:35:15+00:00","description":"Komponowanie muzyki online. Autorskie piosenki wraz z pe\u0142n\u0105 profesjonaln\u0105 produkcj\u0105 i masteringiem. Pomagamy stworzy\u0107 w\u0142asny styl.","breadcrumb":{"@id":"https:\/\/studionagranlodz.pl\/index.php\/komponowanie-muzyki-online\/#breadcrumb"},"inLanguage":"pl-PL","potentialAction":[{"@type":"ReadAction","target":["https:\/\/studionagranlodz.pl\/index.php\/komponowanie-muzyki-online\/"]}]},{"@type":"ImageObject","inLanguage":"pl-PL","@id":"https:\/\/studionagranlodz.pl\/index.php\/komponowanie-muzyki-online\/#primaryimage","url":"https:\/\/studionagranlodz.pl\/wp-content\/uploads\/2024\/03\/Studio-11-Lodz-2.jpg","contentUrl":"https:\/\/studionagranlodz.pl\/wp-content\/uploads\/2024\/03\/Studio-11-Lodz-2.jpg","width":1000,"height":682,"caption":"Nagrywanie rolek \u0141\u00f3d\u017a"},{"@type":"BreadcrumbList","@id":"https:\/\/studionagranlodz.pl\/index.php\/komponowanie-muzyki-online\/#breadcrumb","itemListElement":[{"@type":"ListItem","position":1,"name":"Home","item":"https:\/\/studionagranlodz.pl\/"},{"@type":"ListItem","position":2,"name":"Komponowanie muzyki online"}]},{"@type":"WebSite","@id":"https:\/\/studionagranlodz.pl\/#website","url":"https:\/\/studionagranlodz.pl\/","name":"Studio Nagra\u0144 \u0141\u00f3d\u017a 11-tka","description":"Studio nagra\u0144 \u0141\u00f3d\u017a oferuje nagrania wokalist\u00f3w, lektor\u00f3w, mix i mastering. Odszumianie nagra\u0144 z dyktafonu. Produkcj\u0119 muzyczn\u0105 wraz z kompozycj\u0105 i aran\u017cacj\u0105.","publisher":{"@id":"https:\/\/studionagranlodz.pl\/#organization"},"potentialAction":[{"@type":"SearchAction","target":{"@type":"EntryPoint","urlTemplate":"https:\/\/studionagranlodz.pl\/?s={search_term_string}"},"query-input":{"@type":"PropertyValueSpecification","valueRequired":true,"valueName":"search_term_string"}}],"inLanguage":"pl-PL"},{"@type":"Organization","@id":"https:\/\/studionagranlodz.pl\/#organization","name":"PZ audio","alternateName":"Studio nagra\u0144 \u0141\u00f3d\u017a","url":"https:\/\/studionagranlodz.pl\/","logo":{"@type":"ImageObject","inLanguage":"pl-PL","@id":"https:\/\/studionagranlodz.pl\/#\/schema\/logo\/image\/","url":"https:\/\/studionagranlodz.pl\/wp-content\/uploads\/2024\/08\/cropped-sound_studio_11_google_thumbnail.png","contentUrl":"https:\/\/studionagranlodz.pl\/wp-content\/uploads\/2024\/08\/cropped-sound_studio_11_google_thumbnail.png","width":1024,"height":1024,"caption":"PZ audio"},"image":{"@id":"https:\/\/studionagranlodz.pl\/#\/schema\/logo\/image\/"},"sameAs":["https:\/\/www.facebook.com\/studionagraniowe11"]}]}},"_links":{"self":[{"href":"https:\/\/studionagranlodz.pl\/index.php\/wp-json\/wp\/v2\/pages\/1274","targetHints":{"allow":["GET"]}}],"collection":[{"href":"https:\/\/studionagranlodz.pl\/index.php\/wp-json\/wp\/v2\/pages"}],"about":[{"href":"https:\/\/studionagranlodz.pl\/index.php\/wp-json\/wp\/v2\/types\/page"}],"author":[{"embeddable":true,"href":"https:\/\/studionagranlodz.pl\/index.php\/wp-json\/wp\/v2\/users\/1"}],"replies":[{"embeddable":true,"href":"https:\/\/studionagranlodz.pl\/index.php\/wp-json\/wp\/v2\/comments?post=1274"}],"version-history":[{"count":3,"href":"https:\/\/studionagranlodz.pl\/index.php\/wp-json\/wp\/v2\/pages\/1274\/revisions"}],"predecessor-version":[{"id":1860,"href":"https:\/\/studionagranlodz.pl\/index.php\/wp-json\/wp\/v2\/pages\/1274\/revisions\/1860"}],"wp:attachment":[{"href":"https:\/\/studionagranlodz.pl\/index.php\/wp-json\/wp\/v2\/media?parent=1274"}],"curies":[{"name":"wp","href":"https:\/\/api.w.org\/{rel}","templated":true}]}}