{"id":1164,"date":"2024-02-14T14:05:42","date_gmt":"2024-02-14T13:05:42","guid":{"rendered":"https:\/\/studionagranlodz.pl\/?page_id=1164"},"modified":"2026-03-18T09:55:50","modified_gmt":"2026-03-18T08:55:50","slug":"bank-glosow-lektorskich","status":"publish","type":"page","link":"https:\/\/studionagranlodz.pl\/index.php\/bank-glosow-lektorskich\/","title":{"rendered":"Bank g\u0142os\u00f3w lektorskich"},"content":{"rendered":"\n<p><a href=\"https:\/\/pl.wikipedia.org\/wiki\/Lektor_filmowy\">Bank g\u0142os\u00f3w lektorskich<\/a> wsp\u00f3\u0142pracuj\u0105cych z naszym studio b\u0119dzie ci\u0105gle uzupe\u0142niany o nowe g\u0142osy. Na razie prezentujemy najcz\u0119\u015bciej nagrywajacych u nas lektor\u00f3w z \u0141odzi, kt\u00f3rzy w bardzo kr\u00f3tkim czasie mog\u0105 wykona\u0107 nagranie dla Pa\u0144stwa. Postaramy si\u0119 te\u017c w nied\u0142ugim czasie doda\u0107 nowe nagrania, \u017ceby mi\u0119li Pa\u0144stwo wi\u0119kszy wyb\u00f3r.<\/p>\n\n\n\n<figure class=\"wp-block-image size-full is-resized\"><img loading=\"lazy\" decoding=\"async\" width=\"650\" height=\"975\" src=\"https:\/\/studionagranlodz.pl\/wp-content\/uploads\/2023\/09\/P1000244.a.jpg\" alt=\"Nagrania lektor\u00f3w\" class=\"wp-image-1072\" style=\"aspect-ratio:0.6666666666666666;width:261px;height:auto\" srcset=\"https:\/\/studionagranlodz.pl\/wp-content\/uploads\/2023\/09\/P1000244.a.jpg 650w, https:\/\/studionagranlodz.pl\/wp-content\/uploads\/2023\/09\/P1000244.a-200x300.jpg 200w\" sizes=\"(max-width: 650px) 100vw, 650px\" \/><\/figure>\n\n\n\n<p>Nasi lektorzy nagrywaj\u0105 prawie wszystkie g\u0142osowe zam\u00f3wienia typu:<\/p>\n\n\n\n<ul class=\"wp-block-list\">\n<li>Czytanie komunikat\u00f3w do central telefonicznych<\/li>\n\n\n\n<li>Czytanie bajek dla dzieci<\/li>\n\n\n\n<li>Czytanie powie\u015bci i audiobook\u00f3w<\/li>\n\n\n\n<li>Czytanie wst\u0119p\u00f3w i zako\u0144cze\u0144 do produkcji filmowych i muzycznych<\/li>\n\n\n\n<li>Czytanie \u017cycze\u0144 dla jubilat\u00f3w<\/li>\n\n\n\n<li>Ud\u017awi\u0119kawianie film\u00f3w i blog\u00f3w<\/li>\n<\/ul>\n\n\n\n<p>Poni\u017cej pr\u00f3bki dw\u00f3ch g\u0142os\u00f3w z naszego banku g\u0142os\u00f3w, kt\u00f3re jeste\u015bmy w stanie nagra\u0107 w bardzo kr\u00f3tkim czasie:<\/p>\n\n\n\n<p><\/p>\n\n\n\n<p>Lektorka Gabriela:<\/p>\n\n\n\n<figure class=\"wp-block-audio\"><audio controls src=\"https:\/\/studionagranlodz.pl\/wp-content\/uploads\/2026\/03\/Gabriela-Jozwiak-Werner-demo-lektorskie.mp3\"><\/audio><\/figure>\n\n\n\n<p>Lektorka Katarzyna:<\/p>\n\n\n\n<figure class=\"wp-block-audio\"><audio controls src=\"https:\/\/studionagranlodz.pl\/wp-content\/uploads\/2024\/07\/Bajka2-fragm2.mp3\"><\/audio><\/figure>\n\n\n\n<p>Lektorka Justyna:<\/p>\n\n\n\n<figure class=\"wp-block-audio\"><audio controls src=\"https:\/\/studionagranlodz.pl\/wp-content\/uploads\/2024\/02\/ksiazka-lektorka.mp3\"><\/audio><\/figure>\n\n\n\n<p>Lektor Adam:<\/p>\n\n\n\n<figure class=\"wp-block-audio\"><audio controls src=\"https:\/\/studionagranlodz.pl\/wp-content\/uploads\/2024\/02\/Glos-meski-lektor.mp3\"><\/audio><\/figure>\n","protected":false},"excerpt":{"rendered":"<p>Bank g\u0142os\u00f3w lektorskich wsp\u00f3\u0142pracuj\u0105cych z naszym studio b\u0119dzie ci\u0105gle uzupe\u0142niany o nowe g\u0142osy. Na razie prezentujemy najcz\u0119\u015bciej nagrywajacych u nas lektor\u00f3w z \u0141odzi, kt\u00f3rzy w bardzo kr\u00f3tkim czasie mog\u0105 wykona\u0107 nagranie dla Pa\u0144stwa. Postaramy si\u0119 te\u017c w nied\u0142ugim czasie doda\u0107 nowe nagrania, \u017ceby mi\u0119li Pa\u0144stwo wi\u0119kszy wyb\u00f3r. Nasi lektorzy nagrywaj\u0105 prawie wszystkie g\u0142osowe zam\u00f3wienia typu: [&hellip;]<\/p>\n","protected":false},"author":1,"featured_media":0,"parent":0,"menu_order":0,"comment_status":"closed","ping_status":"closed","template":"","meta":{"_et_pb_use_builder":"","_et_pb_old_content":"","_et_gb_content_width":"","footnotes":""},"class_list":["post-1164","page","type-page","status-publish","hentry"],"yoast_head":"<!-- This site is optimized with the Yoast SEO Premium plugin v26.4 (Yoast SEO v27.6) - https:\/\/yoast.com\/product\/yoast-seo-premium-wordpress\/ -->\n<title>Bank g\u0142os\u00f3w lektorskich - Studio Nagra\u0144 \u0141\u00f3d\u017a 11-tka. Zapis audio, edycja wokali, poprawa jako\u015bci plik\u00f3w z dyktafonu i wideo<\/title>\n<meta name=\"description\" content=\"Bank g\u0142os\u00f3w lektorskich, lektorzy nagrywaj\u0105cy bajki dla dzieci, komunikaty do central, szybkie terminy realizacji. Lektorzy z \u0141odzi\" \/>\n<meta name=\"robots\" content=\"index, follow, max-snippet:-1, max-image-preview:large, max-video-preview:-1\" \/>\n<link rel=\"canonical\" href=\"http:\/\/studionagranlodz.pl\/index.php\/bank-glosow-lektorskich\/\" \/>\n<meta property=\"og:locale\" content=\"pl_PL\" \/>\n<meta property=\"og:type\" content=\"article\" \/>\n<meta property=\"og:title\" content=\"Bank g\u0142os\u00f3w lektorskich\" \/>\n<meta property=\"og:description\" content=\"Bank g\u0142os\u00f3w lektorskich, lektorzy nagrywaj\u0105cy bajki dla dzieci, komunikaty do central, szybkie terminy realizacji. Lektorzy z \u0141odzi\" \/>\n<meta property=\"og:url\" content=\"http:\/\/studionagranlodz.pl\/index.php\/bank-glosow-lektorskich\/\" \/>\n<meta property=\"og:site_name\" content=\"Studio Nagra\u0144 \u0141\u00f3d\u017a 11-tka. Zapis audio, edycja wokali, poprawa jako\u015bci plik\u00f3w z dyktafonu i wideo\" \/>\n<meta property=\"article:publisher\" content=\"https:\/\/www.facebook.com\/studionagraniowe11\" \/>\n<meta property=\"article:modified_time\" content=\"2026-03-18T08:55:50+00:00\" \/>\n<meta property=\"og:image\" content=\"https:\/\/studionagranlodz.pl\/wp-content\/uploads\/2023\/09\/P1000244.a.jpg\" \/>\n<meta name=\"twitter:card\" content=\"summary_large_image\" \/>\n<meta name=\"twitter:label1\" content=\"Szacowany czas czytania\" \/>\n\t<meta name=\"twitter:data1\" content=\"1 minuta\" \/>\n<script type=\"application\/ld+json\" class=\"yoast-schema-graph\">{\"@context\":\"https:\\\/\\\/schema.org\",\"@graph\":[{\"@type\":\"WebPage\",\"@id\":\"http:\\\/\\\/studionagranlodz.pl\\\/index.php\\\/bank-glosow-lektorskich\\\/\",\"url\":\"http:\\\/\\\/studionagranlodz.pl\\\/index.php\\\/bank-glosow-lektorskich\\\/\",\"name\":\"Bank g\u0142os\u00f3w lektorskich - Studio Nagra\u0144 \u0141\u00f3d\u017a 11-tka. Zapis audio, edycja wokali, poprawa jako\u015bci plik\u00f3w z dyktafonu i wideo\",\"isPartOf\":{\"@id\":\"https:\\\/\\\/studionagranlodz.pl\\\/#website\"},\"primaryImageOfPage\":{\"@id\":\"http:\\\/\\\/studionagranlodz.pl\\\/index.php\\\/bank-glosow-lektorskich\\\/#primaryimage\"},\"image\":{\"@id\":\"http:\\\/\\\/studionagranlodz.pl\\\/index.php\\\/bank-glosow-lektorskich\\\/#primaryimage\"},\"thumbnailUrl\":\"https:\\\/\\\/studionagranlodz.pl\\\/wp-content\\\/uploads\\\/2023\\\/09\\\/P1000244.a.jpg\",\"datePublished\":\"2024-02-14T13:05:42+00:00\",\"dateModified\":\"2026-03-18T08:55:50+00:00\",\"description\":\"Bank g\u0142os\u00f3w lektorskich, lektorzy nagrywaj\u0105cy bajki dla dzieci, komunikaty do central, szybkie terminy realizacji. Lektorzy z \u0141odzi\",\"breadcrumb\":{\"@id\":\"http:\\\/\\\/studionagranlodz.pl\\\/index.php\\\/bank-glosow-lektorskich\\\/#breadcrumb\"},\"inLanguage\":\"pl-PL\",\"potentialAction\":[{\"@type\":\"ReadAction\",\"target\":[\"http:\\\/\\\/studionagranlodz.pl\\\/index.php\\\/bank-glosow-lektorskich\\\/\"]}]},{\"@type\":\"ImageObject\",\"inLanguage\":\"pl-PL\",\"@id\":\"http:\\\/\\\/studionagranlodz.pl\\\/index.php\\\/bank-glosow-lektorskich\\\/#primaryimage\",\"url\":\"https:\\\/\\\/studionagranlodz.pl\\\/wp-content\\\/uploads\\\/2023\\\/09\\\/P1000244.a.jpg\",\"contentUrl\":\"https:\\\/\\\/studionagranlodz.pl\\\/wp-content\\\/uploads\\\/2023\\\/09\\\/P1000244.a.jpg\",\"width\":650,\"height\":975,\"caption\":\"Nagrania lektor\u00f3w\"},{\"@type\":\"BreadcrumbList\",\"@id\":\"http:\\\/\\\/studionagranlodz.pl\\\/index.php\\\/bank-glosow-lektorskich\\\/#breadcrumb\",\"itemListElement\":[{\"@type\":\"ListItem\",\"position\":1,\"name\":\"Home\",\"item\":\"https:\\\/\\\/studionagranlodz.pl\\\/\"},{\"@type\":\"ListItem\",\"position\":2,\"name\":\"Bank g\u0142os\u00f3w lektorskich\"}]},{\"@type\":\"WebSite\",\"@id\":\"https:\\\/\\\/studionagranlodz.pl\\\/#website\",\"url\":\"https:\\\/\\\/studionagranlodz.pl\\\/\",\"name\":\"Studio Nagra\u0144 \u0141\u00f3d\u017a 11-tka\",\"description\":\"Studio nagra\u0144 \u0141\u00f3d\u017a oferuje nagrania wokalist\u00f3w, lektor\u00f3w, mix i mastering. Odszumianie nagra\u0144 z dyktafonu. Produkcj\u0119 muzyczn\u0105 wraz z kompozycj\u0105 i aran\u017cacj\u0105.\",\"publisher\":{\"@id\":\"https:\\\/\\\/studionagranlodz.pl\\\/#organization\"},\"potentialAction\":[{\"@type\":\"SearchAction\",\"target\":{\"@type\":\"EntryPoint\",\"urlTemplate\":\"https:\\\/\\\/studionagranlodz.pl\\\/?s={search_term_string}\"},\"query-input\":{\"@type\":\"PropertyValueSpecification\",\"valueRequired\":true,\"valueName\":\"search_term_string\"}}],\"inLanguage\":\"pl-PL\"},{\"@type\":\"Organization\",\"@id\":\"https:\\\/\\\/studionagranlodz.pl\\\/#organization\",\"name\":\"PZ audio\",\"alternateName\":\"Studio nagra\u0144 \u0141\u00f3d\u017a\",\"url\":\"https:\\\/\\\/studionagranlodz.pl\\\/\",\"logo\":{\"@type\":\"ImageObject\",\"inLanguage\":\"pl-PL\",\"@id\":\"https:\\\/\\\/studionagranlodz.pl\\\/#\\\/schema\\\/logo\\\/image\\\/\",\"url\":\"https:\\\/\\\/studionagranlodz.pl\\\/wp-content\\\/uploads\\\/2024\\\/08\\\/cropped-sound_studio_11_google_thumbnail.png\",\"contentUrl\":\"https:\\\/\\\/studionagranlodz.pl\\\/wp-content\\\/uploads\\\/2024\\\/08\\\/cropped-sound_studio_11_google_thumbnail.png\",\"width\":1024,\"height\":1024,\"caption\":\"PZ audio\"},\"image\":{\"@id\":\"https:\\\/\\\/studionagranlodz.pl\\\/#\\\/schema\\\/logo\\\/image\\\/\"},\"sameAs\":[\"https:\\\/\\\/www.facebook.com\\\/studionagraniowe11\"]}]}<\/script>\n<!-- \/ Yoast SEO Premium plugin. -->","yoast_head_json":{"title":"Bank g\u0142os\u00f3w lektorskich - Studio Nagra\u0144 \u0141\u00f3d\u017a 11-tka. Zapis audio, edycja wokali, poprawa jako\u015bci plik\u00f3w z dyktafonu i wideo","description":"Bank g\u0142os\u00f3w lektorskich, lektorzy nagrywaj\u0105cy bajki dla dzieci, komunikaty do central, szybkie terminy realizacji. Lektorzy z \u0141odzi","robots":{"index":"index","follow":"follow","max-snippet":"max-snippet:-1","max-image-preview":"max-image-preview:large","max-video-preview":"max-video-preview:-1"},"canonical":"http:\/\/studionagranlodz.pl\/index.php\/bank-glosow-lektorskich\/","og_locale":"pl_PL","og_type":"article","og_title":"Bank g\u0142os\u00f3w lektorskich","og_description":"Bank g\u0142os\u00f3w lektorskich, lektorzy nagrywaj\u0105cy bajki dla dzieci, komunikaty do central, szybkie terminy realizacji. Lektorzy z \u0141odzi","og_url":"http:\/\/studionagranlodz.pl\/index.php\/bank-glosow-lektorskich\/","og_site_name":"Studio Nagra\u0144 \u0141\u00f3d\u017a 11-tka. Zapis audio, edycja wokali, poprawa jako\u015bci plik\u00f3w z dyktafonu i wideo","article_publisher":"https:\/\/www.facebook.com\/studionagraniowe11","article_modified_time":"2026-03-18T08:55:50+00:00","og_image":[{"url":"https:\/\/studionagranlodz.pl\/wp-content\/uploads\/2023\/09\/P1000244.a.jpg","type":"","width":"","height":""}],"twitter_card":"summary_large_image","twitter_misc":{"Szacowany czas czytania":"1 minuta"},"schema":{"@context":"https:\/\/schema.org","@graph":[{"@type":"WebPage","@id":"http:\/\/studionagranlodz.pl\/index.php\/bank-glosow-lektorskich\/","url":"http:\/\/studionagranlodz.pl\/index.php\/bank-glosow-lektorskich\/","name":"Bank g\u0142os\u00f3w lektorskich - Studio Nagra\u0144 \u0141\u00f3d\u017a 11-tka. Zapis audio, edycja wokali, poprawa jako\u015bci plik\u00f3w z dyktafonu i wideo","isPartOf":{"@id":"https:\/\/studionagranlodz.pl\/#website"},"primaryImageOfPage":{"@id":"http:\/\/studionagranlodz.pl\/index.php\/bank-glosow-lektorskich\/#primaryimage"},"image":{"@id":"http:\/\/studionagranlodz.pl\/index.php\/bank-glosow-lektorskich\/#primaryimage"},"thumbnailUrl":"https:\/\/studionagranlodz.pl\/wp-content\/uploads\/2023\/09\/P1000244.a.jpg","datePublished":"2024-02-14T13:05:42+00:00","dateModified":"2026-03-18T08:55:50+00:00","description":"Bank g\u0142os\u00f3w lektorskich, lektorzy nagrywaj\u0105cy bajki dla dzieci, komunikaty do central, szybkie terminy realizacji. Lektorzy z \u0141odzi","breadcrumb":{"@id":"http:\/\/studionagranlodz.pl\/index.php\/bank-glosow-lektorskich\/#breadcrumb"},"inLanguage":"pl-PL","potentialAction":[{"@type":"ReadAction","target":["http:\/\/studionagranlodz.pl\/index.php\/bank-glosow-lektorskich\/"]}]},{"@type":"ImageObject","inLanguage":"pl-PL","@id":"http:\/\/studionagranlodz.pl\/index.php\/bank-glosow-lektorskich\/#primaryimage","url":"https:\/\/studionagranlodz.pl\/wp-content\/uploads\/2023\/09\/P1000244.a.jpg","contentUrl":"https:\/\/studionagranlodz.pl\/wp-content\/uploads\/2023\/09\/P1000244.a.jpg","width":650,"height":975,"caption":"Nagrania lektor\u00f3w"},{"@type":"BreadcrumbList","@id":"http:\/\/studionagranlodz.pl\/index.php\/bank-glosow-lektorskich\/#breadcrumb","itemListElement":[{"@type":"ListItem","position":1,"name":"Home","item":"https:\/\/studionagranlodz.pl\/"},{"@type":"ListItem","position":2,"name":"Bank g\u0142os\u00f3w lektorskich"}]},{"@type":"WebSite","@id":"https:\/\/studionagranlodz.pl\/#website","url":"https:\/\/studionagranlodz.pl\/","name":"Studio Nagra\u0144 \u0141\u00f3d\u017a 11-tka","description":"Studio nagra\u0144 \u0141\u00f3d\u017a oferuje nagrania wokalist\u00f3w, lektor\u00f3w, mix i mastering. Odszumianie nagra\u0144 z dyktafonu. Produkcj\u0119 muzyczn\u0105 wraz z kompozycj\u0105 i aran\u017cacj\u0105.","publisher":{"@id":"https:\/\/studionagranlodz.pl\/#organization"},"potentialAction":[{"@type":"SearchAction","target":{"@type":"EntryPoint","urlTemplate":"https:\/\/studionagranlodz.pl\/?s={search_term_string}"},"query-input":{"@type":"PropertyValueSpecification","valueRequired":true,"valueName":"search_term_string"}}],"inLanguage":"pl-PL"},{"@type":"Organization","@id":"https:\/\/studionagranlodz.pl\/#organization","name":"PZ audio","alternateName":"Studio nagra\u0144 \u0141\u00f3d\u017a","url":"https:\/\/studionagranlodz.pl\/","logo":{"@type":"ImageObject","inLanguage":"pl-PL","@id":"https:\/\/studionagranlodz.pl\/#\/schema\/logo\/image\/","url":"https:\/\/studionagranlodz.pl\/wp-content\/uploads\/2024\/08\/cropped-sound_studio_11_google_thumbnail.png","contentUrl":"https:\/\/studionagranlodz.pl\/wp-content\/uploads\/2024\/08\/cropped-sound_studio_11_google_thumbnail.png","width":1024,"height":1024,"caption":"PZ audio"},"image":{"@id":"https:\/\/studionagranlodz.pl\/#\/schema\/logo\/image\/"},"sameAs":["https:\/\/www.facebook.com\/studionagraniowe11"]}]}},"_links":{"self":[{"href":"https:\/\/studionagranlodz.pl\/index.php\/wp-json\/wp\/v2\/pages\/1164","targetHints":{"allow":["GET"]}}],"collection":[{"href":"https:\/\/studionagranlodz.pl\/index.php\/wp-json\/wp\/v2\/pages"}],"about":[{"href":"https:\/\/studionagranlodz.pl\/index.php\/wp-json\/wp\/v2\/types\/page"}],"author":[{"embeddable":true,"href":"https:\/\/studionagranlodz.pl\/index.php\/wp-json\/wp\/v2\/users\/1"}],"replies":[{"embeddable":true,"href":"https:\/\/studionagranlodz.pl\/index.php\/wp-json\/wp\/v2\/comments?post=1164"}],"version-history":[{"count":1,"href":"https:\/\/studionagranlodz.pl\/index.php\/wp-json\/wp\/v2\/pages\/1164\/revisions"}],"predecessor-version":[{"id":1706,"href":"https:\/\/studionagranlodz.pl\/index.php\/wp-json\/wp\/v2\/pages\/1164\/revisions\/1706"}],"wp:attachment":[{"href":"https:\/\/studionagranlodz.pl\/index.php\/wp-json\/wp\/v2\/media?parent=1164"}],"curies":[{"name":"wp","href":"https:\/\/api.w.org\/{rel}","templated":true}]}}