{"id":1152,"date":"2024-02-13T14:17:44","date_gmt":"2024-02-13T13:17:44","guid":{"rendered":"https:\/\/studionagranlodz.pl\/?page_id=1152"},"modified":"2025-10-07T18:28:52","modified_gmt":"2025-10-07T16:28:52","slug":"komponowanie-tworzenie-piosenek-dla-dzieci","status":"publish","type":"page","link":"https:\/\/studionagranlodz.pl\/index.php\/komponowanie-tworzenie-piosenek-dla-dzieci\/","title":{"rendered":"Komponowanie, tworzenie piosenek dla dzieci"},"content":{"rendered":"\n<p>Komponowanie, tworzenie piosenek dla dzieci robimy ju\u017c od wielu lat. Poczynaj\u0105c od samych piosenek zamawianych przez klient\u00f3w, poprzez ud\u017awi\u0119kawianie bajek dla dzieci i ko\u0144cz\u0105c na nagrywaniu lektor\u00f3w do bajek. Masz pomys\u0142 na fajn\u0105 piosenk\u0119 dla dzieci ? Stworzymy j\u0105 do Twojego tekstu, lub te\u017c pomo\u017cemy w napisaniu tekstu.<\/p>\n\n\n\n<figure class=\"wp-block-image size-full is-resized\"><img loading=\"lazy\" decoding=\"async\" width=\"623\" height=\"623\" src=\"https:\/\/studionagranlodz.pl\/wp-content\/uploads\/2018\/06\/cropped-studio-nagra\u0144.jpg\" alt=\"Komponowanie tworzenie piosenek dla dzieci\" class=\"wp-image-110\" style=\"aspect-ratio:1;width:315px;height:auto\" srcset=\"https:\/\/studionagranlodz.pl\/wp-content\/uploads\/2018\/06\/cropped-studio-nagra\u0144.jpg 623w, https:\/\/studionagranlodz.pl\/wp-content\/uploads\/2018\/06\/cropped-studio-nagra\u0144-150x150.jpg 150w, https:\/\/studionagranlodz.pl\/wp-content\/uploads\/2018\/06\/cropped-studio-nagra\u0144-300x300.jpg 300w\" sizes=\"(max-width: 623px) 100vw, 623px\" \/><\/figure>\n\n\n\n<p>Proces <a href=\"https:\/\/studionagranlodz.pl\/index.php\/komponowanie-muzyki-na-zamowienie\/\">komponowania piosenki<\/a> wygl\u0105da zwykle tak, \u017ce najpierw przysy\u0142acie Pa\u0144stwo do nas tekst lub propozycj\u0119 tekstu, a my odsy\u0142amy pr\u00f3bk\u0119 piosenki. Zwykle z lini\u0105 melodyczn\u0105, gran\u0105 na pianinie lub innym instrumencie. Daje to wyobra\u017cenie jak b\u0119dzie ona brzmie\u0107 oraz daje mo\u017cliwo\u015b\u0107 sugestii co zmieni\u0107, \u017ceby projekt by\u0142 podobny do tego z Waszej wyobra\u017ani. Mamy te\u017c mo\u017cliwo\u015b\u0107 podstawienia sztucznego wokalu. Daje to pe\u0142ny pogl\u0105d o utworze. Mo\u017ce to by\u0107 g\u0142os doros\u0142ego lub dzieci\u0119cy.<\/p>\n\n\n\n<p><\/p>\n\n\n\n<p>Na miejscu mamy r\u00f3wnie\u017c zaprzyja\u017anionych lektor\u00f3w, oraz wokalist\u00f3w\/wokalistki, kt\u00f3rzy mog\u0105 nagra\u0107 Wasz projekt na cyfrowy no\u015bnik. Do wyboru mamy dosy\u0107 sporo fajnie brzmi\u0105cych g\u0142os\u00f3w w tym r\u00f3wnie\u017c g\u0142osy dzieci\u0119ce. Do projektu mo\u017cemy r\u00f3wnie\u017c dogra\u0107 ch\u00f3rki z g\u0142os\u00f3w naturalnych, b\u0105d\u017a syntetycznych (brzmi\u0105cych naturalnie). <\/p>\n\n\n\n<p>Komponowanie, tworzenie piosenek dla dzieci daje mo\u017cliwo\u015b\u0107 rejestracji utworu w Zaiks poniewa\u017c ca\u0142o\u015b\u0107 jest wykonana przez cz\u0142owieka. Nie korzystamy ze schemat\u00f3w AI ani sztucznej inteligencji. Wszystko jest wykonywane &#8222;r\u0119cznie&#8221; za pomoc\u0105 instrument\u00f3w i klawiatur steruj\u0105cych.<\/p>\n\n\n\n<figure class=\"wp-block-image size-full is-resized\"><img loading=\"lazy\" decoding=\"async\" width=\"1024\" height=\"1024\" src=\"https:\/\/studionagranlodz.pl\/wp-content\/uploads\/2024\/08\/DALL\u00b7E-2024-08-28-10.21.06-A-vibrant-and-colorful-logo-for-Sound-Studio-11-featuring-a-stylized-microphone-and-headphones.-The-microphone-should-be-central-with-the-headphon.webp\" alt=\"Tworzenie piosenek dla dzieci\" class=\"wp-image-1349\" style=\"width:324px;height:auto\" srcset=\"https:\/\/studionagranlodz.pl\/wp-content\/uploads\/2024\/08\/DALL\u00b7E-2024-08-28-10.21.06-A-vibrant-and-colorful-logo-for-Sound-Studio-11-featuring-a-stylized-microphone-and-headphones.-The-microphone-should-be-central-with-the-headphon.webp 1024w, https:\/\/studionagranlodz.pl\/wp-content\/uploads\/2024\/08\/DALL\u00b7E-2024-08-28-10.21.06-A-vibrant-and-colorful-logo-for-Sound-Studio-11-featuring-a-stylized-microphone-and-headphones.-The-microphone-should-be-central-with-the-headphon-300x300.webp 300w, https:\/\/studionagranlodz.pl\/wp-content\/uploads\/2024\/08\/DALL\u00b7E-2024-08-28-10.21.06-A-vibrant-and-colorful-logo-for-Sound-Studio-11-featuring-a-stylized-microphone-and-headphones.-The-microphone-should-be-central-with-the-headphon-150x150.webp 150w, https:\/\/studionagranlodz.pl\/wp-content\/uploads\/2024\/08\/DALL\u00b7E-2024-08-28-10.21.06-A-vibrant-and-colorful-logo-for-Sound-Studio-11-featuring-a-stylized-microphone-and-headphones.-The-microphone-should-be-central-with-the-headphon-768x768.webp 768w\" sizes=\"(max-width: 1024px) 100vw, 1024px\" \/><\/figure>\n\n\n\n<p><a href=\"https:\/\/musiconclub.com\/12-sprawdzonych-sposobow-na-zabawy-muzyczne-dla-dzieci-przedszkolnych\/\">Komponowanie, tworzenie piosenek dla dzieci<\/a> mo\u017cna r\u00f3wnie\u017c zrealizowa\u0107 u nas na miejscu przy pomocy realizatora nagra\u0144\/muzyka. Je\u015bli potrzebuj\u0105 Pa\u0144stwo mie\u0107 wi\u0119ksz\u0105 kontrol\u0119 nad swoim projektem, a widz\u0105 go oczami wyobra\u017ani to ta opcja jest dla Was najlepsza. Mo\u017cemy zrobi\u0107 wst\u0119pn\u0105 instrumentacj\u0119 i mix na miejscu przy Waszym udziale. Realizator b\u0119dzie dodawa\u0142 kolejne instrumenty i s\u0142ucha\u0142 wytycznych odno\u015bnie aran\u017cacji i budowy piosenki. Zapraszamy!!!<\/p>\n\n\n\n<p><\/p>\n\n\n\n<p>Przyk\u0142adowa piosenka dla najm\u0142odszych zrealizowana u nas:<\/p>\n\n\n\n<iframe loading=\"lazy\" width=\"560\" height=\"315\" src=\"https:\/\/www.youtube.com\/embed\/xmWKVj3YdD4?si=SaZ-CbPsDgIkE3SB\" title=\"YouTube video player\" frameborder=\"0\" allow=\"accelerometer; autoplay; clipboard-write; encrypted-media; gyroscope; picture-in-picture; web-share\" referrerpolicy=\"strict-origin-when-cross-origin\" allowfullscreen><\/iframe>\n","protected":false},"excerpt":{"rendered":"<p>Komponowanie, tworzenie piosenek dla dzieci robimy ju\u017c od wielu lat. Poczynaj\u0105c od samych piosenek zamawianych przez klient\u00f3w, poprzez ud\u017awi\u0119kawianie bajek dla dzieci i ko\u0144cz\u0105c na nagrywaniu lektor\u00f3w do bajek. Masz pomys\u0142 na fajn\u0105 piosenk\u0119 dla dzieci ? Stworzymy j\u0105 do Twojego tekstu, lub te\u017c pomo\u017cemy w napisaniu tekstu. Proces komponowania piosenki wygl\u0105da zwykle tak, \u017ce [&hellip;]<\/p>\n","protected":false},"author":1,"featured_media":0,"parent":0,"menu_order":0,"comment_status":"closed","ping_status":"closed","template":"","meta":{"_et_pb_use_builder":"","_et_pb_old_content":"","_et_gb_content_width":"","footnotes":""},"class_list":["post-1152","page","type-page","status-publish","hentry"],"yoast_head":"<!-- This site is optimized with the Yoast SEO Premium plugin v26.4 (Yoast SEO v27.6) - https:\/\/yoast.com\/product\/yoast-seo-premium-wordpress\/ -->\n<title>Komponowanie, tworzenie piosenek dla dzieci - Studio Nagra\u0144 \u0141\u00f3d\u017a 11-tka. Zapis audio, edycja wokali, poprawa jako\u015bci plik\u00f3w z dyktafonu i wideo<\/title>\n<meta name=\"description\" content=\"Komponowanie tworzenie piosenek dla dzieci online, b\u0105d\u017a w studiu nagra\u0144. Wysy\u0142amy pr\u00f3bki, pomagamy w tworzeniu tekstu i animacji\" \/>\n<meta name=\"robots\" content=\"index, follow, max-snippet:-1, max-image-preview:large, max-video-preview:-1\" \/>\n<link rel=\"canonical\" href=\"https:\/\/studionagranlodz.pl\/index.php\/komponowanie-tworzenie-piosenek-dla-dzieci\/\" \/>\n<meta property=\"og:locale\" content=\"pl_PL\" \/>\n<meta property=\"og:type\" content=\"article\" \/>\n<meta property=\"og:title\" content=\"Komponowanie, tworzenie piosenek dla dzieci\" \/>\n<meta property=\"og:description\" content=\"Komponowanie tworzenie piosenek dla dzieci online, b\u0105d\u017a w studiu nagra\u0144. Wysy\u0142amy pr\u00f3bki, pomagamy w tworzeniu tekstu i animacji\" \/>\n<meta property=\"og:url\" content=\"https:\/\/studionagranlodz.pl\/index.php\/komponowanie-tworzenie-piosenek-dla-dzieci\/\" \/>\n<meta property=\"og:site_name\" content=\"Studio Nagra\u0144 \u0141\u00f3d\u017a 11-tka. Zapis audio, edycja wokali, poprawa jako\u015bci plik\u00f3w z dyktafonu i wideo\" \/>\n<meta property=\"article:publisher\" content=\"https:\/\/www.facebook.com\/studionagraniowe11\" \/>\n<meta property=\"article:modified_time\" content=\"2025-10-07T16:28:52+00:00\" \/>\n<meta name=\"twitter:card\" content=\"summary_large_image\" \/>\n<meta name=\"twitter:label1\" content=\"Szacowany czas czytania\" \/>\n\t<meta name=\"twitter:data1\" content=\"2 minuty\" \/>\n<script type=\"application\/ld+json\" class=\"yoast-schema-graph\">{\"@context\":\"https:\\\/\\\/schema.org\",\"@graph\":[{\"@type\":\"WebPage\",\"@id\":\"https:\\\/\\\/studionagranlodz.pl\\\/index.php\\\/komponowanie-tworzenie-piosenek-dla-dzieci\\\/\",\"url\":\"https:\\\/\\\/studionagranlodz.pl\\\/index.php\\\/komponowanie-tworzenie-piosenek-dla-dzieci\\\/\",\"name\":\"Komponowanie, tworzenie piosenek dla dzieci - Studio Nagra\u0144 \u0141\u00f3d\u017a 11-tka. Zapis audio, edycja wokali, poprawa jako\u015bci plik\u00f3w z dyktafonu i wideo\",\"isPartOf\":{\"@id\":\"https:\\\/\\\/studionagranlodz.pl\\\/#website\"},\"datePublished\":\"2024-02-13T13:17:44+00:00\",\"dateModified\":\"2025-10-07T16:28:52+00:00\",\"description\":\"Komponowanie tworzenie piosenek dla dzieci online, b\u0105d\u017a w studiu nagra\u0144. Wysy\u0142amy pr\u00f3bki, pomagamy w tworzeniu tekstu i animacji\",\"breadcrumb\":{\"@id\":\"https:\\\/\\\/studionagranlodz.pl\\\/index.php\\\/komponowanie-tworzenie-piosenek-dla-dzieci\\\/#breadcrumb\"},\"inLanguage\":\"pl-PL\",\"potentialAction\":[{\"@type\":\"ReadAction\",\"target\":[\"https:\\\/\\\/studionagranlodz.pl\\\/index.php\\\/komponowanie-tworzenie-piosenek-dla-dzieci\\\/\"]}]},{\"@type\":\"BreadcrumbList\",\"@id\":\"https:\\\/\\\/studionagranlodz.pl\\\/index.php\\\/komponowanie-tworzenie-piosenek-dla-dzieci\\\/#breadcrumb\",\"itemListElement\":[{\"@type\":\"ListItem\",\"position\":1,\"name\":\"Home\",\"item\":\"https:\\\/\\\/studionagranlodz.pl\\\/\"},{\"@type\":\"ListItem\",\"position\":2,\"name\":\"Komponowanie, tworzenie piosenek dla dzieci\"}]},{\"@type\":\"WebSite\",\"@id\":\"https:\\\/\\\/studionagranlodz.pl\\\/#website\",\"url\":\"https:\\\/\\\/studionagranlodz.pl\\\/\",\"name\":\"Studio Nagra\u0144 \u0141\u00f3d\u017a 11-tka\",\"description\":\"Studio nagra\u0144 \u0141\u00f3d\u017a oferuje nagrania wokalist\u00f3w, lektor\u00f3w, mix i mastering. Odszumianie nagra\u0144 z dyktafonu. Produkcj\u0119 muzyczn\u0105 wraz z kompozycj\u0105 i aran\u017cacj\u0105.\",\"publisher\":{\"@id\":\"https:\\\/\\\/studionagranlodz.pl\\\/#organization\"},\"potentialAction\":[{\"@type\":\"SearchAction\",\"target\":{\"@type\":\"EntryPoint\",\"urlTemplate\":\"https:\\\/\\\/studionagranlodz.pl\\\/?s={search_term_string}\"},\"query-input\":{\"@type\":\"PropertyValueSpecification\",\"valueRequired\":true,\"valueName\":\"search_term_string\"}}],\"inLanguage\":\"pl-PL\"},{\"@type\":\"Organization\",\"@id\":\"https:\\\/\\\/studionagranlodz.pl\\\/#organization\",\"name\":\"PZ audio\",\"alternateName\":\"Studio nagra\u0144 \u0141\u00f3d\u017a\",\"url\":\"https:\\\/\\\/studionagranlodz.pl\\\/\",\"logo\":{\"@type\":\"ImageObject\",\"inLanguage\":\"pl-PL\",\"@id\":\"https:\\\/\\\/studionagranlodz.pl\\\/#\\\/schema\\\/logo\\\/image\\\/\",\"url\":\"https:\\\/\\\/studionagranlodz.pl\\\/wp-content\\\/uploads\\\/2024\\\/08\\\/cropped-sound_studio_11_google_thumbnail.png\",\"contentUrl\":\"https:\\\/\\\/studionagranlodz.pl\\\/wp-content\\\/uploads\\\/2024\\\/08\\\/cropped-sound_studio_11_google_thumbnail.png\",\"width\":1024,\"height\":1024,\"caption\":\"PZ audio\"},\"image\":{\"@id\":\"https:\\\/\\\/studionagranlodz.pl\\\/#\\\/schema\\\/logo\\\/image\\\/\"},\"sameAs\":[\"https:\\\/\\\/www.facebook.com\\\/studionagraniowe11\"]}]}<\/script>\n<!-- \/ Yoast SEO Premium plugin. -->","yoast_head_json":{"title":"Komponowanie, tworzenie piosenek dla dzieci - Studio Nagra\u0144 \u0141\u00f3d\u017a 11-tka. Zapis audio, edycja wokali, poprawa jako\u015bci plik\u00f3w z dyktafonu i wideo","description":"Komponowanie tworzenie piosenek dla dzieci online, b\u0105d\u017a w studiu nagra\u0144. Wysy\u0142amy pr\u00f3bki, pomagamy w tworzeniu tekstu i animacji","robots":{"index":"index","follow":"follow","max-snippet":"max-snippet:-1","max-image-preview":"max-image-preview:large","max-video-preview":"max-video-preview:-1"},"canonical":"https:\/\/studionagranlodz.pl\/index.php\/komponowanie-tworzenie-piosenek-dla-dzieci\/","og_locale":"pl_PL","og_type":"article","og_title":"Komponowanie, tworzenie piosenek dla dzieci","og_description":"Komponowanie tworzenie piosenek dla dzieci online, b\u0105d\u017a w studiu nagra\u0144. Wysy\u0142amy pr\u00f3bki, pomagamy w tworzeniu tekstu i animacji","og_url":"https:\/\/studionagranlodz.pl\/index.php\/komponowanie-tworzenie-piosenek-dla-dzieci\/","og_site_name":"Studio Nagra\u0144 \u0141\u00f3d\u017a 11-tka. Zapis audio, edycja wokali, poprawa jako\u015bci plik\u00f3w z dyktafonu i wideo","article_publisher":"https:\/\/www.facebook.com\/studionagraniowe11","article_modified_time":"2025-10-07T16:28:52+00:00","twitter_card":"summary_large_image","twitter_misc":{"Szacowany czas czytania":"2 minuty"},"schema":{"@context":"https:\/\/schema.org","@graph":[{"@type":"WebPage","@id":"https:\/\/studionagranlodz.pl\/index.php\/komponowanie-tworzenie-piosenek-dla-dzieci\/","url":"https:\/\/studionagranlodz.pl\/index.php\/komponowanie-tworzenie-piosenek-dla-dzieci\/","name":"Komponowanie, tworzenie piosenek dla dzieci - Studio Nagra\u0144 \u0141\u00f3d\u017a 11-tka. Zapis audio, edycja wokali, poprawa jako\u015bci plik\u00f3w z dyktafonu i wideo","isPartOf":{"@id":"https:\/\/studionagranlodz.pl\/#website"},"datePublished":"2024-02-13T13:17:44+00:00","dateModified":"2025-10-07T16:28:52+00:00","description":"Komponowanie tworzenie piosenek dla dzieci online, b\u0105d\u017a w studiu nagra\u0144. Wysy\u0142amy pr\u00f3bki, pomagamy w tworzeniu tekstu i animacji","breadcrumb":{"@id":"https:\/\/studionagranlodz.pl\/index.php\/komponowanie-tworzenie-piosenek-dla-dzieci\/#breadcrumb"},"inLanguage":"pl-PL","potentialAction":[{"@type":"ReadAction","target":["https:\/\/studionagranlodz.pl\/index.php\/komponowanie-tworzenie-piosenek-dla-dzieci\/"]}]},{"@type":"BreadcrumbList","@id":"https:\/\/studionagranlodz.pl\/index.php\/komponowanie-tworzenie-piosenek-dla-dzieci\/#breadcrumb","itemListElement":[{"@type":"ListItem","position":1,"name":"Home","item":"https:\/\/studionagranlodz.pl\/"},{"@type":"ListItem","position":2,"name":"Komponowanie, tworzenie piosenek dla dzieci"}]},{"@type":"WebSite","@id":"https:\/\/studionagranlodz.pl\/#website","url":"https:\/\/studionagranlodz.pl\/","name":"Studio Nagra\u0144 \u0141\u00f3d\u017a 11-tka","description":"Studio nagra\u0144 \u0141\u00f3d\u017a oferuje nagrania wokalist\u00f3w, lektor\u00f3w, mix i mastering. Odszumianie nagra\u0144 z dyktafonu. Produkcj\u0119 muzyczn\u0105 wraz z kompozycj\u0105 i aran\u017cacj\u0105.","publisher":{"@id":"https:\/\/studionagranlodz.pl\/#organization"},"potentialAction":[{"@type":"SearchAction","target":{"@type":"EntryPoint","urlTemplate":"https:\/\/studionagranlodz.pl\/?s={search_term_string}"},"query-input":{"@type":"PropertyValueSpecification","valueRequired":true,"valueName":"search_term_string"}}],"inLanguage":"pl-PL"},{"@type":"Organization","@id":"https:\/\/studionagranlodz.pl\/#organization","name":"PZ audio","alternateName":"Studio nagra\u0144 \u0141\u00f3d\u017a","url":"https:\/\/studionagranlodz.pl\/","logo":{"@type":"ImageObject","inLanguage":"pl-PL","@id":"https:\/\/studionagranlodz.pl\/#\/schema\/logo\/image\/","url":"https:\/\/studionagranlodz.pl\/wp-content\/uploads\/2024\/08\/cropped-sound_studio_11_google_thumbnail.png","contentUrl":"https:\/\/studionagranlodz.pl\/wp-content\/uploads\/2024\/08\/cropped-sound_studio_11_google_thumbnail.png","width":1024,"height":1024,"caption":"PZ audio"},"image":{"@id":"https:\/\/studionagranlodz.pl\/#\/schema\/logo\/image\/"},"sameAs":["https:\/\/www.facebook.com\/studionagraniowe11"]}]}},"_links":{"self":[{"href":"https:\/\/studionagranlodz.pl\/index.php\/wp-json\/wp\/v2\/pages\/1152","targetHints":{"allow":["GET"]}}],"collection":[{"href":"https:\/\/studionagranlodz.pl\/index.php\/wp-json\/wp\/v2\/pages"}],"about":[{"href":"https:\/\/studionagranlodz.pl\/index.php\/wp-json\/wp\/v2\/types\/page"}],"author":[{"embeddable":true,"href":"https:\/\/studionagranlodz.pl\/index.php\/wp-json\/wp\/v2\/users\/1"}],"replies":[{"embeddable":true,"href":"https:\/\/studionagranlodz.pl\/index.php\/wp-json\/wp\/v2\/comments?post=1152"}],"version-history":[{"count":2,"href":"https:\/\/studionagranlodz.pl\/index.php\/wp-json\/wp\/v2\/pages\/1152\/revisions"}],"predecessor-version":[{"id":1633,"href":"https:\/\/studionagranlodz.pl\/index.php\/wp-json\/wp\/v2\/pages\/1152\/revisions\/1633"}],"wp:attachment":[{"href":"https:\/\/studionagranlodz.pl\/index.php\/wp-json\/wp\/v2\/media?parent=1152"}],"curies":[{"name":"wp","href":"https:\/\/api.w.org\/{rel}","templated":true}]}}