{"id":1139,"date":"2024-02-11T12:10:36","date_gmt":"2024-02-11T11:10:36","guid":{"rendered":"https:\/\/studionagranlodz.pl\/?page_id=1139"},"modified":"2024-03-04T12:34:40","modified_gmt":"2024-03-04T11:34:40","slug":"wokalistka-i-gitarzysta-duet-warszawa-lodz-poznan","status":"publish","type":"page","link":"https:\/\/studionagranlodz.pl\/index.php\/wokalistka-i-gitarzysta-duet-warszawa-lodz-poznan\/","title":{"rendered":"Wokalistka i gitarzysta duet &#8211; Warszawa, \u0141\u00f3d\u017a, Pozna\u0144"},"content":{"rendered":"\n<figure class=\"wp-block-image size-full is-resized\"><img decoding=\"async\" width=\"800\" height=\"533\" src=\"https:\/\/studionagranlodz.pl\/wp-content\/uploads\/2018\/08\/event.jpg\" alt=\"wokalistka i gitarzysta duet\" class=\"wp-image-147\" style=\"aspect-ratio:1.5009380863039399;width:840px;height:auto\" srcset=\"https:\/\/studionagranlodz.pl\/wp-content\/uploads\/2018\/08\/event.jpg 800w, https:\/\/studionagranlodz.pl\/wp-content\/uploads\/2018\/08\/event-300x200.jpg 300w, https:\/\/studionagranlodz.pl\/wp-content\/uploads\/2018\/08\/event-768x512.jpg 768w\" sizes=\"(max-width: 800px) 100vw, 800px\" \/><\/figure>\n\n\n\n<p><strong>Wokalistka i gitarzysta <\/strong>&#8211; duet na ka\u017cd\u0105 okazj\u0119. Gramy g\u0142\u00f3wnie na eventach, urodzinach i jubileuszach,ale tak\u017ce na galach i imprezach firmowych. Nasz repertuar sk\u0142ada si\u0119 g\u0142\u00f3wnie z cover\u00f3w czyli bardziej lub mniej zanych piosenek z polskiej i zagranicznej sceny muzycznej. Gramy zar\u00f3wno starego polskiego rocka jak i znane i lubiane piosenki, kt\u00f3re od lat goszcz\u0105 przy ogniskach i imprezach integracyjnych. Je\u015bli tylko zale\u017cy Pa\u0144stwu na konkretnych utworach to zawsze pr\u00f3bujemy dostosowa\u0107 si\u0119 do Waszego gustu i uk\u0142adamy repertuar z uwzgl\u0119dnieniem Waszych ulubionych piosenek.<\/p>\n\n\n\n<p><\/p>\n\n\n\n<p>Najcz\u0119\u015bciej wystepujemy w Warszawie i \u0141odzi, ale czasami zdarza si\u0119 nam wybra\u0107 te\u017c do Poznania czy Krakowa. Jeste\u015bmy z \u0141odzi wi\u0119c wyst\u0119pujemy g\u0142\u00f3wnie w obr\u0119bie 200km (dojazd) <\/p>\n\n\n\n<p><a href=\"https:\/\/muzykuje.pl\/ogloszenia\/gitarzysci\">Wokalistka i gitarzysta<\/a> duet, kt\u00f3ry sprawdzi si\u0119 na pewno na niedu\u017cych imprezach i przyj\u0119ciach. Na \u017cyczenie mo\u017cemy r\u00f3wnie\u017c wyst\u0105pi\u0107 wraz z akompaniamentem pianina (stage piano) lub ma\u0142ego fortepianu.<\/p>\n\n\n\n<p>Znamy bardzo du\u017co piosenek wi\u0119c na \u017cyczenie go\u015bci mo\u017cemy spontanicznie zagra\u0107 piosenk\u0119, kt\u00f3rej nie mamy w repertuarze (oczywi\u015bcie z ma\u0142ymi wyj\u0105tkami:)<\/p>\n\n\n\n<p>Posiadamy w\u0142asne nag\u0142osnienie i o\u015bwietlenie w tym kolumny Mackie 2X400Watt plus mixer. Na \u017cyczenie wi\u0119kszy lub mniejszy zestaw i moc.<\/p>\n\n\n\n<p>Jako duet mamy du\u017ce do\u015bwiadczenie w oprawie muzycznej imprez i gralismy ju\u017c dla wielu du\u017cych firm takich jak Play, Dr. Eris, PKO S.A itp. Na \u017cyczenie wystawiamy <strong><a href=\"https:\/\/jpk.info.pl\/faktury\">faktur\u0119<\/a><\/strong>. Dzia\u0142amy jako legalna firma.<\/p>\n\n\n\n<p><\/p>\n\n\n\n<p>Nasz wyst\u0119p jako duet &#8211; <a href=\"https:\/\/studionagranlodz.pl\/index.php\/gitarzysta-solowy-eventy-bankiety-przyjecia\/\">gitarzysta<\/a> i wokalistka mo\u017cemy r\u00f3wnie\u017c przeplata\u0107 solowymi gitarowymi utworami <\/p>\n\n\n\n<p>Przyk\u0142adowe utwory:<\/p>\n\n\n\n<iframe width=\"560\" height=\"315\" src=\"https:\/\/www.youtube.com\/embed\/c9JIIqn7-dQ?si=Rj7lyyQUvWFvIuLm\" title=\"YouTube video player\" frameborder=\"0\" allow=\"accelerometer; autoplay; clipboard-write; encrypted-media; gyroscope; picture-in-picture; web-share\" allowfullscreen><\/iframe>\n\n<iframe width=\"560\" height=\"315\" src=\"https:\/\/www.youtube.com\/embed\/QsjFnAwYOUI?si=i_4Rh0fLsp1FKBQd\" title=\"YouTube video player\" frameborder=\"0\" allow=\"accelerometer; autoplay; clipboard-write; encrypted-media; gyroscope; picture-in-picture; web-share\" allowfullscreen><\/iframe>\n\n<iframe width=\"560\" height=\"315\" src=\"https:\/\/www.youtube.com\/embed\/EvoYtW4EKm8?si=kDIh8DP5Ad6h3KWq\" title=\"YouTube video player\" frameborder=\"0\" allow=\"accelerometer; autoplay; clipboard-write; encrypted-media; gyroscope; picture-in-picture; web-share\" allowfullscreen><\/iframe>\n\n<iframe width=\"560\" height=\"315\" src=\"https:\/\/www.youtube.com\/embed\/pEzKpKlolFg?si=sNn__SU6Ij41DMhI\" title=\"YouTube video player\" frameborder=\"0\" allow=\"accelerometer; autoplay; clipboard-write; encrypted-media; gyroscope; picture-in-picture; web-share\" allowfullscreen><\/iframe>\n<iframe width=\"560\" height=\"315\" src=\"https:\/\/www.youtube.com\/embed\/lqvb7tNs2Bg?si=wKOUr4Qqhnyr7dx1\" title=\"YouTube video player\" frameborder=\"0\" allow=\"accelerometer; autoplay; clipboard-write; encrypted-media; gyroscope; picture-in-picture; web-share\" allowfullscreen><\/iframe>\n\n<iframe width=\"560\" height=\"315\" src=\"https:\/\/www.youtube.com\/embed\/O7Ab5PKPUKI?si=tMcXs4GHvRkN0fkW\" title=\"YouTube video player\" frameborder=\"0\" allow=\"accelerometer; autoplay; clipboard-write; encrypted-media; gyroscope; picture-in-picture; web-share\" allowfullscreen><\/iframe>\n<iframe width=\"560\" height=\"315\" src=\"https:\/\/www.youtube.com\/embed\/eIRekp-t4zw?si=wZxEXgNiUwXkZ7QU\" title=\"YouTube video player\" frameborder=\"0\" allow=\"accelerometer; autoplay; clipboard-write; encrypted-media; gyroscope; picture-in-picture; web-share\" allowfullscreen><\/iframe>\n<iframe width=\"560\" height=\"315\" src=\"https:\/\/www.youtube.com\/embed\/ermKMgiQVN8?si=knz15PnVbns0uRbd\" title=\"YouTube video player\" frameborder=\"0\" allow=\"accelerometer; autoplay; clipboard-write; encrypted-media; gyroscope; picture-in-picture; web-share\" allowfullscreen><\/iframe>\n\n<iframe width=\"560\" height=\"315\" src=\"https:\/\/www.youtube.com\/embed\/sH1MopJ-3f0?si=1B_BvinEYkjPdWBS\" title=\"YouTube video player\" frameborder=\"0\" allow=\"accelerometer; autoplay; clipboard-write; encrypted-media; gyroscope; picture-in-picture; web-share\" allowfullscreen><\/iframe>\n","protected":false},"excerpt":{"rendered":"<p>Wokalistka i gitarzysta &#8211; duet na ka\u017cd\u0105 okazj\u0119. Gramy g\u0142\u00f3wnie na eventach, urodzinach i jubileuszach,ale tak\u017ce na galach i imprezach firmowych. Nasz repertuar sk\u0142ada si\u0119 g\u0142\u00f3wnie z cover\u00f3w czyli bardziej lub mniej zanych piosenek z polskiej i zagranicznej sceny muzycznej. Gramy zar\u00f3wno starego polskiego rocka jak i znane i lubiane piosenki, kt\u00f3re od lat goszcz\u0105 [&hellip;]<\/p>\n","protected":false},"author":1,"featured_media":0,"parent":0,"menu_order":0,"comment_status":"closed","ping_status":"closed","template":"","meta":{"_et_pb_use_builder":"","_et_pb_old_content":"","_et_gb_content_width":"","footnotes":""},"class_list":["post-1139","page","type-page","status-publish","hentry"],"yoast_head":"<!-- This site is optimized with the Yoast SEO Premium plugin v26.4 (Yoast SEO v27.5) - https:\/\/yoast.com\/product\/yoast-seo-premium-wordpress\/ -->\n<title>Wokalistka i gitarzysta duet - Warszawa, \u0141\u00f3d\u017a, Pozna\u0144 - Studio Nagra\u0144 \u0141\u00f3d\u017a 11-tka. Zapis audio, edycja wokali, poprawa jako\u015bci plik\u00f3w z dyktafonu i wideo<\/title>\n<meta name=\"description\" content=\"Wokalistka i gitarzysta duet zapewniaj\u0105cy opraw\u0119 muzyczn\u0105 bankiet\u00f3w, event\u00f3w, jubileuszy, rocznic i urodzin. Repertuar dostosowany do klienta\" \/>\n<meta name=\"robots\" content=\"index, follow, max-snippet:-1, max-image-preview:large, max-video-preview:-1\" \/>\n<link rel=\"canonical\" href=\"http:\/\/studionagranlodz.pl\/index.php\/wokalistka-i-gitarzysta-duet-warszawa-lodz-poznan\/\" \/>\n<meta property=\"og:locale\" content=\"pl_PL\" \/>\n<meta property=\"og:type\" content=\"article\" \/>\n<meta property=\"og:title\" content=\"Wokalistka i gitarzysta duet - Warszawa, \u0141\u00f3d\u017a, Pozna\u0144\" \/>\n<meta property=\"og:description\" content=\"Wokalistka i gitarzysta duet zapewniaj\u0105cy opraw\u0119 muzyczn\u0105 bankiet\u00f3w, event\u00f3w, jubileuszy, rocznic i urodzin. Repertuar dostosowany do klienta\" \/>\n<meta property=\"og:url\" content=\"http:\/\/studionagranlodz.pl\/index.php\/wokalistka-i-gitarzysta-duet-warszawa-lodz-poznan\/\" \/>\n<meta property=\"og:site_name\" content=\"Studio Nagra\u0144 \u0141\u00f3d\u017a 11-tka. Zapis audio, edycja wokali, poprawa jako\u015bci plik\u00f3w z dyktafonu i wideo\" \/>\n<meta property=\"article:publisher\" content=\"https:\/\/www.facebook.com\/studionagraniowe11\" \/>\n<meta property=\"article:modified_time\" content=\"2024-03-04T11:34:40+00:00\" \/>\n<meta property=\"og:image\" content=\"https:\/\/studionagranlodz.pl\/wp-content\/uploads\/2018\/08\/event.jpg\" \/>\n<meta name=\"twitter:card\" content=\"summary_large_image\" \/>\n<meta name=\"twitter:label1\" content=\"Szacowany czas czytania\" \/>\n\t<meta name=\"twitter:data1\" content=\"1 minuta\" \/>\n<script type=\"application\/ld+json\" class=\"yoast-schema-graph\">{\"@context\":\"https:\\\/\\\/schema.org\",\"@graph\":[{\"@type\":\"WebPage\",\"@id\":\"http:\\\/\\\/studionagranlodz.pl\\\/index.php\\\/wokalistka-i-gitarzysta-duet-warszawa-lodz-poznan\\\/\",\"url\":\"http:\\\/\\\/studionagranlodz.pl\\\/index.php\\\/wokalistka-i-gitarzysta-duet-warszawa-lodz-poznan\\\/\",\"name\":\"Wokalistka i gitarzysta duet - Warszawa, \u0141\u00f3d\u017a, Pozna\u0144 - Studio Nagra\u0144 \u0141\u00f3d\u017a 11-tka. Zapis audio, edycja wokali, poprawa jako\u015bci plik\u00f3w z dyktafonu i wideo\",\"isPartOf\":{\"@id\":\"https:\\\/\\\/studionagranlodz.pl\\\/#website\"},\"primaryImageOfPage\":{\"@id\":\"http:\\\/\\\/studionagranlodz.pl\\\/index.php\\\/wokalistka-i-gitarzysta-duet-warszawa-lodz-poznan\\\/#primaryimage\"},\"image\":{\"@id\":\"http:\\\/\\\/studionagranlodz.pl\\\/index.php\\\/wokalistka-i-gitarzysta-duet-warszawa-lodz-poznan\\\/#primaryimage\"},\"thumbnailUrl\":\"https:\\\/\\\/studionagranlodz.pl\\\/wp-content\\\/uploads\\\/2018\\\/08\\\/event.jpg\",\"datePublished\":\"2024-02-11T11:10:36+00:00\",\"dateModified\":\"2024-03-04T11:34:40+00:00\",\"description\":\"Wokalistka i gitarzysta duet zapewniaj\u0105cy opraw\u0119 muzyczn\u0105 bankiet\u00f3w, event\u00f3w, jubileuszy, rocznic i urodzin. Repertuar dostosowany do klienta\",\"breadcrumb\":{\"@id\":\"http:\\\/\\\/studionagranlodz.pl\\\/index.php\\\/wokalistka-i-gitarzysta-duet-warszawa-lodz-poznan\\\/#breadcrumb\"},\"inLanguage\":\"pl-PL\",\"potentialAction\":[{\"@type\":\"ReadAction\",\"target\":[\"http:\\\/\\\/studionagranlodz.pl\\\/index.php\\\/wokalistka-i-gitarzysta-duet-warszawa-lodz-poznan\\\/\"]}]},{\"@type\":\"ImageObject\",\"inLanguage\":\"pl-PL\",\"@id\":\"http:\\\/\\\/studionagranlodz.pl\\\/index.php\\\/wokalistka-i-gitarzysta-duet-warszawa-lodz-poznan\\\/#primaryimage\",\"url\":\"https:\\\/\\\/studionagranlodz.pl\\\/wp-content\\\/uploads\\\/2018\\\/08\\\/event.jpg\",\"contentUrl\":\"https:\\\/\\\/studionagranlodz.pl\\\/wp-content\\\/uploads\\\/2018\\\/08\\\/event.jpg\",\"width\":800,\"height\":533,\"caption\":\"wokalistka i gitarzysta duet\"},{\"@type\":\"BreadcrumbList\",\"@id\":\"http:\\\/\\\/studionagranlodz.pl\\\/index.php\\\/wokalistka-i-gitarzysta-duet-warszawa-lodz-poznan\\\/#breadcrumb\",\"itemListElement\":[{\"@type\":\"ListItem\",\"position\":1,\"name\":\"Home\",\"item\":\"https:\\\/\\\/studionagranlodz.pl\\\/\"},{\"@type\":\"ListItem\",\"position\":2,\"name\":\"Wokalistka i gitarzysta duet &#8211; Warszawa, \u0141\u00f3d\u017a, Pozna\u0144\"}]},{\"@type\":\"WebSite\",\"@id\":\"https:\\\/\\\/studionagranlodz.pl\\\/#website\",\"url\":\"https:\\\/\\\/studionagranlodz.pl\\\/\",\"name\":\"Studio Nagra\u0144 \u0141\u00f3d\u017a 11-tka\",\"description\":\"Studio nagra\u0144 \u0141\u00f3d\u017a oferuje nagrania wokalist\u00f3w, lektor\u00f3w, mix i mastering. Odszumianie nagra\u0144 z dyktafonu. Produkcj\u0119 muzyczn\u0105 wraz z kompozycj\u0105 i aran\u017cacj\u0105.\",\"publisher\":{\"@id\":\"https:\\\/\\\/studionagranlodz.pl\\\/#organization\"},\"potentialAction\":[{\"@type\":\"SearchAction\",\"target\":{\"@type\":\"EntryPoint\",\"urlTemplate\":\"https:\\\/\\\/studionagranlodz.pl\\\/?s={search_term_string}\"},\"query-input\":{\"@type\":\"PropertyValueSpecification\",\"valueRequired\":true,\"valueName\":\"search_term_string\"}}],\"inLanguage\":\"pl-PL\"},{\"@type\":\"Organization\",\"@id\":\"https:\\\/\\\/studionagranlodz.pl\\\/#organization\",\"name\":\"PZ audio\",\"url\":\"https:\\\/\\\/studionagranlodz.pl\\\/\",\"logo\":{\"@type\":\"ImageObject\",\"inLanguage\":\"pl-PL\",\"@id\":\"https:\\\/\\\/studionagranlodz.pl\\\/#\\\/schema\\\/logo\\\/image\\\/\",\"url\":\"https:\\\/\\\/studionagranlodz.pl\\\/wp-content\\\/uploads\\\/2024\\\/08\\\/cropped-sound_studio_11_google_thumbnail.png\",\"contentUrl\":\"https:\\\/\\\/studionagranlodz.pl\\\/wp-content\\\/uploads\\\/2024\\\/08\\\/cropped-sound_studio_11_google_thumbnail.png\",\"width\":1024,\"height\":1024,\"caption\":\"PZ audio\"},\"image\":{\"@id\":\"https:\\\/\\\/studionagranlodz.pl\\\/#\\\/schema\\\/logo\\\/image\\\/\"},\"sameAs\":[\"https:\\\/\\\/www.facebook.com\\\/studionagraniowe11\"]}]}<\/script>\n<!-- \/ Yoast SEO Premium plugin. -->","yoast_head_json":{"title":"Wokalistka i gitarzysta duet - Warszawa, \u0141\u00f3d\u017a, Pozna\u0144 - Studio Nagra\u0144 \u0141\u00f3d\u017a 11-tka. Zapis audio, edycja wokali, poprawa jako\u015bci plik\u00f3w z dyktafonu i wideo","description":"Wokalistka i gitarzysta duet zapewniaj\u0105cy opraw\u0119 muzyczn\u0105 bankiet\u00f3w, event\u00f3w, jubileuszy, rocznic i urodzin. Repertuar dostosowany do klienta","robots":{"index":"index","follow":"follow","max-snippet":"max-snippet:-1","max-image-preview":"max-image-preview:large","max-video-preview":"max-video-preview:-1"},"canonical":"http:\/\/studionagranlodz.pl\/index.php\/wokalistka-i-gitarzysta-duet-warszawa-lodz-poznan\/","og_locale":"pl_PL","og_type":"article","og_title":"Wokalistka i gitarzysta duet - Warszawa, \u0141\u00f3d\u017a, Pozna\u0144","og_description":"Wokalistka i gitarzysta duet zapewniaj\u0105cy opraw\u0119 muzyczn\u0105 bankiet\u00f3w, event\u00f3w, jubileuszy, rocznic i urodzin. Repertuar dostosowany do klienta","og_url":"http:\/\/studionagranlodz.pl\/index.php\/wokalistka-i-gitarzysta-duet-warszawa-lodz-poznan\/","og_site_name":"Studio Nagra\u0144 \u0141\u00f3d\u017a 11-tka. Zapis audio, edycja wokali, poprawa jako\u015bci plik\u00f3w z dyktafonu i wideo","article_publisher":"https:\/\/www.facebook.com\/studionagraniowe11","article_modified_time":"2024-03-04T11:34:40+00:00","og_image":[{"url":"https:\/\/studionagranlodz.pl\/wp-content\/uploads\/2018\/08\/event.jpg","type":"","width":"","height":""}],"twitter_card":"summary_large_image","twitter_misc":{"Szacowany czas czytania":"1 minuta"},"schema":{"@context":"https:\/\/schema.org","@graph":[{"@type":"WebPage","@id":"http:\/\/studionagranlodz.pl\/index.php\/wokalistka-i-gitarzysta-duet-warszawa-lodz-poznan\/","url":"http:\/\/studionagranlodz.pl\/index.php\/wokalistka-i-gitarzysta-duet-warszawa-lodz-poznan\/","name":"Wokalistka i gitarzysta duet - Warszawa, \u0141\u00f3d\u017a, Pozna\u0144 - Studio Nagra\u0144 \u0141\u00f3d\u017a 11-tka. Zapis audio, edycja wokali, poprawa jako\u015bci plik\u00f3w z dyktafonu i wideo","isPartOf":{"@id":"https:\/\/studionagranlodz.pl\/#website"},"primaryImageOfPage":{"@id":"http:\/\/studionagranlodz.pl\/index.php\/wokalistka-i-gitarzysta-duet-warszawa-lodz-poznan\/#primaryimage"},"image":{"@id":"http:\/\/studionagranlodz.pl\/index.php\/wokalistka-i-gitarzysta-duet-warszawa-lodz-poznan\/#primaryimage"},"thumbnailUrl":"https:\/\/studionagranlodz.pl\/wp-content\/uploads\/2018\/08\/event.jpg","datePublished":"2024-02-11T11:10:36+00:00","dateModified":"2024-03-04T11:34:40+00:00","description":"Wokalistka i gitarzysta duet zapewniaj\u0105cy opraw\u0119 muzyczn\u0105 bankiet\u00f3w, event\u00f3w, jubileuszy, rocznic i urodzin. Repertuar dostosowany do klienta","breadcrumb":{"@id":"http:\/\/studionagranlodz.pl\/index.php\/wokalistka-i-gitarzysta-duet-warszawa-lodz-poznan\/#breadcrumb"},"inLanguage":"pl-PL","potentialAction":[{"@type":"ReadAction","target":["http:\/\/studionagranlodz.pl\/index.php\/wokalistka-i-gitarzysta-duet-warszawa-lodz-poznan\/"]}]},{"@type":"ImageObject","inLanguage":"pl-PL","@id":"http:\/\/studionagranlodz.pl\/index.php\/wokalistka-i-gitarzysta-duet-warszawa-lodz-poznan\/#primaryimage","url":"https:\/\/studionagranlodz.pl\/wp-content\/uploads\/2018\/08\/event.jpg","contentUrl":"https:\/\/studionagranlodz.pl\/wp-content\/uploads\/2018\/08\/event.jpg","width":800,"height":533,"caption":"wokalistka i gitarzysta duet"},{"@type":"BreadcrumbList","@id":"http:\/\/studionagranlodz.pl\/index.php\/wokalistka-i-gitarzysta-duet-warszawa-lodz-poznan\/#breadcrumb","itemListElement":[{"@type":"ListItem","position":1,"name":"Home","item":"https:\/\/studionagranlodz.pl\/"},{"@type":"ListItem","position":2,"name":"Wokalistka i gitarzysta duet &#8211; Warszawa, \u0141\u00f3d\u017a, Pozna\u0144"}]},{"@type":"WebSite","@id":"https:\/\/studionagranlodz.pl\/#website","url":"https:\/\/studionagranlodz.pl\/","name":"Studio Nagra\u0144 \u0141\u00f3d\u017a 11-tka","description":"Studio nagra\u0144 \u0141\u00f3d\u017a oferuje nagrania wokalist\u00f3w, lektor\u00f3w, mix i mastering. Odszumianie nagra\u0144 z dyktafonu. Produkcj\u0119 muzyczn\u0105 wraz z kompozycj\u0105 i aran\u017cacj\u0105.","publisher":{"@id":"https:\/\/studionagranlodz.pl\/#organization"},"potentialAction":[{"@type":"SearchAction","target":{"@type":"EntryPoint","urlTemplate":"https:\/\/studionagranlodz.pl\/?s={search_term_string}"},"query-input":{"@type":"PropertyValueSpecification","valueRequired":true,"valueName":"search_term_string"}}],"inLanguage":"pl-PL"},{"@type":"Organization","@id":"https:\/\/studionagranlodz.pl\/#organization","name":"PZ audio","url":"https:\/\/studionagranlodz.pl\/","logo":{"@type":"ImageObject","inLanguage":"pl-PL","@id":"https:\/\/studionagranlodz.pl\/#\/schema\/logo\/image\/","url":"https:\/\/studionagranlodz.pl\/wp-content\/uploads\/2024\/08\/cropped-sound_studio_11_google_thumbnail.png","contentUrl":"https:\/\/studionagranlodz.pl\/wp-content\/uploads\/2024\/08\/cropped-sound_studio_11_google_thumbnail.png","width":1024,"height":1024,"caption":"PZ audio"},"image":{"@id":"https:\/\/studionagranlodz.pl\/#\/schema\/logo\/image\/"},"sameAs":["https:\/\/www.facebook.com\/studionagraniowe11"]}]}},"_links":{"self":[{"href":"https:\/\/studionagranlodz.pl\/index.php\/wp-json\/wp\/v2\/pages\/1139","targetHints":{"allow":["GET"]}}],"collection":[{"href":"https:\/\/studionagranlodz.pl\/index.php\/wp-json\/wp\/v2\/pages"}],"about":[{"href":"https:\/\/studionagranlodz.pl\/index.php\/wp-json\/wp\/v2\/types\/page"}],"author":[{"embeddable":true,"href":"https:\/\/studionagranlodz.pl\/index.php\/wp-json\/wp\/v2\/users\/1"}],"replies":[{"embeddable":true,"href":"https:\/\/studionagranlodz.pl\/index.php\/wp-json\/wp\/v2\/comments?post=1139"}],"version-history":[{"count":0,"href":"https:\/\/studionagranlodz.pl\/index.php\/wp-json\/wp\/v2\/pages\/1139\/revisions"}],"wp:attachment":[{"href":"https:\/\/studionagranlodz.pl\/index.php\/wp-json\/wp\/v2\/media?parent=1139"}],"curies":[{"name":"wp","href":"https:\/\/api.w.org\/{rel}","templated":true}]}}