{"id":622,"date":"2022-07-23T18:13:09","date_gmt":"2022-07-23T16:13:09","guid":{"rendered":"https:\/\/studionagranlodz.pl\/?page_id=622"},"modified":"2025-07-04T08:22:16","modified_gmt":"2025-07-04T06:22:16","slug":"studio-nagran-11-konstantynow-lodzki","status":"publish","type":"page","link":"http:\/\/studionagranlodz.pl\/index.php\/studio-nagran-11-konstantynow-lodzki\/","title":{"rendered":"Studio nagra\u0144 11 &#8211; Konstantyn\u00f3w \u0141\u00f3dzki"},"content":{"rendered":"\n<p><strong>Szukasz profesjonalnego studia nagra\u0144 w Konstantynowie \u0141\u00f3dzkim?<\/strong> Jeste\u015b we w\u0142a\u015bciwym miejscu! Nasze studio to idealne miejsce dla wokalist\u00f3w, zespo\u0142\u00f3w i tw\u00f3rc\u00f3w muzyki, kt\u00f3rzy pragn\u0105 stworzy\u0107 wyj\u0105tkowe nagrania w najwy\u017cszej jako\u015bci. Specjalizujemy si\u0119 w <strong>nagrywaniu wokali<\/strong>, pracy z wokalistami oraz kompleksowym tworzeniu piosenek \u2013 od pomys\u0142u a\u017c po finalny miks.<\/p>\n\n\n\n<figure class=\"wp-block-image size-full\"><img decoding=\"async\" width=\"1000\" height=\"667\" src=\"https:\/\/studionagranlodz.pl\/wp-content\/uploads\/2018\/06\/nagrywanie-podcastow-Lodz.jpg\" alt=\"Nagrywanie podcast\u00f3w \u0141\u00f3d\u017a\" class=\"wp-image-1396\" srcset=\"http:\/\/studionagranlodz.pl\/wp-content\/uploads\/2018\/06\/nagrywanie-podcastow-Lodz.jpg 1000w, http:\/\/studionagranlodz.pl\/wp-content\/uploads\/2018\/06\/nagrywanie-podcastow-Lodz-300x200.jpg 300w, http:\/\/studionagranlodz.pl\/wp-content\/uploads\/2018\/06\/nagrywanie-podcastow-Lodz-768x512.jpg 768w\" sizes=\"(max-width: 1000px) 100vw, 1000px\" \/><\/figure>\n\n\n\n<p><\/p>\n\n\n\n<p>Studio nagra\u0144 w Konstantynowie \u0141\u00f3dzkim to nasza druga lokalizacja. Studio przystosowane jest do nagrywania r\u00f3\u017cnego rodzaju podcast\u00f3w, wideoblog\u00f3w, oraz wideoclip\u00f3w. Posiadamy \u015bcian\u0119 z piank\u0105 o wymiarach 3 x 2,5 metra oraz green screen o podobnym rozmiarze. W studio opr\u00f3cz kabiny do nagrywania wokali znajduje si\u0119 o\u015bwietlenie do nagrywania wideo, oraz robienia zdj\u0119\u0107.<\/p>\n\n\n\n<figure class=\"wp-block-image size-full\"><img decoding=\"async\" width=\"1000\" height=\"449\" src=\"https:\/\/studionagranlodz.pl\/wp-content\/uploads\/2023\/10\/Studio-Lodz-podcasty.jpg\" alt=\"Studio nagra\u0144 wideopodcasty\" class=\"wp-image-1106\" srcset=\"http:\/\/studionagranlodz.pl\/wp-content\/uploads\/2023\/10\/Studio-Lodz-podcasty.jpg 1000w, http:\/\/studionagranlodz.pl\/wp-content\/uploads\/2023\/10\/Studio-Lodz-podcasty-300x135.jpg 300w, http:\/\/studionagranlodz.pl\/wp-content\/uploads\/2023\/10\/Studio-Lodz-podcasty-768x345.jpg 768w\" sizes=\"(max-width: 1000px) 100vw, 1000px\" \/><\/figure>\n\n\n\n<figure class=\"wp-block-image size-full\"><img decoding=\"async\" width=\"1000\" height=\"460\" src=\"https:\/\/studionagranlodz.pl\/wp-content\/uploads\/2022\/07\/IMG_20220722_154123.cr_.jpg\" alt=\"Nagrywanie podcast\u00f3w \u0141\u00f3d\u017a\n\" class=\"wp-image-625\" srcset=\"http:\/\/studionagranlodz.pl\/wp-content\/uploads\/2022\/07\/IMG_20220722_154123.cr_.jpg 1000w, http:\/\/studionagranlodz.pl\/wp-content\/uploads\/2022\/07\/IMG_20220722_154123.cr_-300x138.jpg 300w, http:\/\/studionagranlodz.pl\/wp-content\/uploads\/2022\/07\/IMG_20220722_154123.cr_-768x353.jpg 768w\" sizes=\"(max-width: 1000px) 100vw, 1000px\" \/><figcaption class=\"wp-element-caption\">\u015aciana z piank\u0105<\/figcaption><\/figure>\n\n\n\n<p>Posiadamy kilka aparat\u00f3w typu bezlusterkowiec\/  lustrzanka 4k\/FHD wraz ze statywami, kamery na gimbalu, oraz kamer\u0119 w kabinie wokalowej (do nagrywania obrazu podczas \u015bpiewania). Podcasty nagrywamy dobrymi studyjnymi mikrofonami pojemno\u015bciowymi w specjalnie wyg\u0142uszonym pomieszczeniu. Specjalna kamerka do nagrywania uj\u0119\u0107 typu slow motion, oraz lampy typu sunshine, retro, oraz efektowe.<\/p>\n\n\n\n<figure class=\"wp-block-image size-full\"><img decoding=\"async\" width=\"1000\" height=\"562\" src=\"https:\/\/studionagranlodz.pl\/wp-content\/uploads\/2024\/12\/Studio-nagran-podkasty.jpg\" alt=\"Studio nagra\u0144 konstantyn\u00f3w\" class=\"wp-image-1380\" srcset=\"http:\/\/studionagranlodz.pl\/wp-content\/uploads\/2024\/12\/Studio-nagran-podkasty.jpg 1000w, http:\/\/studionagranlodz.pl\/wp-content\/uploads\/2024\/12\/Studio-nagran-podkasty-300x169.jpg 300w, http:\/\/studionagranlodz.pl\/wp-content\/uploads\/2024\/12\/Studio-nagran-podkasty-768x432.jpg 768w\" sizes=\"(max-width: 1000px) 100vw, 1000px\" \/><\/figure>\n\n\n\n<p>Na miejscu w studio du\u017co mikrofon\u00f3w pojemno\u015bciowych i dynamicznych do wyboru, oraz przedwzmacniacze lampowe wzmacniaj\u0105ce i ocieplaj\u0105ce brzmienie g\u0142osu.<\/p>\n\n\n\n<h4 class=\"wp-block-heading\">Dlaczego warto wybra\u0107 nasze studio nagra\u0144?<\/h4>\n\n\n\n<ul class=\"wp-block-list\">\n<li><strong>Profesjonalny sprz\u0119t<\/strong> \u2013 Korzystamy z najwy\u017cszej klasy mikrofon\u00f3w, przedwzmacniaczy i oprogramowania, kt\u00f3re pozwalaj\u0105 uzyska\u0107 czysty i pe\u0142ny d\u017awi\u0119k.<\/li>\n\n\n\n<li><strong>Komfortowe warunki<\/strong> \u2013 W naszym studiu panuje przyjazna atmosfera, kt\u00f3ra sprzyja kreatywno\u015bci i skupieniu.<\/li>\n\n\n\n<li><strong>Do\u015bwiadczenie z wokalistami<\/strong> \u2013 Pracujemy zar\u00f3wno z profesjonalistami, jak i osobami stawiaj\u0105cymi pierwsze kroki w muzyce. Pomo\u017cemy Ci wydoby\u0107 pe\u0142ni\u0119 Twojego potencja\u0142u wokalnego!<\/li>\n\n\n\n<li><strong>Tworzenie piosenek<\/strong> \u2013 Marzysz o w\u0142asnym utworze? Oferujemy wsparcie na ka\u017cdym etapie: pisanie tekst\u00f3w, aran\u017cacja, nagrywanie i produkcja muzyczna.<\/li>\n<\/ul>\n\n\n\n<hr class=\"wp-block-separator has-alpha-channel-opacity\"\/>\n\n\n\n<figure class=\"wp-block-image size-full\"><img decoding=\"async\" width=\"1000\" height=\"460\" src=\"https:\/\/studionagranlodz.pl\/wp-content\/uploads\/2022\/07\/IMG_20220722_155833.cr_.jpg\" alt=\"studio nagra\u0144 Konstantyn\u00f3w \u0142\u00f3dzki\" class=\"wp-image-629\" srcset=\"http:\/\/studionagranlodz.pl\/wp-content\/uploads\/2022\/07\/IMG_20220722_155833.cr_.jpg 1000w, http:\/\/studionagranlodz.pl\/wp-content\/uploads\/2022\/07\/IMG_20220722_155833.cr_-300x138.jpg 300w, http:\/\/studionagranlodz.pl\/wp-content\/uploads\/2022\/07\/IMG_20220722_155833.cr_-768x353.jpg 768w\" sizes=\"(max-width: 1000px) 100vw, 1000px\" \/><figcaption class=\"wp-element-caption\">green screen 3&#215;2<\/figcaption><\/figure>\n\n\n\n<h4 class=\"wp-block-heading\">Nagrywanie Wokali i Wokalist\u00f3w \u2013 Tw\u00f3j G\u0142os w Najlepszej Jako\u015bci<\/h4>\n\n\n\n<p>Nasz zesp\u00f3\u0142 dba o to, aby ka\u017cdy wokal brzmia\u0142 perfekcyjnie. Dzi\u0119ki nowoczesnym technologiom i naszym umiej\u0119tno\u015bciom dostosowujemy d\u017awi\u0119k tak, by podkre\u015bli\u0107 unikalne cechy Twojego g\u0142osu. Bez wzgl\u0119du na to, czy potrzebujesz nagra\u0144 do solowego projektu, zespo\u0142u, czy demo \u2013 zapewniamy najwy\u017csz\u0105 jako\u015b\u0107 nagra\u0144.<\/p>\n\n\n\n<figure class=\"wp-block-image size-full\"><img decoding=\"async\" width=\"1000\" height=\"667\" src=\"https:\/\/studionagranlodz.pl\/wp-content\/uploads\/2018\/06\/Studio-nagran-wokalnych.jpg\" alt=\"Voucher na nagranie piosenki\" class=\"wp-image-1398\" srcset=\"http:\/\/studionagranlodz.pl\/wp-content\/uploads\/2018\/06\/Studio-nagran-wokalnych.jpg 1000w, http:\/\/studionagranlodz.pl\/wp-content\/uploads\/2018\/06\/Studio-nagran-wokalnych-300x200.jpg 300w, http:\/\/studionagranlodz.pl\/wp-content\/uploads\/2018\/06\/Studio-nagran-wokalnych-768x512.jpg 768w\" sizes=\"(max-width: 1000px) 100vw, 1000px\" \/><\/figure>\n\n\n\n<p>Przyk\u0142adowa piosenka nagrana w naszym studio plus nasz teledysk:<\/p>\n\n\n\n<iframe width=\"560\" height=\"315\" src=\"https:\/\/www.youtube.com\/embed\/N3VgY5EJMRw?si=CLIZFaKC3C10qdJt\" title=\"YouTube video player\" frameborder=\"0\" allow=\"accelerometer; autoplay; clipboard-write; encrypted-media; gyroscope; picture-in-picture; web-share\" referrerpolicy=\"strict-origin-when-cross-origin\" allowfullscreen><\/iframe>\n","protected":false},"excerpt":{"rendered":"<p>Szukasz profesjonalnego studia nagra\u0144 w Konstantynowie \u0141\u00f3dzkim? Jeste\u015b we w\u0142a\u015bciwym miejscu! Nasze studio to idealne miejsce dla wokalist\u00f3w, zespo\u0142\u00f3w i tw\u00f3rc\u00f3w muzyki, kt\u00f3rzy pragn\u0105 stworzy\u0107 wyj\u0105tkowe nagrania w najwy\u017cszej jako\u015bci. Specjalizujemy si\u0119 w nagrywaniu wokali, pracy z wokalistami oraz kompleksowym tworzeniu piosenek \u2013 od pomys\u0142u a\u017c po finalny miks. Studio nagra\u0144 w Konstantynowie \u0141\u00f3dzkim to [&hellip;]<\/p>\n","protected":false},"author":1,"featured_media":0,"parent":0,"menu_order":0,"comment_status":"closed","ping_status":"closed","template":"","meta":{"_et_pb_use_builder":"","_et_pb_old_content":"","_et_gb_content_width":"","footnotes":""},"class_list":["post-622","page","type-page","status-publish","hentry"],"yoast_head":"<!-- This site is optimized with the Yoast SEO Premium plugin v26.4 (Yoast SEO v27.4) - https:\/\/yoast.com\/product\/yoast-seo-premium-wordpress\/ -->\n<title>Studio nagra\u0144 11 - Konstantyn\u00f3w \u0141\u00f3dzki - Studio Nagra\u0144 \u0141\u00f3d\u017a 11-tka. Zapis audio, edycja wokali, poprawa jako\u015bci plik\u00f3w z dyktafonu i wideo<\/title>\n<meta name=\"robots\" content=\"index, follow, max-snippet:-1, max-image-preview:large, max-video-preview:-1\" \/>\n<link rel=\"canonical\" href=\"http:\/\/studionagranlodz.pl\/index.php\/studio-nagran-11-konstantynow-lodzki\/\" \/>\n<meta property=\"og:locale\" content=\"pl_PL\" \/>\n<meta property=\"og:type\" content=\"article\" \/>\n<meta property=\"og:title\" content=\"Studio nagra\u0144 11 - Konstantyn\u00f3w \u0141\u00f3dzki\" \/>\n<meta property=\"og:description\" content=\"Szukasz profesjonalnego studia nagra\u0144 w Konstantynowie \u0141\u00f3dzkim? Jeste\u015b we w\u0142a\u015bciwym miejscu! Nasze studio to idealne miejsce dla wokalist\u00f3w, zespo\u0142\u00f3w i tw\u00f3rc\u00f3w muzyki, kt\u00f3rzy pragn\u0105 stworzy\u0107 wyj\u0105tkowe nagrania w najwy\u017cszej jako\u015bci. Specjalizujemy si\u0119 w nagrywaniu wokali, pracy z wokalistami oraz kompleksowym tworzeniu piosenek \u2013 od pomys\u0142u a\u017c po finalny miks. Studio nagra\u0144 w Konstantynowie \u0141\u00f3dzkim to [&hellip;]\" \/>\n<meta property=\"og:url\" content=\"http:\/\/studionagranlodz.pl\/index.php\/studio-nagran-11-konstantynow-lodzki\/\" \/>\n<meta property=\"og:site_name\" content=\"Studio Nagra\u0144 \u0141\u00f3d\u017a 11-tka. Zapis audio, edycja wokali, poprawa jako\u015bci plik\u00f3w z dyktafonu i wideo\" \/>\n<meta property=\"article:publisher\" content=\"https:\/\/www.facebook.com\/studionagraniowe11\" \/>\n<meta property=\"article:modified_time\" content=\"2025-07-04T06:22:16+00:00\" \/>\n<meta property=\"og:image\" content=\"https:\/\/studionagranlodz.pl\/wp-content\/uploads\/2018\/06\/nagrywanie-podcastow-Lodz.jpg\" \/>\n<meta name=\"twitter:card\" content=\"summary_large_image\" \/>\n<meta name=\"twitter:label1\" content=\"Szacowany czas czytania\" \/>\n\t<meta name=\"twitter:data1\" content=\"2 minuty\" \/>\n<script type=\"application\/ld+json\" class=\"yoast-schema-graph\">{\"@context\":\"https:\\\/\\\/schema.org\",\"@graph\":[{\"@type\":\"WebPage\",\"@id\":\"http:\\\/\\\/studionagranlodz.pl\\\/index.php\\\/studio-nagran-11-konstantynow-lodzki\\\/\",\"url\":\"http:\\\/\\\/studionagranlodz.pl\\\/index.php\\\/studio-nagran-11-konstantynow-lodzki\\\/\",\"name\":\"Studio nagra\u0144 11 - Konstantyn\u00f3w \u0141\u00f3dzki - Studio Nagra\u0144 \u0141\u00f3d\u017a 11-tka. Zapis audio, edycja wokali, poprawa jako\u015bci plik\u00f3w z dyktafonu i wideo\",\"isPartOf\":{\"@id\":\"http:\\\/\\\/studionagranlodz.pl\\\/#website\"},\"primaryImageOfPage\":{\"@id\":\"http:\\\/\\\/studionagranlodz.pl\\\/index.php\\\/studio-nagran-11-konstantynow-lodzki\\\/#primaryimage\"},\"image\":{\"@id\":\"http:\\\/\\\/studionagranlodz.pl\\\/index.php\\\/studio-nagran-11-konstantynow-lodzki\\\/#primaryimage\"},\"thumbnailUrl\":\"https:\\\/\\\/studionagranlodz.pl\\\/wp-content\\\/uploads\\\/2018\\\/06\\\/nagrywanie-podcastow-Lodz.jpg\",\"datePublished\":\"2022-07-23T16:13:09+00:00\",\"dateModified\":\"2025-07-04T06:22:16+00:00\",\"breadcrumb\":{\"@id\":\"http:\\\/\\\/studionagranlodz.pl\\\/index.php\\\/studio-nagran-11-konstantynow-lodzki\\\/#breadcrumb\"},\"inLanguage\":\"pl-PL\",\"potentialAction\":[{\"@type\":\"ReadAction\",\"target\":[\"http:\\\/\\\/studionagranlodz.pl\\\/index.php\\\/studio-nagran-11-konstantynow-lodzki\\\/\"]}]},{\"@type\":\"ImageObject\",\"inLanguage\":\"pl-PL\",\"@id\":\"http:\\\/\\\/studionagranlodz.pl\\\/index.php\\\/studio-nagran-11-konstantynow-lodzki\\\/#primaryimage\",\"url\":\"http:\\\/\\\/studionagranlodz.pl\\\/wp-content\\\/uploads\\\/2018\\\/06\\\/nagrywanie-podcastow-Lodz.jpg\",\"contentUrl\":\"http:\\\/\\\/studionagranlodz.pl\\\/wp-content\\\/uploads\\\/2018\\\/06\\\/nagrywanie-podcastow-Lodz.jpg\",\"width\":1000,\"height\":667,\"caption\":\"Nagrywanie podcast\u00f3w \u0141\u00f3d\u017a\"},{\"@type\":\"BreadcrumbList\",\"@id\":\"http:\\\/\\\/studionagranlodz.pl\\\/index.php\\\/studio-nagran-11-konstantynow-lodzki\\\/#breadcrumb\",\"itemListElement\":[{\"@type\":\"ListItem\",\"position\":1,\"name\":\"Home\",\"item\":\"http:\\\/\\\/studionagranlodz.pl\\\/\"},{\"@type\":\"ListItem\",\"position\":2,\"name\":\"Studio nagra\u0144 11 &#8211; Konstantyn\u00f3w \u0141\u00f3dzki\"}]},{\"@type\":\"WebSite\",\"@id\":\"http:\\\/\\\/studionagranlodz.pl\\\/#website\",\"url\":\"http:\\\/\\\/studionagranlodz.pl\\\/\",\"name\":\"Studio Nagra\u0144 \u0141\u00f3d\u017a 11-tka\",\"description\":\"Studio nagra\u0144 \u0141\u00f3d\u017a oferuje nagrania wokalist\u00f3w, lektor\u00f3w, mix i mastering. Odszumianie nagra\u0144 z dyktafonu. Produkcj\u0119 muzyczn\u0105 wraz z kompozycj\u0105 i aran\u017cacj\u0105.\",\"publisher\":{\"@id\":\"http:\\\/\\\/studionagranlodz.pl\\\/#organization\"},\"potentialAction\":[{\"@type\":\"SearchAction\",\"target\":{\"@type\":\"EntryPoint\",\"urlTemplate\":\"http:\\\/\\\/studionagranlodz.pl\\\/?s={search_term_string}\"},\"query-input\":{\"@type\":\"PropertyValueSpecification\",\"valueRequired\":true,\"valueName\":\"search_term_string\"}}],\"inLanguage\":\"pl-PL\"},{\"@type\":\"Organization\",\"@id\":\"http:\\\/\\\/studionagranlodz.pl\\\/#organization\",\"name\":\"PZ audio\",\"url\":\"http:\\\/\\\/studionagranlodz.pl\\\/\",\"logo\":{\"@type\":\"ImageObject\",\"inLanguage\":\"pl-PL\",\"@id\":\"http:\\\/\\\/studionagranlodz.pl\\\/#\\\/schema\\\/logo\\\/image\\\/\",\"url\":\"http:\\\/\\\/studionagranlodz.pl\\\/wp-content\\\/uploads\\\/2024\\\/08\\\/cropped-sound_studio_11_google_thumbnail.png\",\"contentUrl\":\"http:\\\/\\\/studionagranlodz.pl\\\/wp-content\\\/uploads\\\/2024\\\/08\\\/cropped-sound_studio_11_google_thumbnail.png\",\"width\":1024,\"height\":1024,\"caption\":\"PZ audio\"},\"image\":{\"@id\":\"http:\\\/\\\/studionagranlodz.pl\\\/#\\\/schema\\\/logo\\\/image\\\/\"},\"sameAs\":[\"https:\\\/\\\/www.facebook.com\\\/studionagraniowe11\"]}]}<\/script>\n<!-- \/ Yoast SEO Premium plugin. -->","yoast_head_json":{"title":"Studio nagra\u0144 11 - Konstantyn\u00f3w \u0141\u00f3dzki - Studio Nagra\u0144 \u0141\u00f3d\u017a 11-tka. Zapis audio, edycja wokali, poprawa jako\u015bci plik\u00f3w z dyktafonu i wideo","robots":{"index":"index","follow":"follow","max-snippet":"max-snippet:-1","max-image-preview":"max-image-preview:large","max-video-preview":"max-video-preview:-1"},"canonical":"http:\/\/studionagranlodz.pl\/index.php\/studio-nagran-11-konstantynow-lodzki\/","og_locale":"pl_PL","og_type":"article","og_title":"Studio nagra\u0144 11 - Konstantyn\u00f3w \u0141\u00f3dzki","og_description":"Szukasz profesjonalnego studia nagra\u0144 w Konstantynowie \u0141\u00f3dzkim? Jeste\u015b we w\u0142a\u015bciwym miejscu! Nasze studio to idealne miejsce dla wokalist\u00f3w, zespo\u0142\u00f3w i tw\u00f3rc\u00f3w muzyki, kt\u00f3rzy pragn\u0105 stworzy\u0107 wyj\u0105tkowe nagrania w najwy\u017cszej jako\u015bci. Specjalizujemy si\u0119 w nagrywaniu wokali, pracy z wokalistami oraz kompleksowym tworzeniu piosenek \u2013 od pomys\u0142u a\u017c po finalny miks. Studio nagra\u0144 w Konstantynowie \u0141\u00f3dzkim to [&hellip;]","og_url":"http:\/\/studionagranlodz.pl\/index.php\/studio-nagran-11-konstantynow-lodzki\/","og_site_name":"Studio Nagra\u0144 \u0141\u00f3d\u017a 11-tka. Zapis audio, edycja wokali, poprawa jako\u015bci plik\u00f3w z dyktafonu i wideo","article_publisher":"https:\/\/www.facebook.com\/studionagraniowe11","article_modified_time":"2025-07-04T06:22:16+00:00","og_image":[{"url":"https:\/\/studionagranlodz.pl\/wp-content\/uploads\/2018\/06\/nagrywanie-podcastow-Lodz.jpg","type":"","width":"","height":""}],"twitter_card":"summary_large_image","twitter_misc":{"Szacowany czas czytania":"2 minuty"},"schema":{"@context":"https:\/\/schema.org","@graph":[{"@type":"WebPage","@id":"http:\/\/studionagranlodz.pl\/index.php\/studio-nagran-11-konstantynow-lodzki\/","url":"http:\/\/studionagranlodz.pl\/index.php\/studio-nagran-11-konstantynow-lodzki\/","name":"Studio nagra\u0144 11 - Konstantyn\u00f3w \u0141\u00f3dzki - Studio Nagra\u0144 \u0141\u00f3d\u017a 11-tka. Zapis audio, edycja wokali, poprawa jako\u015bci plik\u00f3w z dyktafonu i wideo","isPartOf":{"@id":"http:\/\/studionagranlodz.pl\/#website"},"primaryImageOfPage":{"@id":"http:\/\/studionagranlodz.pl\/index.php\/studio-nagran-11-konstantynow-lodzki\/#primaryimage"},"image":{"@id":"http:\/\/studionagranlodz.pl\/index.php\/studio-nagran-11-konstantynow-lodzki\/#primaryimage"},"thumbnailUrl":"https:\/\/studionagranlodz.pl\/wp-content\/uploads\/2018\/06\/nagrywanie-podcastow-Lodz.jpg","datePublished":"2022-07-23T16:13:09+00:00","dateModified":"2025-07-04T06:22:16+00:00","breadcrumb":{"@id":"http:\/\/studionagranlodz.pl\/index.php\/studio-nagran-11-konstantynow-lodzki\/#breadcrumb"},"inLanguage":"pl-PL","potentialAction":[{"@type":"ReadAction","target":["http:\/\/studionagranlodz.pl\/index.php\/studio-nagran-11-konstantynow-lodzki\/"]}]},{"@type":"ImageObject","inLanguage":"pl-PL","@id":"http:\/\/studionagranlodz.pl\/index.php\/studio-nagran-11-konstantynow-lodzki\/#primaryimage","url":"http:\/\/studionagranlodz.pl\/wp-content\/uploads\/2018\/06\/nagrywanie-podcastow-Lodz.jpg","contentUrl":"http:\/\/studionagranlodz.pl\/wp-content\/uploads\/2018\/06\/nagrywanie-podcastow-Lodz.jpg","width":1000,"height":667,"caption":"Nagrywanie podcast\u00f3w \u0141\u00f3d\u017a"},{"@type":"BreadcrumbList","@id":"http:\/\/studionagranlodz.pl\/index.php\/studio-nagran-11-konstantynow-lodzki\/#breadcrumb","itemListElement":[{"@type":"ListItem","position":1,"name":"Home","item":"http:\/\/studionagranlodz.pl\/"},{"@type":"ListItem","position":2,"name":"Studio nagra\u0144 11 &#8211; Konstantyn\u00f3w \u0141\u00f3dzki"}]},{"@type":"WebSite","@id":"http:\/\/studionagranlodz.pl\/#website","url":"http:\/\/studionagranlodz.pl\/","name":"Studio Nagra\u0144 \u0141\u00f3d\u017a 11-tka","description":"Studio nagra\u0144 \u0141\u00f3d\u017a oferuje nagrania wokalist\u00f3w, lektor\u00f3w, mix i mastering. Odszumianie nagra\u0144 z dyktafonu. Produkcj\u0119 muzyczn\u0105 wraz z kompozycj\u0105 i aran\u017cacj\u0105.","publisher":{"@id":"http:\/\/studionagranlodz.pl\/#organization"},"potentialAction":[{"@type":"SearchAction","target":{"@type":"EntryPoint","urlTemplate":"http:\/\/studionagranlodz.pl\/?s={search_term_string}"},"query-input":{"@type":"PropertyValueSpecification","valueRequired":true,"valueName":"search_term_string"}}],"inLanguage":"pl-PL"},{"@type":"Organization","@id":"http:\/\/studionagranlodz.pl\/#organization","name":"PZ audio","url":"http:\/\/studionagranlodz.pl\/","logo":{"@type":"ImageObject","inLanguage":"pl-PL","@id":"http:\/\/studionagranlodz.pl\/#\/schema\/logo\/image\/","url":"http:\/\/studionagranlodz.pl\/wp-content\/uploads\/2024\/08\/cropped-sound_studio_11_google_thumbnail.png","contentUrl":"http:\/\/studionagranlodz.pl\/wp-content\/uploads\/2024\/08\/cropped-sound_studio_11_google_thumbnail.png","width":1024,"height":1024,"caption":"PZ audio"},"image":{"@id":"http:\/\/studionagranlodz.pl\/#\/schema\/logo\/image\/"},"sameAs":["https:\/\/www.facebook.com\/studionagraniowe11"]}]}},"_links":{"self":[{"href":"http:\/\/studionagranlodz.pl\/index.php\/wp-json\/wp\/v2\/pages\/622","targetHints":{"allow":["GET"]}}],"collection":[{"href":"http:\/\/studionagranlodz.pl\/index.php\/wp-json\/wp\/v2\/pages"}],"about":[{"href":"http:\/\/studionagranlodz.pl\/index.php\/wp-json\/wp\/v2\/types\/page"}],"author":[{"embeddable":true,"href":"http:\/\/studionagranlodz.pl\/index.php\/wp-json\/wp\/v2\/users\/1"}],"replies":[{"embeddable":true,"href":"http:\/\/studionagranlodz.pl\/index.php\/wp-json\/wp\/v2\/comments?post=622"}],"version-history":[{"count":0,"href":"http:\/\/studionagranlodz.pl\/index.php\/wp-json\/wp\/v2\/pages\/622\/revisions"}],"wp:attachment":[{"href":"http:\/\/studionagranlodz.pl\/index.php\/wp-json\/wp\/v2\/media?parent=622"}],"curies":[{"name":"wp","href":"https:\/\/api.w.org\/{rel}","templated":true}]}}