{"id":561,"date":"2022-06-17T11:24:50","date_gmt":"2022-06-17T09:24:50","guid":{"rendered":"https:\/\/studionagranlodz.pl\/?page_id=561"},"modified":"2022-06-22T15:32:55","modified_gmt":"2022-06-22T13:32:55","slug":"rekonstrukcja-cyfrowa-piosenek-czyszczenie-wokalu-remix-instrumentow","status":"publish","type":"page","link":"http:\/\/studionagranlodz.pl\/index.php\/rekonstrukcja-cyfrowa-piosenek-czyszczenie-wokalu-remix-instrumentow\/","title":{"rendered":"Rekonstrukcja cyfrowa piosenek. Czyszczenie wokalu, remix instrument\u00f3w."},"content":{"rendered":"\n<p><strong>Rekonstrukcja cyfrowa piosenek<\/strong> i starych plik\u00f3w d\u017awi\u0119kowych. Oferujemy r\u00f3wnie\u017c rekonstrukcj\u0119 audio plik\u00f3w d\u017awi\u0119kowych z mo\u017cliwo\u015bci\u0105 na rozbicie ich na 4 sekcje. Mo\u017cna wtedy poprawi\u0107 np. intonacj\u0119 wokalu czy g\u0142o\u015bno\u015b\u0107 perkusji w podk\u0142adzie. Przy lepiej zachowanych plikach daje to naprawd\u0119 fajny efekt. Je\u015bli jaka\u015b piosenka ma dla Pa\u0144stwa warto\u015b\u0107 sentymentaln\u0105, a chcieliby Pa\u0144stwo j\u0105 poprawi\u0107 to zawsze robimy na pocz\u0105tku wst\u0119pn\u0105 analiz\u0119 nagrania lub wysy\u0142amy pr\u00f3bk\u0119. Przy okazji robimy te\u017c remaster utworu co przy ciszej nagranych utworach daje du\u017c\u0105 popraw\u0119 brzmienia.<\/p>\n\n\n\n<p>Przy okazji likwidujemy wszelkie niepotrzebne d\u017awi\u0119ki i trzaski wynikaj\u0105ce z nagrania na starych no\u015bnikach, oraz wyr\u00f3wnujemy g\u0142o\u015bno\u015b\u0107. Mo\u017cemy usun\u0105\u0107 r\u00f3wnie\u017c wszelkie przesterowania, klipy itp.<\/p>\n\n\n\n<p>Co\u015b co do niedawna by\u0142o w sferze marze\u0144 dzisiaj staje si\u0119 rzeczywisto\u015bci\u0105.<\/p>\n","protected":false},"excerpt":{"rendered":"<p>Rekonstrukcja cyfrowa piosenek i starych plik\u00f3w d\u017awi\u0119kowych. Oferujemy r\u00f3wnie\u017c rekonstrukcj\u0119 audio plik\u00f3w d\u017awi\u0119kowych z mo\u017cliwo\u015bci\u0105 na rozbicie ich na 4 sekcje. Mo\u017cna wtedy poprawi\u0107 np. intonacj\u0119 wokalu czy g\u0142o\u015bno\u015b\u0107 perkusji w podk\u0142adzie. Przy lepiej zachowanych plikach daje to naprawd\u0119 fajny efekt. Je\u015bli jaka\u015b piosenka ma dla Pa\u0144stwa warto\u015b\u0107 sentymentaln\u0105, a chcieliby Pa\u0144stwo j\u0105 poprawi\u0107 to [&hellip;]<\/p>\n","protected":false},"author":1,"featured_media":0,"parent":0,"menu_order":0,"comment_status":"closed","ping_status":"closed","template":"","meta":{"_et_pb_use_builder":"","_et_pb_old_content":"","_et_gb_content_width":"","footnotes":""},"class_list":["post-561","page","type-page","status-publish","hentry"],"yoast_head":"<!-- This site is optimized with the Yoast SEO Premium plugin v26.4 (Yoast SEO v27.5) - https:\/\/yoast.com\/product\/yoast-seo-premium-wordpress\/ -->\n<title>Rekonstrukcja cyfrowa piosenek. Czyszczenie wokalu, remix instrument\u00f3w. - Studio Nagra\u0144 \u0141\u00f3d\u017a 11-tka. Zapis audio, edycja wokali, poprawa jako\u015bci plik\u00f3w z dyktafonu i wideo<\/title>\n<meta name=\"description\" content=\"Rekonstrukcja cyfrowa piosenek i plik\u00f3w audio z mo\u017cliwo\u015bci\u0105 wyczyszczenia intonacji wokalu i rozbicia piosenki na sekcje.\" \/>\n<meta name=\"robots\" content=\"index, follow, max-snippet:-1, max-image-preview:large, max-video-preview:-1\" \/>\n<link rel=\"canonical\" href=\"https:\/\/studionagranlodz.pl\/index.php\/rekonstrukcja-cyfrowa-piosenek-czyszczenie-wokalu-remix-instrumentow\/\" \/>\n<meta property=\"og:locale\" content=\"pl_PL\" \/>\n<meta property=\"og:type\" content=\"article\" \/>\n<meta property=\"og:title\" content=\"Rekonstrukcja cyfrowa piosenek. Czyszczenie wokalu, remix instrument\u00f3w.\" \/>\n<meta property=\"og:description\" content=\"Rekonstrukcja cyfrowa piosenek i plik\u00f3w audio z mo\u017cliwo\u015bci\u0105 wyczyszczenia intonacji wokalu i rozbicia piosenki na sekcje.\" \/>\n<meta property=\"og:url\" content=\"https:\/\/studionagranlodz.pl\/index.php\/rekonstrukcja-cyfrowa-piosenek-czyszczenie-wokalu-remix-instrumentow\/\" \/>\n<meta property=\"og:site_name\" content=\"Studio Nagra\u0144 \u0141\u00f3d\u017a 11-tka. Zapis audio, edycja wokali, poprawa jako\u015bci plik\u00f3w z dyktafonu i wideo\" \/>\n<meta property=\"article:publisher\" content=\"https:\/\/www.facebook.com\/studionagraniowe11\" \/>\n<meta property=\"article:modified_time\" content=\"2022-06-22T13:32:55+00:00\" \/>\n<meta name=\"twitter:card\" content=\"summary_large_image\" \/>\n<meta name=\"twitter:label1\" content=\"Szacowany czas czytania\" \/>\n\t<meta name=\"twitter:data1\" content=\"1 minuta\" \/>\n<script type=\"application\/ld+json\" class=\"yoast-schema-graph\">{\"@context\":\"https:\\\/\\\/schema.org\",\"@graph\":[{\"@type\":\"WebPage\",\"@id\":\"https:\\\/\\\/studionagranlodz.pl\\\/index.php\\\/rekonstrukcja-cyfrowa-piosenek-czyszczenie-wokalu-remix-instrumentow\\\/\",\"url\":\"https:\\\/\\\/studionagranlodz.pl\\\/index.php\\\/rekonstrukcja-cyfrowa-piosenek-czyszczenie-wokalu-remix-instrumentow\\\/\",\"name\":\"Rekonstrukcja cyfrowa piosenek. Czyszczenie wokalu, remix instrument\u00f3w. - Studio Nagra\u0144 \u0141\u00f3d\u017a 11-tka. Zapis audio, edycja wokali, poprawa jako\u015bci plik\u00f3w z dyktafonu i wideo\",\"isPartOf\":{\"@id\":\"https:\\\/\\\/studionagranlodz.pl\\\/#website\"},\"datePublished\":\"2022-06-17T09:24:50+00:00\",\"dateModified\":\"2022-06-22T13:32:55+00:00\",\"description\":\"Rekonstrukcja cyfrowa piosenek i plik\u00f3w audio z mo\u017cliwo\u015bci\u0105 wyczyszczenia intonacji wokalu i rozbicia piosenki na sekcje.\",\"breadcrumb\":{\"@id\":\"https:\\\/\\\/studionagranlodz.pl\\\/index.php\\\/rekonstrukcja-cyfrowa-piosenek-czyszczenie-wokalu-remix-instrumentow\\\/#breadcrumb\"},\"inLanguage\":\"pl-PL\",\"potentialAction\":[{\"@type\":\"ReadAction\",\"target\":[\"https:\\\/\\\/studionagranlodz.pl\\\/index.php\\\/rekonstrukcja-cyfrowa-piosenek-czyszczenie-wokalu-remix-instrumentow\\\/\"]}]},{\"@type\":\"BreadcrumbList\",\"@id\":\"https:\\\/\\\/studionagranlodz.pl\\\/index.php\\\/rekonstrukcja-cyfrowa-piosenek-czyszczenie-wokalu-remix-instrumentow\\\/#breadcrumb\",\"itemListElement\":[{\"@type\":\"ListItem\",\"position\":1,\"name\":\"Home\",\"item\":\"https:\\\/\\\/studionagranlodz.pl\\\/\"},{\"@type\":\"ListItem\",\"position\":2,\"name\":\"Rekonstrukcja cyfrowa piosenek. Czyszczenie wokalu, remix instrument\u00f3w.\"}]},{\"@type\":\"WebSite\",\"@id\":\"https:\\\/\\\/studionagranlodz.pl\\\/#website\",\"url\":\"https:\\\/\\\/studionagranlodz.pl\\\/\",\"name\":\"Studio Nagra\u0144 \u0141\u00f3d\u017a 11-tka\",\"description\":\"Studio nagra\u0144 \u0141\u00f3d\u017a oferuje nagrania wokalist\u00f3w, lektor\u00f3w, mix i mastering. Odszumianie nagra\u0144 z dyktafonu. Produkcj\u0119 muzyczn\u0105 wraz z kompozycj\u0105 i aran\u017cacj\u0105.\",\"publisher\":{\"@id\":\"https:\\\/\\\/studionagranlodz.pl\\\/#organization\"},\"potentialAction\":[{\"@type\":\"SearchAction\",\"target\":{\"@type\":\"EntryPoint\",\"urlTemplate\":\"https:\\\/\\\/studionagranlodz.pl\\\/?s={search_term_string}\"},\"query-input\":{\"@type\":\"PropertyValueSpecification\",\"valueRequired\":true,\"valueName\":\"search_term_string\"}}],\"inLanguage\":\"pl-PL\"},{\"@type\":\"Organization\",\"@id\":\"https:\\\/\\\/studionagranlodz.pl\\\/#organization\",\"name\":\"PZ audio\",\"url\":\"https:\\\/\\\/studionagranlodz.pl\\\/\",\"logo\":{\"@type\":\"ImageObject\",\"inLanguage\":\"pl-PL\",\"@id\":\"https:\\\/\\\/studionagranlodz.pl\\\/#\\\/schema\\\/logo\\\/image\\\/\",\"url\":\"http:\\\/\\\/studionagranlodz.pl\\\/wp-content\\\/uploads\\\/2024\\\/08\\\/cropped-sound_studio_11_google_thumbnail.png\",\"contentUrl\":\"http:\\\/\\\/studionagranlodz.pl\\\/wp-content\\\/uploads\\\/2024\\\/08\\\/cropped-sound_studio_11_google_thumbnail.png\",\"width\":1024,\"height\":1024,\"caption\":\"PZ audio\"},\"image\":{\"@id\":\"https:\\\/\\\/studionagranlodz.pl\\\/#\\\/schema\\\/logo\\\/image\\\/\"},\"sameAs\":[\"https:\\\/\\\/www.facebook.com\\\/studionagraniowe11\"]}]}<\/script>\n<!-- \/ Yoast SEO Premium plugin. -->","yoast_head_json":{"title":"Rekonstrukcja cyfrowa piosenek. Czyszczenie wokalu, remix instrument\u00f3w. - Studio Nagra\u0144 \u0141\u00f3d\u017a 11-tka. Zapis audio, edycja wokali, poprawa jako\u015bci plik\u00f3w z dyktafonu i wideo","description":"Rekonstrukcja cyfrowa piosenek i plik\u00f3w audio z mo\u017cliwo\u015bci\u0105 wyczyszczenia intonacji wokalu i rozbicia piosenki na sekcje.","robots":{"index":"index","follow":"follow","max-snippet":"max-snippet:-1","max-image-preview":"max-image-preview:large","max-video-preview":"max-video-preview:-1"},"canonical":"https:\/\/studionagranlodz.pl\/index.php\/rekonstrukcja-cyfrowa-piosenek-czyszczenie-wokalu-remix-instrumentow\/","og_locale":"pl_PL","og_type":"article","og_title":"Rekonstrukcja cyfrowa piosenek. Czyszczenie wokalu, remix instrument\u00f3w.","og_description":"Rekonstrukcja cyfrowa piosenek i plik\u00f3w audio z mo\u017cliwo\u015bci\u0105 wyczyszczenia intonacji wokalu i rozbicia piosenki na sekcje.","og_url":"https:\/\/studionagranlodz.pl\/index.php\/rekonstrukcja-cyfrowa-piosenek-czyszczenie-wokalu-remix-instrumentow\/","og_site_name":"Studio Nagra\u0144 \u0141\u00f3d\u017a 11-tka. Zapis audio, edycja wokali, poprawa jako\u015bci plik\u00f3w z dyktafonu i wideo","article_publisher":"https:\/\/www.facebook.com\/studionagraniowe11","article_modified_time":"2022-06-22T13:32:55+00:00","twitter_card":"summary_large_image","twitter_misc":{"Szacowany czas czytania":"1 minuta"},"schema":{"@context":"https:\/\/schema.org","@graph":[{"@type":"WebPage","@id":"https:\/\/studionagranlodz.pl\/index.php\/rekonstrukcja-cyfrowa-piosenek-czyszczenie-wokalu-remix-instrumentow\/","url":"https:\/\/studionagranlodz.pl\/index.php\/rekonstrukcja-cyfrowa-piosenek-czyszczenie-wokalu-remix-instrumentow\/","name":"Rekonstrukcja cyfrowa piosenek. Czyszczenie wokalu, remix instrument\u00f3w. - Studio Nagra\u0144 \u0141\u00f3d\u017a 11-tka. Zapis audio, edycja wokali, poprawa jako\u015bci plik\u00f3w z dyktafonu i wideo","isPartOf":{"@id":"https:\/\/studionagranlodz.pl\/#website"},"datePublished":"2022-06-17T09:24:50+00:00","dateModified":"2022-06-22T13:32:55+00:00","description":"Rekonstrukcja cyfrowa piosenek i plik\u00f3w audio z mo\u017cliwo\u015bci\u0105 wyczyszczenia intonacji wokalu i rozbicia piosenki na sekcje.","breadcrumb":{"@id":"https:\/\/studionagranlodz.pl\/index.php\/rekonstrukcja-cyfrowa-piosenek-czyszczenie-wokalu-remix-instrumentow\/#breadcrumb"},"inLanguage":"pl-PL","potentialAction":[{"@type":"ReadAction","target":["https:\/\/studionagranlodz.pl\/index.php\/rekonstrukcja-cyfrowa-piosenek-czyszczenie-wokalu-remix-instrumentow\/"]}]},{"@type":"BreadcrumbList","@id":"https:\/\/studionagranlodz.pl\/index.php\/rekonstrukcja-cyfrowa-piosenek-czyszczenie-wokalu-remix-instrumentow\/#breadcrumb","itemListElement":[{"@type":"ListItem","position":1,"name":"Home","item":"https:\/\/studionagranlodz.pl\/"},{"@type":"ListItem","position":2,"name":"Rekonstrukcja cyfrowa piosenek. Czyszczenie wokalu, remix instrument\u00f3w."}]},{"@type":"WebSite","@id":"https:\/\/studionagranlodz.pl\/#website","url":"https:\/\/studionagranlodz.pl\/","name":"Studio Nagra\u0144 \u0141\u00f3d\u017a 11-tka","description":"Studio nagra\u0144 \u0141\u00f3d\u017a oferuje nagrania wokalist\u00f3w, lektor\u00f3w, mix i mastering. Odszumianie nagra\u0144 z dyktafonu. Produkcj\u0119 muzyczn\u0105 wraz z kompozycj\u0105 i aran\u017cacj\u0105.","publisher":{"@id":"https:\/\/studionagranlodz.pl\/#organization"},"potentialAction":[{"@type":"SearchAction","target":{"@type":"EntryPoint","urlTemplate":"https:\/\/studionagranlodz.pl\/?s={search_term_string}"},"query-input":{"@type":"PropertyValueSpecification","valueRequired":true,"valueName":"search_term_string"}}],"inLanguage":"pl-PL"},{"@type":"Organization","@id":"https:\/\/studionagranlodz.pl\/#organization","name":"PZ audio","url":"https:\/\/studionagranlodz.pl\/","logo":{"@type":"ImageObject","inLanguage":"pl-PL","@id":"https:\/\/studionagranlodz.pl\/#\/schema\/logo\/image\/","url":"http:\/\/studionagranlodz.pl\/wp-content\/uploads\/2024\/08\/cropped-sound_studio_11_google_thumbnail.png","contentUrl":"http:\/\/studionagranlodz.pl\/wp-content\/uploads\/2024\/08\/cropped-sound_studio_11_google_thumbnail.png","width":1024,"height":1024,"caption":"PZ audio"},"image":{"@id":"https:\/\/studionagranlodz.pl\/#\/schema\/logo\/image\/"},"sameAs":["https:\/\/www.facebook.com\/studionagraniowe11"]}]}},"_links":{"self":[{"href":"http:\/\/studionagranlodz.pl\/index.php\/wp-json\/wp\/v2\/pages\/561","targetHints":{"allow":["GET"]}}],"collection":[{"href":"http:\/\/studionagranlodz.pl\/index.php\/wp-json\/wp\/v2\/pages"}],"about":[{"href":"http:\/\/studionagranlodz.pl\/index.php\/wp-json\/wp\/v2\/types\/page"}],"author":[{"embeddable":true,"href":"http:\/\/studionagranlodz.pl\/index.php\/wp-json\/wp\/v2\/users\/1"}],"replies":[{"embeddable":true,"href":"http:\/\/studionagranlodz.pl\/index.php\/wp-json\/wp\/v2\/comments?post=561"}],"version-history":[{"count":0,"href":"http:\/\/studionagranlodz.pl\/index.php\/wp-json\/wp\/v2\/pages\/561\/revisions"}],"wp:attachment":[{"href":"http:\/\/studionagranlodz.pl\/index.php\/wp-json\/wp\/v2\/media?parent=561"}],"curies":[{"name":"wp","href":"https:\/\/api.w.org\/{rel}","templated":true}]}}